{"id":1044,"date":"2023-02-01T09:54:59","date_gmt":"2023-02-01T09:54:59","guid":{"rendered":"https:\/\/www.septimiaresort.ro\/?page_id=1044"},"modified":"2023-02-01T11:11:15","modified_gmt":"2023-02-01T11:11:15","slug":"sweet-care-masszazsok","status":"publish","type":"page","link":"https:\/\/www.septimiaresort.ro\/hu\/wellness-gyogyaszat\/masszazsok\/sweet-care-masszazsok\/","title":{"rendered":"SWEET-CARE MASSZ\u00c1ZSOK"},"content":{"rendered":"<ul>\n<li><strong>CLEAR MIND \u2013 FACE MASSAGE<\/strong> \u2013 30 perc\n<ul>\n<li>arc \u00e9s dekolt\u00e1sz massz\u00e1zs<\/li>\n<li>stresszold\u00f3, fesz\u00fclts\u00e9g elenged\u0151 hat\u00e1s<\/li>\n<li>idegv\u00e9gz\u0151d\u00e9sek intenz\u00edv stimul\u00e1l\u00e1sa<\/li>\n<li>kikapcsol, lelaz\u00edt, stimul\u00e1lja a v\u00e9rkering\u00e9st<\/li>\n<li>puha \u00e9s friss arcb\u0151rt var\u00e1zsol<\/li>\n<\/ul>\n<\/li>\n<li><strong>CHOCOLATE MASSAGE<\/strong> &#8211; 40 perc\n<ul>\n<li>boldogs\u00e1g hormon felszabad\u00edt\u00e1sa<\/li>\n<li>b\u0151r energiz\u00e1l\u00f3 \u00e9s puh\u00edt\u00f3 hat\u00e1s\u00fa<\/li>\n<li>a testen \u00e1t\u00e1raml\u00f3 energia k\u00e9nyezteti a lelk\u00fcnket<\/li>\n<\/ul>\n<\/li>\n<li><strong>SMOOTH SKIN<\/strong> &#8211; 60 perc\n<ul>\n<li>term\u00e9szetes b\u0151rrad\u00edroz\u00e1s k\u00e1v\u00e9zacc \u00e9s kaka\u00f3vaj seg\u00edts\u00e9g\u00e9vel<\/li>\n<li>a peeling sor\u00e1n elt\u00e1vol\u00edtjuk az elhalt h\u00e1msejteket<\/li>\n<li>sz\u00e9ps\u00e9g \u00e9s l\u00e9lek\u00e1pol\u00e1s aromater\u00e1pi\u00e1val kieg\u00e9sz\u00edtve<\/li>\n<\/ul>\n<\/li>\n<li><strong>STRECHED SKIN<\/strong> \u2013 40 perc\n<ul>\n<li>salakanyagok elt\u00e1vol\u00edt\u00e1sa intenz\u00edv massz\u00e1zs \u00e1ltal, enyhe f\u00e1jdalomra sz\u00e1m\u00edthatunk a massz\u00e1zs sor\u00e1n<\/li>\n<li>a celullitisz zs\u00edrsejtek t\u00f6r\u00e9s, bont\u00e1sa r\u00e9v\u00e9n feszes \u00e9s sima b\u0151r var\u00e1zsolunk<\/li>\n<li>l\u00e1b, fen\u00e9k \u00e9s has z\u00f3n\u00e1kra \u00f6sszpontos\u00edt\u00f3 massz\u00e1zs<\/li>\n<\/ul>\n<\/li>\n<\/ul>\n<p>Foglaljon id\u0151pontot: 0747 217 777<\/p>\n<p><a href=\"https:\/\/www.septimiaresort.ro\/wp-content\/uploads\/sites\/169\/2022\/04\/masszazs-arlista-2022.pdf\" target=\"_blank\" rel=\"noopener\"><strong>Kattintson a b\u0151vebb inform\u00e1ci\u00f3k\u00e9rt<\/strong><\/a><\/p>\n","protected":false},"excerpt":{"rendered":"<p>CLEAR MIND \u2013 FACE MASSAGE \u2013 30 perc arc \u00e9s dekolt\u00e1sz massz\u00e1zs stresszold\u00f3, fesz\u00fclts\u00e9g elenged\u0151 hat\u00e1s idegv\u00e9gz\u0151d\u00e9sek intenz\u00edv stimul\u00e1l\u00e1sa kikapcsol, lelaz\u00edt, stimul\u00e1lja a v\u00e9rkering\u00e9st puha \u00e9s friss arcb\u0151rt var\u00e1zsol CHOCOLATE MASSAGE &#8211; 40 perc boldogs\u00e1g hormon felszabad\u00edt\u00e1sa b\u0151r energiz\u00e1l\u00f3 \u00e9s puh\u00edt\u00f3 hat\u00e1s\u00fa a testen \u00e1t\u00e1raml\u00f3 energia k\u00e9nyezteti a lelk\u00fcnket SMOOTH SKIN &#8211; 60 perc term\u00e9szetes [&hellip;]<\/p>\n","protected":false},"author":173,"featured_media":0,"parent":262,"menu_order":0,"comment_status":"closed","ping_status":"closed","template":"","meta":{"footnotes":""},"class_list":["post-1044","page","type-page","status-publish","hentry"],"yoast_head":"<!-- This site is optimized with the Yoast SEO plugin v26.9 - https:\/\/yoast.com\/product\/yoast-seo-wordpress\/ -->\n<title>SWEET-CARE MASSZ\u00c1ZSOK - Septimia Hotels &amp; SPA Resort<\/title>\n<meta name=\"robots\" content=\"index, follow, max-snippet:-1, max-image-preview:large, max-video-preview:-1\" \/>\n<link rel=\"canonical\" href=\"https:\/\/www.septimiaresort.ro\/hu\/wellness-gyogyaszat\/masszazsok\/sweet-care-masszazsok\/\" \/>\n<meta property=\"og:locale\" content=\"hu_HU\" \/>\n<meta property=\"og:type\" content=\"article\" \/>\n<meta property=\"og:title\" content=\"SWEET-CARE MASSZ\u00c1ZSOK - Septimia Hotels &amp; SPA Resort\" \/>\n<meta property=\"og:description\" content=\"CLEAR MIND \u2013 FACE MASSAGE \u2013 30 perc arc \u00e9s dekolt\u00e1sz massz\u00e1zs stresszold\u00f3, fesz\u00fclts\u00e9g elenged\u0151 hat\u00e1s idegv\u00e9gz\u0151d\u00e9sek intenz\u00edv stimul\u00e1l\u00e1sa kikapcsol, lelaz\u00edt, stimul\u00e1lja a v\u00e9rkering\u00e9st puha \u00e9s friss arcb\u0151rt var\u00e1zsol CHOCOLATE MASSAGE &#8211; 40 perc boldogs\u00e1g hormon felszabad\u00edt\u00e1sa b\u0151r energiz\u00e1l\u00f3 \u00e9s puh\u00edt\u00f3 hat\u00e1s\u00fa a testen \u00e1t\u00e1raml\u00f3 energia k\u00e9nyezteti a lelk\u00fcnket SMOOTH SKIN &#8211; 60 perc term\u00e9szetes [&hellip;]\" \/>\n<meta property=\"og:url\" content=\"https:\/\/www.septimiaresort.ro\/hu\/wellness-gyogyaszat\/masszazsok\/sweet-care-masszazsok\/\" \/>\n<meta property=\"og:site_name\" content=\"Septimia Hotels &amp; SPA Resort\" \/>\n<meta property=\"article:modified_time\" content=\"2023-02-01T11:11:15+00:00\" \/>\n<meta name=\"twitter:card\" content=\"summary_large_image\" \/>\n<meta name=\"twitter:label1\" content=\"Becs\u00fclt olvas\u00e1si id\u0151\" \/>\n\t<meta name=\"twitter:data1\" content=\"1 perc\" \/>\n<script type=\"application\/ld+json\" class=\"yoast-schema-graph\">{\"@context\":\"https:\/\/schema.org\",\"@graph\":[{\"@type\":\"WebPage\",\"@id\":\"https:\/\/www.septimiaresort.ro\/hu\/wellness-gyogyaszat\/masszazsok\/sweet-care-masszazsok\/\",\"url\":\"https:\/\/www.septimiaresort.ro\/hu\/wellness-gyogyaszat\/masszazsok\/sweet-care-masszazsok\/\",\"name\":\"SWEET-CARE MASSZ\u00c1ZSOK - Septimia Hotels & SPA Resort\",\"isPartOf\":{\"@id\":\"https:\/\/www.septimiaresort.ro\/hu\/#website\"},\"datePublished\":\"2023-02-01T09:54:59+00:00\",\"dateModified\":\"2023-02-01T11:11:15+00:00\",\"breadcrumb\":{\"@id\":\"https:\/\/www.septimiaresort.ro\/hu\/wellness-gyogyaszat\/masszazsok\/sweet-care-masszazsok\/#breadcrumb\"},\"inLanguage\":\"hu\",\"potentialAction\":[{\"@type\":\"ReadAction\",\"target\":[\"https:\/\/www.septimiaresort.ro\/hu\/wellness-gyogyaszat\/masszazsok\/sweet-care-masszazsok\/\"]}]},{\"@type\":\"BreadcrumbList\",\"@id\":\"https:\/\/www.septimiaresort.ro\/hu\/wellness-gyogyaszat\/masszazsok\/sweet-care-masszazsok\/#breadcrumb\",\"itemListElement\":[{\"@type\":\"ListItem\",\"position\":1,\"name\":\"Home\",\"item\":\"https:\/\/www.septimiaresort.ro\/hu\/\"},{\"@type\":\"ListItem\",\"position\":2,\"name\":\"Wellness &amp; gy\u00f3gy\u00e1szat\",\"item\":\"https:\/\/www.septimiaresort.ro\/hu\/wellness-gyogyaszat\/\"},{\"@type\":\"ListItem\",\"position\":3,\"name\":\"Massz\u00e1zsok &amp; Kezel\u00e9sek\",\"item\":\"https:\/\/www.septimiaresort.ro\/hu\/wellness-gyogyaszat\/masszazsok\/\"},{\"@type\":\"ListItem\",\"position\":4,\"name\":\"SWEET-CARE MASSZ\u00c1ZSOK\"}]},{\"@type\":\"WebSite\",\"@id\":\"https:\/\/www.septimiaresort.ro\/hu\/#website\",\"url\":\"https:\/\/www.septimiaresort.ro\/hu\/\",\"name\":\"Septimia Hotels & SPA Resort\",\"description\":\"Just another ms.decms.eu site\",\"potentialAction\":[{\"@type\":\"SearchAction\",\"target\":{\"@type\":\"EntryPoint\",\"urlTemplate\":\"https:\/\/www.septimiaresort.ro\/hu\/?s={search_term_string}\"},\"query-input\":{\"@type\":\"PropertyValueSpecification\",\"valueRequired\":true,\"valueName\":\"search_term_string\"}}],\"inLanguage\":\"hu\"}]}<\/script>\n<!-- \/ Yoast SEO plugin. -->","yoast_head_json":{"title":"SWEET-CARE MASSZ\u00c1ZSOK - Septimia Hotels & SPA Resort","robots":{"index":"index","follow":"follow","max-snippet":"max-snippet:-1","max-image-preview":"max-image-preview:large","max-video-preview":"max-video-preview:-1"},"canonical":"https:\/\/www.septimiaresort.ro\/hu\/wellness-gyogyaszat\/masszazsok\/sweet-care-masszazsok\/","og_locale":"hu_HU","og_type":"article","og_title":"SWEET-CARE MASSZ\u00c1ZSOK - Septimia Hotels & SPA Resort","og_description":"CLEAR MIND \u2013 FACE MASSAGE \u2013 30 perc arc \u00e9s dekolt\u00e1sz massz\u00e1zs stresszold\u00f3, fesz\u00fclts\u00e9g elenged\u0151 hat\u00e1s idegv\u00e9gz\u0151d\u00e9sek intenz\u00edv stimul\u00e1l\u00e1sa kikapcsol, lelaz\u00edt, stimul\u00e1lja a v\u00e9rkering\u00e9st puha \u00e9s friss arcb\u0151rt var\u00e1zsol CHOCOLATE MASSAGE &#8211; 40 perc boldogs\u00e1g hormon felszabad\u00edt\u00e1sa b\u0151r energiz\u00e1l\u00f3 \u00e9s puh\u00edt\u00f3 hat\u00e1s\u00fa a testen \u00e1t\u00e1raml\u00f3 energia k\u00e9nyezteti a lelk\u00fcnket SMOOTH SKIN &#8211; 60 perc term\u00e9szetes [&hellip;]","og_url":"https:\/\/www.septimiaresort.ro\/hu\/wellness-gyogyaszat\/masszazsok\/sweet-care-masszazsok\/","og_site_name":"Septimia Hotels & SPA Resort","article_modified_time":"2023-02-01T11:11:15+00:00","twitter_card":"summary_large_image","twitter_misc":{"Becs\u00fclt olvas\u00e1si id\u0151":"1 perc"},"schema":{"@context":"https:\/\/schema.org","@graph":[{"@type":"WebPage","@id":"https:\/\/www.septimiaresort.ro\/hu\/wellness-gyogyaszat\/masszazsok\/sweet-care-masszazsok\/","url":"https:\/\/www.septimiaresort.ro\/hu\/wellness-gyogyaszat\/masszazsok\/sweet-care-masszazsok\/","name":"SWEET-CARE MASSZ\u00c1ZSOK - Septimia Hotels & SPA Resort","isPartOf":{"@id":"https:\/\/www.septimiaresort.ro\/hu\/#website"},"datePublished":"2023-02-01T09:54:59+00:00","dateModified":"2023-02-01T11:11:15+00:00","breadcrumb":{"@id":"https:\/\/www.septimiaresort.ro\/hu\/wellness-gyogyaszat\/masszazsok\/sweet-care-masszazsok\/#breadcrumb"},"inLanguage":"hu","potentialAction":[{"@type":"ReadAction","target":["https:\/\/www.septimiaresort.ro\/hu\/wellness-gyogyaszat\/masszazsok\/sweet-care-masszazsok\/"]}]},{"@type":"BreadcrumbList","@id":"https:\/\/www.septimiaresort.ro\/hu\/wellness-gyogyaszat\/masszazsok\/sweet-care-masszazsok\/#breadcrumb","itemListElement":[{"@type":"ListItem","position":1,"name":"Home","item":"https:\/\/www.septimiaresort.ro\/hu\/"},{"@type":"ListItem","position":2,"name":"Wellness &amp; gy\u00f3gy\u00e1szat","item":"https:\/\/www.septimiaresort.ro\/hu\/wellness-gyogyaszat\/"},{"@type":"ListItem","position":3,"name":"Massz\u00e1zsok &amp; Kezel\u00e9sek","item":"https:\/\/www.septimiaresort.ro\/hu\/wellness-gyogyaszat\/masszazsok\/"},{"@type":"ListItem","position":4,"name":"SWEET-CARE MASSZ\u00c1ZSOK"}]},{"@type":"WebSite","@id":"https:\/\/www.septimiaresort.ro\/hu\/#website","url":"https:\/\/www.septimiaresort.ro\/hu\/","name":"Septimia Hotels & SPA Resort","description":"Just another ms.decms.eu site","potentialAction":[{"@type":"SearchAction","target":{"@type":"EntryPoint","urlTemplate":"https:\/\/www.septimiaresort.ro\/hu\/?s={search_term_string}"},"query-input":{"@type":"PropertyValueSpecification","valueRequired":true,"valueName":"search_term_string"}}],"inLanguage":"hu"}]}},"acf":[],"_links":{"self":[{"href":"https:\/\/www.septimiaresort.ro\/hu\/wp-json\/wp\/v2\/pages\/1044","targetHints":{"allow":["GET"]}}],"collection":[{"href":"https:\/\/www.septimiaresort.ro\/hu\/wp-json\/wp\/v2\/pages"}],"about":[{"href":"https:\/\/www.septimiaresort.ro\/hu\/wp-json\/wp\/v2\/types\/page"}],"author":[{"embeddable":true,"href":"https:\/\/www.septimiaresort.ro\/hu\/wp-json\/wp\/v2\/users\/173"}],"replies":[{"embeddable":true,"href":"https:\/\/www.septimiaresort.ro\/hu\/wp-json\/wp\/v2\/comments?post=1044"}],"version-history":[{"count":0,"href":"https:\/\/www.septimiaresort.ro\/hu\/wp-json\/wp\/v2\/pages\/1044\/revisions"}],"up":[{"embeddable":true,"href":"https:\/\/www.septimiaresort.ro\/hu\/wp-json\/wp\/v2\/pages\/262"}],"wp:attachment":[{"href":"https:\/\/www.septimiaresort.ro\/hu\/wp-json\/wp\/v2\/media?parent=1044"}],"curies":[{"name":"wp","href":"https:\/\/api.w.org\/{rel}","templated":true}]}}