{"id":1072,"date":"2023-03-17T07:24:28","date_gmt":"2023-03-17T07:24:28","guid":{"rendered":"https:\/\/www.septimiaresort.ro\/?page_id=1072"},"modified":"2024-04-16T10:54:40","modified_gmt":"2024-04-16T10:54:40","slug":"vip-club-member-card","status":"publish","type":"page","link":"https:\/\/www.septimiaresort.ro\/hu\/vip-club-member-card\/","title":{"rendered":"VIP MEMBER CLUB"},"content":{"rendered":"<p><b>Mi a t\u00f6rzsvend\u00e9g k\u00e1rtya rendszer?<\/b><\/p>\n<p><span style=\"font-weight: 400\">A VIP Member k\u00e1rtya, mag\u00e1ba foglalja a Septimia Hotel &amp; SPA Resort szolg\u00e1ltat\u00e1sainak teljes k\u00f6r\u00e9t. Ennek a k\u00e1rty\u00e1nak a birtok\u00e1ban vend\u00e9g\u00fcnk kedv\u00e9re gy\u0171jtheti \u00e9s \/vagy felhaszn\u00e1lhatja pontjait a Septimia Hotel &amp; SPA Resort egys\u00e9geiben.\u00a0<\/span><\/p>\n<p>&nbsp;<\/p>\n<h3><a href=\"https:\/\/www.septimiaresort.ro\/wp-content\/uploads\/sites\/169\/2023\/08\/VIP-Member-Club-kedvezmenyek-listaja.pdf\" target=\"_blank\" rel=\"noopener\"><strong>Szolg\u00e1ltat\u00e1sok list\u00e1ja<\/strong><\/a><\/h3>\n<p><span style=\"font-weight: 400\">C\u00e9lunk egy olyan kis k\u00f6z\u00f6ss\u00e9g kialak\u00edt\u00e1sa ez\u00e1ltal, amelyben vend\u00e9geink otthonosan \u00e9rzik magukat szabadid\u0151k\u00f6zpontunkban.\u00a0<\/span><\/p>\n<p><span style=\"font-weight: 400\">Tags\u00e1gi k\u00e1rty\u00e1nkkal kedv\u00e9re sportolhat, eb\u00e9delhet, c\u00e9ges- vagy csal\u00e1di rendezv\u00e9nyeket szervezhet, elsz\u00e1ll\u00e1solhatja \u00fcgyfeleit \u00e9s csal\u00e1dtagjait.\u00a0<\/span><\/p>\n<p><span style=\"font-weight: 400\">Minden v\u00e1s\u00e1rl\u00e1s eset\u00e9n, az \u00f6sszeg 5%-\u00e1t pontok form\u00e1j\u00e1ban visszakapja VIP Club Member k\u00e1rty\u00e1j\u00e1ra, 1 pont \u00e9rt\u00e9ke 1 RON.\u00a0<\/span><\/p>\n<p><span style=\"font-weight: 400\">Fontos, hogy fizet\u00e9skor jelezze koll\u00e9g\u00e1inknak, hogy t\u00f6rzsv\u00e1s\u00e1rl\u00f3i k\u00e1rty\u00e1j\u00e1ra gy\u0171jti a pontokat!\u00a0<\/span><\/p>\n<p><span style=\"font-weight: 400\">A pontok teljes felhaszn\u00e1l\u00e1s\u00e1t akkor teszi lehet\u0151v\u00e9 a rendszer, ha minimum a pont \u00e9rt\u00e9k\u00e9nek a dupl\u00e1j\u00e1ra fogyaszt.\u00a0<\/span><\/p>\n<p>&nbsp;<\/p>\n","protected":false},"excerpt":{"rendered":"<p>Mi a t\u00f6rzsvend\u00e9g k\u00e1rtya rendszer? A VIP Member k\u00e1rtya, mag\u00e1ba foglalja a Septimia Hotel &amp; SPA Resort szolg\u00e1ltat\u00e1sainak teljes k\u00f6r\u00e9t. Ennek a k\u00e1rty\u00e1nak a birtok\u00e1ban vend\u00e9g\u00fcnk kedv\u00e9re gy\u0171jtheti \u00e9s \/vagy felhaszn\u00e1lhatja pontjait a Septimia Hotel &amp; SPA Resort egys\u00e9geiben.\u00a0 &nbsp; Szolg\u00e1ltat\u00e1sok list\u00e1ja C\u00e9lunk egy olyan kis k\u00f6z\u00f6ss\u00e9g kialak\u00edt\u00e1sa ez\u00e1ltal, amelyben vend\u00e9geink otthonosan \u00e9rzik magukat szabadid\u0151k\u00f6zpontunkban.\u00a0 [&hellip;]<\/p>\n","protected":false},"author":173,"featured_media":1030,"parent":0,"menu_order":8,"comment_status":"closed","ping_status":"closed","template":"","meta":{"footnotes":""},"class_list":["post-1072","page","type-page","status-publish","has-post-thumbnail","hentry"],"yoast_head":"<!-- This site is optimized with the Yoast SEO plugin v26.9 - https:\/\/yoast.com\/product\/yoast-seo-wordpress\/ -->\n<title>VIP MEMBER CLUB - Septimia Hotels &amp; SPA Resort<\/title>\n<meta name=\"description\" content=\"A VIP CLUB-on kereszt\u00fcl minden v\u00e1s\u00e1rl\u00e1s ut\u00e1n pontokat gy\u0171jt, amelyeket k\u00e9s\u0151bbi szolg\u00e1ltat\u00e1sv\u00e1s\u00e1rl\u00e1sokhoz haszn\u00e1lhat fel.\" \/>\n<meta name=\"robots\" content=\"index, follow, max-snippet:-1, max-image-preview:large, max-video-preview:-1\" \/>\n<link rel=\"canonical\" href=\"https:\/\/www.septimiaresort.ro\/hu\/vip-club-member-card\/\" \/>\n<meta property=\"og:locale\" content=\"hu_HU\" \/>\n<meta property=\"og:type\" content=\"article\" \/>\n<meta property=\"og:title\" content=\"VIP MEMBER CLUB - Septimia Hotels &amp; SPA Resort\" \/>\n<meta property=\"og:description\" content=\"A VIP CLUB-on kereszt\u00fcl minden v\u00e1s\u00e1rl\u00e1s ut\u00e1n pontokat gy\u0171jt, amelyeket k\u00e9s\u0151bbi szolg\u00e1ltat\u00e1sv\u00e1s\u00e1rl\u00e1sokhoz haszn\u00e1lhat fel.\" \/>\n<meta property=\"og:url\" content=\"https:\/\/www.septimiaresort.ro\/hu\/vip-club-member-card\/\" \/>\n<meta property=\"og:site_name\" content=\"Septimia Hotels &amp; SPA Resort\" \/>\n<meta property=\"article:modified_time\" content=\"2024-04-16T10:54:40+00:00\" \/>\n<meta property=\"og:image\" content=\"https:\/\/www.septimiaresort.ro\/wp-content\/uploads\/sites\/169\/2023\/01\/torzsvendeg-kartya-1024x663.jpg\" \/>\n\t<meta property=\"og:image:width\" content=\"1024\" \/>\n\t<meta property=\"og:image:height\" content=\"663\" \/>\n\t<meta property=\"og:image:type\" content=\"image\/jpeg\" \/>\n<meta name=\"twitter:card\" content=\"summary_large_image\" \/>\n<meta name=\"twitter:label1\" content=\"Becs\u00fclt olvas\u00e1si id\u0151\" \/>\n\t<meta name=\"twitter:data1\" content=\"1 perc\" \/>\n<script type=\"application\/ld+json\" class=\"yoast-schema-graph\">{\"@context\":\"https:\/\/schema.org\",\"@graph\":[{\"@type\":\"WebPage\",\"@id\":\"https:\/\/www.septimiaresort.ro\/hu\/vip-club-member-card\/\",\"url\":\"https:\/\/www.septimiaresort.ro\/hu\/vip-club-member-card\/\",\"name\":\"VIP MEMBER CLUB - Septimia Hotels & SPA Resort\",\"isPartOf\":{\"@id\":\"https:\/\/www.septimiaresort.ro\/hu\/#website\"},\"primaryImageOfPage\":{\"@id\":\"https:\/\/www.septimiaresort.ro\/hu\/vip-club-member-card\/#primaryimage\"},\"image\":{\"@id\":\"https:\/\/www.septimiaresort.ro\/hu\/vip-club-member-card\/#primaryimage\"},\"thumbnailUrl\":\"https:\/\/www.septimiaresort.ro\/wp-content\/uploads\/sites\/169\/2023\/01\/torzsvendeg-kartya.jpg\",\"datePublished\":\"2023-03-17T07:24:28+00:00\",\"dateModified\":\"2024-04-16T10:54:40+00:00\",\"description\":\"A VIP CLUB-on kereszt\u00fcl minden v\u00e1s\u00e1rl\u00e1s ut\u00e1n pontokat gy\u0171jt, amelyeket k\u00e9s\u0151bbi szolg\u00e1ltat\u00e1sv\u00e1s\u00e1rl\u00e1sokhoz haszn\u00e1lhat fel.\",\"breadcrumb\":{\"@id\":\"https:\/\/www.septimiaresort.ro\/hu\/vip-club-member-card\/#breadcrumb\"},\"inLanguage\":\"hu\",\"potentialAction\":[{\"@type\":\"ReadAction\",\"target\":[\"https:\/\/www.septimiaresort.ro\/hu\/vip-club-member-card\/\"]}]},{\"@type\":\"ImageObject\",\"inLanguage\":\"hu\",\"@id\":\"https:\/\/www.septimiaresort.ro\/hu\/vip-club-member-card\/#primaryimage\",\"url\":\"https:\/\/www.septimiaresort.ro\/wp-content\/uploads\/sites\/169\/2023\/01\/torzsvendeg-kartya.jpg\",\"contentUrl\":\"https:\/\/www.septimiaresort.ro\/wp-content\/uploads\/sites\/169\/2023\/01\/torzsvendeg-kartya.jpg\",\"width\":2500,\"height\":1618},{\"@type\":\"BreadcrumbList\",\"@id\":\"https:\/\/www.septimiaresort.ro\/hu\/vip-club-member-card\/#breadcrumb\",\"itemListElement\":[{\"@type\":\"ListItem\",\"position\":1,\"name\":\"Home\",\"item\":\"https:\/\/www.septimiaresort.ro\/hu\/\"},{\"@type\":\"ListItem\",\"position\":2,\"name\":\"VIP MEMBER CLUB\"}]},{\"@type\":\"WebSite\",\"@id\":\"https:\/\/www.septimiaresort.ro\/hu\/#website\",\"url\":\"https:\/\/www.septimiaresort.ro\/hu\/\",\"name\":\"Septimia Hotels & SPA Resort\",\"description\":\"Just another ms.decms.eu site\",\"potentialAction\":[{\"@type\":\"SearchAction\",\"target\":{\"@type\":\"EntryPoint\",\"urlTemplate\":\"https:\/\/www.septimiaresort.ro\/hu\/?s={search_term_string}\"},\"query-input\":{\"@type\":\"PropertyValueSpecification\",\"valueRequired\":true,\"valueName\":\"search_term_string\"}}],\"inLanguage\":\"hu\"}]}<\/script>\n<!-- \/ Yoast SEO plugin. -->","yoast_head_json":{"title":"VIP MEMBER CLUB - Septimia Hotels & SPA Resort","description":"A VIP CLUB-on kereszt\u00fcl minden v\u00e1s\u00e1rl\u00e1s ut\u00e1n pontokat gy\u0171jt, amelyeket k\u00e9s\u0151bbi szolg\u00e1ltat\u00e1sv\u00e1s\u00e1rl\u00e1sokhoz haszn\u00e1lhat fel.","robots":{"index":"index","follow":"follow","max-snippet":"max-snippet:-1","max-image-preview":"max-image-preview:large","max-video-preview":"max-video-preview:-1"},"canonical":"https:\/\/www.septimiaresort.ro\/hu\/vip-club-member-card\/","og_locale":"hu_HU","og_type":"article","og_title":"VIP MEMBER CLUB - Septimia Hotels & SPA Resort","og_description":"A VIP CLUB-on kereszt\u00fcl minden v\u00e1s\u00e1rl\u00e1s ut\u00e1n pontokat gy\u0171jt, amelyeket k\u00e9s\u0151bbi szolg\u00e1ltat\u00e1sv\u00e1s\u00e1rl\u00e1sokhoz haszn\u00e1lhat fel.","og_url":"https:\/\/www.septimiaresort.ro\/hu\/vip-club-member-card\/","og_site_name":"Septimia Hotels & SPA Resort","article_modified_time":"2024-04-16T10:54:40+00:00","og_image":[{"width":1024,"height":663,"url":"https:\/\/www.septimiaresort.ro\/wp-content\/uploads\/sites\/169\/2023\/01\/torzsvendeg-kartya-1024x663.jpg","type":"image\/jpeg"}],"twitter_card":"summary_large_image","twitter_misc":{"Becs\u00fclt olvas\u00e1si id\u0151":"1 perc"},"schema":{"@context":"https:\/\/schema.org","@graph":[{"@type":"WebPage","@id":"https:\/\/www.septimiaresort.ro\/hu\/vip-club-member-card\/","url":"https:\/\/www.septimiaresort.ro\/hu\/vip-club-member-card\/","name":"VIP MEMBER CLUB - Septimia Hotels & SPA Resort","isPartOf":{"@id":"https:\/\/www.septimiaresort.ro\/hu\/#website"},"primaryImageOfPage":{"@id":"https:\/\/www.septimiaresort.ro\/hu\/vip-club-member-card\/#primaryimage"},"image":{"@id":"https:\/\/www.septimiaresort.ro\/hu\/vip-club-member-card\/#primaryimage"},"thumbnailUrl":"https:\/\/www.septimiaresort.ro\/wp-content\/uploads\/sites\/169\/2023\/01\/torzsvendeg-kartya.jpg","datePublished":"2023-03-17T07:24:28+00:00","dateModified":"2024-04-16T10:54:40+00:00","description":"A VIP CLUB-on kereszt\u00fcl minden v\u00e1s\u00e1rl\u00e1s ut\u00e1n pontokat gy\u0171jt, amelyeket k\u00e9s\u0151bbi szolg\u00e1ltat\u00e1sv\u00e1s\u00e1rl\u00e1sokhoz haszn\u00e1lhat fel.","breadcrumb":{"@id":"https:\/\/www.septimiaresort.ro\/hu\/vip-club-member-card\/#breadcrumb"},"inLanguage":"hu","potentialAction":[{"@type":"ReadAction","target":["https:\/\/www.septimiaresort.ro\/hu\/vip-club-member-card\/"]}]},{"@type":"ImageObject","inLanguage":"hu","@id":"https:\/\/www.septimiaresort.ro\/hu\/vip-club-member-card\/#primaryimage","url":"https:\/\/www.septimiaresort.ro\/wp-content\/uploads\/sites\/169\/2023\/01\/torzsvendeg-kartya.jpg","contentUrl":"https:\/\/www.septimiaresort.ro\/wp-content\/uploads\/sites\/169\/2023\/01\/torzsvendeg-kartya.jpg","width":2500,"height":1618},{"@type":"BreadcrumbList","@id":"https:\/\/www.septimiaresort.ro\/hu\/vip-club-member-card\/#breadcrumb","itemListElement":[{"@type":"ListItem","position":1,"name":"Home","item":"https:\/\/www.septimiaresort.ro\/hu\/"},{"@type":"ListItem","position":2,"name":"VIP MEMBER CLUB"}]},{"@type":"WebSite","@id":"https:\/\/www.septimiaresort.ro\/hu\/#website","url":"https:\/\/www.septimiaresort.ro\/hu\/","name":"Septimia Hotels & SPA Resort","description":"Just another ms.decms.eu site","potentialAction":[{"@type":"SearchAction","target":{"@type":"EntryPoint","urlTemplate":"https:\/\/www.septimiaresort.ro\/hu\/?s={search_term_string}"},"query-input":{"@type":"PropertyValueSpecification","valueRequired":true,"valueName":"search_term_string"}}],"inLanguage":"hu"}]}},"acf":[],"_links":{"self":[{"href":"https:\/\/www.septimiaresort.ro\/hu\/wp-json\/wp\/v2\/pages\/1072","targetHints":{"allow":["GET"]}}],"collection":[{"href":"https:\/\/www.septimiaresort.ro\/hu\/wp-json\/wp\/v2\/pages"}],"about":[{"href":"https:\/\/www.septimiaresort.ro\/hu\/wp-json\/wp\/v2\/types\/page"}],"author":[{"embeddable":true,"href":"https:\/\/www.septimiaresort.ro\/hu\/wp-json\/wp\/v2\/users\/173"}],"replies":[{"embeddable":true,"href":"https:\/\/www.septimiaresort.ro\/hu\/wp-json\/wp\/v2\/comments?post=1072"}],"version-history":[{"count":0,"href":"https:\/\/www.septimiaresort.ro\/hu\/wp-json\/wp\/v2\/pages\/1072\/revisions"}],"wp:featuredmedia":[{"embeddable":true,"href":"https:\/\/www.septimiaresort.ro\/hu\/wp-json\/wp\/v2\/media\/1030"}],"wp:attachment":[{"href":"https:\/\/www.septimiaresort.ro\/hu\/wp-json\/wp\/v2\/media?parent=1072"}],"curies":[{"name":"wp","href":"https:\/\/api.w.org\/{rel}","templated":true}]}}