{"id":1075,"date":"2023-03-17T07:43:57","date_gmt":"2023-03-17T07:43:57","guid":{"rendered":"https:\/\/www.septimiaresort.ro\/?page_id=1075"},"modified":"2023-06-23T10:26:25","modified_gmt":"2023-06-23T10:26:25","slug":"septimia-tourist-card","status":"publish","type":"page","link":"https:\/\/www.septimiaresort.ro\/hu\/septimia-tourist-card\/","title":{"rendered":"SEPTIMIA TOURIST CARD"},"content":{"rendered":"<p><span style=\"font-weight: 400\">A Septimia Tourist Card seg\u00edts\u00e9g\u00e9vel egyed\u00fcl\u00e1ll\u00f3 \u00e9lm\u00e9nyekben r\u00e9szes\u00fcl. A programok, l\u00e1tnival\u00f3k \u00e9s minden kedvezm\u00e9ny el\u00e9rhet\u0151 egy helyen, ennek seg\u00edts\u00e9g\u00e9vel szem\u00e9lyre szabhatja kir\u00e1ndul\u00e1s\u00e1nak \u00e9lm\u00e9nyeit.\u00a0<\/span><\/p>\n<p>Fedezze fel k\u00f6rny\u00e9k\u00fcnk nevezetess\u00e9geit!<\/p>\n<p><strong>Tov\u00e1bbi r\u00e9szletek <a href=\"https:\/\/www.septimiaresort.ro\/wp-content\/uploads\/sites\/169\/2023\/03\/Septimia-Tourist-Card-HU.pdf\" target=\"_blank\" rel=\"noopener\">itt<\/a>: <\/strong><\/p>\n","protected":false},"excerpt":{"rendered":"<p>A Septimia Tourist Card seg\u00edts\u00e9g\u00e9vel egyed\u00fcl\u00e1ll\u00f3 \u00e9lm\u00e9nyekben r\u00e9szes\u00fcl. A programok, l\u00e1tnival\u00f3k \u00e9s minden kedvezm\u00e9ny el\u00e9rhet\u0151 egy helyen, ennek seg\u00edts\u00e9g\u00e9vel szem\u00e9lyre szabhatja kir\u00e1ndul\u00e1s\u00e1nak \u00e9lm\u00e9nyeit.\u00a0 Fedezze fel k\u00f6rny\u00e9k\u00fcnk nevezetess\u00e9geit! Tov\u00e1bbi r\u00e9szletek itt:<\/p>\n","protected":false},"author":173,"featured_media":1076,"parent":0,"menu_order":0,"comment_status":"closed","ping_status":"closed","template":"","meta":{"footnotes":""},"class_list":["post-1075","page","type-page","status-publish","has-post-thumbnail","hentry"],"yoast_head":"<!-- This site is optimized with the Yoast SEO plugin v26.9 - https:\/\/yoast.com\/product\/yoast-seo-wordpress\/ -->\n<title>SEPTIMIA TOURIST CARD - Septimia Hotels &amp; SPA Resort<\/title>\n<meta name=\"description\" content=\"A Septimia Tourist Card seg\u00edts\u00e9g\u00e9vel egyed\u00fcl\u00e1ll\u00f3 \u00e9lm\u00e9nyekben r\u00e9szes\u00fcl.\" \/>\n<meta name=\"robots\" content=\"index, follow, max-snippet:-1, max-image-preview:large, max-video-preview:-1\" \/>\n<link rel=\"canonical\" href=\"https:\/\/www.septimiaresort.ro\/hu\/septimia-tourist-card\/\" \/>\n<meta property=\"og:locale\" content=\"hu_HU\" \/>\n<meta property=\"og:type\" content=\"article\" \/>\n<meta property=\"og:title\" content=\"SEPTIMIA TOURIST CARD - Septimia Hotels &amp; SPA Resort\" \/>\n<meta property=\"og:description\" content=\"A Septimia Tourist Card seg\u00edts\u00e9g\u00e9vel egyed\u00fcl\u00e1ll\u00f3 \u00e9lm\u00e9nyekben r\u00e9szes\u00fcl.\" \/>\n<meta property=\"og:url\" content=\"https:\/\/www.septimiaresort.ro\/hu\/septimia-tourist-card\/\" \/>\n<meta property=\"og:site_name\" content=\"Septimia Hotels &amp; SPA Resort\" \/>\n<meta property=\"article:modified_time\" content=\"2023-06-23T10:26:25+00:00\" \/>\n<meta property=\"og:image\" content=\"https:\/\/www.septimiaresort.ro\/wp-content\/uploads\/sites\/169\/2023\/03\/Septimia-Tourist-Card-EN-1-e1679041272179.jpg\" \/>\n\t<meta property=\"og:image:width\" content=\"700\" \/>\n\t<meta property=\"og:image:height\" content=\"445\" \/>\n\t<meta property=\"og:image:type\" content=\"image\/jpeg\" \/>\n<meta name=\"twitter:card\" content=\"summary_large_image\" \/>\n<meta name=\"twitter:label1\" content=\"Becs\u00fclt olvas\u00e1si id\u0151\" \/>\n\t<meta name=\"twitter:data1\" content=\"1 perc\" \/>\n<script type=\"application\/ld+json\" class=\"yoast-schema-graph\">{\"@context\":\"https:\/\/schema.org\",\"@graph\":[{\"@type\":\"WebPage\",\"@id\":\"https:\/\/www.septimiaresort.ro\/hu\/septimia-tourist-card\/\",\"url\":\"https:\/\/www.septimiaresort.ro\/hu\/septimia-tourist-card\/\",\"name\":\"SEPTIMIA TOURIST CARD - Septimia Hotels & SPA Resort\",\"isPartOf\":{\"@id\":\"https:\/\/www.septimiaresort.ro\/hu\/#website\"},\"primaryImageOfPage\":{\"@id\":\"https:\/\/www.septimiaresort.ro\/hu\/septimia-tourist-card\/#primaryimage\"},\"image\":{\"@id\":\"https:\/\/www.septimiaresort.ro\/hu\/septimia-tourist-card\/#primaryimage\"},\"thumbnailUrl\":\"https:\/\/www.septimiaresort.ro\/wp-content\/uploads\/sites\/169\/2023\/03\/Septimia-Tourist-Card-EN-1-e1679041272179.jpg\",\"datePublished\":\"2023-03-17T07:43:57+00:00\",\"dateModified\":\"2023-06-23T10:26:25+00:00\",\"description\":\"A Septimia Tourist Card seg\u00edts\u00e9g\u00e9vel egyed\u00fcl\u00e1ll\u00f3 \u00e9lm\u00e9nyekben r\u00e9szes\u00fcl.\",\"breadcrumb\":{\"@id\":\"https:\/\/www.septimiaresort.ro\/hu\/septimia-tourist-card\/#breadcrumb\"},\"inLanguage\":\"hu\",\"potentialAction\":[{\"@type\":\"ReadAction\",\"target\":[\"https:\/\/www.septimiaresort.ro\/hu\/septimia-tourist-card\/\"]}]},{\"@type\":\"ImageObject\",\"inLanguage\":\"hu\",\"@id\":\"https:\/\/www.septimiaresort.ro\/hu\/septimia-tourist-card\/#primaryimage\",\"url\":\"https:\/\/www.septimiaresort.ro\/wp-content\/uploads\/sites\/169\/2023\/03\/Septimia-Tourist-Card-EN-1-e1679041272179.jpg\",\"contentUrl\":\"https:\/\/www.septimiaresort.ro\/wp-content\/uploads\/sites\/169\/2023\/03\/Septimia-Tourist-Card-EN-1-e1679041272179.jpg\",\"width\":700,\"height\":445,\"caption\":\"Septimia Tourist Card\"},{\"@type\":\"BreadcrumbList\",\"@id\":\"https:\/\/www.septimiaresort.ro\/hu\/septimia-tourist-card\/#breadcrumb\",\"itemListElement\":[{\"@type\":\"ListItem\",\"position\":1,\"name\":\"Home\",\"item\":\"https:\/\/www.septimiaresort.ro\/hu\/\"},{\"@type\":\"ListItem\",\"position\":2,\"name\":\"SEPTIMIA TOURIST CARD\"}]},{\"@type\":\"WebSite\",\"@id\":\"https:\/\/www.septimiaresort.ro\/hu\/#website\",\"url\":\"https:\/\/www.septimiaresort.ro\/hu\/\",\"name\":\"Septimia Hotels & SPA Resort\",\"description\":\"Just another ms.decms.eu site\",\"potentialAction\":[{\"@type\":\"SearchAction\",\"target\":{\"@type\":\"EntryPoint\",\"urlTemplate\":\"https:\/\/www.septimiaresort.ro\/hu\/?s={search_term_string}\"},\"query-input\":{\"@type\":\"PropertyValueSpecification\",\"valueRequired\":true,\"valueName\":\"search_term_string\"}}],\"inLanguage\":\"hu\"}]}<\/script>\n<!-- \/ Yoast SEO plugin. -->","yoast_head_json":{"title":"SEPTIMIA TOURIST CARD - Septimia Hotels & SPA Resort","description":"A Septimia Tourist Card seg\u00edts\u00e9g\u00e9vel egyed\u00fcl\u00e1ll\u00f3 \u00e9lm\u00e9nyekben r\u00e9szes\u00fcl.","robots":{"index":"index","follow":"follow","max-snippet":"max-snippet:-1","max-image-preview":"max-image-preview:large","max-video-preview":"max-video-preview:-1"},"canonical":"https:\/\/www.septimiaresort.ro\/hu\/septimia-tourist-card\/","og_locale":"hu_HU","og_type":"article","og_title":"SEPTIMIA TOURIST CARD - Septimia Hotels & SPA Resort","og_description":"A Septimia Tourist Card seg\u00edts\u00e9g\u00e9vel egyed\u00fcl\u00e1ll\u00f3 \u00e9lm\u00e9nyekben r\u00e9szes\u00fcl.","og_url":"https:\/\/www.septimiaresort.ro\/hu\/septimia-tourist-card\/","og_site_name":"Septimia Hotels & SPA Resort","article_modified_time":"2023-06-23T10:26:25+00:00","og_image":[{"width":700,"height":445,"url":"https:\/\/www.septimiaresort.ro\/wp-content\/uploads\/sites\/169\/2023\/03\/Septimia-Tourist-Card-EN-1-e1679041272179.jpg","type":"image\/jpeg"}],"twitter_card":"summary_large_image","twitter_misc":{"Becs\u00fclt olvas\u00e1si id\u0151":"1 perc"},"schema":{"@context":"https:\/\/schema.org","@graph":[{"@type":"WebPage","@id":"https:\/\/www.septimiaresort.ro\/hu\/septimia-tourist-card\/","url":"https:\/\/www.septimiaresort.ro\/hu\/septimia-tourist-card\/","name":"SEPTIMIA TOURIST CARD - Septimia Hotels & SPA Resort","isPartOf":{"@id":"https:\/\/www.septimiaresort.ro\/hu\/#website"},"primaryImageOfPage":{"@id":"https:\/\/www.septimiaresort.ro\/hu\/septimia-tourist-card\/#primaryimage"},"image":{"@id":"https:\/\/www.septimiaresort.ro\/hu\/septimia-tourist-card\/#primaryimage"},"thumbnailUrl":"https:\/\/www.septimiaresort.ro\/wp-content\/uploads\/sites\/169\/2023\/03\/Septimia-Tourist-Card-EN-1-e1679041272179.jpg","datePublished":"2023-03-17T07:43:57+00:00","dateModified":"2023-06-23T10:26:25+00:00","description":"A Septimia Tourist Card seg\u00edts\u00e9g\u00e9vel egyed\u00fcl\u00e1ll\u00f3 \u00e9lm\u00e9nyekben r\u00e9szes\u00fcl.","breadcrumb":{"@id":"https:\/\/www.septimiaresort.ro\/hu\/septimia-tourist-card\/#breadcrumb"},"inLanguage":"hu","potentialAction":[{"@type":"ReadAction","target":["https:\/\/www.septimiaresort.ro\/hu\/septimia-tourist-card\/"]}]},{"@type":"ImageObject","inLanguage":"hu","@id":"https:\/\/www.septimiaresort.ro\/hu\/septimia-tourist-card\/#primaryimage","url":"https:\/\/www.septimiaresort.ro\/wp-content\/uploads\/sites\/169\/2023\/03\/Septimia-Tourist-Card-EN-1-e1679041272179.jpg","contentUrl":"https:\/\/www.septimiaresort.ro\/wp-content\/uploads\/sites\/169\/2023\/03\/Septimia-Tourist-Card-EN-1-e1679041272179.jpg","width":700,"height":445,"caption":"Septimia Tourist Card"},{"@type":"BreadcrumbList","@id":"https:\/\/www.septimiaresort.ro\/hu\/septimia-tourist-card\/#breadcrumb","itemListElement":[{"@type":"ListItem","position":1,"name":"Home","item":"https:\/\/www.septimiaresort.ro\/hu\/"},{"@type":"ListItem","position":2,"name":"SEPTIMIA TOURIST CARD"}]},{"@type":"WebSite","@id":"https:\/\/www.septimiaresort.ro\/hu\/#website","url":"https:\/\/www.septimiaresort.ro\/hu\/","name":"Septimia Hotels & SPA Resort","description":"Just another ms.decms.eu site","potentialAction":[{"@type":"SearchAction","target":{"@type":"EntryPoint","urlTemplate":"https:\/\/www.septimiaresort.ro\/hu\/?s={search_term_string}"},"query-input":{"@type":"PropertyValueSpecification","valueRequired":true,"valueName":"search_term_string"}}],"inLanguage":"hu"}]}},"acf":[],"_links":{"self":[{"href":"https:\/\/www.septimiaresort.ro\/hu\/wp-json\/wp\/v2\/pages\/1075","targetHints":{"allow":["GET"]}}],"collection":[{"href":"https:\/\/www.septimiaresort.ro\/hu\/wp-json\/wp\/v2\/pages"}],"about":[{"href":"https:\/\/www.septimiaresort.ro\/hu\/wp-json\/wp\/v2\/types\/page"}],"author":[{"embeddable":true,"href":"https:\/\/www.septimiaresort.ro\/hu\/wp-json\/wp\/v2\/users\/173"}],"replies":[{"embeddable":true,"href":"https:\/\/www.septimiaresort.ro\/hu\/wp-json\/wp\/v2\/comments?post=1075"}],"version-history":[{"count":0,"href":"https:\/\/www.septimiaresort.ro\/hu\/wp-json\/wp\/v2\/pages\/1075\/revisions"}],"wp:featuredmedia":[{"embeddable":true,"href":"https:\/\/www.septimiaresort.ro\/hu\/wp-json\/wp\/v2\/media\/1076"}],"wp:attachment":[{"href":"https:\/\/www.septimiaresort.ro\/hu\/wp-json\/wp\/v2\/media?parent=1075"}],"curies":[{"name":"wp","href":"https:\/\/api.w.org\/{rel}","templated":true}]}}