{"id":1097,"date":"2023-03-22T12:54:40","date_gmt":"2023-03-22T12:54:40","guid":{"rendered":"https:\/\/www.septimiaresort.ro\/?page_id=1097"},"modified":"2023-03-27T13:08:39","modified_gmt":"2023-03-27T13:08:39","slug":"a-kartya-elonyeit","status":"publish","type":"page","link":"https:\/\/www.septimiaresort.ro\/hu\/septimia-tourist-card\/a-kartya-elonyeit\/","title":{"rendered":"K\u00e1rtya el\u0151nyei"},"content":{"rendered":"<p><span style=\"font-weight: 400\"><strong>El\u0151ny\u00f6k<\/strong>:<\/span><\/p>\n<ul>\n<li><span style=\"font-weight: 400\"> A k\u00e1rtya megv\u00e1s\u00e1rl\u00e1s\u00e1val kedvezm\u00e9nyben r\u00e9szes\u00fcl k\u00fcl\u00f6nb\u00f6z\u0151 bel\u00e9p\u0151jegyek eset\u00e9n<\/span><\/li>\n<li><span style=\"font-weight: 400\"> Vegyen r\u00e9szt a k\u00edv\u00e1nt programokon sorban \u00e1ll\u00e1s n\u00e9lk\u00fcl<\/span><\/li>\n<li><span style=\"font-weight: 400\"> Soksz\u00edn\u0171 program lehet\u0151s\u00e9gek k\u00f6z\u00fcl v\u00e1laszthat, mivel t\u00f6bb jegy v\u00e1s\u00e1rolhat\u00f3 meg a k\u00f6rny\u00e9k l\u00e1tnival\u00f3inak el\u00e9r\u00e9s\u00e9hez \u00e9s felfedez\u00e9s\u00e9hez.<\/span><\/li>\n<\/ul>\n<p>&nbsp;<\/p>\n<p><strong>Hogyan haszn\u00e1lhat\u00f3?<\/strong><\/p>\n<ul>\n<li><span style=\"font-weight: 400\"> Minden k\u00e1rtya el\u0151re meghat\u00e1rozott sz\u00e1m\u00fa bel\u00e9p\u0151jegyet tartalmaz.<\/span><\/li>\n<li><span style=\"font-weight: 400\"> Ha t\u00f6bb bel\u00e9p\u0151jegyet szeretne v\u00e1s\u00e1rolni, mint amennyi a k\u00e1rty\u00e1j\u00e1n tal\u00e1lhat\u00f3, egyszer\u0171en megv\u00e1s\u00e1rolhatja azokat a sz\u00e1lloda recepci\u00f3j\u00e1n.<\/span><\/li>\n<li><span style=\"font-weight: 400\"> V\u00e1lassza ki az \u00d6n sz\u00e1m\u00e1ra legvonz\u00f3bbnak t\u0171n\u0151 helyeket vagy programokat, \u00e9s a k\u00e1rtya felmutat\u00e1s\u00e1val m\u00e1r nem kell a helysz\u00ednen fizetni a bel\u00e9p\u0151t.<\/span><\/li>\n<li><span style=\"font-weight: 400\"> A k\u00e1rtya a k\u00f6vetkez\u0151 sz\u00e1ll\u00e1sfoglal\u00e1skor \u00fajrat\u00f6lthet\u0151, hogy m\u00e9g t\u00f6bb \u00e9lm\u00e9nyben \u00e9s kalandban r\u00e9szes\u00fclhessen.<\/span><\/li>\n<\/ul>\n","protected":false},"excerpt":{"rendered":"<p>El\u0151ny\u00f6k: A k\u00e1rtya megv\u00e1s\u00e1rl\u00e1s\u00e1val kedvezm\u00e9nyben r\u00e9szes\u00fcl k\u00fcl\u00f6nb\u00f6z\u0151 bel\u00e9p\u0151jegyek eset\u00e9n Vegyen r\u00e9szt a k\u00edv\u00e1nt programokon sorban \u00e1ll\u00e1s n\u00e9lk\u00fcl Soksz\u00edn\u0171 program lehet\u0151s\u00e9gek k\u00f6z\u00fcl v\u00e1laszthat, mivel t\u00f6bb jegy v\u00e1s\u00e1rolhat\u00f3 meg a k\u00f6rny\u00e9k l\u00e1tnival\u00f3inak el\u00e9r\u00e9s\u00e9hez \u00e9s felfedez\u00e9s\u00e9hez. &nbsp; Hogyan haszn\u00e1lhat\u00f3? Minden k\u00e1rtya el\u0151re meghat\u00e1rozott sz\u00e1m\u00fa bel\u00e9p\u0151jegyet tartalmaz. Ha t\u00f6bb bel\u00e9p\u0151jegyet szeretne v\u00e1s\u00e1rolni, mint amennyi a k\u00e1rty\u00e1j\u00e1n tal\u00e1lhat\u00f3, egyszer\u0171en megv\u00e1s\u00e1rolhatja [&hellip;]<\/p>\n","protected":false},"author":173,"featured_media":1025,"parent":1075,"menu_order":0,"comment_status":"closed","ping_status":"closed","template":"template-single-room.php","meta":{"footnotes":""},"class_list":["post-1097","page","type-page","status-publish","has-post-thumbnail","hentry"],"yoast_head":"<!-- This site is optimized with the Yoast SEO plugin v26.9 - https:\/\/yoast.com\/product\/yoast-seo-wordpress\/ -->\n<title>K\u00e1rtya el\u0151nyei - Septimia Hotels &amp; SPA Resort<\/title>\n<meta name=\"description\" content=\"A turistak\u00e1rtya olyan el\u0151ny\u00f6kkel j\u00e1r, amelyekre nem is gondol. Fedezze fel \u0151ket most!\" \/>\n<meta name=\"robots\" content=\"index, follow, max-snippet:-1, max-image-preview:large, max-video-preview:-1\" \/>\n<link rel=\"canonical\" href=\"https:\/\/www.septimiaresort.ro\/hu\/septimia-tourist-card\/a-kartya-elonyeit\/\" \/>\n<meta property=\"og:locale\" content=\"hu_HU\" \/>\n<meta property=\"og:type\" content=\"article\" \/>\n<meta property=\"og:title\" content=\"K\u00e1rtya el\u0151nyei - Septimia Hotels &amp; SPA Resort\" \/>\n<meta property=\"og:description\" content=\"A turistak\u00e1rtya olyan el\u0151ny\u00f6kkel j\u00e1r, amelyekre nem is gondol. Fedezze fel \u0151ket most!\" \/>\n<meta property=\"og:url\" content=\"https:\/\/www.septimiaresort.ro\/hu\/septimia-tourist-card\/a-kartya-elonyeit\/\" \/>\n<meta property=\"og:site_name\" content=\"Septimia Hotels &amp; SPA Resort\" \/>\n<meta property=\"article:modified_time\" content=\"2023-03-27T13:08:39+00:00\" \/>\n<meta property=\"og:image\" content=\"https:\/\/www.septimiaresort.ro\/wp-content\/uploads\/sites\/169\/2023\/01\/tourist-card-site3.jpg\" \/>\n\t<meta property=\"og:image:width\" content=\"1080\" \/>\n\t<meta property=\"og:image:height\" content=\"831\" \/>\n\t<meta property=\"og:image:type\" content=\"image\/jpeg\" \/>\n<meta name=\"twitter:card\" content=\"summary_large_image\" \/>\n<meta name=\"twitter:label1\" content=\"Becs\u00fclt olvas\u00e1si id\u0151\" \/>\n\t<meta name=\"twitter:data1\" content=\"1 perc\" \/>\n<script type=\"application\/ld+json\" class=\"yoast-schema-graph\">{\"@context\":\"https:\/\/schema.org\",\"@graph\":[{\"@type\":\"WebPage\",\"@id\":\"https:\/\/www.septimiaresort.ro\/hu\/septimia-tourist-card\/a-kartya-elonyeit\/\",\"url\":\"https:\/\/www.septimiaresort.ro\/hu\/septimia-tourist-card\/a-kartya-elonyeit\/\",\"name\":\"K\u00e1rtya el\u0151nyei - Septimia Hotels & SPA Resort\",\"isPartOf\":{\"@id\":\"https:\/\/www.septimiaresort.ro\/hu\/#website\"},\"primaryImageOfPage\":{\"@id\":\"https:\/\/www.septimiaresort.ro\/hu\/septimia-tourist-card\/a-kartya-elonyeit\/#primaryimage\"},\"image\":{\"@id\":\"https:\/\/www.septimiaresort.ro\/hu\/septimia-tourist-card\/a-kartya-elonyeit\/#primaryimage\"},\"thumbnailUrl\":\"https:\/\/www.septimiaresort.ro\/wp-content\/uploads\/sites\/169\/2023\/01\/tourist-card-site3.jpg\",\"datePublished\":\"2023-03-22T12:54:40+00:00\",\"dateModified\":\"2023-03-27T13:08:39+00:00\",\"description\":\"A turistak\u00e1rtya olyan el\u0151ny\u00f6kkel j\u00e1r, amelyekre nem is gondol. Fedezze fel \u0151ket most!\",\"breadcrumb\":{\"@id\":\"https:\/\/www.septimiaresort.ro\/hu\/septimia-tourist-card\/a-kartya-elonyeit\/#breadcrumb\"},\"inLanguage\":\"hu\",\"potentialAction\":[{\"@type\":\"ReadAction\",\"target\":[\"https:\/\/www.septimiaresort.ro\/hu\/septimia-tourist-card\/a-kartya-elonyeit\/\"]}]},{\"@type\":\"ImageObject\",\"inLanguage\":\"hu\",\"@id\":\"https:\/\/www.septimiaresort.ro\/hu\/septimia-tourist-card\/a-kartya-elonyeit\/#primaryimage\",\"url\":\"https:\/\/www.septimiaresort.ro\/wp-content\/uploads\/sites\/169\/2023\/01\/tourist-card-site3.jpg\",\"contentUrl\":\"https:\/\/www.septimiaresort.ro\/wp-content\/uploads\/sites\/169\/2023\/01\/tourist-card-site3.jpg\",\"width\":1080,\"height\":831},{\"@type\":\"BreadcrumbList\",\"@id\":\"https:\/\/www.septimiaresort.ro\/hu\/septimia-tourist-card\/a-kartya-elonyeit\/#breadcrumb\",\"itemListElement\":[{\"@type\":\"ListItem\",\"position\":1,\"name\":\"Home\",\"item\":\"https:\/\/www.septimiaresort.ro\/hu\/\"},{\"@type\":\"ListItem\",\"position\":2,\"name\":\"SEPTIMIA TOURIST CARD\",\"item\":\"https:\/\/www.septimiaresort.ro\/hu\/septimia-tourist-card\/\"},{\"@type\":\"ListItem\",\"position\":3,\"name\":\"K\u00e1rtya el\u0151nyei\"}]},{\"@type\":\"WebSite\",\"@id\":\"https:\/\/www.septimiaresort.ro\/hu\/#website\",\"url\":\"https:\/\/www.septimiaresort.ro\/hu\/\",\"name\":\"Septimia Hotels & SPA Resort\",\"description\":\"Just another ms.decms.eu site\",\"potentialAction\":[{\"@type\":\"SearchAction\",\"target\":{\"@type\":\"EntryPoint\",\"urlTemplate\":\"https:\/\/www.septimiaresort.ro\/hu\/?s={search_term_string}\"},\"query-input\":{\"@type\":\"PropertyValueSpecification\",\"valueRequired\":true,\"valueName\":\"search_term_string\"}}],\"inLanguage\":\"hu\"}]}<\/script>\n<!-- \/ Yoast SEO plugin. -->","yoast_head_json":{"title":"K\u00e1rtya el\u0151nyei - Septimia Hotels & SPA Resort","description":"A turistak\u00e1rtya olyan el\u0151ny\u00f6kkel j\u00e1r, amelyekre nem is gondol. Fedezze fel \u0151ket most!","robots":{"index":"index","follow":"follow","max-snippet":"max-snippet:-1","max-image-preview":"max-image-preview:large","max-video-preview":"max-video-preview:-1"},"canonical":"https:\/\/www.septimiaresort.ro\/hu\/septimia-tourist-card\/a-kartya-elonyeit\/","og_locale":"hu_HU","og_type":"article","og_title":"K\u00e1rtya el\u0151nyei - Septimia Hotels & SPA Resort","og_description":"A turistak\u00e1rtya olyan el\u0151ny\u00f6kkel j\u00e1r, amelyekre nem is gondol. Fedezze fel \u0151ket most!","og_url":"https:\/\/www.septimiaresort.ro\/hu\/septimia-tourist-card\/a-kartya-elonyeit\/","og_site_name":"Septimia Hotels & SPA Resort","article_modified_time":"2023-03-27T13:08:39+00:00","og_image":[{"width":1080,"height":831,"url":"https:\/\/www.septimiaresort.ro\/wp-content\/uploads\/sites\/169\/2023\/01\/tourist-card-site3.jpg","type":"image\/jpeg"}],"twitter_card":"summary_large_image","twitter_misc":{"Becs\u00fclt olvas\u00e1si id\u0151":"1 perc"},"schema":{"@context":"https:\/\/schema.org","@graph":[{"@type":"WebPage","@id":"https:\/\/www.septimiaresort.ro\/hu\/septimia-tourist-card\/a-kartya-elonyeit\/","url":"https:\/\/www.septimiaresort.ro\/hu\/septimia-tourist-card\/a-kartya-elonyeit\/","name":"K\u00e1rtya el\u0151nyei - Septimia Hotels & SPA Resort","isPartOf":{"@id":"https:\/\/www.septimiaresort.ro\/hu\/#website"},"primaryImageOfPage":{"@id":"https:\/\/www.septimiaresort.ro\/hu\/septimia-tourist-card\/a-kartya-elonyeit\/#primaryimage"},"image":{"@id":"https:\/\/www.septimiaresort.ro\/hu\/septimia-tourist-card\/a-kartya-elonyeit\/#primaryimage"},"thumbnailUrl":"https:\/\/www.septimiaresort.ro\/wp-content\/uploads\/sites\/169\/2023\/01\/tourist-card-site3.jpg","datePublished":"2023-03-22T12:54:40+00:00","dateModified":"2023-03-27T13:08:39+00:00","description":"A turistak\u00e1rtya olyan el\u0151ny\u00f6kkel j\u00e1r, amelyekre nem is gondol. Fedezze fel \u0151ket most!","breadcrumb":{"@id":"https:\/\/www.septimiaresort.ro\/hu\/septimia-tourist-card\/a-kartya-elonyeit\/#breadcrumb"},"inLanguage":"hu","potentialAction":[{"@type":"ReadAction","target":["https:\/\/www.septimiaresort.ro\/hu\/septimia-tourist-card\/a-kartya-elonyeit\/"]}]},{"@type":"ImageObject","inLanguage":"hu","@id":"https:\/\/www.septimiaresort.ro\/hu\/septimia-tourist-card\/a-kartya-elonyeit\/#primaryimage","url":"https:\/\/www.septimiaresort.ro\/wp-content\/uploads\/sites\/169\/2023\/01\/tourist-card-site3.jpg","contentUrl":"https:\/\/www.septimiaresort.ro\/wp-content\/uploads\/sites\/169\/2023\/01\/tourist-card-site3.jpg","width":1080,"height":831},{"@type":"BreadcrumbList","@id":"https:\/\/www.septimiaresort.ro\/hu\/septimia-tourist-card\/a-kartya-elonyeit\/#breadcrumb","itemListElement":[{"@type":"ListItem","position":1,"name":"Home","item":"https:\/\/www.septimiaresort.ro\/hu\/"},{"@type":"ListItem","position":2,"name":"SEPTIMIA TOURIST CARD","item":"https:\/\/www.septimiaresort.ro\/hu\/septimia-tourist-card\/"},{"@type":"ListItem","position":3,"name":"K\u00e1rtya el\u0151nyei"}]},{"@type":"WebSite","@id":"https:\/\/www.septimiaresort.ro\/hu\/#website","url":"https:\/\/www.septimiaresort.ro\/hu\/","name":"Septimia Hotels & SPA Resort","description":"Just another ms.decms.eu site","potentialAction":[{"@type":"SearchAction","target":{"@type":"EntryPoint","urlTemplate":"https:\/\/www.septimiaresort.ro\/hu\/?s={search_term_string}"},"query-input":{"@type":"PropertyValueSpecification","valueRequired":true,"valueName":"search_term_string"}}],"inLanguage":"hu"}]}},"acf":[],"_links":{"self":[{"href":"https:\/\/www.septimiaresort.ro\/hu\/wp-json\/wp\/v2\/pages\/1097","targetHints":{"allow":["GET"]}}],"collection":[{"href":"https:\/\/www.septimiaresort.ro\/hu\/wp-json\/wp\/v2\/pages"}],"about":[{"href":"https:\/\/www.septimiaresort.ro\/hu\/wp-json\/wp\/v2\/types\/page"}],"author":[{"embeddable":true,"href":"https:\/\/www.septimiaresort.ro\/hu\/wp-json\/wp\/v2\/users\/173"}],"replies":[{"embeddable":true,"href":"https:\/\/www.septimiaresort.ro\/hu\/wp-json\/wp\/v2\/comments?post=1097"}],"version-history":[{"count":0,"href":"https:\/\/www.septimiaresort.ro\/hu\/wp-json\/wp\/v2\/pages\/1097\/revisions"}],"up":[{"embeddable":true,"href":"https:\/\/www.septimiaresort.ro\/hu\/wp-json\/wp\/v2\/pages\/1075"}],"wp:featuredmedia":[{"embeddable":true,"href":"https:\/\/www.septimiaresort.ro\/hu\/wp-json\/wp\/v2\/media\/1025"}],"wp:attachment":[{"href":"https:\/\/www.septimiaresort.ro\/hu\/wp-json\/wp\/v2\/media?parent=1097"}],"curies":[{"name":"wp","href":"https:\/\/api.w.org\/{rel}","templated":true}]}}