{"id":1178,"date":"2023-05-10T11:55:26","date_gmt":"2023-05-10T11:55:26","guid":{"rendered":"https:\/\/www.septimiaresort.ro\/?page_id=1178"},"modified":"2023-05-10T11:55:26","modified_gmt":"2023-05-10T11:55:26","slug":"karrier","status":"publish","type":"page","link":"https:\/\/www.septimiaresort.ro\/hu\/karrier\/","title":{"rendered":"Karrier"},"content":{"rendered":"<p><b>Koll\u00e9g\u00e1kat keres\u00fcnk a k\u00f6vetkez\u0151 poz\u00edci\u00f3kra:<\/b><\/p>\n<ul>\n<li>Sz\u00e1llodai \u00e9rt\u00e9kes\u00edt\u0151<\/li>\n<li>Recepci\u00f3s<\/li>\n<li>Wellness b\u00e1ros<\/li>\n<li>Karbantart\u00f3, villanyszerel\u0151<\/li>\n<li>Massz\u0151r<\/li>\n<li>Bowling p\u00e1lya fel\u00fcgyel\u0151<\/li>\n<\/ul>\n<p><strong>Tov\u00e1bbi r\u00e9szletek:<\/strong><\/p>\n<p>Tel.: 0742 033 247<\/p>\n<p>E-mail: hrmanager@septimia.ro<\/p>\n","protected":false},"excerpt":{"rendered":"<p>Koll\u00e9g\u00e1kat keres\u00fcnk a k\u00f6vetkez\u0151 poz\u00edci\u00f3kra: Sz\u00e1llodai \u00e9rt\u00e9kes\u00edt\u0151 Recepci\u00f3s Wellness b\u00e1ros Karbantart\u00f3, villanyszerel\u0151 Massz\u0151r Bowling p\u00e1lya fel\u00fcgyel\u0151 Tov\u00e1bbi r\u00e9szletek: Tel.: 0742 033 247 E-mail: hrmanager@septimia.ro<\/p>\n","protected":false},"author":173,"featured_media":0,"parent":0,"menu_order":0,"comment_status":"closed","ping_status":"closed","template":"","meta":{"footnotes":""},"class_list":["post-1178","page","type-page","status-publish","hentry"],"yoast_head":"<!-- This site is optimized with the Yoast SEO plugin v26.9 - https:\/\/yoast.com\/product\/yoast-seo-wordpress\/ -->\n<title>Karrier - Septimia Hotels &amp; SPA Resort<\/title>\n<meta name=\"robots\" content=\"index, follow, max-snippet:-1, max-image-preview:large, max-video-preview:-1\" \/>\n<link rel=\"canonical\" href=\"https:\/\/www.septimiaresort.ro\/hu\/karrier\/\" \/>\n<meta property=\"og:locale\" content=\"hu_HU\" \/>\n<meta property=\"og:type\" content=\"article\" \/>\n<meta property=\"og:title\" content=\"Karrier - Septimia Hotels &amp; SPA Resort\" \/>\n<meta property=\"og:description\" content=\"Koll\u00e9g\u00e1kat keres\u00fcnk a k\u00f6vetkez\u0151 poz\u00edci\u00f3kra: Sz\u00e1llodai \u00e9rt\u00e9kes\u00edt\u0151 Recepci\u00f3s Wellness b\u00e1ros Karbantart\u00f3, villanyszerel\u0151 Massz\u0151r Bowling p\u00e1lya fel\u00fcgyel\u0151 Tov\u00e1bbi r\u00e9szletek: Tel.: 0742 033 247 E-mail: hrmanager@septimia.ro\" \/>\n<meta property=\"og:url\" content=\"https:\/\/www.septimiaresort.ro\/hu\/karrier\/\" \/>\n<meta property=\"og:site_name\" content=\"Septimia Hotels &amp; SPA Resort\" \/>\n<meta name=\"twitter:card\" content=\"summary_large_image\" \/>\n<meta name=\"twitter:label1\" content=\"Becs\u00fclt olvas\u00e1si id\u0151\" \/>\n\t<meta name=\"twitter:data1\" content=\"1 perc\" \/>\n<script type=\"application\/ld+json\" class=\"yoast-schema-graph\">{\"@context\":\"https:\/\/schema.org\",\"@graph\":[{\"@type\":\"WebPage\",\"@id\":\"https:\/\/www.septimiaresort.ro\/hu\/karrier\/\",\"url\":\"https:\/\/www.septimiaresort.ro\/hu\/karrier\/\",\"name\":\"Karrier - Septimia Hotels & SPA Resort\",\"isPartOf\":{\"@id\":\"https:\/\/www.septimiaresort.ro\/hu\/#website\"},\"datePublished\":\"2023-05-10T11:55:26+00:00\",\"breadcrumb\":{\"@id\":\"https:\/\/www.septimiaresort.ro\/hu\/karrier\/#breadcrumb\"},\"inLanguage\":\"hu\",\"potentialAction\":[{\"@type\":\"ReadAction\",\"target\":[\"https:\/\/www.septimiaresort.ro\/hu\/karrier\/\"]}]},{\"@type\":\"BreadcrumbList\",\"@id\":\"https:\/\/www.septimiaresort.ro\/hu\/karrier\/#breadcrumb\",\"itemListElement\":[{\"@type\":\"ListItem\",\"position\":1,\"name\":\"Home\",\"item\":\"https:\/\/www.septimiaresort.ro\/hu\/\"},{\"@type\":\"ListItem\",\"position\":2,\"name\":\"Karrier\"}]},{\"@type\":\"WebSite\",\"@id\":\"https:\/\/www.septimiaresort.ro\/hu\/#website\",\"url\":\"https:\/\/www.septimiaresort.ro\/hu\/\",\"name\":\"Septimia Hotels & SPA Resort\",\"description\":\"Just another ms.decms.eu site\",\"potentialAction\":[{\"@type\":\"SearchAction\",\"target\":{\"@type\":\"EntryPoint\",\"urlTemplate\":\"https:\/\/www.septimiaresort.ro\/hu\/?s={search_term_string}\"},\"query-input\":{\"@type\":\"PropertyValueSpecification\",\"valueRequired\":true,\"valueName\":\"search_term_string\"}}],\"inLanguage\":\"hu\"}]}<\/script>\n<!-- \/ Yoast SEO plugin. -->","yoast_head_json":{"title":"Karrier - Septimia Hotels & SPA Resort","robots":{"index":"index","follow":"follow","max-snippet":"max-snippet:-1","max-image-preview":"max-image-preview:large","max-video-preview":"max-video-preview:-1"},"canonical":"https:\/\/www.septimiaresort.ro\/hu\/karrier\/","og_locale":"hu_HU","og_type":"article","og_title":"Karrier - Septimia Hotels & SPA Resort","og_description":"Koll\u00e9g\u00e1kat keres\u00fcnk a k\u00f6vetkez\u0151 poz\u00edci\u00f3kra: Sz\u00e1llodai \u00e9rt\u00e9kes\u00edt\u0151 Recepci\u00f3s Wellness b\u00e1ros Karbantart\u00f3, villanyszerel\u0151 Massz\u0151r Bowling p\u00e1lya fel\u00fcgyel\u0151 Tov\u00e1bbi r\u00e9szletek: Tel.: 0742 033 247 E-mail: hrmanager@septimia.ro","og_url":"https:\/\/www.septimiaresort.ro\/hu\/karrier\/","og_site_name":"Septimia Hotels & SPA Resort","twitter_card":"summary_large_image","twitter_misc":{"Becs\u00fclt olvas\u00e1si id\u0151":"1 perc"},"schema":{"@context":"https:\/\/schema.org","@graph":[{"@type":"WebPage","@id":"https:\/\/www.septimiaresort.ro\/hu\/karrier\/","url":"https:\/\/www.septimiaresort.ro\/hu\/karrier\/","name":"Karrier - Septimia Hotels & SPA Resort","isPartOf":{"@id":"https:\/\/www.septimiaresort.ro\/hu\/#website"},"datePublished":"2023-05-10T11:55:26+00:00","breadcrumb":{"@id":"https:\/\/www.septimiaresort.ro\/hu\/karrier\/#breadcrumb"},"inLanguage":"hu","potentialAction":[{"@type":"ReadAction","target":["https:\/\/www.septimiaresort.ro\/hu\/karrier\/"]}]},{"@type":"BreadcrumbList","@id":"https:\/\/www.septimiaresort.ro\/hu\/karrier\/#breadcrumb","itemListElement":[{"@type":"ListItem","position":1,"name":"Home","item":"https:\/\/www.septimiaresort.ro\/hu\/"},{"@type":"ListItem","position":2,"name":"Karrier"}]},{"@type":"WebSite","@id":"https:\/\/www.septimiaresort.ro\/hu\/#website","url":"https:\/\/www.septimiaresort.ro\/hu\/","name":"Septimia Hotels & SPA Resort","description":"Just another ms.decms.eu site","potentialAction":[{"@type":"SearchAction","target":{"@type":"EntryPoint","urlTemplate":"https:\/\/www.septimiaresort.ro\/hu\/?s={search_term_string}"},"query-input":{"@type":"PropertyValueSpecification","valueRequired":true,"valueName":"search_term_string"}}],"inLanguage":"hu"}]}},"acf":[],"_links":{"self":[{"href":"https:\/\/www.septimiaresort.ro\/hu\/wp-json\/wp\/v2\/pages\/1178","targetHints":{"allow":["GET"]}}],"collection":[{"href":"https:\/\/www.septimiaresort.ro\/hu\/wp-json\/wp\/v2\/pages"}],"about":[{"href":"https:\/\/www.septimiaresort.ro\/hu\/wp-json\/wp\/v2\/types\/page"}],"author":[{"embeddable":true,"href":"https:\/\/www.septimiaresort.ro\/hu\/wp-json\/wp\/v2\/users\/173"}],"replies":[{"embeddable":true,"href":"https:\/\/www.septimiaresort.ro\/hu\/wp-json\/wp\/v2\/comments?post=1178"}],"version-history":[{"count":0,"href":"https:\/\/www.septimiaresort.ro\/hu\/wp-json\/wp\/v2\/pages\/1178\/revisions"}],"wp:attachment":[{"href":"https:\/\/www.septimiaresort.ro\/hu\/wp-json\/wp\/v2\/media?parent=1178"}],"curies":[{"name":"wp","href":"https:\/\/api.w.org\/{rel}","templated":true}]}}