{"id":1285,"date":"2023-07-13T06:26:52","date_gmt":"2023-07-13T06:26:52","guid":{"rendered":"https:\/\/www.septimiaresort.ro\/?page_id=1285"},"modified":"2023-07-17T11:49:22","modified_gmt":"2023-07-17T11:49:22","slug":"strand","status":"publish","type":"page","link":"https:\/\/www.septimiaresort.ro\/hu\/strand\/","title":{"rendered":"STRAND"},"content":{"rendered":"<p class=\"_04xlpA direction-ltr align-start para-style-body\"><span class=\"WdYUQQ text-decoration-none text-strikethrough-none\">A ny\u00e1ri napok sokkal pihentet\u0151bbek, ha a Septimia Resort strandj\u00e1n t\u00f6lt\u00f6d \u0151ket!<\/span><\/p>\n<p class=\"_04xlpA direction-ltr align-start para-style-body\"><span class=\"WdYUQQ text-decoration-none text-strikethrough-none\">Egy igazi csendes o\u00e1zis, amely ide\u00e1lis v\u00e1laszt\u00e1s \u00fagy a gyermekes csal\u00e1dok, mind a feln\u0151ttek sz\u00e1m\u00e1ra. Rossz id\u0151 eset\u00e9n \u00e9lvezheted wellness r\u00e9szleg\u00fcnket is.<\/span><\/p>\n<p class=\"_04xlpA direction-ltr align-start para-style-body\"><strong><span class=\"WdYUQQ text-decoration-none text-strikethrough-none\">Strand felszerelts\u00e9ge:<\/span><\/strong><\/p>\n<ul>\n<li><span class=\"WdYUQQ text-decoration-none text-strikethrough-none\">F\u00e9lolimpiai m\u00e9ret\u0171 medence: 12&#215;25 m, fokozatos m\u00e9ly\u00fcl 1,6 m-t\u0151l 1,8 m-ig, a v\u00edz h\u0151m\u00e9rs\u00e9klete 25-27\u00b0C.<\/span><\/li>\n<li><span class=\"WdYUQQ text-decoration-none text-strikethrough-none\">Gyerekmedence: m\u00e9rete 12&#215;12 m, fokozatos m\u00e9ly\u00fcl 0,6 m-t\u0151l 0,9 m-ig, a v\u00edz h\u0151m\u00e9rs\u00e9klete 30-32\u00b0C.<\/span><\/li>\n<li><span class=\"WdYUQQ text-decoration-none text-strikethrough-none\">K\u00fclt\u00e9ri s\u00f3d\u00e9zs\u00e1k<\/span><\/li>\n<li><span class=\"WdYUQQ text-decoration-none text-strikethrough-none\">J\u00e1tsz\u00f3t\u00e9r<\/span><\/li>\n<li><span class=\"WdYUQQ text-decoration-none text-strikethrough-none\">Strandb\u00e1r italokkal, snackekkel \u00e9s fagylalttal<\/span><\/li>\n<li><span class=\"WdYUQQ text-decoration-none text-strikethrough-none\">Z\u00f6ld\u00f6vezetek a pihen\u00e9shez<\/span><\/li>\n<li><span class=\"WdYUQQ text-decoration-none text-strikethrough-none\">Nyug\u00e1gyak<\/span><\/li>\n<li><span class=\"WdYUQQ text-decoration-none text-strikethrough-none\">Station Pub &amp; Bowling \u00e9tterem \u00e9s terasz<\/span><\/li>\n<li><span class=\"WdYUQQ text-decoration-none text-strikethrough-none\">Ingyenes \u00e9s fel\u00fcgyelt parkol\u00f3helyek<\/span><\/li>\n<\/ul>\n","protected":false},"excerpt":{"rendered":"<p>A ny\u00e1ri napok sokkal pihentet\u0151bbek, ha a Septimia Resort strandj\u00e1n t\u00f6lt\u00f6d \u0151ket! Egy igazi csendes o\u00e1zis, amely ide\u00e1lis v\u00e1laszt\u00e1s \u00fagy a gyermekes csal\u00e1dok, mind a feln\u0151ttek sz\u00e1m\u00e1ra. Rossz id\u0151 eset\u00e9n \u00e9lvezheted wellness r\u00e9szleg\u00fcnket is. Strand felszerelts\u00e9ge: F\u00e9lolimpiai m\u00e9ret\u0171 medence: 12&#215;25 m, fokozatos m\u00e9ly\u00fcl 1,6 m-t\u0151l 1,8 m-ig, a v\u00edz h\u0151m\u00e9rs\u00e9klete 25-27\u00b0C. Gyerekmedence: m\u00e9rete 12&#215;12 m, [&hellip;]<\/p>\n","protected":false},"author":173,"featured_media":0,"parent":0,"menu_order":0,"comment_status":"closed","ping_status":"closed","template":"","meta":{"footnotes":""},"class_list":["post-1285","page","type-page","status-publish","hentry"],"yoast_head":"<!-- This site is optimized with the Yoast SEO plugin v26.9 - https:\/\/yoast.com\/product\/yoast-seo-wordpress\/ -->\n<title>STRAND - Septimia Hotels &amp; SPA Resort<\/title>\n<meta name=\"description\" content=\"T\u00f6lts\u00f6n pihentet\u0151 ny\u00e1ri napokat a Septimia Resortban! Sz\u00e1mos lehet\u0151s\u00e9get k\u00edn\u00e1lunk: \u00fasz\u00f3medenc\u00e9k, s\u00f3s viz\u0171 medenc\u00e9k, z\u00f6ld ter\u00fcletek.\" \/>\n<meta name=\"robots\" content=\"index, follow, max-snippet:-1, max-image-preview:large, max-video-preview:-1\" \/>\n<link rel=\"canonical\" href=\"https:\/\/www.septimiaresort.ro\/hu\/strand\/\" \/>\n<meta property=\"og:locale\" content=\"hu_HU\" \/>\n<meta property=\"og:type\" content=\"article\" \/>\n<meta property=\"og:title\" content=\"STRAND - Septimia Hotels &amp; SPA Resort\" \/>\n<meta property=\"og:description\" content=\"T\u00f6lts\u00f6n pihentet\u0151 ny\u00e1ri napokat a Septimia Resortban! Sz\u00e1mos lehet\u0151s\u00e9get k\u00edn\u00e1lunk: \u00fasz\u00f3medenc\u00e9k, s\u00f3s viz\u0171 medenc\u00e9k, z\u00f6ld ter\u00fcletek.\" \/>\n<meta property=\"og:url\" content=\"https:\/\/www.septimiaresort.ro\/hu\/strand\/\" \/>\n<meta property=\"og:site_name\" content=\"Septimia Hotels &amp; SPA Resort\" \/>\n<meta property=\"article:modified_time\" content=\"2023-07-17T11:49:22+00:00\" \/>\n<meta name=\"twitter:card\" content=\"summary_large_image\" \/>\n<meta name=\"twitter:label1\" content=\"Becs\u00fclt olvas\u00e1si id\u0151\" \/>\n\t<meta name=\"twitter:data1\" content=\"1 perc\" \/>\n<script type=\"application\/ld+json\" class=\"yoast-schema-graph\">{\"@context\":\"https:\/\/schema.org\",\"@graph\":[{\"@type\":\"WebPage\",\"@id\":\"https:\/\/www.septimiaresort.ro\/hu\/strand\/\",\"url\":\"https:\/\/www.septimiaresort.ro\/hu\/strand\/\",\"name\":\"STRAND - Septimia Hotels & SPA Resort\",\"isPartOf\":{\"@id\":\"https:\/\/www.septimiaresort.ro\/hu\/#website\"},\"datePublished\":\"2023-07-13T06:26:52+00:00\",\"dateModified\":\"2023-07-17T11:49:22+00:00\",\"description\":\"T\u00f6lts\u00f6n pihentet\u0151 ny\u00e1ri napokat a Septimia Resortban! Sz\u00e1mos lehet\u0151s\u00e9get k\u00edn\u00e1lunk: \u00fasz\u00f3medenc\u00e9k, s\u00f3s viz\u0171 medenc\u00e9k, z\u00f6ld ter\u00fcletek.\",\"breadcrumb\":{\"@id\":\"https:\/\/www.septimiaresort.ro\/hu\/strand\/#breadcrumb\"},\"inLanguage\":\"hu\",\"potentialAction\":[{\"@type\":\"ReadAction\",\"target\":[\"https:\/\/www.septimiaresort.ro\/hu\/strand\/\"]}]},{\"@type\":\"BreadcrumbList\",\"@id\":\"https:\/\/www.septimiaresort.ro\/hu\/strand\/#breadcrumb\",\"itemListElement\":[{\"@type\":\"ListItem\",\"position\":1,\"name\":\"Home\",\"item\":\"https:\/\/www.septimiaresort.ro\/hu\/\"},{\"@type\":\"ListItem\",\"position\":2,\"name\":\"STRAND\"}]},{\"@type\":\"WebSite\",\"@id\":\"https:\/\/www.septimiaresort.ro\/hu\/#website\",\"url\":\"https:\/\/www.septimiaresort.ro\/hu\/\",\"name\":\"Septimia Hotels & SPA Resort\",\"description\":\"Just another ms.decms.eu site\",\"potentialAction\":[{\"@type\":\"SearchAction\",\"target\":{\"@type\":\"EntryPoint\",\"urlTemplate\":\"https:\/\/www.septimiaresort.ro\/hu\/?s={search_term_string}\"},\"query-input\":{\"@type\":\"PropertyValueSpecification\",\"valueRequired\":true,\"valueName\":\"search_term_string\"}}],\"inLanguage\":\"hu\"}]}<\/script>\n<!-- \/ Yoast SEO plugin. -->","yoast_head_json":{"title":"STRAND - Septimia Hotels & SPA Resort","description":"T\u00f6lts\u00f6n pihentet\u0151 ny\u00e1ri napokat a Septimia Resortban! Sz\u00e1mos lehet\u0151s\u00e9get k\u00edn\u00e1lunk: \u00fasz\u00f3medenc\u00e9k, s\u00f3s viz\u0171 medenc\u00e9k, z\u00f6ld ter\u00fcletek.","robots":{"index":"index","follow":"follow","max-snippet":"max-snippet:-1","max-image-preview":"max-image-preview:large","max-video-preview":"max-video-preview:-1"},"canonical":"https:\/\/www.septimiaresort.ro\/hu\/strand\/","og_locale":"hu_HU","og_type":"article","og_title":"STRAND - Septimia Hotels & SPA Resort","og_description":"T\u00f6lts\u00f6n pihentet\u0151 ny\u00e1ri napokat a Septimia Resortban! Sz\u00e1mos lehet\u0151s\u00e9get k\u00edn\u00e1lunk: \u00fasz\u00f3medenc\u00e9k, s\u00f3s viz\u0171 medenc\u00e9k, z\u00f6ld ter\u00fcletek.","og_url":"https:\/\/www.septimiaresort.ro\/hu\/strand\/","og_site_name":"Septimia Hotels & SPA Resort","article_modified_time":"2023-07-17T11:49:22+00:00","twitter_card":"summary_large_image","twitter_misc":{"Becs\u00fclt olvas\u00e1si id\u0151":"1 perc"},"schema":{"@context":"https:\/\/schema.org","@graph":[{"@type":"WebPage","@id":"https:\/\/www.septimiaresort.ro\/hu\/strand\/","url":"https:\/\/www.septimiaresort.ro\/hu\/strand\/","name":"STRAND - Septimia Hotels & SPA Resort","isPartOf":{"@id":"https:\/\/www.septimiaresort.ro\/hu\/#website"},"datePublished":"2023-07-13T06:26:52+00:00","dateModified":"2023-07-17T11:49:22+00:00","description":"T\u00f6lts\u00f6n pihentet\u0151 ny\u00e1ri napokat a Septimia Resortban! Sz\u00e1mos lehet\u0151s\u00e9get k\u00edn\u00e1lunk: \u00fasz\u00f3medenc\u00e9k, s\u00f3s viz\u0171 medenc\u00e9k, z\u00f6ld ter\u00fcletek.","breadcrumb":{"@id":"https:\/\/www.septimiaresort.ro\/hu\/strand\/#breadcrumb"},"inLanguage":"hu","potentialAction":[{"@type":"ReadAction","target":["https:\/\/www.septimiaresort.ro\/hu\/strand\/"]}]},{"@type":"BreadcrumbList","@id":"https:\/\/www.septimiaresort.ro\/hu\/strand\/#breadcrumb","itemListElement":[{"@type":"ListItem","position":1,"name":"Home","item":"https:\/\/www.septimiaresort.ro\/hu\/"},{"@type":"ListItem","position":2,"name":"STRAND"}]},{"@type":"WebSite","@id":"https:\/\/www.septimiaresort.ro\/hu\/#website","url":"https:\/\/www.septimiaresort.ro\/hu\/","name":"Septimia Hotels & SPA Resort","description":"Just another ms.decms.eu site","potentialAction":[{"@type":"SearchAction","target":{"@type":"EntryPoint","urlTemplate":"https:\/\/www.septimiaresort.ro\/hu\/?s={search_term_string}"},"query-input":{"@type":"PropertyValueSpecification","valueRequired":true,"valueName":"search_term_string"}}],"inLanguage":"hu"}]}},"acf":[],"_links":{"self":[{"href":"https:\/\/www.septimiaresort.ro\/hu\/wp-json\/wp\/v2\/pages\/1285","targetHints":{"allow":["GET"]}}],"collection":[{"href":"https:\/\/www.septimiaresort.ro\/hu\/wp-json\/wp\/v2\/pages"}],"about":[{"href":"https:\/\/www.septimiaresort.ro\/hu\/wp-json\/wp\/v2\/types\/page"}],"author":[{"embeddable":true,"href":"https:\/\/www.septimiaresort.ro\/hu\/wp-json\/wp\/v2\/users\/173"}],"replies":[{"embeddable":true,"href":"https:\/\/www.septimiaresort.ro\/hu\/wp-json\/wp\/v2\/comments?post=1285"}],"version-history":[{"count":0,"href":"https:\/\/www.septimiaresort.ro\/hu\/wp-json\/wp\/v2\/pages\/1285\/revisions"}],"wp:attachment":[{"href":"https:\/\/www.septimiaresort.ro\/hu\/wp-json\/wp\/v2\/media?parent=1285"}],"curies":[{"name":"wp","href":"https:\/\/api.w.org\/{rel}","templated":true}]}}