{"id":1360,"date":"2023-10-05T12:25:20","date_gmt":"2023-10-05T12:25:20","guid":{"rendered":"https:\/\/www.septimiaresort.ro\/?page_id=1360"},"modified":"2026-04-28T07:47:42","modified_gmt":"2026-04-28T07:47:42","slug":"teambuilding-a-septimiaban","status":"publish","type":"page","link":"https:\/\/www.septimiaresort.ro\/hu\/business-club\/teambuilding-a-septimiaban\/","title":{"rendered":"T\u00f6bbnapos teambuilding"},"content":{"rendered":"<p><span style=\"font-weight: 400\">A Septimia Hotels &amp; Spa Resortn\u00e1l abban seg\u00edt\u00fcnk, hogy csapata ne csak egy\u00fctt dolgozzon, hanem val\u00f3ban egy\u00fctt is m\u0171k\u00f6dj\u00f6n.<\/span><\/p>\n<p><span style=\"font-weight: 400\">Csapat\u00e9p\u00edt\u0151 programjaink c\u00e9lja nem csup\u00e1n a kikapcsol\u00f3d\u00e1s, hanem az egy\u00fcttm\u0171k\u00f6d\u00e9s \u00e9s a kommunik\u00e1ci\u00f3 er\u0151s\u00edt\u00e9se is. Mindezt egy olyan k\u00f6rnyezetben, ahol az \u00e9lm\u00e9ny \u00e9s a min\u0151s\u00e9g k\u00e9z a k\u00e9zben j\u00e1r.<\/span><\/p>\n<p><span style=\"font-weight: 400\">A programok mellett teljesen felszerelt konferenciaterem is rendelkez\u00e9sre \u00e1ll, \u00edgy az \u00fczleti \u00e9s csapat\u00e9p\u00edt\u0151 elemek k\u00f6nnyed\u00e9n kombin\u00e1lhat\u00f3k egy esem\u00e9nyen bel\u00fcl.<\/span><\/p>\n","protected":false},"excerpt":{"rendered":"<p>A Septimia Hotels &amp; Spa Resortn\u00e1l abban seg\u00edt\u00fcnk, hogy csapata ne csak egy\u00fctt dolgozzon, hanem val\u00f3ban egy\u00fctt is m\u0171k\u00f6dj\u00f6n. Csapat\u00e9p\u00edt\u0151 programjaink c\u00e9lja nem csup\u00e1n a kikapcsol\u00f3d\u00e1s, hanem az egy\u00fcttm\u0171k\u00f6d\u00e9s \u00e9s a kommunik\u00e1ci\u00f3 er\u0151s\u00edt\u00e9se is. Mindezt egy olyan k\u00f6rnyezetben, ahol az \u00e9lm\u00e9ny \u00e9s a min\u0151s\u00e9g k\u00e9z a k\u00e9zben j\u00e1r. A programok mellett teljesen felszerelt konferenciaterem is [&hellip;]<\/p>\n","protected":false},"author":173,"featured_media":2107,"parent":265,"menu_order":1,"comment_status":"closed","ping_status":"closed","template":"","meta":{"footnotes":""},"class_list":["post-1360","page","type-page","status-publish","has-post-thumbnail","hentry"],"yoast_head":"<!-- This site is optimized with the Yoast SEO plugin v26.9 - https:\/\/yoast.com\/product\/yoast-seo-wordpress\/ -->\n<title>T\u00f6bbnapos teambuilding - Septimia Hotels &amp; SPA Resort<\/title>\n<meta name=\"description\" content=\"Szeretn\u00e9l sikeres csapat\u00e9p\u00edt\u0151t szervezni a csapatodnak? Fedezd fel az aj\u00e1nlatokat \u00e9s lehet\u0151s\u00e9geket, amelyeket a Septimia Resort k\u00edn\u00e1l neked.\" \/>\n<meta name=\"robots\" content=\"index, follow, max-snippet:-1, max-image-preview:large, max-video-preview:-1\" \/>\n<link rel=\"canonical\" href=\"https:\/\/www.septimiaresort.ro\/hu\/business-club\/teambuilding-a-septimiaban\/\" \/>\n<meta property=\"og:locale\" content=\"hu_HU\" \/>\n<meta property=\"og:type\" content=\"article\" \/>\n<meta property=\"og:title\" content=\"T\u00f6bbnapos teambuilding - Septimia Hotels &amp; SPA Resort\" \/>\n<meta property=\"og:description\" content=\"Szeretn\u00e9l sikeres csapat\u00e9p\u00edt\u0151t szervezni a csapatodnak? Fedezd fel az aj\u00e1nlatokat \u00e9s lehet\u0151s\u00e9geket, amelyeket a Septimia Resort k\u00edn\u00e1l neked.\" \/>\n<meta property=\"og:url\" content=\"https:\/\/www.septimiaresort.ro\/hu\/business-club\/teambuilding-a-septimiaban\/\" \/>\n<meta property=\"og:site_name\" content=\"Septimia Hotels &amp; SPA Resort\" \/>\n<meta property=\"article:modified_time\" content=\"2026-04-28T07:47:42+00:00\" \/>\n<meta property=\"og:image\" content=\"https:\/\/www.septimiaresort.ro\/wp-content\/uploads\/sites\/169\/2026\/04\/teamwork-hands-support-business-people-collaboration-from-integration-trust-winning-closeup-partnership-team-building-success-cooperation-achievement-synergy-scaled.jpg\" \/>\n\t<meta property=\"og:image:width\" content=\"1708\" \/>\n\t<meta property=\"og:image:height\" content=\"2560\" \/>\n\t<meta property=\"og:image:type\" content=\"image\/jpeg\" \/>\n<meta name=\"twitter:card\" content=\"summary_large_image\" \/>\n<meta name=\"twitter:label1\" content=\"Becs\u00fclt olvas\u00e1si id\u0151\" \/>\n\t<meta name=\"twitter:data1\" content=\"1 perc\" \/>\n<script type=\"application\/ld+json\" class=\"yoast-schema-graph\">{\"@context\":\"https:\/\/schema.org\",\"@graph\":[{\"@type\":\"WebPage\",\"@id\":\"https:\/\/www.septimiaresort.ro\/hu\/business-club\/teambuilding-a-septimiaban\/\",\"url\":\"https:\/\/www.septimiaresort.ro\/hu\/business-club\/teambuilding-a-septimiaban\/\",\"name\":\"T\u00f6bbnapos teambuilding - Septimia Hotels & SPA Resort\",\"isPartOf\":{\"@id\":\"https:\/\/www.septimiaresort.ro\/hu\/#website\"},\"primaryImageOfPage\":{\"@id\":\"https:\/\/www.septimiaresort.ro\/hu\/business-club\/teambuilding-a-septimiaban\/#primaryimage\"},\"image\":{\"@id\":\"https:\/\/www.septimiaresort.ro\/hu\/business-club\/teambuilding-a-septimiaban\/#primaryimage\"},\"thumbnailUrl\":\"https:\/\/www.septimiaresort.ro\/wp-content\/uploads\/sites\/169\/2026\/04\/teamwork-hands-support-business-people-collaboration-from-integration-trust-winning-closeup-partnership-team-building-success-cooperation-achievement-synergy-scaled.jpg\",\"datePublished\":\"2023-10-05T12:25:20+00:00\",\"dateModified\":\"2026-04-28T07:47:42+00:00\",\"description\":\"Szeretn\u00e9l sikeres csapat\u00e9p\u00edt\u0151t szervezni a csapatodnak? Fedezd fel az aj\u00e1nlatokat \u00e9s lehet\u0151s\u00e9geket, amelyeket a Septimia Resort k\u00edn\u00e1l neked.\",\"breadcrumb\":{\"@id\":\"https:\/\/www.septimiaresort.ro\/hu\/business-club\/teambuilding-a-septimiaban\/#breadcrumb\"},\"inLanguage\":\"hu\",\"potentialAction\":[{\"@type\":\"ReadAction\",\"target\":[\"https:\/\/www.septimiaresort.ro\/hu\/business-club\/teambuilding-a-septimiaban\/\"]}]},{\"@type\":\"ImageObject\",\"inLanguage\":\"hu\",\"@id\":\"https:\/\/www.septimiaresort.ro\/hu\/business-club\/teambuilding-a-septimiaban\/#primaryimage\",\"url\":\"https:\/\/www.septimiaresort.ro\/wp-content\/uploads\/sites\/169\/2026\/04\/teamwork-hands-support-business-people-collaboration-from-integration-trust-winning-closeup-partnership-team-building-success-cooperation-achievement-synergy-scaled.jpg\",\"contentUrl\":\"https:\/\/www.septimiaresort.ro\/wp-content\/uploads\/sites\/169\/2026\/04\/teamwork-hands-support-business-people-collaboration-from-integration-trust-winning-closeup-partnership-team-building-success-cooperation-achievement-synergy-scaled.jpg\",\"width\":1708,\"height\":2560},{\"@type\":\"BreadcrumbList\",\"@id\":\"https:\/\/www.septimiaresort.ro\/hu\/business-club\/teambuilding-a-septimiaban\/#breadcrumb\",\"itemListElement\":[{\"@type\":\"ListItem\",\"position\":1,\"name\":\"Home\",\"item\":\"https:\/\/www.septimiaresort.ro\/hu\/\"},{\"@type\":\"ListItem\",\"position\":2,\"name\":\"C\u00c9GES \u00c9S PRIV\u00c1T RENDEZV\u00c9NYEK\",\"item\":\"https:\/\/www.septimiaresort.ro\/hu\/business-club\/\"},{\"@type\":\"ListItem\",\"position\":3,\"name\":\"T\u00f6bbnapos teambuilding\"}]},{\"@type\":\"WebSite\",\"@id\":\"https:\/\/www.septimiaresort.ro\/hu\/#website\",\"url\":\"https:\/\/www.septimiaresort.ro\/hu\/\",\"name\":\"Septimia Hotels & SPA Resort\",\"description\":\"Just another ms.decms.eu site\",\"potentialAction\":[{\"@type\":\"SearchAction\",\"target\":{\"@type\":\"EntryPoint\",\"urlTemplate\":\"https:\/\/www.septimiaresort.ro\/hu\/?s={search_term_string}\"},\"query-input\":{\"@type\":\"PropertyValueSpecification\",\"valueRequired\":true,\"valueName\":\"search_term_string\"}}],\"inLanguage\":\"hu\"}]}<\/script>\n<!-- \/ Yoast SEO plugin. -->","yoast_head_json":{"title":"T\u00f6bbnapos teambuilding - Septimia Hotels & SPA Resort","description":"Szeretn\u00e9l sikeres csapat\u00e9p\u00edt\u0151t szervezni a csapatodnak? Fedezd fel az aj\u00e1nlatokat \u00e9s lehet\u0151s\u00e9geket, amelyeket a Septimia Resort k\u00edn\u00e1l neked.","robots":{"index":"index","follow":"follow","max-snippet":"max-snippet:-1","max-image-preview":"max-image-preview:large","max-video-preview":"max-video-preview:-1"},"canonical":"https:\/\/www.septimiaresort.ro\/hu\/business-club\/teambuilding-a-septimiaban\/","og_locale":"hu_HU","og_type":"article","og_title":"T\u00f6bbnapos teambuilding - Septimia Hotels & SPA Resort","og_description":"Szeretn\u00e9l sikeres csapat\u00e9p\u00edt\u0151t szervezni a csapatodnak? Fedezd fel az aj\u00e1nlatokat \u00e9s lehet\u0151s\u00e9geket, amelyeket a Septimia Resort k\u00edn\u00e1l neked.","og_url":"https:\/\/www.septimiaresort.ro\/hu\/business-club\/teambuilding-a-septimiaban\/","og_site_name":"Septimia Hotels & SPA Resort","article_modified_time":"2026-04-28T07:47:42+00:00","og_image":[{"width":1708,"height":2560,"url":"https:\/\/www.septimiaresort.ro\/wp-content\/uploads\/sites\/169\/2026\/04\/teamwork-hands-support-business-people-collaboration-from-integration-trust-winning-closeup-partnership-team-building-success-cooperation-achievement-synergy-scaled.jpg","type":"image\/jpeg"}],"twitter_card":"summary_large_image","twitter_misc":{"Becs\u00fclt olvas\u00e1si id\u0151":"1 perc"},"schema":{"@context":"https:\/\/schema.org","@graph":[{"@type":"WebPage","@id":"https:\/\/www.septimiaresort.ro\/hu\/business-club\/teambuilding-a-septimiaban\/","url":"https:\/\/www.septimiaresort.ro\/hu\/business-club\/teambuilding-a-septimiaban\/","name":"T\u00f6bbnapos teambuilding - Septimia Hotels & SPA Resort","isPartOf":{"@id":"https:\/\/www.septimiaresort.ro\/hu\/#website"},"primaryImageOfPage":{"@id":"https:\/\/www.septimiaresort.ro\/hu\/business-club\/teambuilding-a-septimiaban\/#primaryimage"},"image":{"@id":"https:\/\/www.septimiaresort.ro\/hu\/business-club\/teambuilding-a-septimiaban\/#primaryimage"},"thumbnailUrl":"https:\/\/www.septimiaresort.ro\/wp-content\/uploads\/sites\/169\/2026\/04\/teamwork-hands-support-business-people-collaboration-from-integration-trust-winning-closeup-partnership-team-building-success-cooperation-achievement-synergy-scaled.jpg","datePublished":"2023-10-05T12:25:20+00:00","dateModified":"2026-04-28T07:47:42+00:00","description":"Szeretn\u00e9l sikeres csapat\u00e9p\u00edt\u0151t szervezni a csapatodnak? Fedezd fel az aj\u00e1nlatokat \u00e9s lehet\u0151s\u00e9geket, amelyeket a Septimia Resort k\u00edn\u00e1l neked.","breadcrumb":{"@id":"https:\/\/www.septimiaresort.ro\/hu\/business-club\/teambuilding-a-septimiaban\/#breadcrumb"},"inLanguage":"hu","potentialAction":[{"@type":"ReadAction","target":["https:\/\/www.septimiaresort.ro\/hu\/business-club\/teambuilding-a-septimiaban\/"]}]},{"@type":"ImageObject","inLanguage":"hu","@id":"https:\/\/www.septimiaresort.ro\/hu\/business-club\/teambuilding-a-septimiaban\/#primaryimage","url":"https:\/\/www.septimiaresort.ro\/wp-content\/uploads\/sites\/169\/2026\/04\/teamwork-hands-support-business-people-collaboration-from-integration-trust-winning-closeup-partnership-team-building-success-cooperation-achievement-synergy-scaled.jpg","contentUrl":"https:\/\/www.septimiaresort.ro\/wp-content\/uploads\/sites\/169\/2026\/04\/teamwork-hands-support-business-people-collaboration-from-integration-trust-winning-closeup-partnership-team-building-success-cooperation-achievement-synergy-scaled.jpg","width":1708,"height":2560},{"@type":"BreadcrumbList","@id":"https:\/\/www.septimiaresort.ro\/hu\/business-club\/teambuilding-a-septimiaban\/#breadcrumb","itemListElement":[{"@type":"ListItem","position":1,"name":"Home","item":"https:\/\/www.septimiaresort.ro\/hu\/"},{"@type":"ListItem","position":2,"name":"C\u00c9GES \u00c9S PRIV\u00c1T RENDEZV\u00c9NYEK","item":"https:\/\/www.septimiaresort.ro\/hu\/business-club\/"},{"@type":"ListItem","position":3,"name":"T\u00f6bbnapos teambuilding"}]},{"@type":"WebSite","@id":"https:\/\/www.septimiaresort.ro\/hu\/#website","url":"https:\/\/www.septimiaresort.ro\/hu\/","name":"Septimia Hotels & SPA Resort","description":"Just another ms.decms.eu site","potentialAction":[{"@type":"SearchAction","target":{"@type":"EntryPoint","urlTemplate":"https:\/\/www.septimiaresort.ro\/hu\/?s={search_term_string}"},"query-input":{"@type":"PropertyValueSpecification","valueRequired":true,"valueName":"search_term_string"}}],"inLanguage":"hu"}]}},"acf":[],"_links":{"self":[{"href":"https:\/\/www.septimiaresort.ro\/hu\/wp-json\/wp\/v2\/pages\/1360","targetHints":{"allow":["GET"]}}],"collection":[{"href":"https:\/\/www.septimiaresort.ro\/hu\/wp-json\/wp\/v2\/pages"}],"about":[{"href":"https:\/\/www.septimiaresort.ro\/hu\/wp-json\/wp\/v2\/types\/page"}],"author":[{"embeddable":true,"href":"https:\/\/www.septimiaresort.ro\/hu\/wp-json\/wp\/v2\/users\/173"}],"replies":[{"embeddable":true,"href":"https:\/\/www.septimiaresort.ro\/hu\/wp-json\/wp\/v2\/comments?post=1360"}],"version-history":[{"count":0,"href":"https:\/\/www.septimiaresort.ro\/hu\/wp-json\/wp\/v2\/pages\/1360\/revisions"}],"up":[{"embeddable":true,"href":"https:\/\/www.septimiaresort.ro\/hu\/wp-json\/wp\/v2\/pages\/265"}],"wp:featuredmedia":[{"embeddable":true,"href":"https:\/\/www.septimiaresort.ro\/hu\/wp-json\/wp\/v2\/media\/2107"}],"wp:attachment":[{"href":"https:\/\/www.septimiaresort.ro\/hu\/wp-json\/wp\/v2\/media?parent=1360"}],"curies":[{"name":"wp","href":"https:\/\/api.w.org\/{rel}","templated":true}]}}