{"id":1562,"date":"2024-08-25T05:22:50","date_gmt":"2024-08-25T05:22:50","guid":{"rendered":"https:\/\/www.septimiaresort.ro\/recenzii\/"},"modified":"2024-09-18T07:25:13","modified_gmt":"2024-09-18T07:25:13","slug":"recenzii","status":"publish","type":"page","link":"https:\/\/www.septimiaresort.ro\/hu\/recenzii\/","title":{"rendered":"Ezt \u00edrt\u00e1k a vend\u00e9geink r\u00f3lunk"},"content":{"rendered":"<p>\u0150szint\u00e9n k\u00f6sz\u00f6nj\u00fck a v\u00e9lem\u00e9nyeiket \u00e9s visszajelz\u00e9s\u00fcket. K\u00fcl\u00f6n\u00f6sen \u00e9rt\u00e9kelj\u00fck kedves szavaikat, \u00e9s megtiszteltet\u00e9s sz\u00e1munkra, hogy minket v\u00e1lasztottak. Minden \u00d6n \u00e1ltal megosztott v\u00e9lem\u00e9ny arra \u00f6szt\u00f6n\u00f6z benn\u00fcnket, hogy folyamatosan jav\u00edtsuk szolg\u00e1ltat\u00e1sainkat, \u00e9s felejthetetlen \u00e9lm\u00e9nyt ny\u00fajtsunk minden \u00fcgyfel\u00fcnknek.<\/p>\n<p>Az \u00d6n\u00f6k bel\u00e9nk vetett bizalma felbecs\u00fclhetetlen \u00e9rt\u00e9k sz\u00e1munkra, \u00e9s visszajelz\u00e9s\u00fck jelent\u0151s m\u00e9rt\u00e9kben hozz\u00e1j\u00e1rul folyamatos fejl\u0151d\u00e9s\u00fcnkh\u00f6z. Szeretn\u00e9nk mindig megfelelni az elv\u00e1r\u00e1saiknak, \u00e9s a lehet\u0151 legmagasabb sz\u00ednvonal\u00fa szolg\u00e1ltat\u00e1sokat ny\u00fajtani.<\/p>\n<p>Tisztelettel \u00e9s h\u00e1l\u00e1val,<br \/>\nA Septimia Resort vezet\u0151s\u00e9ge<\/p>\n","protected":false},"excerpt":{"rendered":"<p>\u0150szint\u00e9n k\u00f6sz\u00f6nj\u00fck a v\u00e9lem\u00e9nyeiket \u00e9s visszajelz\u00e9s\u00fcket. K\u00fcl\u00f6n\u00f6sen \u00e9rt\u00e9kelj\u00fck kedves szavaikat, \u00e9s megtiszteltet\u00e9s sz\u00e1munkra, hogy minket v\u00e1lasztottak. Minden \u00d6n \u00e1ltal megosztott v\u00e9lem\u00e9ny arra \u00f6szt\u00f6n\u00f6z benn\u00fcnket, hogy folyamatosan jav\u00edtsuk szolg\u00e1ltat\u00e1sainkat, \u00e9s felejthetetlen \u00e9lm\u00e9nyt ny\u00fajtsunk minden \u00fcgyfel\u00fcnknek. Az \u00d6n\u00f6k bel\u00e9nk vetett bizalma felbecs\u00fclhetetlen \u00e9rt\u00e9k sz\u00e1munkra, \u00e9s visszajelz\u00e9s\u00fck jelent\u0151s m\u00e9rt\u00e9kben hozz\u00e1j\u00e1rul folyamatos fejl\u0151d\u00e9s\u00fcnkh\u00f6z. Szeretn\u00e9nk mindig megfelelni az elv\u00e1r\u00e1saiknak, \u00e9s [&hellip;]<\/p>\n","protected":false},"author":173,"featured_media":0,"parent":0,"menu_order":0,"comment_status":"closed","ping_status":"closed","template":"","meta":{"footnotes":""},"class_list":["post-1562","page","type-page","status-publish","hentry"],"yoast_head":"<!-- This site is optimized with the Yoast SEO plugin v26.9 - https:\/\/yoast.com\/product\/yoast-seo-wordpress\/ -->\n<title>Ezt \u00edrt\u00e1k a vend\u00e9geink r\u00f3lunk - Septimia Hotels &amp; SPA Resort<\/title>\n<meta name=\"description\" content=\"Descoper\u0103 experien\u021bele autentice ale clien\u021bilor la Septimia Resort. Cite\u0219te recenzii detaliate despre hotel, wellness, spa \u0219i restaurantul nostru, \u0219i afl\u0103 de ce oaspe\u021bii no\u0219tri revin mereu cu pl\u0103cere\" \/>\n<meta name=\"robots\" content=\"index, follow, max-snippet:-1, max-image-preview:large, max-video-preview:-1\" \/>\n<link rel=\"canonical\" href=\"https:\/\/www.septimiaresort.ro\/hu\/recenzii\/\" \/>\n<meta property=\"og:locale\" content=\"hu_HU\" \/>\n<meta property=\"og:type\" content=\"article\" \/>\n<meta property=\"og:title\" content=\"Ezt \u00edrt\u00e1k a vend\u00e9geink r\u00f3lunk - Septimia Hotels &amp; SPA Resort\" \/>\n<meta property=\"og:description\" content=\"Descoper\u0103 experien\u021bele autentice ale clien\u021bilor la Septimia Resort. Cite\u0219te recenzii detaliate despre hotel, wellness, spa \u0219i restaurantul nostru, \u0219i afl\u0103 de ce oaspe\u021bii no\u0219tri revin mereu cu pl\u0103cere\" \/>\n<meta property=\"og:url\" content=\"https:\/\/www.septimiaresort.ro\/hu\/recenzii\/\" \/>\n<meta property=\"og:site_name\" content=\"Septimia Hotels &amp; SPA Resort\" \/>\n<meta property=\"article:modified_time\" content=\"2024-09-18T07:25:13+00:00\" \/>\n<meta name=\"twitter:card\" content=\"summary_large_image\" \/>\n<meta name=\"twitter:label1\" content=\"Becs\u00fclt olvas\u00e1si id\u0151\" \/>\n\t<meta name=\"twitter:data1\" content=\"1 perc\" \/>\n<script type=\"application\/ld+json\" class=\"yoast-schema-graph\">{\"@context\":\"https:\/\/schema.org\",\"@graph\":[{\"@type\":\"WebPage\",\"@id\":\"https:\/\/www.septimiaresort.ro\/hu\/recenzii\/\",\"url\":\"https:\/\/www.septimiaresort.ro\/hu\/recenzii\/\",\"name\":\"Ezt \u00edrt\u00e1k a vend\u00e9geink r\u00f3lunk - Septimia Hotels & SPA Resort\",\"isPartOf\":{\"@id\":\"https:\/\/www.septimiaresort.ro\/hu\/#website\"},\"datePublished\":\"2024-08-25T05:22:50+00:00\",\"dateModified\":\"2024-09-18T07:25:13+00:00\",\"description\":\"Descoper\u0103 experien\u021bele autentice ale clien\u021bilor la Septimia Resort. Cite\u0219te recenzii detaliate despre hotel, wellness, spa \u0219i restaurantul nostru, \u0219i afl\u0103 de ce oaspe\u021bii no\u0219tri revin mereu cu pl\u0103cere\",\"breadcrumb\":{\"@id\":\"https:\/\/www.septimiaresort.ro\/hu\/recenzii\/#breadcrumb\"},\"inLanguage\":\"hu\",\"potentialAction\":[{\"@type\":\"ReadAction\",\"target\":[\"https:\/\/www.septimiaresort.ro\/hu\/recenzii\/\"]}]},{\"@type\":\"BreadcrumbList\",\"@id\":\"https:\/\/www.septimiaresort.ro\/hu\/recenzii\/#breadcrumb\",\"itemListElement\":[{\"@type\":\"ListItem\",\"position\":1,\"name\":\"Home\",\"item\":\"https:\/\/www.septimiaresort.ro\/hu\/\"},{\"@type\":\"ListItem\",\"position\":2,\"name\":\"Ezt \u00edrt\u00e1k a vend\u00e9geink r\u00f3lunk\"}]},{\"@type\":\"WebSite\",\"@id\":\"https:\/\/www.septimiaresort.ro\/hu\/#website\",\"url\":\"https:\/\/www.septimiaresort.ro\/hu\/\",\"name\":\"Septimia Hotels & SPA Resort\",\"description\":\"Just another ms.decms.eu site\",\"potentialAction\":[{\"@type\":\"SearchAction\",\"target\":{\"@type\":\"EntryPoint\",\"urlTemplate\":\"https:\/\/www.septimiaresort.ro\/hu\/?s={search_term_string}\"},\"query-input\":{\"@type\":\"PropertyValueSpecification\",\"valueRequired\":true,\"valueName\":\"search_term_string\"}}],\"inLanguage\":\"hu\"}]}<\/script>\n<!-- \/ Yoast SEO plugin. -->","yoast_head_json":{"title":"Ezt \u00edrt\u00e1k a vend\u00e9geink r\u00f3lunk - Septimia Hotels & SPA Resort","description":"Descoper\u0103 experien\u021bele autentice ale clien\u021bilor la Septimia Resort. Cite\u0219te recenzii detaliate despre hotel, wellness, spa \u0219i restaurantul nostru, \u0219i afl\u0103 de ce oaspe\u021bii no\u0219tri revin mereu cu pl\u0103cere","robots":{"index":"index","follow":"follow","max-snippet":"max-snippet:-1","max-image-preview":"max-image-preview:large","max-video-preview":"max-video-preview:-1"},"canonical":"https:\/\/www.septimiaresort.ro\/hu\/recenzii\/","og_locale":"hu_HU","og_type":"article","og_title":"Ezt \u00edrt\u00e1k a vend\u00e9geink r\u00f3lunk - Septimia Hotels & SPA Resort","og_description":"Descoper\u0103 experien\u021bele autentice ale clien\u021bilor la Septimia Resort. Cite\u0219te recenzii detaliate despre hotel, wellness, spa \u0219i restaurantul nostru, \u0219i afl\u0103 de ce oaspe\u021bii no\u0219tri revin mereu cu pl\u0103cere","og_url":"https:\/\/www.septimiaresort.ro\/hu\/recenzii\/","og_site_name":"Septimia Hotels & SPA Resort","article_modified_time":"2024-09-18T07:25:13+00:00","twitter_card":"summary_large_image","twitter_misc":{"Becs\u00fclt olvas\u00e1si id\u0151":"1 perc"},"schema":{"@context":"https:\/\/schema.org","@graph":[{"@type":"WebPage","@id":"https:\/\/www.septimiaresort.ro\/hu\/recenzii\/","url":"https:\/\/www.septimiaresort.ro\/hu\/recenzii\/","name":"Ezt \u00edrt\u00e1k a vend\u00e9geink r\u00f3lunk - Septimia Hotels & SPA Resort","isPartOf":{"@id":"https:\/\/www.septimiaresort.ro\/hu\/#website"},"datePublished":"2024-08-25T05:22:50+00:00","dateModified":"2024-09-18T07:25:13+00:00","description":"Descoper\u0103 experien\u021bele autentice ale clien\u021bilor la Septimia Resort. Cite\u0219te recenzii detaliate despre hotel, wellness, spa \u0219i restaurantul nostru, \u0219i afl\u0103 de ce oaspe\u021bii no\u0219tri revin mereu cu pl\u0103cere","breadcrumb":{"@id":"https:\/\/www.septimiaresort.ro\/hu\/recenzii\/#breadcrumb"},"inLanguage":"hu","potentialAction":[{"@type":"ReadAction","target":["https:\/\/www.septimiaresort.ro\/hu\/recenzii\/"]}]},{"@type":"BreadcrumbList","@id":"https:\/\/www.septimiaresort.ro\/hu\/recenzii\/#breadcrumb","itemListElement":[{"@type":"ListItem","position":1,"name":"Home","item":"https:\/\/www.septimiaresort.ro\/hu\/"},{"@type":"ListItem","position":2,"name":"Ezt \u00edrt\u00e1k a vend\u00e9geink r\u00f3lunk"}]},{"@type":"WebSite","@id":"https:\/\/www.septimiaresort.ro\/hu\/#website","url":"https:\/\/www.septimiaresort.ro\/hu\/","name":"Septimia Hotels & SPA Resort","description":"Just another ms.decms.eu site","potentialAction":[{"@type":"SearchAction","target":{"@type":"EntryPoint","urlTemplate":"https:\/\/www.septimiaresort.ro\/hu\/?s={search_term_string}"},"query-input":{"@type":"PropertyValueSpecification","valueRequired":true,"valueName":"search_term_string"}}],"inLanguage":"hu"}]}},"acf":[],"_links":{"self":[{"href":"https:\/\/www.septimiaresort.ro\/hu\/wp-json\/wp\/v2\/pages\/1562","targetHints":{"allow":["GET"]}}],"collection":[{"href":"https:\/\/www.septimiaresort.ro\/hu\/wp-json\/wp\/v2\/pages"}],"about":[{"href":"https:\/\/www.septimiaresort.ro\/hu\/wp-json\/wp\/v2\/types\/page"}],"author":[{"embeddable":true,"href":"https:\/\/www.septimiaresort.ro\/hu\/wp-json\/wp\/v2\/users\/173"}],"replies":[{"embeddable":true,"href":"https:\/\/www.septimiaresort.ro\/hu\/wp-json\/wp\/v2\/comments?post=1562"}],"version-history":[{"count":0,"href":"https:\/\/www.septimiaresort.ro\/hu\/wp-json\/wp\/v2\/pages\/1562\/revisions"}],"wp:attachment":[{"href":"https:\/\/www.septimiaresort.ro\/hu\/wp-json\/wp\/v2\/media?parent=1562"}],"curies":[{"name":"wp","href":"https:\/\/api.w.org\/{rel}","templated":true}]}}