{"id":1576,"date":"2024-09-02T06:12:20","date_gmt":"2024-09-02T06:12:20","guid":{"rendered":"https:\/\/www.septimiaresort.ro\/?page_id=1576"},"modified":"2024-09-02T06:22:17","modified_gmt":"2024-09-02T06:22:17","slug":"1576-2","status":"publish","type":"page","link":"https:\/\/www.septimiaresort.ro\/hu\/szobak\/1576-2\/","title":{"rendered":"Deluxe szoba"},"content":{"rendered":"<p>Egy pihentet\u0151 mened\u00e9k, ahol a modern k\u00e9nyelem \u00e9s a rusztikus st\u00edlus tal\u00e1lkozik, amely t\u00f6k\u00e9letes egy romantikus vagy nyugodt pihen\u00e9shez.<\/p>\n<p>A fel\u00faj\u00edtott szob\u00e1k t\u00edpusa, melyek a f\u0151\u00e9p\u00fcletben tal\u00e1lhat\u00f3ak:<\/p>\n<ul>\n<li>3 szoba francia\u00e1gyas<\/li>\n<li>2 szoba k\u00e9t k\u00fcl\u00f6n \u00e1gyas<\/li>\n<\/ul>\n<p>A vend\u00e9geink sz\u00e1m\u00e1ra ingyenes parkol\u00e1st biztos\u00edtunk.<\/p>\n","protected":false},"excerpt":{"rendered":"<p>Egy pihentet\u0151 mened\u00e9k, ahol a modern k\u00e9nyelem \u00e9s a rusztikus st\u00edlus tal\u00e1lkozik, amely t\u00f6k\u00e9letes egy romantikus vagy nyugodt pihen\u00e9shez. A fel\u00faj\u00edtott szob\u00e1k t\u00edpusa, melyek a f\u0151\u00e9p\u00fcletben tal\u00e1lhat\u00f3ak: 3 szoba francia\u00e1gyas 2 szoba k\u00e9t k\u00fcl\u00f6n \u00e1gyas A vend\u00e9geink sz\u00e1m\u00e1ra ingyenes parkol\u00e1st biztos\u00edtunk.<\/p>\n","protected":false},"author":173,"featured_media":0,"parent":247,"menu_order":1,"comment_status":"closed","ping_status":"closed","template":"template-single-room.php","meta":{"footnotes":""},"class_list":["post-1576","page","type-page","status-publish","hentry"],"yoast_head":"<!-- This site is optimized with the Yoast SEO plugin v26.9 - https:\/\/yoast.com\/product\/yoast-seo-wordpress\/ -->\n<title>Deluxe szoba - Septimia Hotels &amp; SPA Resort<\/title>\n<meta name=\"robots\" content=\"index, follow, max-snippet:-1, max-image-preview:large, max-video-preview:-1\" \/>\n<link rel=\"canonical\" href=\"https:\/\/www.septimiaresort.ro\/hu\/szobak\/1576-2\/\" \/>\n<meta property=\"og:locale\" content=\"hu_HU\" \/>\n<meta property=\"og:type\" content=\"article\" \/>\n<meta property=\"og:title\" content=\"Deluxe szoba - Septimia Hotels &amp; SPA Resort\" \/>\n<meta property=\"og:description\" content=\"Egy pihentet\u0151 mened\u00e9k, ahol a modern k\u00e9nyelem \u00e9s a rusztikus st\u00edlus tal\u00e1lkozik, amely t\u00f6k\u00e9letes egy romantikus vagy nyugodt pihen\u00e9shez. A fel\u00faj\u00edtott szob\u00e1k t\u00edpusa, melyek a f\u0151\u00e9p\u00fcletben tal\u00e1lhat\u00f3ak: 3 szoba francia\u00e1gyas 2 szoba k\u00e9t k\u00fcl\u00f6n \u00e1gyas A vend\u00e9geink sz\u00e1m\u00e1ra ingyenes parkol\u00e1st biztos\u00edtunk.\" \/>\n<meta property=\"og:url\" content=\"https:\/\/www.septimiaresort.ro\/hu\/szobak\/1576-2\/\" \/>\n<meta property=\"og:site_name\" content=\"Septimia Hotels &amp; SPA Resort\" \/>\n<meta property=\"article:modified_time\" content=\"2024-09-02T06:22:17+00:00\" \/>\n<meta name=\"twitter:card\" content=\"summary_large_image\" \/>\n<meta name=\"twitter:label1\" content=\"Becs\u00fclt olvas\u00e1si id\u0151\" \/>\n\t<meta name=\"twitter:data1\" content=\"1 perc\" \/>\n<script type=\"application\/ld+json\" class=\"yoast-schema-graph\">{\"@context\":\"https:\/\/schema.org\",\"@graph\":[{\"@type\":\"WebPage\",\"@id\":\"https:\/\/www.septimiaresort.ro\/hu\/szobak\/1576-2\/\",\"url\":\"https:\/\/www.septimiaresort.ro\/hu\/szobak\/1576-2\/\",\"name\":\"Deluxe szoba - Septimia Hotels & SPA Resort\",\"isPartOf\":{\"@id\":\"https:\/\/www.septimiaresort.ro\/hu\/#website\"},\"datePublished\":\"2024-09-02T06:12:20+00:00\",\"dateModified\":\"2024-09-02T06:22:17+00:00\",\"breadcrumb\":{\"@id\":\"https:\/\/www.septimiaresort.ro\/hu\/szobak\/1576-2\/#breadcrumb\"},\"inLanguage\":\"hu\",\"potentialAction\":[{\"@type\":\"ReadAction\",\"target\":[\"https:\/\/www.septimiaresort.ro\/hu\/szobak\/1576-2\/\"]}]},{\"@type\":\"BreadcrumbList\",\"@id\":\"https:\/\/www.septimiaresort.ro\/hu\/szobak\/1576-2\/#breadcrumb\",\"itemListElement\":[{\"@type\":\"ListItem\",\"position\":1,\"name\":\"Home\",\"item\":\"https:\/\/www.septimiaresort.ro\/hu\/\"},{\"@type\":\"ListItem\",\"position\":2,\"name\":\"Szob\u00e1k\",\"item\":\"https:\/\/www.septimiaresort.ro\/hu\/szobak\/\"},{\"@type\":\"ListItem\",\"position\":3,\"name\":\"Deluxe szoba\"}]},{\"@type\":\"WebSite\",\"@id\":\"https:\/\/www.septimiaresort.ro\/hu\/#website\",\"url\":\"https:\/\/www.septimiaresort.ro\/hu\/\",\"name\":\"Septimia Hotels & SPA Resort\",\"description\":\"Just another ms.decms.eu site\",\"potentialAction\":[{\"@type\":\"SearchAction\",\"target\":{\"@type\":\"EntryPoint\",\"urlTemplate\":\"https:\/\/www.septimiaresort.ro\/hu\/?s={search_term_string}\"},\"query-input\":{\"@type\":\"PropertyValueSpecification\",\"valueRequired\":true,\"valueName\":\"search_term_string\"}}],\"inLanguage\":\"hu\"}]}<\/script>\n<!-- \/ Yoast SEO plugin. -->","yoast_head_json":{"title":"Deluxe szoba - Septimia Hotels & SPA Resort","robots":{"index":"index","follow":"follow","max-snippet":"max-snippet:-1","max-image-preview":"max-image-preview:large","max-video-preview":"max-video-preview:-1"},"canonical":"https:\/\/www.septimiaresort.ro\/hu\/szobak\/1576-2\/","og_locale":"hu_HU","og_type":"article","og_title":"Deluxe szoba - Septimia Hotels & SPA Resort","og_description":"Egy pihentet\u0151 mened\u00e9k, ahol a modern k\u00e9nyelem \u00e9s a rusztikus st\u00edlus tal\u00e1lkozik, amely t\u00f6k\u00e9letes egy romantikus vagy nyugodt pihen\u00e9shez. A fel\u00faj\u00edtott szob\u00e1k t\u00edpusa, melyek a f\u0151\u00e9p\u00fcletben tal\u00e1lhat\u00f3ak: 3 szoba francia\u00e1gyas 2 szoba k\u00e9t k\u00fcl\u00f6n \u00e1gyas A vend\u00e9geink sz\u00e1m\u00e1ra ingyenes parkol\u00e1st biztos\u00edtunk.","og_url":"https:\/\/www.septimiaresort.ro\/hu\/szobak\/1576-2\/","og_site_name":"Septimia Hotels & SPA Resort","article_modified_time":"2024-09-02T06:22:17+00:00","twitter_card":"summary_large_image","twitter_misc":{"Becs\u00fclt olvas\u00e1si id\u0151":"1 perc"},"schema":{"@context":"https:\/\/schema.org","@graph":[{"@type":"WebPage","@id":"https:\/\/www.septimiaresort.ro\/hu\/szobak\/1576-2\/","url":"https:\/\/www.septimiaresort.ro\/hu\/szobak\/1576-2\/","name":"Deluxe szoba - Septimia Hotels & SPA Resort","isPartOf":{"@id":"https:\/\/www.septimiaresort.ro\/hu\/#website"},"datePublished":"2024-09-02T06:12:20+00:00","dateModified":"2024-09-02T06:22:17+00:00","breadcrumb":{"@id":"https:\/\/www.septimiaresort.ro\/hu\/szobak\/1576-2\/#breadcrumb"},"inLanguage":"hu","potentialAction":[{"@type":"ReadAction","target":["https:\/\/www.septimiaresort.ro\/hu\/szobak\/1576-2\/"]}]},{"@type":"BreadcrumbList","@id":"https:\/\/www.septimiaresort.ro\/hu\/szobak\/1576-2\/#breadcrumb","itemListElement":[{"@type":"ListItem","position":1,"name":"Home","item":"https:\/\/www.septimiaresort.ro\/hu\/"},{"@type":"ListItem","position":2,"name":"Szob\u00e1k","item":"https:\/\/www.septimiaresort.ro\/hu\/szobak\/"},{"@type":"ListItem","position":3,"name":"Deluxe szoba"}]},{"@type":"WebSite","@id":"https:\/\/www.septimiaresort.ro\/hu\/#website","url":"https:\/\/www.septimiaresort.ro\/hu\/","name":"Septimia Hotels & SPA Resort","description":"Just another ms.decms.eu site","potentialAction":[{"@type":"SearchAction","target":{"@type":"EntryPoint","urlTemplate":"https:\/\/www.septimiaresort.ro\/hu\/?s={search_term_string}"},"query-input":{"@type":"PropertyValueSpecification","valueRequired":true,"valueName":"search_term_string"}}],"inLanguage":"hu"}]}},"acf":[],"_links":{"self":[{"href":"https:\/\/www.septimiaresort.ro\/hu\/wp-json\/wp\/v2\/pages\/1576","targetHints":{"allow":["GET"]}}],"collection":[{"href":"https:\/\/www.septimiaresort.ro\/hu\/wp-json\/wp\/v2\/pages"}],"about":[{"href":"https:\/\/www.septimiaresort.ro\/hu\/wp-json\/wp\/v2\/types\/page"}],"author":[{"embeddable":true,"href":"https:\/\/www.septimiaresort.ro\/hu\/wp-json\/wp\/v2\/users\/173"}],"replies":[{"embeddable":true,"href":"https:\/\/www.septimiaresort.ro\/hu\/wp-json\/wp\/v2\/comments?post=1576"}],"version-history":[{"count":0,"href":"https:\/\/www.septimiaresort.ro\/hu\/wp-json\/wp\/v2\/pages\/1576\/revisions"}],"up":[{"embeddable":true,"href":"https:\/\/www.septimiaresort.ro\/hu\/wp-json\/wp\/v2\/pages\/247"}],"wp:attachment":[{"href":"https:\/\/www.septimiaresort.ro\/hu\/wp-json\/wp\/v2\/media?parent=1576"}],"curies":[{"name":"wp","href":"https:\/\/api.w.org\/{rel}","templated":true}]}}