{"id":1874,"date":"2025-11-03T08:53:14","date_gmt":"2025-11-03T08:53:14","guid":{"rendered":"https:\/\/www.septimiaresort.ro\/?page_id=1874"},"modified":"2025-12-15T12:57:14","modified_gmt":"2025-12-15T12:57:14","slug":"reszletek","status":"publish","type":"page","link":"https:\/\/www.septimiaresort.ro\/hu\/bowling\/septimia-kupa-bowlingverseny-2026\/reszletek\/","title":{"rendered":"R\u00e9szletek"},"content":{"rendered":"<table border=\"0\" width=\"602\" cellspacing=\"0\" cellpadding=\"1\">\n<tbody>\n<tr>\n<td width=\"153\">OPEN kateg\u00f3ria<\/td>\n<td width=\"444\">\n<p data-start=\"119\" data-end=\"176\"><strong data-start=\"119\" data-end=\"128\">OPEN:<\/strong> j\u00e1t\u00e9kosok, akik 180-as \u00e1tlag felett j\u00e1tszanak<\/p>\n<p data-start=\"178\" data-end=\"236\"><strong data-start=\"178\" data-end=\"189\">Amat\u0151r:<\/strong> j\u00e1t\u00e9kosok, akik 180-as \u00e1tlag alatt j\u00e1tszanak<\/p>\n<p data-start=\"238\" data-end=\"318\"><strong data-start=\"238\" data-end=\"256\">Junior halad\u00f3:<\/strong> 18 \u00e9v alatti j\u00e1t\u00e9kosok, akik m\u00e1r r\u00e9szt vettek CNI-versenyen<\/p>\n<p data-start=\"320\" data-end=\"403\"><strong data-start=\"320\" data-end=\"337\">Junior kezd\u0151:<\/strong> 18 \u00e9v alatti j\u00e1t\u00e9kosok, akik m\u00e9g nem vettek r\u00e9szt CNI-versenyen<\/p>\n<\/td>\n<\/tr>\n<\/tbody>\n<\/table>\n<p>&nbsp;<\/p>\n<table border=\"0\" width=\"602\" cellspacing=\"0\" cellpadding=\"1\">\n<tbody>\n<tr>\n<td width=\"153\">Nevez\u00e9si d\u00edj<\/td>\n<td width=\"444\"><strong data-start=\"432\" data-end=\"451\">Open kateg\u00f3ria:<\/strong> 180 RON<br data-start=\"459\" data-end=\"462\" \/><strong data-start=\"462\" data-end=\"483\">Amat\u0151r kateg\u00f3ria:<\/strong> 150 RON<br data-start=\"491\" data-end=\"494\" \/><strong data-start=\"494\" data-end=\"522\">Junior halad\u00f3 kateg\u00f3ria:<\/strong> 80 RON<br data-start=\"529\" data-end=\"532\" \/><strong data-start=\"532\" data-end=\"559\">Junior kezd\u0151 kateg\u00f3ria:<\/strong> 40 RON<br data-start=\"566\" data-end=\"569\" \/><strong data-start=\"569\" data-end=\"583\">Desperado:<\/strong> 60 RON<\/td>\n<\/tr>\n<tr>\n<td width=\"153\">\u00dajra-nevez\u00e9si d\u00edj<\/td>\n<td width=\"444\"><strong data-start=\"626\" data-end=\"655\">Open \u00e9s Amat\u0151r kateg\u00f3ria:<\/strong> 120 RON \u2013 a szabad helyek f\u00fcggv\u00e9ny\u00e9ben<br data-start=\"694\" data-end=\"697\" \/><strong data-start=\"697\" data-end=\"719\">Junior kateg\u00f3ri\u00e1k:<\/strong> 40 RON \u2013 a szabad helyek f\u00fcggv\u00e9ny\u00e9ben<\/td>\n<\/tr>\n<\/tbody>\n<\/table>\n<p>&nbsp;<\/p>\n<table border=\"0\" width=\"602\" cellspacing=\"0\" cellpadding=\"1\">\n<tbody>\n<tr>\n<td width=\"199\">Gyermek handicap<br \/>\n16\u201317 \u00e9vesek<br \/>\n14\u201315 \u00e9vesek<br \/>\n12\u201313 \u00e9vesek<br \/>\n10\u201311 \u00e9vesek<br \/>\n8\u20139 \u00e9vesek<\/td>\n<td width=\"399\">4 b\u00e1bu \/ j\u00e1t\u00e9k<br \/>\n8 b\u00e1bu \/ j\u00e1t\u00e9k<br \/>\n12 b\u00e1bu \/ j\u00e1t\u00e9k<br \/>\n16 b\u00e1bu \/ j\u00e1t\u00e9k<br \/>\n20 b\u00e1bu \/ j\u00e1t\u00e9k<\/td>\n<\/tr>\n<tr>\n<td width=\"199\">N\u0151i j\u00e1t\u00e9kosok handicapje<\/td>\n<td width=\"399\">8 b\u00e1bu \/ j\u00e1t\u00e9k<\/td>\n<\/tr>\n<tr>\n<td colspan=\"2\" width=\"600\">*Az \u00e9letkor szerinti \u00e9s a nem szerinti handicap \u00f6sszead\u00f3dik.<\/td>\n<\/tr>\n<\/tbody>\n<\/table>\n","protected":false},"excerpt":{"rendered":"<p>OPEN kateg\u00f3ria OPEN: j\u00e1t\u00e9kosok, akik 180-as \u00e1tlag felett j\u00e1tszanak Amat\u0151r: j\u00e1t\u00e9kosok, akik 180-as \u00e1tlag alatt j\u00e1tszanak Junior halad\u00f3: 18 \u00e9v alatti j\u00e1t\u00e9kosok, akik m\u00e1r r\u00e9szt vettek CNI-versenyen Junior kezd\u0151: 18 \u00e9v alatti j\u00e1t\u00e9kosok, akik m\u00e9g nem vettek r\u00e9szt CNI-versenyen &nbsp; Nevez\u00e9si d\u00edj Open kateg\u00f3ria: 180 RONAmat\u0151r kateg\u00f3ria: 150 RONJunior halad\u00f3 kateg\u00f3ria: 80 RONJunior kezd\u0151 kateg\u00f3ria: [&hellip;]<\/p>\n","protected":false},"author":173,"featured_media":0,"parent":427,"menu_order":0,"comment_status":"closed","ping_status":"closed","template":"","meta":{"footnotes":""},"class_list":["post-1874","page","type-page","status-publish","hentry"],"yoast_head":"<!-- This site is optimized with the Yoast SEO plugin v26.9 - https:\/\/yoast.com\/product\/yoast-seo-wordpress\/ -->\n<title>R\u00e9szletek - Septimia Hotels &amp; SPA Resort<\/title>\n<meta name=\"robots\" content=\"index, follow, max-snippet:-1, max-image-preview:large, max-video-preview:-1\" \/>\n<link rel=\"canonical\" href=\"https:\/\/www.septimiaresort.ro\/hu\/bowling\/septimia-kupa-bowlingverseny-2026\/reszletek\/\" \/>\n<meta property=\"og:locale\" content=\"hu_HU\" \/>\n<meta property=\"og:type\" content=\"article\" \/>\n<meta property=\"og:title\" content=\"R\u00e9szletek - Septimia Hotels &amp; SPA Resort\" \/>\n<meta property=\"og:description\" content=\"OPEN kateg\u00f3ria OPEN: j\u00e1t\u00e9kosok, akik 180-as \u00e1tlag felett j\u00e1tszanak Amat\u0151r: j\u00e1t\u00e9kosok, akik 180-as \u00e1tlag alatt j\u00e1tszanak Junior halad\u00f3: 18 \u00e9v alatti j\u00e1t\u00e9kosok, akik m\u00e1r r\u00e9szt vettek CNI-versenyen Junior kezd\u0151: 18 \u00e9v alatti j\u00e1t\u00e9kosok, akik m\u00e9g nem vettek r\u00e9szt CNI-versenyen &nbsp; Nevez\u00e9si d\u00edj Open kateg\u00f3ria: 180 RONAmat\u0151r kateg\u00f3ria: 150 RONJunior halad\u00f3 kateg\u00f3ria: 80 RONJunior kezd\u0151 kateg\u00f3ria: [&hellip;]\" \/>\n<meta property=\"og:url\" content=\"https:\/\/www.septimiaresort.ro\/hu\/bowling\/septimia-kupa-bowlingverseny-2026\/reszletek\/\" \/>\n<meta property=\"og:site_name\" content=\"Septimia Hotels &amp; SPA Resort\" \/>\n<meta property=\"article:modified_time\" content=\"2025-12-15T12:57:14+00:00\" \/>\n<meta name=\"twitter:card\" content=\"summary_large_image\" \/>\n<meta name=\"twitter:label1\" content=\"Becs\u00fclt olvas\u00e1si id\u0151\" \/>\n\t<meta name=\"twitter:data1\" content=\"1 perc\" \/>\n<script type=\"application\/ld+json\" class=\"yoast-schema-graph\">{\"@context\":\"https:\/\/schema.org\",\"@graph\":[{\"@type\":\"WebPage\",\"@id\":\"https:\/\/www.septimiaresort.ro\/hu\/bowling\/septimia-kupa-bowlingverseny-2026\/reszletek\/\",\"url\":\"https:\/\/www.septimiaresort.ro\/hu\/bowling\/septimia-kupa-bowlingverseny-2026\/reszletek\/\",\"name\":\"R\u00e9szletek - Septimia Hotels & SPA Resort\",\"isPartOf\":{\"@id\":\"https:\/\/www.septimiaresort.ro\/hu\/#website\"},\"datePublished\":\"2025-11-03T08:53:14+00:00\",\"dateModified\":\"2025-12-15T12:57:14+00:00\",\"breadcrumb\":{\"@id\":\"https:\/\/www.septimiaresort.ro\/hu\/bowling\/septimia-kupa-bowlingverseny-2026\/reszletek\/#breadcrumb\"},\"inLanguage\":\"hu\",\"potentialAction\":[{\"@type\":\"ReadAction\",\"target\":[\"https:\/\/www.septimiaresort.ro\/hu\/bowling\/septimia-kupa-bowlingverseny-2026\/reszletek\/\"]}]},{\"@type\":\"BreadcrumbList\",\"@id\":\"https:\/\/www.septimiaresort.ro\/hu\/bowling\/septimia-kupa-bowlingverseny-2026\/reszletek\/#breadcrumb\",\"itemListElement\":[{\"@type\":\"ListItem\",\"position\":1,\"name\":\"Home\",\"item\":\"https:\/\/www.septimiaresort.ro\/hu\/\"},{\"@type\":\"ListItem\",\"position\":2,\"name\":\"Bowling\",\"item\":\"https:\/\/www.septimiaresort.ro\/hu\/bowling\/\"},{\"@type\":\"ListItem\",\"position\":3,\"name\":\"Septimia Kupa Bowling Verseny 2026\",\"item\":\"https:\/\/www.septimiaresort.ro\/hu\/bowling\/septimia-kupa-bowlingverseny-2026\/\"},{\"@type\":\"ListItem\",\"position\":4,\"name\":\"R\u00e9szletek\"}]},{\"@type\":\"WebSite\",\"@id\":\"https:\/\/www.septimiaresort.ro\/hu\/#website\",\"url\":\"https:\/\/www.septimiaresort.ro\/hu\/\",\"name\":\"Septimia Hotels & SPA Resort\",\"description\":\"Just another ms.decms.eu site\",\"potentialAction\":[{\"@type\":\"SearchAction\",\"target\":{\"@type\":\"EntryPoint\",\"urlTemplate\":\"https:\/\/www.septimiaresort.ro\/hu\/?s={search_term_string}\"},\"query-input\":{\"@type\":\"PropertyValueSpecification\",\"valueRequired\":true,\"valueName\":\"search_term_string\"}}],\"inLanguage\":\"hu\"}]}<\/script>\n<!-- \/ Yoast SEO plugin. -->","yoast_head_json":{"title":"R\u00e9szletek - Septimia Hotels & SPA Resort","robots":{"index":"index","follow":"follow","max-snippet":"max-snippet:-1","max-image-preview":"max-image-preview:large","max-video-preview":"max-video-preview:-1"},"canonical":"https:\/\/www.septimiaresort.ro\/hu\/bowling\/septimia-kupa-bowlingverseny-2026\/reszletek\/","og_locale":"hu_HU","og_type":"article","og_title":"R\u00e9szletek - Septimia Hotels & SPA Resort","og_description":"OPEN kateg\u00f3ria OPEN: j\u00e1t\u00e9kosok, akik 180-as \u00e1tlag felett j\u00e1tszanak Amat\u0151r: j\u00e1t\u00e9kosok, akik 180-as \u00e1tlag alatt j\u00e1tszanak Junior halad\u00f3: 18 \u00e9v alatti j\u00e1t\u00e9kosok, akik m\u00e1r r\u00e9szt vettek CNI-versenyen Junior kezd\u0151: 18 \u00e9v alatti j\u00e1t\u00e9kosok, akik m\u00e9g nem vettek r\u00e9szt CNI-versenyen &nbsp; Nevez\u00e9si d\u00edj Open kateg\u00f3ria: 180 RONAmat\u0151r kateg\u00f3ria: 150 RONJunior halad\u00f3 kateg\u00f3ria: 80 RONJunior kezd\u0151 kateg\u00f3ria: [&hellip;]","og_url":"https:\/\/www.septimiaresort.ro\/hu\/bowling\/septimia-kupa-bowlingverseny-2026\/reszletek\/","og_site_name":"Septimia Hotels & SPA Resort","article_modified_time":"2025-12-15T12:57:14+00:00","twitter_card":"summary_large_image","twitter_misc":{"Becs\u00fclt olvas\u00e1si id\u0151":"1 perc"},"schema":{"@context":"https:\/\/schema.org","@graph":[{"@type":"WebPage","@id":"https:\/\/www.septimiaresort.ro\/hu\/bowling\/septimia-kupa-bowlingverseny-2026\/reszletek\/","url":"https:\/\/www.septimiaresort.ro\/hu\/bowling\/septimia-kupa-bowlingverseny-2026\/reszletek\/","name":"R\u00e9szletek - Septimia Hotels & SPA Resort","isPartOf":{"@id":"https:\/\/www.septimiaresort.ro\/hu\/#website"},"datePublished":"2025-11-03T08:53:14+00:00","dateModified":"2025-12-15T12:57:14+00:00","breadcrumb":{"@id":"https:\/\/www.septimiaresort.ro\/hu\/bowling\/septimia-kupa-bowlingverseny-2026\/reszletek\/#breadcrumb"},"inLanguage":"hu","potentialAction":[{"@type":"ReadAction","target":["https:\/\/www.septimiaresort.ro\/hu\/bowling\/septimia-kupa-bowlingverseny-2026\/reszletek\/"]}]},{"@type":"BreadcrumbList","@id":"https:\/\/www.septimiaresort.ro\/hu\/bowling\/septimia-kupa-bowlingverseny-2026\/reszletek\/#breadcrumb","itemListElement":[{"@type":"ListItem","position":1,"name":"Home","item":"https:\/\/www.septimiaresort.ro\/hu\/"},{"@type":"ListItem","position":2,"name":"Bowling","item":"https:\/\/www.septimiaresort.ro\/hu\/bowling\/"},{"@type":"ListItem","position":3,"name":"Septimia Kupa Bowling Verseny 2026","item":"https:\/\/www.septimiaresort.ro\/hu\/bowling\/septimia-kupa-bowlingverseny-2026\/"},{"@type":"ListItem","position":4,"name":"R\u00e9szletek"}]},{"@type":"WebSite","@id":"https:\/\/www.septimiaresort.ro\/hu\/#website","url":"https:\/\/www.septimiaresort.ro\/hu\/","name":"Septimia Hotels & SPA Resort","description":"Just another ms.decms.eu site","potentialAction":[{"@type":"SearchAction","target":{"@type":"EntryPoint","urlTemplate":"https:\/\/www.septimiaresort.ro\/hu\/?s={search_term_string}"},"query-input":{"@type":"PropertyValueSpecification","valueRequired":true,"valueName":"search_term_string"}}],"inLanguage":"hu"}]}},"acf":[],"_links":{"self":[{"href":"https:\/\/www.septimiaresort.ro\/hu\/wp-json\/wp\/v2\/pages\/1874","targetHints":{"allow":["GET"]}}],"collection":[{"href":"https:\/\/www.septimiaresort.ro\/hu\/wp-json\/wp\/v2\/pages"}],"about":[{"href":"https:\/\/www.septimiaresort.ro\/hu\/wp-json\/wp\/v2\/types\/page"}],"author":[{"embeddable":true,"href":"https:\/\/www.septimiaresort.ro\/hu\/wp-json\/wp\/v2\/users\/173"}],"replies":[{"embeddable":true,"href":"https:\/\/www.septimiaresort.ro\/hu\/wp-json\/wp\/v2\/comments?post=1874"}],"version-history":[{"count":0,"href":"https:\/\/www.septimiaresort.ro\/hu\/wp-json\/wp\/v2\/pages\/1874\/revisions"}],"up":[{"embeddable":true,"href":"https:\/\/www.septimiaresort.ro\/hu\/wp-json\/wp\/v2\/pages\/427"}],"wp:attachment":[{"href":"https:\/\/www.septimiaresort.ro\/hu\/wp-json\/wp\/v2\/media?parent=1874"}],"curies":[{"name":"wp","href":"https:\/\/api.w.org\/{rel}","templated":true}]}}