{"id":2067,"date":"2026-03-11T08:03:15","date_gmt":"2026-03-11T08:03:15","guid":{"rendered":"https:\/\/www.septimiaresort.ro\/?page_id=2067"},"modified":"2026-03-11T08:38:45","modified_gmt":"2026-03-11T08:38:45","slug":"husveti-hosszu-hetvege-a-septimiaban","status":"publish","type":"page","link":"https:\/\/www.septimiaresort.ro\/hu\/ajanlatok-promociok\/husveti-hosszu-hetvege-a-septimiaban\/","title":{"rendered":"H\u00fasv\u00e9ti hossz\u00fa h\u00e9tv\u00e9ge a Septimi\u00e1ban"},"content":{"rendered":"<p><span style=\"font-weight: 400\">T\u00f6ltse a h\u00fasv\u00e9ti hossz\u00fa h\u00e9tv\u00e9g\u00e9t a Septimi\u00e1ban, ahol a hagyom\u00e1nyok, az \u00fcnnepi hangulat \u00e9s a wellness pihen\u00e9s t\u00f6k\u00e9letesen kieg\u00e9sz\u00edtik egym\u00e1st.<\/span><\/p>\n<p><span style=\"color: #ff0000\"><b>3300 lej-t\u0151l \/ teljes csomag\u00a0<\/b><\/span><\/p>\n<p><b>Mit tartalmaz a csomag?<\/b><b><br \/>\n<\/b><span style=\"font-weight: 400\"> \u2022 3 \u00e9jszaka sz\u00e1ll\u00e1s pr\u00e9mium szob\u00e1ban vagy csal\u00e1di apartmanban<\/span><span style=\"font-weight: 400\"><br \/>\n<\/span><span style=\"font-weight: 400\"> \u2022 B\u0151s\u00e9ges sv\u00e9dasztalos reggeli helyi \u00edzekkel<\/span><span style=\"font-weight: 400\"><br \/>\n<\/span><span style=\"font-weight: 400\"> \u2022 \u00dcnnepi vacsor\u00e1k hangulatos est\u00e9k keret\u00e9ben<\/span><span style=\"font-weight: 400\"><br \/>\n<\/span><span style=\"font-weight: 400\"> \u2022 Korl\u00e1tlan wellness haszn\u00e1lat: szaunavil\u00e1g, pezsg\u0151f\u00fcrd\u0151, belt\u00e9ri medence<\/span><\/p>\n<p><b>\u00dcnnepi programok<\/b><\/p>\n<p><b>P\u00e9ntek:<\/b><span style=\"font-weight: 400\"> \u00e9rkez\u00e9s \u00e9s \u00fcnnepi r\u00e1hangol\u00f3d\u00e1s<\/span><span style=\"font-weight: 400\"><br \/>\n<\/span><b>Szombat:<\/b><span style=\"font-weight: 400\"> lovasszekerez\u00e9s, k\u00e9zm\u0171ves \u00e9lm\u00e9nyek, sajtk\u00f3stol\u00f3, wellness pihen\u00e9s<\/span><span style=\"font-weight: 400\"><br \/>\n<\/span><b>Vas\u00e1rnap:<\/b><span style=\"font-weight: 400\"> folkl\u00f3rel\u0151ad\u00e1s a Huzavona zenekarral, p\u00e1linkak\u00f3stol\u00f3<\/span><\/p>\n<p><b><a href=\"https:\/\/www.secure-hotel-booking.com\/d-edge\/Septimia-Hotels-SPA-Resort\/J7PW\/en-US\/RoomSelection?arrivalDate=2026-04-10&amp;departureDate=2026-04-13&amp;rateAction=Highlight&amp;rateId=382012&amp;roomAction=Highlight&amp;roomId=100917&amp;_ga=2.8947637.1403323285.1773211629-1104443457.1663148465&amp;_gl=1*w12zsa*_ga*MTEwNDQ0MzQ1Ny4xNjYzMTQ4NDY1*_ga_NX7RYZ8PB6*czE3NzMyMTYwNTIkbzExNSRnMSR0MTc3MzIxODI0MSRqNTEkbDAkaDA.\">Foglaljon<\/a> m\u00e1rcius 15-ig, \u00e9s aj\u00e1nd\u00e9kba adunk egy k\u00fcl\u00f6nleges \u00e9lm\u00e9nyt!<\/b><b><br \/>\n<\/b><span style=\"font-weight: 400\">V\u00e1lasszon <\/span><b>vulkanikus k\u00f6ves massz\u00e1zsunk<\/b><span style=\"font-weight: 400\"> vagy <\/span><b>iszap pakol\u00e1sos massz\u00e1zsunk<\/b><span style=\"font-weight: 400\"> k\u00f6z\u00fcl.<\/span><\/p>\n","protected":false},"excerpt":{"rendered":"<p>T\u00f6ltse a h\u00fasv\u00e9ti hossz\u00fa h\u00e9tv\u00e9g\u00e9t a Septimi\u00e1ban, ahol a hagyom\u00e1nyok, az \u00fcnnepi hangulat \u00e9s a wellness pihen\u00e9s t\u00f6k\u00e9letesen kieg\u00e9sz\u00edtik egym\u00e1st. 3300 lej-t\u0151l \/ teljes csomag\u00a0 Mit tartalmaz a csomag? \u2022 3 \u00e9jszaka sz\u00e1ll\u00e1s pr\u00e9mium szob\u00e1ban vagy csal\u00e1di apartmanban \u2022 B\u0151s\u00e9ges sv\u00e9dasztalos reggeli helyi \u00edzekkel \u2022 \u00dcnnepi vacsor\u00e1k hangulatos est\u00e9k keret\u00e9ben \u2022 Korl\u00e1tlan wellness haszn\u00e1lat: szaunavil\u00e1g, [&hellip;]<\/p>\n","protected":false},"author":173,"featured_media":2069,"parent":476,"menu_order":0,"comment_status":"closed","ping_status":"closed","template":"","meta":{"footnotes":""},"class_list":["post-2067","page","type-page","status-publish","has-post-thumbnail","hentry"],"yoast_head":"<!-- This site is optimized with the Yoast SEO plugin v26.9 - https:\/\/yoast.com\/product\/yoast-seo-wordpress\/ -->\n<title>H\u00fasv\u00e9ti hossz\u00fa h\u00e9tv\u00e9ge a Septimi\u00e1ban - Septimia Hotels &amp; SPA Resort<\/title>\n<meta name=\"robots\" content=\"index, follow, max-snippet:-1, max-image-preview:large, max-video-preview:-1\" \/>\n<link rel=\"canonical\" href=\"https:\/\/www.septimiaresort.ro\/hu\/ajanlatok-promociok\/husveti-hosszu-hetvege-a-septimiaban\/\" \/>\n<meta property=\"og:locale\" content=\"hu_HU\" \/>\n<meta property=\"og:type\" content=\"article\" \/>\n<meta property=\"og:title\" content=\"H\u00fasv\u00e9ti hossz\u00fa h\u00e9tv\u00e9ge a Septimi\u00e1ban - Septimia Hotels &amp; SPA Resort\" \/>\n<meta property=\"og:description\" content=\"T\u00f6ltse a h\u00fasv\u00e9ti hossz\u00fa h\u00e9tv\u00e9g\u00e9t a Septimi\u00e1ban, ahol a hagyom\u00e1nyok, az \u00fcnnepi hangulat \u00e9s a wellness pihen\u00e9s t\u00f6k\u00e9letesen kieg\u00e9sz\u00edtik egym\u00e1st. 3300 lej-t\u0151l \/ teljes csomag\u00a0 Mit tartalmaz a csomag? \u2022 3 \u00e9jszaka sz\u00e1ll\u00e1s pr\u00e9mium szob\u00e1ban vagy csal\u00e1di apartmanban \u2022 B\u0151s\u00e9ges sv\u00e9dasztalos reggeli helyi \u00edzekkel \u2022 \u00dcnnepi vacsor\u00e1k hangulatos est\u00e9k keret\u00e9ben \u2022 Korl\u00e1tlan wellness haszn\u00e1lat: szaunavil\u00e1g, [&hellip;]\" \/>\n<meta property=\"og:url\" content=\"https:\/\/www.septimiaresort.ro\/hu\/ajanlatok-promociok\/husveti-hosszu-hetvege-a-septimiaban\/\" \/>\n<meta property=\"og:site_name\" content=\"Septimia Hotels &amp; SPA Resort\" \/>\n<meta property=\"article:modified_time\" content=\"2026-03-11T08:38:45+00:00\" \/>\n<meta property=\"og:image\" content=\"https:\/\/www.septimiaresort.ro\/wp-content\/uploads\/sites\/169\/2026\/03\/Artboard-3-copy-5-sseptimia-0310-1024x944.png\" \/>\n\t<meta property=\"og:image:width\" content=\"1024\" \/>\n\t<meta property=\"og:image:height\" content=\"944\" \/>\n\t<meta property=\"og:image:type\" content=\"image\/png\" \/>\n<meta name=\"twitter:card\" content=\"summary_large_image\" \/>\n<meta name=\"twitter:label1\" content=\"Becs\u00fclt olvas\u00e1si id\u0151\" \/>\n\t<meta name=\"twitter:data1\" content=\"1 perc\" \/>\n<script type=\"application\/ld+json\" class=\"yoast-schema-graph\">{\"@context\":\"https:\/\/schema.org\",\"@graph\":[{\"@type\":\"WebPage\",\"@id\":\"https:\/\/www.septimiaresort.ro\/hu\/ajanlatok-promociok\/husveti-hosszu-hetvege-a-septimiaban\/\",\"url\":\"https:\/\/www.septimiaresort.ro\/hu\/ajanlatok-promociok\/husveti-hosszu-hetvege-a-septimiaban\/\",\"name\":\"H\u00fasv\u00e9ti hossz\u00fa h\u00e9tv\u00e9ge a Septimi\u00e1ban - Septimia Hotels & SPA Resort\",\"isPartOf\":{\"@id\":\"https:\/\/www.septimiaresort.ro\/hu\/#website\"},\"primaryImageOfPage\":{\"@id\":\"https:\/\/www.septimiaresort.ro\/hu\/ajanlatok-promociok\/husveti-hosszu-hetvege-a-septimiaban\/#primaryimage\"},\"image\":{\"@id\":\"https:\/\/www.septimiaresort.ro\/hu\/ajanlatok-promociok\/husveti-hosszu-hetvege-a-septimiaban\/#primaryimage\"},\"thumbnailUrl\":\"https:\/\/www.septimiaresort.ro\/wp-content\/uploads\/sites\/169\/2026\/03\/Artboard-3-copy-5-sseptimia-0310.png\",\"datePublished\":\"2026-03-11T08:03:15+00:00\",\"dateModified\":\"2026-03-11T08:38:45+00:00\",\"breadcrumb\":{\"@id\":\"https:\/\/www.septimiaresort.ro\/hu\/ajanlatok-promociok\/husveti-hosszu-hetvege-a-septimiaban\/#breadcrumb\"},\"inLanguage\":\"hu\",\"potentialAction\":[{\"@type\":\"ReadAction\",\"target\":[\"https:\/\/www.septimiaresort.ro\/hu\/ajanlatok-promociok\/husveti-hosszu-hetvege-a-septimiaban\/\"]}]},{\"@type\":\"ImageObject\",\"inLanguage\":\"hu\",\"@id\":\"https:\/\/www.septimiaresort.ro\/hu\/ajanlatok-promociok\/husveti-hosszu-hetvege-a-septimiaban\/#primaryimage\",\"url\":\"https:\/\/www.septimiaresort.ro\/wp-content\/uploads\/sites\/169\/2026\/03\/Artboard-3-copy-5-sseptimia-0310.png\",\"contentUrl\":\"https:\/\/www.septimiaresort.ro\/wp-content\/uploads\/sites\/169\/2026\/03\/Artboard-3-copy-5-sseptimia-0310.png\",\"width\":1283,\"height\":1183},{\"@type\":\"BreadcrumbList\",\"@id\":\"https:\/\/www.septimiaresort.ro\/hu\/ajanlatok-promociok\/husveti-hosszu-hetvege-a-septimiaban\/#breadcrumb\",\"itemListElement\":[{\"@type\":\"ListItem\",\"position\":1,\"name\":\"Home\",\"item\":\"https:\/\/www.septimiaresort.ro\/hu\/\"},{\"@type\":\"ListItem\",\"position\":2,\"name\":\"Aj\u00e1nlatok, prom\u00f3ci\u00f3k\",\"item\":\"https:\/\/www.septimiaresort.ro\/hu\/ajanlatok-promociok\/\"},{\"@type\":\"ListItem\",\"position\":3,\"name\":\"H\u00fasv\u00e9ti hossz\u00fa h\u00e9tv\u00e9ge a Septimi\u00e1ban\"}]},{\"@type\":\"WebSite\",\"@id\":\"https:\/\/www.septimiaresort.ro\/hu\/#website\",\"url\":\"https:\/\/www.septimiaresort.ro\/hu\/\",\"name\":\"Septimia Hotels & SPA Resort\",\"description\":\"Just another ms.decms.eu site\",\"potentialAction\":[{\"@type\":\"SearchAction\",\"target\":{\"@type\":\"EntryPoint\",\"urlTemplate\":\"https:\/\/www.septimiaresort.ro\/hu\/?s={search_term_string}\"},\"query-input\":{\"@type\":\"PropertyValueSpecification\",\"valueRequired\":true,\"valueName\":\"search_term_string\"}}],\"inLanguage\":\"hu\"}]}<\/script>\n<!-- \/ Yoast SEO plugin. -->","yoast_head_json":{"title":"H\u00fasv\u00e9ti hossz\u00fa h\u00e9tv\u00e9ge a Septimi\u00e1ban - Septimia Hotels & SPA Resort","robots":{"index":"index","follow":"follow","max-snippet":"max-snippet:-1","max-image-preview":"max-image-preview:large","max-video-preview":"max-video-preview:-1"},"canonical":"https:\/\/www.septimiaresort.ro\/hu\/ajanlatok-promociok\/husveti-hosszu-hetvege-a-septimiaban\/","og_locale":"hu_HU","og_type":"article","og_title":"H\u00fasv\u00e9ti hossz\u00fa h\u00e9tv\u00e9ge a Septimi\u00e1ban - Septimia Hotels & SPA Resort","og_description":"T\u00f6ltse a h\u00fasv\u00e9ti hossz\u00fa h\u00e9tv\u00e9g\u00e9t a Septimi\u00e1ban, ahol a hagyom\u00e1nyok, az \u00fcnnepi hangulat \u00e9s a wellness pihen\u00e9s t\u00f6k\u00e9letesen kieg\u00e9sz\u00edtik egym\u00e1st. 3300 lej-t\u0151l \/ teljes csomag\u00a0 Mit tartalmaz a csomag? \u2022 3 \u00e9jszaka sz\u00e1ll\u00e1s pr\u00e9mium szob\u00e1ban vagy csal\u00e1di apartmanban \u2022 B\u0151s\u00e9ges sv\u00e9dasztalos reggeli helyi \u00edzekkel \u2022 \u00dcnnepi vacsor\u00e1k hangulatos est\u00e9k keret\u00e9ben \u2022 Korl\u00e1tlan wellness haszn\u00e1lat: szaunavil\u00e1g, [&hellip;]","og_url":"https:\/\/www.septimiaresort.ro\/hu\/ajanlatok-promociok\/husveti-hosszu-hetvege-a-septimiaban\/","og_site_name":"Septimia Hotels & SPA Resort","article_modified_time":"2026-03-11T08:38:45+00:00","og_image":[{"width":1024,"height":944,"url":"https:\/\/www.septimiaresort.ro\/wp-content\/uploads\/sites\/169\/2026\/03\/Artboard-3-copy-5-sseptimia-0310-1024x944.png","type":"image\/png"}],"twitter_card":"summary_large_image","twitter_misc":{"Becs\u00fclt olvas\u00e1si id\u0151":"1 perc"},"schema":{"@context":"https:\/\/schema.org","@graph":[{"@type":"WebPage","@id":"https:\/\/www.septimiaresort.ro\/hu\/ajanlatok-promociok\/husveti-hosszu-hetvege-a-septimiaban\/","url":"https:\/\/www.septimiaresort.ro\/hu\/ajanlatok-promociok\/husveti-hosszu-hetvege-a-septimiaban\/","name":"H\u00fasv\u00e9ti hossz\u00fa h\u00e9tv\u00e9ge a Septimi\u00e1ban - Septimia Hotels & SPA Resort","isPartOf":{"@id":"https:\/\/www.septimiaresort.ro\/hu\/#website"},"primaryImageOfPage":{"@id":"https:\/\/www.septimiaresort.ro\/hu\/ajanlatok-promociok\/husveti-hosszu-hetvege-a-septimiaban\/#primaryimage"},"image":{"@id":"https:\/\/www.septimiaresort.ro\/hu\/ajanlatok-promociok\/husveti-hosszu-hetvege-a-septimiaban\/#primaryimage"},"thumbnailUrl":"https:\/\/www.septimiaresort.ro\/wp-content\/uploads\/sites\/169\/2026\/03\/Artboard-3-copy-5-sseptimia-0310.png","datePublished":"2026-03-11T08:03:15+00:00","dateModified":"2026-03-11T08:38:45+00:00","breadcrumb":{"@id":"https:\/\/www.septimiaresort.ro\/hu\/ajanlatok-promociok\/husveti-hosszu-hetvege-a-septimiaban\/#breadcrumb"},"inLanguage":"hu","potentialAction":[{"@type":"ReadAction","target":["https:\/\/www.septimiaresort.ro\/hu\/ajanlatok-promociok\/husveti-hosszu-hetvege-a-septimiaban\/"]}]},{"@type":"ImageObject","inLanguage":"hu","@id":"https:\/\/www.septimiaresort.ro\/hu\/ajanlatok-promociok\/husveti-hosszu-hetvege-a-septimiaban\/#primaryimage","url":"https:\/\/www.septimiaresort.ro\/wp-content\/uploads\/sites\/169\/2026\/03\/Artboard-3-copy-5-sseptimia-0310.png","contentUrl":"https:\/\/www.septimiaresort.ro\/wp-content\/uploads\/sites\/169\/2026\/03\/Artboard-3-copy-5-sseptimia-0310.png","width":1283,"height":1183},{"@type":"BreadcrumbList","@id":"https:\/\/www.septimiaresort.ro\/hu\/ajanlatok-promociok\/husveti-hosszu-hetvege-a-septimiaban\/#breadcrumb","itemListElement":[{"@type":"ListItem","position":1,"name":"Home","item":"https:\/\/www.septimiaresort.ro\/hu\/"},{"@type":"ListItem","position":2,"name":"Aj\u00e1nlatok, prom\u00f3ci\u00f3k","item":"https:\/\/www.septimiaresort.ro\/hu\/ajanlatok-promociok\/"},{"@type":"ListItem","position":3,"name":"H\u00fasv\u00e9ti hossz\u00fa h\u00e9tv\u00e9ge a Septimi\u00e1ban"}]},{"@type":"WebSite","@id":"https:\/\/www.septimiaresort.ro\/hu\/#website","url":"https:\/\/www.septimiaresort.ro\/hu\/","name":"Septimia Hotels & SPA Resort","description":"Just another ms.decms.eu site","potentialAction":[{"@type":"SearchAction","target":{"@type":"EntryPoint","urlTemplate":"https:\/\/www.septimiaresort.ro\/hu\/?s={search_term_string}"},"query-input":{"@type":"PropertyValueSpecification","valueRequired":true,"valueName":"search_term_string"}}],"inLanguage":"hu"}]}},"acf":[],"_links":{"self":[{"href":"https:\/\/www.septimiaresort.ro\/hu\/wp-json\/wp\/v2\/pages\/2067","targetHints":{"allow":["GET"]}}],"collection":[{"href":"https:\/\/www.septimiaresort.ro\/hu\/wp-json\/wp\/v2\/pages"}],"about":[{"href":"https:\/\/www.septimiaresort.ro\/hu\/wp-json\/wp\/v2\/types\/page"}],"author":[{"embeddable":true,"href":"https:\/\/www.septimiaresort.ro\/hu\/wp-json\/wp\/v2\/users\/173"}],"replies":[{"embeddable":true,"href":"https:\/\/www.septimiaresort.ro\/hu\/wp-json\/wp\/v2\/comments?post=2067"}],"version-history":[{"count":0,"href":"https:\/\/www.septimiaresort.ro\/hu\/wp-json\/wp\/v2\/pages\/2067\/revisions"}],"up":[{"embeddable":true,"href":"https:\/\/www.septimiaresort.ro\/hu\/wp-json\/wp\/v2\/pages\/476"}],"wp:featuredmedia":[{"embeddable":true,"href":"https:\/\/www.septimiaresort.ro\/hu\/wp-json\/wp\/v2\/media\/2069"}],"wp:attachment":[{"href":"https:\/\/www.septimiaresort.ro\/hu\/wp-json\/wp\/v2\/media?parent=2067"}],"curies":[{"name":"wp","href":"https:\/\/api.w.org\/{rel}","templated":true}]}}