{"id":2088,"date":"2026-03-30T08:32:42","date_gmt":"2026-03-30T08:32:42","guid":{"rendered":"https:\/\/www.septimiaresort.ro\/?page_id=2088"},"modified":"2026-04-17T07:03:34","modified_gmt":"2026-04-17T07:03:34","slug":"utazz-erdelyben","status":"publish","type":"page","link":"https:\/\/www.septimiaresort.ro\/hu\/ajanlatok-promociok\/utazz-erdelyben\/","title":{"rendered":"Utazz Erd\u00e9lyben!"},"content":{"rendered":"<p><span style=\"font-weight: 400\">Id\u00e9n a pihen\u00e9s Erd\u00e9ly sz\u00edv\u00e9ben kezd\u0151dik.<\/span><\/p>\n<p><span style=\"font-weight: 400\">V\u00e1runk a sz\u00e9kelyudvarhelyi Septimia Resortban, a nyugalom \u00e9s felt\u00f6lt\u0151d\u00e9s o\u00e1zis\u00e1ban, amely t\u00f6k\u00e9letes kiindul\u00f3pont Hargita megye \u00e9s eg\u00e9sz Erd\u00e9ly felfedez\u00e9s\u00e9re.<\/span><\/p>\n<p><span style=\"font-weight: 400\">Itt \u00e9lvezheted a k\u00e9nyelmet, a wellness \u00e9lm\u00e9nyeket \u00e9s a magadra sz\u00e1nt id\u0151t, mik\u00f6zben n\u00e9h\u00e1ny kilom\u00e9terre leny\u0171g\u00f6z\u0151 t\u00e1jak \u00e9s igazi sz\u00e9kelyf\u00f6ldi \u00e9lm\u00e9nyek v\u00e1rnak.\u00a0<\/span><\/p>\n<p><span style=\"font-weight: 400\">Haszn\u00e1ld az <span style=\"color: #008000\">UTAZZERDELYBEN<\/span> k\u00f3dot, \u00e9s 5% kedvezm\u00e9nyt kapsz a foglal\u00e1sodra.<\/span><\/p>\n<p>&nbsp;<\/p>\n","protected":false},"excerpt":{"rendered":"<p>Id\u00e9n a pihen\u00e9s Erd\u00e9ly sz\u00edv\u00e9ben kezd\u0151dik. V\u00e1runk a sz\u00e9kelyudvarhelyi Septimia Resortban, a nyugalom \u00e9s felt\u00f6lt\u0151d\u00e9s o\u00e1zis\u00e1ban, amely t\u00f6k\u00e9letes kiindul\u00f3pont Hargita megye \u00e9s eg\u00e9sz Erd\u00e9ly felfedez\u00e9s\u00e9re. Itt \u00e9lvezheted a k\u00e9nyelmet, a wellness \u00e9lm\u00e9nyeket \u00e9s a magadra sz\u00e1nt id\u0151t, mik\u00f6zben n\u00e9h\u00e1ny kilom\u00e9terre leny\u0171g\u00f6z\u0151 t\u00e1jak \u00e9s igazi sz\u00e9kelyf\u00f6ldi \u00e9lm\u00e9nyek v\u00e1rnak.\u00a0 Haszn\u00e1ld az UTAZZERDELYBEN k\u00f3dot, \u00e9s 5% kedvezm\u00e9nyt kapsz [&hellip;]<\/p>\n","protected":false},"author":173,"featured_media":2082,"parent":476,"menu_order":0,"comment_status":"closed","ping_status":"closed","template":"","meta":{"footnotes":""},"class_list":["post-2088","page","type-page","status-publish","has-post-thumbnail","hentry"],"yoast_head":"<!-- This site is optimized with the Yoast SEO plugin v26.9 - https:\/\/yoast.com\/product\/yoast-seo-wordpress\/ -->\n<title>Utazz Erd\u00e9lyben! - Septimia Hotels &amp; SPA Resort<\/title>\n<meta name=\"robots\" content=\"index, follow, max-snippet:-1, max-image-preview:large, max-video-preview:-1\" \/>\n<link rel=\"canonical\" href=\"https:\/\/www.septimiaresort.ro\/hu\/ajanlatok-promociok\/utazz-erdelyben\/\" \/>\n<meta property=\"og:locale\" content=\"hu_HU\" \/>\n<meta property=\"og:type\" content=\"article\" \/>\n<meta property=\"og:title\" content=\"Utazz Erd\u00e9lyben! - Septimia Hotels &amp; SPA Resort\" \/>\n<meta property=\"og:description\" content=\"Id\u00e9n a pihen\u00e9s Erd\u00e9ly sz\u00edv\u00e9ben kezd\u0151dik. V\u00e1runk a sz\u00e9kelyudvarhelyi Septimia Resortban, a nyugalom \u00e9s felt\u00f6lt\u0151d\u00e9s o\u00e1zis\u00e1ban, amely t\u00f6k\u00e9letes kiindul\u00f3pont Hargita megye \u00e9s eg\u00e9sz Erd\u00e9ly felfedez\u00e9s\u00e9re. Itt \u00e9lvezheted a k\u00e9nyelmet, a wellness \u00e9lm\u00e9nyeket \u00e9s a magadra sz\u00e1nt id\u0151t, mik\u00f6zben n\u00e9h\u00e1ny kilom\u00e9terre leny\u0171g\u00f6z\u0151 t\u00e1jak \u00e9s igazi sz\u00e9kelyf\u00f6ldi \u00e9lm\u00e9nyek v\u00e1rnak.\u00a0 Haszn\u00e1ld az UTAZZERDELYBEN k\u00f3dot, \u00e9s 5% kedvezm\u00e9nyt kapsz [&hellip;]\" \/>\n<meta property=\"og:url\" content=\"https:\/\/www.septimiaresort.ro\/hu\/ajanlatok-promociok\/utazz-erdelyben\/\" \/>\n<meta property=\"og:site_name\" content=\"Septimia Hotels &amp; SPA Resort\" \/>\n<meta property=\"article:modified_time\" content=\"2026-04-17T07:03:34+00:00\" \/>\n<meta property=\"og:image\" content=\"https:\/\/www.septimiaresort.ro\/wp-content\/uploads\/sites\/169\/2026\/03\/trasee-montane-900x450-px-blog-900x450-1.jpg\" \/>\n\t<meta property=\"og:image:width\" content=\"900\" \/>\n\t<meta property=\"og:image:height\" content=\"450\" \/>\n\t<meta property=\"og:image:type\" content=\"image\/jpeg\" \/>\n<meta name=\"twitter:card\" content=\"summary_large_image\" \/>\n<meta name=\"twitter:label1\" content=\"Becs\u00fclt olvas\u00e1si id\u0151\" \/>\n\t<meta name=\"twitter:data1\" content=\"1 perc\" \/>\n<script type=\"application\/ld+json\" class=\"yoast-schema-graph\">{\"@context\":\"https:\/\/schema.org\",\"@graph\":[{\"@type\":\"WebPage\",\"@id\":\"https:\/\/www.septimiaresort.ro\/hu\/ajanlatok-promociok\/utazz-erdelyben\/\",\"url\":\"https:\/\/www.septimiaresort.ro\/hu\/ajanlatok-promociok\/utazz-erdelyben\/\",\"name\":\"Utazz Erd\u00e9lyben! - Septimia Hotels & SPA Resort\",\"isPartOf\":{\"@id\":\"https:\/\/www.septimiaresort.ro\/hu\/#website\"},\"primaryImageOfPage\":{\"@id\":\"https:\/\/www.septimiaresort.ro\/hu\/ajanlatok-promociok\/utazz-erdelyben\/#primaryimage\"},\"image\":{\"@id\":\"https:\/\/www.septimiaresort.ro\/hu\/ajanlatok-promociok\/utazz-erdelyben\/#primaryimage\"},\"thumbnailUrl\":\"https:\/\/www.septimiaresort.ro\/wp-content\/uploads\/sites\/169\/2026\/03\/trasee-montane-900x450-px-blog-900x450-1.jpg\",\"datePublished\":\"2026-03-30T08:32:42+00:00\",\"dateModified\":\"2026-04-17T07:03:34+00:00\",\"breadcrumb\":{\"@id\":\"https:\/\/www.septimiaresort.ro\/hu\/ajanlatok-promociok\/utazz-erdelyben\/#breadcrumb\"},\"inLanguage\":\"hu\",\"potentialAction\":[{\"@type\":\"ReadAction\",\"target\":[\"https:\/\/www.septimiaresort.ro\/hu\/ajanlatok-promociok\/utazz-erdelyben\/\"]}]},{\"@type\":\"ImageObject\",\"inLanguage\":\"hu\",\"@id\":\"https:\/\/www.septimiaresort.ro\/hu\/ajanlatok-promociok\/utazz-erdelyben\/#primaryimage\",\"url\":\"https:\/\/www.septimiaresort.ro\/wp-content\/uploads\/sites\/169\/2026\/03\/trasee-montane-900x450-px-blog-900x450-1.jpg\",\"contentUrl\":\"https:\/\/www.septimiaresort.ro\/wp-content\/uploads\/sites\/169\/2026\/03\/trasee-montane-900x450-px-blog-900x450-1.jpg\",\"width\":900,\"height\":450},{\"@type\":\"BreadcrumbList\",\"@id\":\"https:\/\/www.septimiaresort.ro\/hu\/ajanlatok-promociok\/utazz-erdelyben\/#breadcrumb\",\"itemListElement\":[{\"@type\":\"ListItem\",\"position\":1,\"name\":\"Home\",\"item\":\"https:\/\/www.septimiaresort.ro\/hu\/\"},{\"@type\":\"ListItem\",\"position\":2,\"name\":\"Aj\u00e1nlatok, prom\u00f3ci\u00f3k\",\"item\":\"https:\/\/www.septimiaresort.ro\/hu\/ajanlatok-promociok\/\"},{\"@type\":\"ListItem\",\"position\":3,\"name\":\"Utazz Erd\u00e9lyben!\"}]},{\"@type\":\"WebSite\",\"@id\":\"https:\/\/www.septimiaresort.ro\/hu\/#website\",\"url\":\"https:\/\/www.septimiaresort.ro\/hu\/\",\"name\":\"Septimia Hotels & SPA Resort\",\"description\":\"Just another ms.decms.eu site\",\"potentialAction\":[{\"@type\":\"SearchAction\",\"target\":{\"@type\":\"EntryPoint\",\"urlTemplate\":\"https:\/\/www.septimiaresort.ro\/hu\/?s={search_term_string}\"},\"query-input\":{\"@type\":\"PropertyValueSpecification\",\"valueRequired\":true,\"valueName\":\"search_term_string\"}}],\"inLanguage\":\"hu\"}]}<\/script>\n<!-- \/ Yoast SEO plugin. -->","yoast_head_json":{"title":"Utazz Erd\u00e9lyben! - Septimia Hotels & SPA Resort","robots":{"index":"index","follow":"follow","max-snippet":"max-snippet:-1","max-image-preview":"max-image-preview:large","max-video-preview":"max-video-preview:-1"},"canonical":"https:\/\/www.septimiaresort.ro\/hu\/ajanlatok-promociok\/utazz-erdelyben\/","og_locale":"hu_HU","og_type":"article","og_title":"Utazz Erd\u00e9lyben! - Septimia Hotels & SPA Resort","og_description":"Id\u00e9n a pihen\u00e9s Erd\u00e9ly sz\u00edv\u00e9ben kezd\u0151dik. V\u00e1runk a sz\u00e9kelyudvarhelyi Septimia Resortban, a nyugalom \u00e9s felt\u00f6lt\u0151d\u00e9s o\u00e1zis\u00e1ban, amely t\u00f6k\u00e9letes kiindul\u00f3pont Hargita megye \u00e9s eg\u00e9sz Erd\u00e9ly felfedez\u00e9s\u00e9re. Itt \u00e9lvezheted a k\u00e9nyelmet, a wellness \u00e9lm\u00e9nyeket \u00e9s a magadra sz\u00e1nt id\u0151t, mik\u00f6zben n\u00e9h\u00e1ny kilom\u00e9terre leny\u0171g\u00f6z\u0151 t\u00e1jak \u00e9s igazi sz\u00e9kelyf\u00f6ldi \u00e9lm\u00e9nyek v\u00e1rnak.\u00a0 Haszn\u00e1ld az UTAZZERDELYBEN k\u00f3dot, \u00e9s 5% kedvezm\u00e9nyt kapsz [&hellip;]","og_url":"https:\/\/www.septimiaresort.ro\/hu\/ajanlatok-promociok\/utazz-erdelyben\/","og_site_name":"Septimia Hotels & SPA Resort","article_modified_time":"2026-04-17T07:03:34+00:00","og_image":[{"width":900,"height":450,"url":"https:\/\/www.septimiaresort.ro\/wp-content\/uploads\/sites\/169\/2026\/03\/trasee-montane-900x450-px-blog-900x450-1.jpg","type":"image\/jpeg"}],"twitter_card":"summary_large_image","twitter_misc":{"Becs\u00fclt olvas\u00e1si id\u0151":"1 perc"},"schema":{"@context":"https:\/\/schema.org","@graph":[{"@type":"WebPage","@id":"https:\/\/www.septimiaresort.ro\/hu\/ajanlatok-promociok\/utazz-erdelyben\/","url":"https:\/\/www.septimiaresort.ro\/hu\/ajanlatok-promociok\/utazz-erdelyben\/","name":"Utazz Erd\u00e9lyben! - Septimia Hotels & SPA Resort","isPartOf":{"@id":"https:\/\/www.septimiaresort.ro\/hu\/#website"},"primaryImageOfPage":{"@id":"https:\/\/www.septimiaresort.ro\/hu\/ajanlatok-promociok\/utazz-erdelyben\/#primaryimage"},"image":{"@id":"https:\/\/www.septimiaresort.ro\/hu\/ajanlatok-promociok\/utazz-erdelyben\/#primaryimage"},"thumbnailUrl":"https:\/\/www.septimiaresort.ro\/wp-content\/uploads\/sites\/169\/2026\/03\/trasee-montane-900x450-px-blog-900x450-1.jpg","datePublished":"2026-03-30T08:32:42+00:00","dateModified":"2026-04-17T07:03:34+00:00","breadcrumb":{"@id":"https:\/\/www.septimiaresort.ro\/hu\/ajanlatok-promociok\/utazz-erdelyben\/#breadcrumb"},"inLanguage":"hu","potentialAction":[{"@type":"ReadAction","target":["https:\/\/www.septimiaresort.ro\/hu\/ajanlatok-promociok\/utazz-erdelyben\/"]}]},{"@type":"ImageObject","inLanguage":"hu","@id":"https:\/\/www.septimiaresort.ro\/hu\/ajanlatok-promociok\/utazz-erdelyben\/#primaryimage","url":"https:\/\/www.septimiaresort.ro\/wp-content\/uploads\/sites\/169\/2026\/03\/trasee-montane-900x450-px-blog-900x450-1.jpg","contentUrl":"https:\/\/www.septimiaresort.ro\/wp-content\/uploads\/sites\/169\/2026\/03\/trasee-montane-900x450-px-blog-900x450-1.jpg","width":900,"height":450},{"@type":"BreadcrumbList","@id":"https:\/\/www.septimiaresort.ro\/hu\/ajanlatok-promociok\/utazz-erdelyben\/#breadcrumb","itemListElement":[{"@type":"ListItem","position":1,"name":"Home","item":"https:\/\/www.septimiaresort.ro\/hu\/"},{"@type":"ListItem","position":2,"name":"Aj\u00e1nlatok, prom\u00f3ci\u00f3k","item":"https:\/\/www.septimiaresort.ro\/hu\/ajanlatok-promociok\/"},{"@type":"ListItem","position":3,"name":"Utazz Erd\u00e9lyben!"}]},{"@type":"WebSite","@id":"https:\/\/www.septimiaresort.ro\/hu\/#website","url":"https:\/\/www.septimiaresort.ro\/hu\/","name":"Septimia Hotels & SPA Resort","description":"Just another ms.decms.eu site","potentialAction":[{"@type":"SearchAction","target":{"@type":"EntryPoint","urlTemplate":"https:\/\/www.septimiaresort.ro\/hu\/?s={search_term_string}"},"query-input":{"@type":"PropertyValueSpecification","valueRequired":true,"valueName":"search_term_string"}}],"inLanguage":"hu"}]}},"acf":[],"_links":{"self":[{"href":"https:\/\/www.septimiaresort.ro\/hu\/wp-json\/wp\/v2\/pages\/2088","targetHints":{"allow":["GET"]}}],"collection":[{"href":"https:\/\/www.septimiaresort.ro\/hu\/wp-json\/wp\/v2\/pages"}],"about":[{"href":"https:\/\/www.septimiaresort.ro\/hu\/wp-json\/wp\/v2\/types\/page"}],"author":[{"embeddable":true,"href":"https:\/\/www.septimiaresort.ro\/hu\/wp-json\/wp\/v2\/users\/173"}],"replies":[{"embeddable":true,"href":"https:\/\/www.septimiaresort.ro\/hu\/wp-json\/wp\/v2\/comments?post=2088"}],"version-history":[{"count":0,"href":"https:\/\/www.septimiaresort.ro\/hu\/wp-json\/wp\/v2\/pages\/2088\/revisions"}],"up":[{"embeddable":true,"href":"https:\/\/www.septimiaresort.ro\/hu\/wp-json\/wp\/v2\/pages\/476"}],"wp:featuredmedia":[{"embeddable":true,"href":"https:\/\/www.septimiaresort.ro\/hu\/wp-json\/wp\/v2\/media\/2082"}],"wp:attachment":[{"href":"https:\/\/www.septimiaresort.ro\/hu\/wp-json\/wp\/v2\/media?parent=2088"}],"curies":[{"name":"wp","href":"https:\/\/api.w.org\/{rel}","templated":true}]}}