{"id":2113,"date":"2026-04-16T12:53:37","date_gmt":"2026-04-16T12:53:37","guid":{"rendered":"https:\/\/www.septimiaresort.ro\/?page_id=2113"},"modified":"2026-04-16T12:53:37","modified_gmt":"2026-04-16T12:53:37","slug":"hetkoznapi-feltoltodes-a-septimiaban","status":"publish","type":"page","link":"https:\/\/www.septimiaresort.ro\/hu\/ajanlatok-promociok\/hetkoznapi-feltoltodes-a-septimiaban\/","title":{"rendered":"H\u00e9tk\u00f6znapi felt\u00f6lt\u0151d\u00e9s a Septimi\u00e1ban"},"content":{"rendered":"<p><span style=\"font-weight: 400\">Most j\u00f6tt el az id\u0151, hogy \u00d6n\u00f6k is magukra figyeljenek.<\/span><span style=\"font-weight: 400\"><br \/>\n<\/span><span style=\"font-weight: 400\">J\u00f6jjenek el bar\u00e1taikkal vagy ak\u00e1r egy nyugd\u00edjas t\u00e1rsas\u00e1ggal \u00e9s \u00e9lvezz\u00e9k egy\u00fctt a pihen\u00e9st egy f\u00e9lpanzi\u00f3s csomaggal, ahol minden adott a kikapcsol\u00f3d\u00e1shoz.<\/span><\/p>\n<p><b>Pihen\u00e9s \u00e9s \u00e9lm\u00e9nyek egy helyen<\/b><b><br \/>\n<\/b><span style=\"font-weight: 400\"> \u2714\ufe0f Sz\u00e1ll\u00e1s \u00e9s f\u00e9lpanzi\u00f3 &#8211; k\u00f6nny\u0171, eg\u00e9szs\u00e9ges fog\u00e1sok<\/span><span style=\"font-weight: 400\"><br \/>\n<\/span><span style=\"font-weight: 400\"> \u2714\ufe0f Wellness &amp; regener\u00e1ci\u00f3 &#8211; medenc\u00e9k, s\u00f3sd\u00e9zs\u00e1k, szaun\u00e1k, massz\u00e1zs lehet\u0151s\u00e9gek<\/span><span style=\"font-weight: 400\"><br \/>\n<\/span><span style=\"font-weight: 400\"> \u2714\ufe0f Opcion\u00e1lis kultur\u00e1lis \u00e9lm\u00e9nyek &#8211; v\u00e1rosn\u00e9z\u00e9s, bork\u00f3stol\u00f3, helyi programok<\/span><\/p>\n<p><span style=\"font-weight: 400\">\ud83c\udf81 \u00c9rkez\u00e9skor egy poh\u00e1r borral vagy \u00fcd\u00edt\u0151vel v\u00e1rjuk \u00d6n\u00f6ket, hogy m\u00e1r az els\u0151 pillanat is k\u00fcl\u00f6nleges legyen.<\/span><\/p>\n<p><b>Mi\u00e9rt h\u00e9tk\u00f6znap?<\/b><b><br \/>\n<\/b><span style=\"font-weight: 400\"> \u2714\ufe0f Nyugodtabb, csendesebb k\u00f6rnyezet<\/span><span style=\"font-weight: 400\"><br \/>\n<\/span><span style=\"font-weight: 400\"> \u2714\ufe0f T\u00f6bb figyelem, kevesebb ny\u00fczsg\u00e9s<\/span><span style=\"font-weight: 400\"><br \/>\n<\/span><span style=\"font-weight: 400\"> \u2714\ufe0f Val\u00f3di kikapcsol\u00f3d\u00e1s, kompromisszumok n\u00e9lk\u00fcl<\/span><\/p>\n<p><span style=\"font-weight: 400\">Szervezzenek egy k\u00f6z\u00f6s kiruccan\u00e1st \u00e9s t\u00f6lt\u0151djenek fel egy\u00fctt!<\/span><\/p>\n<p><span style=\"font-weight: 400\">\ud83d\udc49 Foglaljanak most \u00e9s \u00e9lvezz\u00e9k a pihen\u00e9st a Septimi\u00e1ban<\/span><span style=\"font-weight: 400\"><br \/>\n<\/span><span style=\"font-weight: 400\"> \ud83d\udcde 0742 049 160<\/span><\/p>\n","protected":false},"excerpt":{"rendered":"<p>Most j\u00f6tt el az id\u0151, hogy \u00d6n\u00f6k is magukra figyeljenek. J\u00f6jjenek el bar\u00e1taikkal vagy ak\u00e1r egy nyugd\u00edjas t\u00e1rsas\u00e1ggal \u00e9s \u00e9lvezz\u00e9k egy\u00fctt a pihen\u00e9st egy f\u00e9lpanzi\u00f3s csomaggal, ahol minden adott a kikapcsol\u00f3d\u00e1shoz. Pihen\u00e9s \u00e9s \u00e9lm\u00e9nyek egy helyen \u2714\ufe0f Sz\u00e1ll\u00e1s \u00e9s f\u00e9lpanzi\u00f3 &#8211; k\u00f6nny\u0171, eg\u00e9szs\u00e9ges fog\u00e1sok \u2714\ufe0f Wellness &amp; regener\u00e1ci\u00f3 &#8211; medenc\u00e9k, s\u00f3sd\u00e9zs\u00e1k, szaun\u00e1k, massz\u00e1zs lehet\u0151s\u00e9gek \u2714\ufe0f [&hellip;]<\/p>\n","protected":false},"author":173,"featured_media":2111,"parent":476,"menu_order":0,"comment_status":"closed","ping_status":"closed","template":"","meta":{"footnotes":""},"class_list":["post-2113","page","type-page","status-publish","has-post-thumbnail","hentry"],"yoast_head":"<!-- This site is optimized with the Yoast SEO plugin v26.9 - https:\/\/yoast.com\/product\/yoast-seo-wordpress\/ -->\n<title>H\u00e9tk\u00f6znapi felt\u00f6lt\u0151d\u00e9s a Septimi\u00e1ban - Septimia Hotels &amp; SPA Resort<\/title>\n<meta name=\"robots\" content=\"index, follow, max-snippet:-1, max-image-preview:large, max-video-preview:-1\" \/>\n<link rel=\"canonical\" href=\"https:\/\/www.septimiaresort.ro\/hu\/ajanlatok-promociok\/hetkoznapi-feltoltodes-a-septimiaban\/\" \/>\n<meta property=\"og:locale\" content=\"hu_HU\" \/>\n<meta property=\"og:type\" content=\"article\" \/>\n<meta property=\"og:title\" content=\"H\u00e9tk\u00f6znapi felt\u00f6lt\u0151d\u00e9s a Septimi\u00e1ban - Septimia Hotels &amp; SPA Resort\" \/>\n<meta property=\"og:description\" content=\"Most j\u00f6tt el az id\u0151, hogy \u00d6n\u00f6k is magukra figyeljenek. J\u00f6jjenek el bar\u00e1taikkal vagy ak\u00e1r egy nyugd\u00edjas t\u00e1rsas\u00e1ggal \u00e9s \u00e9lvezz\u00e9k egy\u00fctt a pihen\u00e9st egy f\u00e9lpanzi\u00f3s csomaggal, ahol minden adott a kikapcsol\u00f3d\u00e1shoz. Pihen\u00e9s \u00e9s \u00e9lm\u00e9nyek egy helyen \u2714\ufe0f Sz\u00e1ll\u00e1s \u00e9s f\u00e9lpanzi\u00f3 &#8211; k\u00f6nny\u0171, eg\u00e9szs\u00e9ges fog\u00e1sok \u2714\ufe0f Wellness &amp; regener\u00e1ci\u00f3 &#8211; medenc\u00e9k, s\u00f3sd\u00e9zs\u00e1k, szaun\u00e1k, massz\u00e1zs lehet\u0151s\u00e9gek \u2714\ufe0f [&hellip;]\" \/>\n<meta property=\"og:url\" content=\"https:\/\/www.septimiaresort.ro\/hu\/ajanlatok-promociok\/hetkoznapi-feltoltodes-a-septimiaban\/\" \/>\n<meta property=\"og:site_name\" content=\"Septimia Hotels &amp; SPA Resort\" \/>\n<meta property=\"og:image\" content=\"https:\/\/www.septimiaresort.ro\/wp-content\/uploads\/sites\/169\/2026\/04\/WhatsApp-Image-2026-04-16-at-13.21.28.jpeg\" \/>\n\t<meta property=\"og:image:width\" content=\"1600\" \/>\n\t<meta property=\"og:image:height\" content=\"1058\" \/>\n\t<meta property=\"og:image:type\" content=\"image\/jpeg\" \/>\n<meta name=\"twitter:card\" content=\"summary_large_image\" \/>\n<meta name=\"twitter:label1\" content=\"Becs\u00fclt olvas\u00e1si id\u0151\" \/>\n\t<meta name=\"twitter:data1\" content=\"1 perc\" \/>\n<script type=\"application\/ld+json\" class=\"yoast-schema-graph\">{\"@context\":\"https:\/\/schema.org\",\"@graph\":[{\"@type\":\"WebPage\",\"@id\":\"https:\/\/www.septimiaresort.ro\/hu\/ajanlatok-promociok\/hetkoznapi-feltoltodes-a-septimiaban\/\",\"url\":\"https:\/\/www.septimiaresort.ro\/hu\/ajanlatok-promociok\/hetkoznapi-feltoltodes-a-septimiaban\/\",\"name\":\"H\u00e9tk\u00f6znapi felt\u00f6lt\u0151d\u00e9s a Septimi\u00e1ban - Septimia Hotels & SPA Resort\",\"isPartOf\":{\"@id\":\"https:\/\/www.septimiaresort.ro\/hu\/#website\"},\"primaryImageOfPage\":{\"@id\":\"https:\/\/www.septimiaresort.ro\/hu\/ajanlatok-promociok\/hetkoznapi-feltoltodes-a-septimiaban\/#primaryimage\"},\"image\":{\"@id\":\"https:\/\/www.septimiaresort.ro\/hu\/ajanlatok-promociok\/hetkoznapi-feltoltodes-a-septimiaban\/#primaryimage\"},\"thumbnailUrl\":\"https:\/\/www.septimiaresort.ro\/wp-content\/uploads\/sites\/169\/2026\/04\/WhatsApp-Image-2026-04-16-at-13.21.28.jpeg\",\"datePublished\":\"2026-04-16T12:53:37+00:00\",\"breadcrumb\":{\"@id\":\"https:\/\/www.septimiaresort.ro\/hu\/ajanlatok-promociok\/hetkoznapi-feltoltodes-a-septimiaban\/#breadcrumb\"},\"inLanguage\":\"hu\",\"potentialAction\":[{\"@type\":\"ReadAction\",\"target\":[\"https:\/\/www.septimiaresort.ro\/hu\/ajanlatok-promociok\/hetkoznapi-feltoltodes-a-septimiaban\/\"]}]},{\"@type\":\"ImageObject\",\"inLanguage\":\"hu\",\"@id\":\"https:\/\/www.septimiaresort.ro\/hu\/ajanlatok-promociok\/hetkoznapi-feltoltodes-a-septimiaban\/#primaryimage\",\"url\":\"https:\/\/www.septimiaresort.ro\/wp-content\/uploads\/sites\/169\/2026\/04\/WhatsApp-Image-2026-04-16-at-13.21.28.jpeg\",\"contentUrl\":\"https:\/\/www.septimiaresort.ro\/wp-content\/uploads\/sites\/169\/2026\/04\/WhatsApp-Image-2026-04-16-at-13.21.28.jpeg\",\"width\":1600,\"height\":1058},{\"@type\":\"BreadcrumbList\",\"@id\":\"https:\/\/www.septimiaresort.ro\/hu\/ajanlatok-promociok\/hetkoznapi-feltoltodes-a-septimiaban\/#breadcrumb\",\"itemListElement\":[{\"@type\":\"ListItem\",\"position\":1,\"name\":\"Home\",\"item\":\"https:\/\/www.septimiaresort.ro\/hu\/\"},{\"@type\":\"ListItem\",\"position\":2,\"name\":\"Aj\u00e1nlatok, prom\u00f3ci\u00f3k\",\"item\":\"https:\/\/www.septimiaresort.ro\/hu\/ajanlatok-promociok\/\"},{\"@type\":\"ListItem\",\"position\":3,\"name\":\"H\u00e9tk\u00f6znapi felt\u00f6lt\u0151d\u00e9s a Septimi\u00e1ban\"}]},{\"@type\":\"WebSite\",\"@id\":\"https:\/\/www.septimiaresort.ro\/hu\/#website\",\"url\":\"https:\/\/www.septimiaresort.ro\/hu\/\",\"name\":\"Septimia Hotels & SPA Resort\",\"description\":\"Just another ms.decms.eu site\",\"potentialAction\":[{\"@type\":\"SearchAction\",\"target\":{\"@type\":\"EntryPoint\",\"urlTemplate\":\"https:\/\/www.septimiaresort.ro\/hu\/?s={search_term_string}\"},\"query-input\":{\"@type\":\"PropertyValueSpecification\",\"valueRequired\":true,\"valueName\":\"search_term_string\"}}],\"inLanguage\":\"hu\"}]}<\/script>\n<!-- \/ Yoast SEO plugin. -->","yoast_head_json":{"title":"H\u00e9tk\u00f6znapi felt\u00f6lt\u0151d\u00e9s a Septimi\u00e1ban - Septimia Hotels & SPA Resort","robots":{"index":"index","follow":"follow","max-snippet":"max-snippet:-1","max-image-preview":"max-image-preview:large","max-video-preview":"max-video-preview:-1"},"canonical":"https:\/\/www.septimiaresort.ro\/hu\/ajanlatok-promociok\/hetkoznapi-feltoltodes-a-septimiaban\/","og_locale":"hu_HU","og_type":"article","og_title":"H\u00e9tk\u00f6znapi felt\u00f6lt\u0151d\u00e9s a Septimi\u00e1ban - Septimia Hotels & SPA Resort","og_description":"Most j\u00f6tt el az id\u0151, hogy \u00d6n\u00f6k is magukra figyeljenek. J\u00f6jjenek el bar\u00e1taikkal vagy ak\u00e1r egy nyugd\u00edjas t\u00e1rsas\u00e1ggal \u00e9s \u00e9lvezz\u00e9k egy\u00fctt a pihen\u00e9st egy f\u00e9lpanzi\u00f3s csomaggal, ahol minden adott a kikapcsol\u00f3d\u00e1shoz. Pihen\u00e9s \u00e9s \u00e9lm\u00e9nyek egy helyen \u2714\ufe0f Sz\u00e1ll\u00e1s \u00e9s f\u00e9lpanzi\u00f3 &#8211; k\u00f6nny\u0171, eg\u00e9szs\u00e9ges fog\u00e1sok \u2714\ufe0f Wellness &amp; regener\u00e1ci\u00f3 &#8211; medenc\u00e9k, s\u00f3sd\u00e9zs\u00e1k, szaun\u00e1k, massz\u00e1zs lehet\u0151s\u00e9gek \u2714\ufe0f [&hellip;]","og_url":"https:\/\/www.septimiaresort.ro\/hu\/ajanlatok-promociok\/hetkoznapi-feltoltodes-a-septimiaban\/","og_site_name":"Septimia Hotels & SPA Resort","og_image":[{"width":1600,"height":1058,"url":"https:\/\/www.septimiaresort.ro\/wp-content\/uploads\/sites\/169\/2026\/04\/WhatsApp-Image-2026-04-16-at-13.21.28.jpeg","type":"image\/jpeg"}],"twitter_card":"summary_large_image","twitter_misc":{"Becs\u00fclt olvas\u00e1si id\u0151":"1 perc"},"schema":{"@context":"https:\/\/schema.org","@graph":[{"@type":"WebPage","@id":"https:\/\/www.septimiaresort.ro\/hu\/ajanlatok-promociok\/hetkoznapi-feltoltodes-a-septimiaban\/","url":"https:\/\/www.septimiaresort.ro\/hu\/ajanlatok-promociok\/hetkoznapi-feltoltodes-a-septimiaban\/","name":"H\u00e9tk\u00f6znapi felt\u00f6lt\u0151d\u00e9s a Septimi\u00e1ban - Septimia Hotels & SPA Resort","isPartOf":{"@id":"https:\/\/www.septimiaresort.ro\/hu\/#website"},"primaryImageOfPage":{"@id":"https:\/\/www.septimiaresort.ro\/hu\/ajanlatok-promociok\/hetkoznapi-feltoltodes-a-septimiaban\/#primaryimage"},"image":{"@id":"https:\/\/www.septimiaresort.ro\/hu\/ajanlatok-promociok\/hetkoznapi-feltoltodes-a-septimiaban\/#primaryimage"},"thumbnailUrl":"https:\/\/www.septimiaresort.ro\/wp-content\/uploads\/sites\/169\/2026\/04\/WhatsApp-Image-2026-04-16-at-13.21.28.jpeg","datePublished":"2026-04-16T12:53:37+00:00","breadcrumb":{"@id":"https:\/\/www.septimiaresort.ro\/hu\/ajanlatok-promociok\/hetkoznapi-feltoltodes-a-septimiaban\/#breadcrumb"},"inLanguage":"hu","potentialAction":[{"@type":"ReadAction","target":["https:\/\/www.septimiaresort.ro\/hu\/ajanlatok-promociok\/hetkoznapi-feltoltodes-a-septimiaban\/"]}]},{"@type":"ImageObject","inLanguage":"hu","@id":"https:\/\/www.septimiaresort.ro\/hu\/ajanlatok-promociok\/hetkoznapi-feltoltodes-a-septimiaban\/#primaryimage","url":"https:\/\/www.septimiaresort.ro\/wp-content\/uploads\/sites\/169\/2026\/04\/WhatsApp-Image-2026-04-16-at-13.21.28.jpeg","contentUrl":"https:\/\/www.septimiaresort.ro\/wp-content\/uploads\/sites\/169\/2026\/04\/WhatsApp-Image-2026-04-16-at-13.21.28.jpeg","width":1600,"height":1058},{"@type":"BreadcrumbList","@id":"https:\/\/www.septimiaresort.ro\/hu\/ajanlatok-promociok\/hetkoznapi-feltoltodes-a-septimiaban\/#breadcrumb","itemListElement":[{"@type":"ListItem","position":1,"name":"Home","item":"https:\/\/www.septimiaresort.ro\/hu\/"},{"@type":"ListItem","position":2,"name":"Aj\u00e1nlatok, prom\u00f3ci\u00f3k","item":"https:\/\/www.septimiaresort.ro\/hu\/ajanlatok-promociok\/"},{"@type":"ListItem","position":3,"name":"H\u00e9tk\u00f6znapi felt\u00f6lt\u0151d\u00e9s a Septimi\u00e1ban"}]},{"@type":"WebSite","@id":"https:\/\/www.septimiaresort.ro\/hu\/#website","url":"https:\/\/www.septimiaresort.ro\/hu\/","name":"Septimia Hotels & SPA Resort","description":"Just another ms.decms.eu site","potentialAction":[{"@type":"SearchAction","target":{"@type":"EntryPoint","urlTemplate":"https:\/\/www.septimiaresort.ro\/hu\/?s={search_term_string}"},"query-input":{"@type":"PropertyValueSpecification","valueRequired":true,"valueName":"search_term_string"}}],"inLanguage":"hu"}]}},"acf":[],"_links":{"self":[{"href":"https:\/\/www.septimiaresort.ro\/hu\/wp-json\/wp\/v2\/pages\/2113","targetHints":{"allow":["GET"]}}],"collection":[{"href":"https:\/\/www.septimiaresort.ro\/hu\/wp-json\/wp\/v2\/pages"}],"about":[{"href":"https:\/\/www.septimiaresort.ro\/hu\/wp-json\/wp\/v2\/types\/page"}],"author":[{"embeddable":true,"href":"https:\/\/www.septimiaresort.ro\/hu\/wp-json\/wp\/v2\/users\/173"}],"replies":[{"embeddable":true,"href":"https:\/\/www.septimiaresort.ro\/hu\/wp-json\/wp\/v2\/comments?post=2113"}],"version-history":[{"count":0,"href":"https:\/\/www.septimiaresort.ro\/hu\/wp-json\/wp\/v2\/pages\/2113\/revisions"}],"up":[{"embeddable":true,"href":"https:\/\/www.septimiaresort.ro\/hu\/wp-json\/wp\/v2\/pages\/476"}],"wp:featuredmedia":[{"embeddable":true,"href":"https:\/\/www.septimiaresort.ro\/hu\/wp-json\/wp\/v2\/media\/2111"}],"wp:attachment":[{"href":"https:\/\/www.septimiaresort.ro\/hu\/wp-json\/wp\/v2\/media?parent=2113"}],"curies":[{"name":"wp","href":"https:\/\/api.w.org\/{rel}","templated":true}]}}