{"id":2274,"date":"2026-05-12T07:58:14","date_gmt":"2026-05-12T07:58:14","guid":{"rendered":"https:\/\/www.septimiaresort.ro\/?page_id=2274"},"modified":"2026-05-12T07:58:49","modified_gmt":"2026-05-12T07:58:49","slug":"csapatepito-nap","status":"publish","type":"page","link":"https:\/\/www.septimiaresort.ro\/hu\/business-club\/csapatepito-nap\/","title":{"rendered":"Csapat\u00e9p\u00edt\u0151 nap"},"content":{"rendered":"<p><b>Alapozza meg az esem\u00e9nyt: MI megadjuk hozz\u00e1 a teret \u00e9s az \u00e9lm\u00e9nyt.<\/b><b><br \/>\n<\/b><b><br \/>\n<\/b><span style=\"font-weight: 400\">A Septimia Hotels &amp; Spa Resortban rugalmas megold\u00e1sokat k\u00edn\u00e1lunk, hogy esem\u00e9nye pontosan \u00fagy val\u00f3suljon meg, ahogyan elk\u00e9pzelte. Legyen sz\u00f3 csapat\u00e9p\u00edt\u00e9sr\u0151l, priv\u00e1t rendezv\u00e9nyr\u0151l vagy c\u00e9ges programr\u00f3l, n\u00e1lunk minden adott egy j\u00f3l szervezett, eml\u00e9kezetes alkalomhoz.<\/span><\/p>\n<p><span style=\"font-weight: 400\">V\u00e1lassza ki az \u00d6nnek megfelel\u0151 id\u0151tartamot, majd eg\u00e9sz\u00edtse ki esem\u00e9ny\u00e9t k\u00fcl\u00f6nleges \u00e9lm\u00e9nyekkel \u00e9s szolg\u00e1ltat\u00e1sokkal.<\/span><\/p>\n<p>&nbsp;<\/p>\n<h4><b>TEREMB\u00c9RL\u00c9S<\/b><\/h4>\n<p><b>1\u20134 \u00f3ra:<\/b><span style=\"font-weight: 400\"> 400 RON<\/span><\/p>\n<p><b>4\u201310 \u00f3ra:<\/b><span style=\"font-weight: 400\"> 700 RON<\/span><\/p>\n<h4><span style=\"font-weight: 400\"><br \/>\n<\/span><b>KIEMELT \u00c9LM\u00c9NYEK &amp; EXTR\u00c1K<\/b><\/h4>\n<p><span style=\"font-weight: 400\">Eg\u00e9sz\u00edtse ki esem\u00e9ny\u00e9t olyan programokkal, amelyek val\u00f3di \u00e9lm\u00e9nny\u00e9 teszik a k\u00f6z\u00f6s id\u0151t:<\/span><\/p>\n<p><b>T\u00e1bort\u0171z:<\/b><span style=\"font-weight: 400\"> 500 RON<\/span><\/p>\n<p><b>Malacs\u00fct\u00e9s (keny\u00e9rrel):<\/b><span style=\"font-weight: 400\"> 3000 RON<\/span><\/p>\n<p><b>P\u00e1linkak\u00f3stol\u00f3:<\/b><span style=\"font-weight: 400\"> 25 RON \/ f\u0151<\/span><\/p>\n<p><b>Bork\u00f3stol\u00f3:<\/b><span style=\"font-weight: 400\"> 70 RON \/ f\u0151<\/span><\/p>\n<p><b>Bogr\u00e1cs b\u00e9rl\u00e9s:<\/b><span style=\"font-weight: 400\"> 200 RON<\/span><\/p>\n<p><b>Grill r\u00e1cs + sz\u00e9n:<\/b><span style=\"font-weight: 400\"> 200 RON<\/span><span style=\"font-weight: 400\"><br \/>\n<\/span><span style=\"font-weight: 400\"><br \/>\n<\/span><span style=\"font-weight: 400\"><br \/>\n<\/span><b>TOV\u00c1BBI SZOLG\u00c1LTAT\u00c1SOK (IG\u00c9NY SZERINT)<\/b><\/p>\n<p><span style=\"font-weight: 400\">A r\u00e9szletek teszik teljess\u00e9 az \u00e9lm\u00e9nyt \u2013 ig\u00e9ny eset\u00e9n az al\u00e1bbi szolg\u00e1ltat\u00e1sok is el\u00e9rhet\u0151k fel\u00e1r ellen\u00e9ben:<\/span><\/p>\n<ul>\n<li style=\"font-weight: 400\"><span style=\"font-weight: 400\">Teljes ter\u00edt\u00e9k (abrosz, ev\u0151eszk\u00f6z\u00f6k, poharak, t\u00e1ny\u00e9rok)<\/span><\/li>\n<li style=\"font-weight: 400\"><span style=\"font-weight: 400\">H\u0171t\u0151szekr\u00e9ny biztos\u00edt\u00e1sa<\/span><\/li>\n<li style=\"font-weight: 400\"><span style=\"font-weight: 400\">Egyedi dekor\u00e1ci\u00f3<\/span><\/li>\n<li style=\"font-weight: 400\"><span style=\"font-weight: 400\">Kokt\u00e9lb\u00e1r szolg\u00e1ltat\u00e1s<\/span><\/li>\n<\/ul>\n<p><span style=\"font-weight: 400\">H\u00edvja a <strong>+40 745 133 832 <\/strong><\/span><span style=\"font-weight: 400\">\u00a0telefonsz\u00e1mot \u00e9s foglaljon m\u00e9g ma!<\/span><\/p>\n<p>&nbsp;<\/p>\n","protected":false},"excerpt":{"rendered":"<p>Alapozza meg az esem\u00e9nyt: MI megadjuk hozz\u00e1 a teret \u00e9s az \u00e9lm\u00e9nyt. A Septimia Hotels &amp; Spa Resortban rugalmas megold\u00e1sokat k\u00edn\u00e1lunk, hogy esem\u00e9nye pontosan \u00fagy val\u00f3suljon meg, ahogyan elk\u00e9pzelte. Legyen sz\u00f3 csapat\u00e9p\u00edt\u00e9sr\u0151l, priv\u00e1t rendezv\u00e9nyr\u0151l vagy c\u00e9ges programr\u00f3l, n\u00e1lunk minden adott egy j\u00f3l szervezett, eml\u00e9kezetes alkalomhoz. V\u00e1lassza ki az \u00d6nnek megfelel\u0151 id\u0151tartamot, majd eg\u00e9sz\u00edtse ki esem\u00e9ny\u00e9t [&hellip;]<\/p>\n","protected":false},"author":173,"featured_media":2272,"parent":265,"menu_order":3,"comment_status":"closed","ping_status":"closed","template":"","meta":{"footnotes":""},"class_list":["post-2274","page","type-page","status-publish","has-post-thumbnail","hentry"],"yoast_head":"<!-- This site is optimized with the Yoast SEO plugin v26.9 - https:\/\/yoast.com\/product\/yoast-seo-wordpress\/ -->\n<title>Csapat\u00e9p\u00edt\u0151 nap - Septimia Hotels &amp; SPA Resort<\/title>\n<meta name=\"robots\" content=\"index, follow, max-snippet:-1, max-image-preview:large, max-video-preview:-1\" \/>\n<link rel=\"canonical\" href=\"https:\/\/www.septimiaresort.ro\/hu\/business-club\/csapatepito-nap\/\" \/>\n<meta property=\"og:locale\" content=\"hu_HU\" \/>\n<meta property=\"og:type\" content=\"article\" \/>\n<meta property=\"og:title\" content=\"Csapat\u00e9p\u00edt\u0151 nap - Septimia Hotels &amp; SPA Resort\" \/>\n<meta property=\"og:description\" content=\"Alapozza meg az esem\u00e9nyt: MI megadjuk hozz\u00e1 a teret \u00e9s az \u00e9lm\u00e9nyt. A Septimia Hotels &amp; Spa Resortban rugalmas megold\u00e1sokat k\u00edn\u00e1lunk, hogy esem\u00e9nye pontosan \u00fagy val\u00f3suljon meg, ahogyan elk\u00e9pzelte. Legyen sz\u00f3 csapat\u00e9p\u00edt\u00e9sr\u0151l, priv\u00e1t rendezv\u00e9nyr\u0151l vagy c\u00e9ges programr\u00f3l, n\u00e1lunk minden adott egy j\u00f3l szervezett, eml\u00e9kezetes alkalomhoz. V\u00e1lassza ki az \u00d6nnek megfelel\u0151 id\u0151tartamot, majd eg\u00e9sz\u00edtse ki esem\u00e9ny\u00e9t [&hellip;]\" \/>\n<meta property=\"og:url\" content=\"https:\/\/www.septimiaresort.ro\/hu\/business-club\/csapatepito-nap\/\" \/>\n<meta property=\"og:site_name\" content=\"Septimia Hotels &amp; SPA Resort\" \/>\n<meta property=\"article:modified_time\" content=\"2026-05-12T07:58:49+00:00\" \/>\n<meta property=\"og:image\" content=\"https:\/\/www.septimiaresort.ro\/wp-content\/uploads\/sites\/169\/2026\/05\/485791644_1275399937959423_3681831683845266115_n.jpg\" \/>\n\t<meta property=\"og:image:width\" content=\"1080\" \/>\n\t<meta property=\"og:image:height\" content=\"1080\" \/>\n\t<meta property=\"og:image:type\" content=\"image\/jpeg\" \/>\n<meta name=\"twitter:card\" content=\"summary_large_image\" \/>\n<meta name=\"twitter:label1\" content=\"Becs\u00fclt olvas\u00e1si id\u0151\" \/>\n\t<meta name=\"twitter:data1\" content=\"2 perc\" \/>\n<script type=\"application\/ld+json\" class=\"yoast-schema-graph\">{\"@context\":\"https:\/\/schema.org\",\"@graph\":[{\"@type\":\"WebPage\",\"@id\":\"https:\/\/www.septimiaresort.ro\/hu\/business-club\/csapatepito-nap\/\",\"url\":\"https:\/\/www.septimiaresort.ro\/hu\/business-club\/csapatepito-nap\/\",\"name\":\"Csapat\u00e9p\u00edt\u0151 nap - Septimia Hotels & SPA Resort\",\"isPartOf\":{\"@id\":\"https:\/\/www.septimiaresort.ro\/hu\/#website\"},\"primaryImageOfPage\":{\"@id\":\"https:\/\/www.septimiaresort.ro\/hu\/business-club\/csapatepito-nap\/#primaryimage\"},\"image\":{\"@id\":\"https:\/\/www.septimiaresort.ro\/hu\/business-club\/csapatepito-nap\/#primaryimage\"},\"thumbnailUrl\":\"https:\/\/www.septimiaresort.ro\/wp-content\/uploads\/sites\/169\/2026\/05\/485791644_1275399937959423_3681831683845266115_n.jpg\",\"datePublished\":\"2026-05-12T07:58:14+00:00\",\"dateModified\":\"2026-05-12T07:58:49+00:00\",\"breadcrumb\":{\"@id\":\"https:\/\/www.septimiaresort.ro\/hu\/business-club\/csapatepito-nap\/#breadcrumb\"},\"inLanguage\":\"hu\",\"potentialAction\":[{\"@type\":\"ReadAction\",\"target\":[\"https:\/\/www.septimiaresort.ro\/hu\/business-club\/csapatepito-nap\/\"]}]},{\"@type\":\"ImageObject\",\"inLanguage\":\"hu\",\"@id\":\"https:\/\/www.septimiaresort.ro\/hu\/business-club\/csapatepito-nap\/#primaryimage\",\"url\":\"https:\/\/www.septimiaresort.ro\/wp-content\/uploads\/sites\/169\/2026\/05\/485791644_1275399937959423_3681831683845266115_n.jpg\",\"contentUrl\":\"https:\/\/www.septimiaresort.ro\/wp-content\/uploads\/sites\/169\/2026\/05\/485791644_1275399937959423_3681831683845266115_n.jpg\",\"width\":1080,\"height\":1080},{\"@type\":\"BreadcrumbList\",\"@id\":\"https:\/\/www.septimiaresort.ro\/hu\/business-club\/csapatepito-nap\/#breadcrumb\",\"itemListElement\":[{\"@type\":\"ListItem\",\"position\":1,\"name\":\"Home\",\"item\":\"https:\/\/www.septimiaresort.ro\/hu\/\"},{\"@type\":\"ListItem\",\"position\":2,\"name\":\"C\u00c9GES \u00c9S PRIV\u00c1T RENDEZV\u00c9NYEK\",\"item\":\"https:\/\/www.septimiaresort.ro\/hu\/business-club\/\"},{\"@type\":\"ListItem\",\"position\":3,\"name\":\"Csapat\u00e9p\u00edt\u0151 nap\"}]},{\"@type\":\"WebSite\",\"@id\":\"https:\/\/www.septimiaresort.ro\/hu\/#website\",\"url\":\"https:\/\/www.septimiaresort.ro\/hu\/\",\"name\":\"Septimia Hotels & SPA Resort\",\"description\":\"Just another ms.decms.eu site\",\"potentialAction\":[{\"@type\":\"SearchAction\",\"target\":{\"@type\":\"EntryPoint\",\"urlTemplate\":\"https:\/\/www.septimiaresort.ro\/hu\/?s={search_term_string}\"},\"query-input\":{\"@type\":\"PropertyValueSpecification\",\"valueRequired\":true,\"valueName\":\"search_term_string\"}}],\"inLanguage\":\"hu\"}]}<\/script>\n<!-- \/ Yoast SEO plugin. -->","yoast_head_json":{"title":"Csapat\u00e9p\u00edt\u0151 nap - Septimia Hotels & SPA Resort","robots":{"index":"index","follow":"follow","max-snippet":"max-snippet:-1","max-image-preview":"max-image-preview:large","max-video-preview":"max-video-preview:-1"},"canonical":"https:\/\/www.septimiaresort.ro\/hu\/business-club\/csapatepito-nap\/","og_locale":"hu_HU","og_type":"article","og_title":"Csapat\u00e9p\u00edt\u0151 nap - Septimia Hotels & SPA Resort","og_description":"Alapozza meg az esem\u00e9nyt: MI megadjuk hozz\u00e1 a teret \u00e9s az \u00e9lm\u00e9nyt. A Septimia Hotels &amp; Spa Resortban rugalmas megold\u00e1sokat k\u00edn\u00e1lunk, hogy esem\u00e9nye pontosan \u00fagy val\u00f3suljon meg, ahogyan elk\u00e9pzelte. Legyen sz\u00f3 csapat\u00e9p\u00edt\u00e9sr\u0151l, priv\u00e1t rendezv\u00e9nyr\u0151l vagy c\u00e9ges programr\u00f3l, n\u00e1lunk minden adott egy j\u00f3l szervezett, eml\u00e9kezetes alkalomhoz. V\u00e1lassza ki az \u00d6nnek megfelel\u0151 id\u0151tartamot, majd eg\u00e9sz\u00edtse ki esem\u00e9ny\u00e9t [&hellip;]","og_url":"https:\/\/www.septimiaresort.ro\/hu\/business-club\/csapatepito-nap\/","og_site_name":"Septimia Hotels & SPA Resort","article_modified_time":"2026-05-12T07:58:49+00:00","og_image":[{"width":1080,"height":1080,"url":"https:\/\/www.septimiaresort.ro\/wp-content\/uploads\/sites\/169\/2026\/05\/485791644_1275399937959423_3681831683845266115_n.jpg","type":"image\/jpeg"}],"twitter_card":"summary_large_image","twitter_misc":{"Becs\u00fclt olvas\u00e1si id\u0151":"2 perc"},"schema":{"@context":"https:\/\/schema.org","@graph":[{"@type":"WebPage","@id":"https:\/\/www.septimiaresort.ro\/hu\/business-club\/csapatepito-nap\/","url":"https:\/\/www.septimiaresort.ro\/hu\/business-club\/csapatepito-nap\/","name":"Csapat\u00e9p\u00edt\u0151 nap - Septimia Hotels & SPA Resort","isPartOf":{"@id":"https:\/\/www.septimiaresort.ro\/hu\/#website"},"primaryImageOfPage":{"@id":"https:\/\/www.septimiaresort.ro\/hu\/business-club\/csapatepito-nap\/#primaryimage"},"image":{"@id":"https:\/\/www.septimiaresort.ro\/hu\/business-club\/csapatepito-nap\/#primaryimage"},"thumbnailUrl":"https:\/\/www.septimiaresort.ro\/wp-content\/uploads\/sites\/169\/2026\/05\/485791644_1275399937959423_3681831683845266115_n.jpg","datePublished":"2026-05-12T07:58:14+00:00","dateModified":"2026-05-12T07:58:49+00:00","breadcrumb":{"@id":"https:\/\/www.septimiaresort.ro\/hu\/business-club\/csapatepito-nap\/#breadcrumb"},"inLanguage":"hu","potentialAction":[{"@type":"ReadAction","target":["https:\/\/www.septimiaresort.ro\/hu\/business-club\/csapatepito-nap\/"]}]},{"@type":"ImageObject","inLanguage":"hu","@id":"https:\/\/www.septimiaresort.ro\/hu\/business-club\/csapatepito-nap\/#primaryimage","url":"https:\/\/www.septimiaresort.ro\/wp-content\/uploads\/sites\/169\/2026\/05\/485791644_1275399937959423_3681831683845266115_n.jpg","contentUrl":"https:\/\/www.septimiaresort.ro\/wp-content\/uploads\/sites\/169\/2026\/05\/485791644_1275399937959423_3681831683845266115_n.jpg","width":1080,"height":1080},{"@type":"BreadcrumbList","@id":"https:\/\/www.septimiaresort.ro\/hu\/business-club\/csapatepito-nap\/#breadcrumb","itemListElement":[{"@type":"ListItem","position":1,"name":"Home","item":"https:\/\/www.septimiaresort.ro\/hu\/"},{"@type":"ListItem","position":2,"name":"C\u00c9GES \u00c9S PRIV\u00c1T RENDEZV\u00c9NYEK","item":"https:\/\/www.septimiaresort.ro\/hu\/business-club\/"},{"@type":"ListItem","position":3,"name":"Csapat\u00e9p\u00edt\u0151 nap"}]},{"@type":"WebSite","@id":"https:\/\/www.septimiaresort.ro\/hu\/#website","url":"https:\/\/www.septimiaresort.ro\/hu\/","name":"Septimia Hotels & SPA Resort","description":"Just another ms.decms.eu site","potentialAction":[{"@type":"SearchAction","target":{"@type":"EntryPoint","urlTemplate":"https:\/\/www.septimiaresort.ro\/hu\/?s={search_term_string}"},"query-input":{"@type":"PropertyValueSpecification","valueRequired":true,"valueName":"search_term_string"}}],"inLanguage":"hu"}]}},"acf":[],"_links":{"self":[{"href":"https:\/\/www.septimiaresort.ro\/hu\/wp-json\/wp\/v2\/pages\/2274","targetHints":{"allow":["GET"]}}],"collection":[{"href":"https:\/\/www.septimiaresort.ro\/hu\/wp-json\/wp\/v2\/pages"}],"about":[{"href":"https:\/\/www.septimiaresort.ro\/hu\/wp-json\/wp\/v2\/types\/page"}],"author":[{"embeddable":true,"href":"https:\/\/www.septimiaresort.ro\/hu\/wp-json\/wp\/v2\/users\/173"}],"replies":[{"embeddable":true,"href":"https:\/\/www.septimiaresort.ro\/hu\/wp-json\/wp\/v2\/comments?post=2274"}],"version-history":[{"count":0,"href":"https:\/\/www.septimiaresort.ro\/hu\/wp-json\/wp\/v2\/pages\/2274\/revisions"}],"up":[{"embeddable":true,"href":"https:\/\/www.septimiaresort.ro\/hu\/wp-json\/wp\/v2\/pages\/265"}],"wp:featuredmedia":[{"embeddable":true,"href":"https:\/\/www.septimiaresort.ro\/hu\/wp-json\/wp\/v2\/media\/2272"}],"wp:attachment":[{"href":"https:\/\/www.septimiaresort.ro\/hu\/wp-json\/wp\/v2\/media?parent=2274"}],"curies":[{"name":"wp","href":"https:\/\/api.w.org\/{rel}","templated":true}]}}