{"id":244,"date":"2020-06-15T13:03:52","date_gmt":"2020-06-15T13:03:52","guid":{"rendered":"http:\/\/septimia-hotels-spa-resort.ms.decms.eu\/?page_id=244"},"modified":"2022-01-27T11:42:37","modified_gmt":"2022-01-27T11:42:37","slug":"rolunk","status":"publish","type":"page","link":"https:\/\/www.septimiaresort.ro\/hu\/rolunk\/","title":{"rendered":"R\u00f3lunk"},"content":{"rendered":"<p><strong>Septimia Hotels &amp; SPA Resort \u2013 ahol \u00e9lm\u00e9ny a pihen\u00e9s!<\/strong><\/p>\n<p>\u00dcd\u00fcl\u0151hely\u00fcnk Erd\u00e9lyben, Sz\u00e9kelyudvarhelyen tal\u00e1lhat\u00f3, egy pezsg\u0151 kultur\u00e1lis \u00e9let\u0171 kisv\u00e1rosban.<\/p>\n<p>Septimia &#8211; az antik kor var\u00e1zsa, a jelen k\u00e9nyelme, az \u00e9lm\u00e9nyek egyedis\u00e9ge!<\/p>\n","protected":false},"excerpt":{"rendered":"<p>Septimia Hotels &amp; SPA Resort \u2013 ahol \u00e9lm\u00e9ny a pihen\u00e9s! \u00dcd\u00fcl\u0151hely\u00fcnk Erd\u00e9lyben, Sz\u00e9kelyudvarhelyen tal\u00e1lhat\u00f3, egy pezsg\u0151 kultur\u00e1lis \u00e9let\u0171 kisv\u00e1rosban. Septimia &#8211; az antik kor var\u00e1zsa, a jelen k\u00e9nyelme, az \u00e9lm\u00e9nyek egyedis\u00e9ge!<\/p>\n","protected":false},"author":7,"featured_media":0,"parent":0,"menu_order":1,"comment_status":"closed","ping_status":"closed","template":"","meta":{"footnotes":""},"class_list":["post-244","page","type-page","status-publish","hentry"],"yoast_head":"<!-- This site is optimized with the Yoast SEO plugin v26.9 - https:\/\/yoast.com\/product\/yoast-seo-wordpress\/ -->\n<title>R\u00f3lunk - Septimia Hotels &amp; SPA Resort<\/title>\n<meta name=\"description\" content=\"Septimia Hotels &amp; SPA Resort \u2013 ahol \u00e9lm\u00e9ny a pihen\u00e9s! Septimia - az antik kor var\u00e1zsa, a jelen k\u00e9nyelme, az \u00e9lm\u00e9nyek egyedis\u00e9ge!\" \/>\n<meta name=\"robots\" content=\"index, follow, max-snippet:-1, max-image-preview:large, max-video-preview:-1\" \/>\n<link rel=\"canonical\" href=\"https:\/\/www.septimiaresort.ro\/hu\/rolunk\/\" \/>\n<meta property=\"og:locale\" content=\"hu_HU\" \/>\n<meta property=\"og:type\" content=\"article\" \/>\n<meta property=\"og:title\" content=\"R\u00f3lunk - Septimia Hotels &amp; SPA Resort\" \/>\n<meta property=\"og:description\" content=\"Septimia Hotels &amp; SPA Resort \u2013 ahol \u00e9lm\u00e9ny a pihen\u00e9s! Septimia - az antik kor var\u00e1zsa, a jelen k\u00e9nyelme, az \u00e9lm\u00e9nyek egyedis\u00e9ge!\" \/>\n<meta property=\"og:url\" content=\"https:\/\/www.septimiaresort.ro\/hu\/rolunk\/\" \/>\n<meta property=\"og:site_name\" content=\"Septimia Hotels &amp; SPA Resort\" \/>\n<meta property=\"article:modified_time\" content=\"2022-01-27T11:42:37+00:00\" \/>\n<meta name=\"twitter:card\" content=\"summary_large_image\" \/>\n<script type=\"application\/ld+json\" class=\"yoast-schema-graph\">{\"@context\":\"https:\/\/schema.org\",\"@graph\":[{\"@type\":\"WebPage\",\"@id\":\"https:\/\/www.septimiaresort.ro\/hu\/rolunk\/\",\"url\":\"https:\/\/www.septimiaresort.ro\/hu\/rolunk\/\",\"name\":\"R\u00f3lunk - Septimia Hotels & SPA Resort\",\"isPartOf\":{\"@id\":\"https:\/\/www.septimiaresort.ro\/hu\/#website\"},\"datePublished\":\"2020-06-15T13:03:52+00:00\",\"dateModified\":\"2022-01-27T11:42:37+00:00\",\"description\":\"Septimia Hotels & SPA Resort \u2013 ahol \u00e9lm\u00e9ny a pihen\u00e9s! Septimia - az antik kor var\u00e1zsa, a jelen k\u00e9nyelme, az \u00e9lm\u00e9nyek egyedis\u00e9ge!\",\"breadcrumb\":{\"@id\":\"https:\/\/www.septimiaresort.ro\/hu\/rolunk\/#breadcrumb\"},\"inLanguage\":\"hu\",\"potentialAction\":[{\"@type\":\"ReadAction\",\"target\":[\"https:\/\/www.septimiaresort.ro\/hu\/rolunk\/\"]}]},{\"@type\":\"BreadcrumbList\",\"@id\":\"https:\/\/www.septimiaresort.ro\/hu\/rolunk\/#breadcrumb\",\"itemListElement\":[{\"@type\":\"ListItem\",\"position\":1,\"name\":\"Home\",\"item\":\"https:\/\/www.septimiaresort.ro\/hu\/\"},{\"@type\":\"ListItem\",\"position\":2,\"name\":\"R\u00f3lunk\"}]},{\"@type\":\"WebSite\",\"@id\":\"https:\/\/www.septimiaresort.ro\/hu\/#website\",\"url\":\"https:\/\/www.septimiaresort.ro\/hu\/\",\"name\":\"Septimia Hotels & SPA Resort\",\"description\":\"Just another ms.decms.eu site\",\"potentialAction\":[{\"@type\":\"SearchAction\",\"target\":{\"@type\":\"EntryPoint\",\"urlTemplate\":\"https:\/\/www.septimiaresort.ro\/hu\/?s={search_term_string}\"},\"query-input\":{\"@type\":\"PropertyValueSpecification\",\"valueRequired\":true,\"valueName\":\"search_term_string\"}}],\"inLanguage\":\"hu\"}]}<\/script>\n<!-- \/ Yoast SEO plugin. -->","yoast_head_json":{"title":"R\u00f3lunk - Septimia Hotels & SPA Resort","description":"Septimia Hotels & SPA Resort \u2013 ahol \u00e9lm\u00e9ny a pihen\u00e9s! Septimia - az antik kor var\u00e1zsa, a jelen k\u00e9nyelme, az \u00e9lm\u00e9nyek egyedis\u00e9ge!","robots":{"index":"index","follow":"follow","max-snippet":"max-snippet:-1","max-image-preview":"max-image-preview:large","max-video-preview":"max-video-preview:-1"},"canonical":"https:\/\/www.septimiaresort.ro\/hu\/rolunk\/","og_locale":"hu_HU","og_type":"article","og_title":"R\u00f3lunk - Septimia Hotels & SPA Resort","og_description":"Septimia Hotels & SPA Resort \u2013 ahol \u00e9lm\u00e9ny a pihen\u00e9s! Septimia - az antik kor var\u00e1zsa, a jelen k\u00e9nyelme, az \u00e9lm\u00e9nyek egyedis\u00e9ge!","og_url":"https:\/\/www.septimiaresort.ro\/hu\/rolunk\/","og_site_name":"Septimia Hotels & SPA Resort","article_modified_time":"2022-01-27T11:42:37+00:00","twitter_card":"summary_large_image","schema":{"@context":"https:\/\/schema.org","@graph":[{"@type":"WebPage","@id":"https:\/\/www.septimiaresort.ro\/hu\/rolunk\/","url":"https:\/\/www.septimiaresort.ro\/hu\/rolunk\/","name":"R\u00f3lunk - Septimia Hotels & SPA Resort","isPartOf":{"@id":"https:\/\/www.septimiaresort.ro\/hu\/#website"},"datePublished":"2020-06-15T13:03:52+00:00","dateModified":"2022-01-27T11:42:37+00:00","description":"Septimia Hotels & SPA Resort \u2013 ahol \u00e9lm\u00e9ny a pihen\u00e9s! Septimia - az antik kor var\u00e1zsa, a jelen k\u00e9nyelme, az \u00e9lm\u00e9nyek egyedis\u00e9ge!","breadcrumb":{"@id":"https:\/\/www.septimiaresort.ro\/hu\/rolunk\/#breadcrumb"},"inLanguage":"hu","potentialAction":[{"@type":"ReadAction","target":["https:\/\/www.septimiaresort.ro\/hu\/rolunk\/"]}]},{"@type":"BreadcrumbList","@id":"https:\/\/www.septimiaresort.ro\/hu\/rolunk\/#breadcrumb","itemListElement":[{"@type":"ListItem","position":1,"name":"Home","item":"https:\/\/www.septimiaresort.ro\/hu\/"},{"@type":"ListItem","position":2,"name":"R\u00f3lunk"}]},{"@type":"WebSite","@id":"https:\/\/www.septimiaresort.ro\/hu\/#website","url":"https:\/\/www.septimiaresort.ro\/hu\/","name":"Septimia Hotels & SPA Resort","description":"Just another ms.decms.eu site","potentialAction":[{"@type":"SearchAction","target":{"@type":"EntryPoint","urlTemplate":"https:\/\/www.septimiaresort.ro\/hu\/?s={search_term_string}"},"query-input":{"@type":"PropertyValueSpecification","valueRequired":true,"valueName":"search_term_string"}}],"inLanguage":"hu"}]}},"acf":[],"_links":{"self":[{"href":"https:\/\/www.septimiaresort.ro\/hu\/wp-json\/wp\/v2\/pages\/244","targetHints":{"allow":["GET"]}}],"collection":[{"href":"https:\/\/www.septimiaresort.ro\/hu\/wp-json\/wp\/v2\/pages"}],"about":[{"href":"https:\/\/www.septimiaresort.ro\/hu\/wp-json\/wp\/v2\/types\/page"}],"author":[{"embeddable":true,"href":"https:\/\/www.septimiaresort.ro\/hu\/wp-json\/wp\/v2\/users\/7"}],"replies":[{"embeddable":true,"href":"https:\/\/www.septimiaresort.ro\/hu\/wp-json\/wp\/v2\/comments?post=244"}],"version-history":[{"count":0,"href":"https:\/\/www.septimiaresort.ro\/hu\/wp-json\/wp\/v2\/pages\/244\/revisions"}],"wp:attachment":[{"href":"https:\/\/www.septimiaresort.ro\/hu\/wp-json\/wp\/v2\/media?parent=244"}],"curies":[{"name":"wp","href":"https:\/\/api.w.org\/{rel}","templated":true}]}}