{"id":247,"date":"2020-06-15T13:17:05","date_gmt":"2020-06-15T13:17:05","guid":{"rendered":"http:\/\/septimia-hotels-spa-resort.ms.decms.eu\/?page_id=247"},"modified":"2022-11-17T10:45:47","modified_gmt":"2022-11-17T10:45:47","slug":"szobak","status":"publish","type":"page","link":"https:\/\/www.septimiaresort.ro\/hu\/szobak\/","title":{"rendered":"Szob\u00e1k"},"content":{"rendered":"<p>J\u00f3l meg\u00e9rdemelt pihen\u00e9s &#8230; meleg \u00e9s eleg\u00e1ns k\u00f6rnyezet egy \u00fcd\u00edt\u0151 nyaral\u00e1shoz!<\/p>\n<p>\u00dcgyfeleink pihen\u00e9se \u00e9s biztons\u00e1ga a priorit\u00e1sunk! V\u00e1ltozatos szolg\u00e1ltat\u00e1sokat k\u00edn\u00e1lunk magas sz\u00ednvonalon, hogy vend\u00e9geink csakis a legjobb ell\u00e1t\u00e1sban r\u00e9szes\u00fcljenek.<\/p>\n<p>A k\u00e9t \u00e9p\u00fcletben \u00f6sszesen 33 szob\u00e1val v\u00e1rjuk vend\u00e9geinket (25 k\u00e9t\u00e1gyas, 8 apartman).<\/p>\n<p>A Septimia Resort-n\u00e1l \u00f6tv\u00f6zheti az \u00fczleti c\u00e9lokat a pihen\u00e9ssel. Lehet\u0151s\u00e9get k\u00edn\u00e1lunk konferenci\u00e1k, rendezv\u00e9nyek, tal\u00e1lkoz\u00f3k k\u00fcl\u00f6nleges k\u00f6r\u00fclm\u00e9nyek k\u00f6z\u00f6tt t\u00f6rt\u00e9n\u0151 megszervez\u00e9s\u00e9re.<\/p>\n<p><strong>Elfogadjuk az vak\u00e1ci\u00f3s jegyeket \u00e9s k\u00e1rty\u00e1kat: Sodexo, Edenred, UP Romania &#8211; Cheque Dejeuner<\/strong><\/p>\n","protected":false},"excerpt":{"rendered":"<p>J\u00f3l meg\u00e9rdemelt pihen\u00e9s &#8230; meleg \u00e9s eleg\u00e1ns k\u00f6rnyezet egy \u00fcd\u00edt\u0151 nyaral\u00e1shoz! \u00dcgyfeleink pihen\u00e9se \u00e9s biztons\u00e1ga a priorit\u00e1sunk! V\u00e1ltozatos szolg\u00e1ltat\u00e1sokat k\u00edn\u00e1lunk magas sz\u00ednvonalon, hogy vend\u00e9geink csakis a legjobb ell\u00e1t\u00e1sban r\u00e9szes\u00fcljenek. A k\u00e9t \u00e9p\u00fcletben \u00f6sszesen 33 szob\u00e1val v\u00e1rjuk vend\u00e9geinket (25 k\u00e9t\u00e1gyas, 8 apartman). A Septimia Resort-n\u00e1l \u00f6tv\u00f6zheti az \u00fczleti c\u00e9lokat a pihen\u00e9ssel. Lehet\u0151s\u00e9get k\u00edn\u00e1lunk konferenci\u00e1k, rendezv\u00e9nyek, tal\u00e1lkoz\u00f3k [&hellip;]<\/p>\n","protected":false},"author":7,"featured_media":0,"parent":0,"menu_order":2,"comment_status":"closed","ping_status":"closed","template":"template-rooms.php","meta":{"footnotes":""},"class_list":["post-247","page","type-page","status-publish","hentry"],"yoast_head":"<!-- This site is optimized with the Yoast SEO plugin v26.9 - https:\/\/yoast.com\/product\/yoast-seo-wordpress\/ -->\n<title>Szob\u00e1k - Septimia Hotels &amp; SPA Resort<\/title>\n<meta name=\"description\" content=\"J\u00f3l meg\u00e9rdemelt pihen\u00e9s eleg\u00e1ns k\u00f6rnyezet egy \u00fcd\u00edt\u0151 nyaral\u00e1shoz!! - a Septimia Resort hotel szobak. \u00d6tv\u00f6zheti az \u00fczleti c\u00e9lokat a pihen\u00e9ssel\" \/>\n<meta name=\"robots\" content=\"index, follow, max-snippet:-1, max-image-preview:large, max-video-preview:-1\" \/>\n<link rel=\"canonical\" href=\"https:\/\/www.septimiaresort.ro\/hu\/szobak\/\" \/>\n<meta property=\"og:locale\" content=\"hu_HU\" \/>\n<meta property=\"og:type\" content=\"article\" \/>\n<meta property=\"og:title\" content=\"Szob\u00e1k - Septimia Hotels &amp; SPA Resort\" \/>\n<meta property=\"og:description\" content=\"J\u00f3l meg\u00e9rdemelt pihen\u00e9s eleg\u00e1ns k\u00f6rnyezet egy \u00fcd\u00edt\u0151 nyaral\u00e1shoz!! - a Septimia Resort hotel szobak. \u00d6tv\u00f6zheti az \u00fczleti c\u00e9lokat a pihen\u00e9ssel\" \/>\n<meta property=\"og:url\" content=\"https:\/\/www.septimiaresort.ro\/hu\/szobak\/\" \/>\n<meta property=\"og:site_name\" content=\"Septimia Hotels &amp; SPA Resort\" \/>\n<meta property=\"article:modified_time\" content=\"2022-11-17T10:45:47+00:00\" \/>\n<meta name=\"twitter:card\" content=\"summary_large_image\" \/>\n<meta name=\"twitter:label1\" content=\"Becs\u00fclt olvas\u00e1si id\u0151\" \/>\n\t<meta name=\"twitter:data1\" content=\"1 perc\" \/>\n<script type=\"application\/ld+json\" class=\"yoast-schema-graph\">{\"@context\":\"https:\/\/schema.org\",\"@graph\":[{\"@type\":\"WebPage\",\"@id\":\"https:\/\/www.septimiaresort.ro\/hu\/szobak\/\",\"url\":\"https:\/\/www.septimiaresort.ro\/hu\/szobak\/\",\"name\":\"Szob\u00e1k - Septimia Hotels & SPA Resort\",\"isPartOf\":{\"@id\":\"https:\/\/www.septimiaresort.ro\/hu\/#website\"},\"datePublished\":\"2020-06-15T13:17:05+00:00\",\"dateModified\":\"2022-11-17T10:45:47+00:00\",\"description\":\"J\u00f3l meg\u00e9rdemelt pihen\u00e9s eleg\u00e1ns k\u00f6rnyezet egy \u00fcd\u00edt\u0151 nyaral\u00e1shoz!! - a Septimia Resort hotel szobak. \u00d6tv\u00f6zheti az \u00fczleti c\u00e9lokat a pihen\u00e9ssel\",\"breadcrumb\":{\"@id\":\"https:\/\/www.septimiaresort.ro\/hu\/szobak\/#breadcrumb\"},\"inLanguage\":\"hu\",\"potentialAction\":[{\"@type\":\"ReadAction\",\"target\":[\"https:\/\/www.septimiaresort.ro\/hu\/szobak\/\"]}]},{\"@type\":\"BreadcrumbList\",\"@id\":\"https:\/\/www.septimiaresort.ro\/hu\/szobak\/#breadcrumb\",\"itemListElement\":[{\"@type\":\"ListItem\",\"position\":1,\"name\":\"Home\",\"item\":\"https:\/\/www.septimiaresort.ro\/hu\/\"},{\"@type\":\"ListItem\",\"position\":2,\"name\":\"Szob\u00e1k\"}]},{\"@type\":\"WebSite\",\"@id\":\"https:\/\/www.septimiaresort.ro\/hu\/#website\",\"url\":\"https:\/\/www.septimiaresort.ro\/hu\/\",\"name\":\"Septimia Hotels & SPA Resort\",\"description\":\"Just another ms.decms.eu site\",\"potentialAction\":[{\"@type\":\"SearchAction\",\"target\":{\"@type\":\"EntryPoint\",\"urlTemplate\":\"https:\/\/www.septimiaresort.ro\/hu\/?s={search_term_string}\"},\"query-input\":{\"@type\":\"PropertyValueSpecification\",\"valueRequired\":true,\"valueName\":\"search_term_string\"}}],\"inLanguage\":\"hu\"}]}<\/script>\n<!-- \/ Yoast SEO plugin. -->","yoast_head_json":{"title":"Szob\u00e1k - Septimia Hotels & SPA Resort","description":"J\u00f3l meg\u00e9rdemelt pihen\u00e9s eleg\u00e1ns k\u00f6rnyezet egy \u00fcd\u00edt\u0151 nyaral\u00e1shoz!! - a Septimia Resort hotel szobak. \u00d6tv\u00f6zheti az \u00fczleti c\u00e9lokat a pihen\u00e9ssel","robots":{"index":"index","follow":"follow","max-snippet":"max-snippet:-1","max-image-preview":"max-image-preview:large","max-video-preview":"max-video-preview:-1"},"canonical":"https:\/\/www.septimiaresort.ro\/hu\/szobak\/","og_locale":"hu_HU","og_type":"article","og_title":"Szob\u00e1k - Septimia Hotels & SPA Resort","og_description":"J\u00f3l meg\u00e9rdemelt pihen\u00e9s eleg\u00e1ns k\u00f6rnyezet egy \u00fcd\u00edt\u0151 nyaral\u00e1shoz!! - a Septimia Resort hotel szobak. \u00d6tv\u00f6zheti az \u00fczleti c\u00e9lokat a pihen\u00e9ssel","og_url":"https:\/\/www.septimiaresort.ro\/hu\/szobak\/","og_site_name":"Septimia Hotels & SPA Resort","article_modified_time":"2022-11-17T10:45:47+00:00","twitter_card":"summary_large_image","twitter_misc":{"Becs\u00fclt olvas\u00e1si id\u0151":"1 perc"},"schema":{"@context":"https:\/\/schema.org","@graph":[{"@type":"WebPage","@id":"https:\/\/www.septimiaresort.ro\/hu\/szobak\/","url":"https:\/\/www.septimiaresort.ro\/hu\/szobak\/","name":"Szob\u00e1k - Septimia Hotels & SPA Resort","isPartOf":{"@id":"https:\/\/www.septimiaresort.ro\/hu\/#website"},"datePublished":"2020-06-15T13:17:05+00:00","dateModified":"2022-11-17T10:45:47+00:00","description":"J\u00f3l meg\u00e9rdemelt pihen\u00e9s eleg\u00e1ns k\u00f6rnyezet egy \u00fcd\u00edt\u0151 nyaral\u00e1shoz!! - a Septimia Resort hotel szobak. \u00d6tv\u00f6zheti az \u00fczleti c\u00e9lokat a pihen\u00e9ssel","breadcrumb":{"@id":"https:\/\/www.septimiaresort.ro\/hu\/szobak\/#breadcrumb"},"inLanguage":"hu","potentialAction":[{"@type":"ReadAction","target":["https:\/\/www.septimiaresort.ro\/hu\/szobak\/"]}]},{"@type":"BreadcrumbList","@id":"https:\/\/www.septimiaresort.ro\/hu\/szobak\/#breadcrumb","itemListElement":[{"@type":"ListItem","position":1,"name":"Home","item":"https:\/\/www.septimiaresort.ro\/hu\/"},{"@type":"ListItem","position":2,"name":"Szob\u00e1k"}]},{"@type":"WebSite","@id":"https:\/\/www.septimiaresort.ro\/hu\/#website","url":"https:\/\/www.septimiaresort.ro\/hu\/","name":"Septimia Hotels & SPA Resort","description":"Just another ms.decms.eu site","potentialAction":[{"@type":"SearchAction","target":{"@type":"EntryPoint","urlTemplate":"https:\/\/www.septimiaresort.ro\/hu\/?s={search_term_string}"},"query-input":{"@type":"PropertyValueSpecification","valueRequired":true,"valueName":"search_term_string"}}],"inLanguage":"hu"}]}},"acf":[],"_links":{"self":[{"href":"https:\/\/www.septimiaresort.ro\/hu\/wp-json\/wp\/v2\/pages\/247","targetHints":{"allow":["GET"]}}],"collection":[{"href":"https:\/\/www.septimiaresort.ro\/hu\/wp-json\/wp\/v2\/pages"}],"about":[{"href":"https:\/\/www.septimiaresort.ro\/hu\/wp-json\/wp\/v2\/types\/page"}],"author":[{"embeddable":true,"href":"https:\/\/www.septimiaresort.ro\/hu\/wp-json\/wp\/v2\/users\/7"}],"replies":[{"embeddable":true,"href":"https:\/\/www.septimiaresort.ro\/hu\/wp-json\/wp\/v2\/comments?post=247"}],"version-history":[{"count":0,"href":"https:\/\/www.septimiaresort.ro\/hu\/wp-json\/wp\/v2\/pages\/247\/revisions"}],"wp:attachment":[{"href":"https:\/\/www.septimiaresort.ro\/hu\/wp-json\/wp\/v2\/media?parent=247"}],"curies":[{"name":"wp","href":"https:\/\/api.w.org\/{rel}","templated":true}]}}