{"id":249,"date":"2020-06-15T13:22:08","date_gmt":"2020-06-15T13:22:08","guid":{"rendered":"http:\/\/septimia-hotels-spa-resort.ms.decms.eu\/?page_id=249"},"modified":"2022-11-17T14:04:20","modified_gmt":"2022-11-17T14:04:20","slug":"standard-szobak","status":"publish","type":"page","link":"https:\/\/www.septimiaresort.ro\/hu\/szobak\/standard-szobak\/","title":{"rendered":"Economy k\u00e9t\u00e1gyas szoba"},"content":{"rendered":"<p>A Economy k\u00e9t\u00e1gyas szob\u00e1k k\u00e9nyelmes \u00e9s kellemes tart\u00f3zkod\u00e1st k\u00edn\u00e1lnak nyaral\u00e1sa alatt.<br \/>\n6 modern francia\u00e1gyas szoba (egy\u00e1gyas szobak\u00e9nt haszn\u00e1lhat\u00f3) 100 m\u00e9terre van a f\u0151\u00e9p\u00fclett\u0151l, ahol a f\u0151 \u00e9tterem \u00e9s a recepci\u00f3 is tal\u00e1lhat\u00f3 (a n\u00e9gycsillagos sz\u00e1llod\u00e1ban).<\/p>\n<p>Ingyenes parkol\u00e1s a vend\u00e9gek sz\u00e1m\u00e1ra. A szoba\u00e1r nem tartalmazza a wellness bel\u00e9p\u0151t.<\/p>\n<p>&nbsp;<\/p>\n","protected":false},"excerpt":{"rendered":"<p>A Economy k\u00e9t\u00e1gyas szob\u00e1k k\u00e9nyelmes \u00e9s kellemes tart\u00f3zkod\u00e1st k\u00edn\u00e1lnak nyaral\u00e1sa alatt. 6 modern francia\u00e1gyas szoba (egy\u00e1gyas szobak\u00e9nt haszn\u00e1lhat\u00f3) 100 m\u00e9terre van a f\u0151\u00e9p\u00fclett\u0151l, ahol a f\u0151 \u00e9tterem \u00e9s a recepci\u00f3 is tal\u00e1lhat\u00f3 (a n\u00e9gycsillagos sz\u00e1llod\u00e1ban). Ingyenes parkol\u00e1s a vend\u00e9gek sz\u00e1m\u00e1ra. A szoba\u00e1r nem tartalmazza a wellness bel\u00e9p\u0151t. &nbsp;<\/p>\n","protected":false},"author":7,"featured_media":0,"parent":247,"menu_order":0,"comment_status":"closed","ping_status":"closed","template":"template-single-room.php","meta":{"footnotes":""},"class_list":["post-249","page","type-page","status-publish","hentry"],"yoast_head":"<!-- This site is optimized with the Yoast SEO plugin v26.9 - https:\/\/yoast.com\/product\/yoast-seo-wordpress\/ -->\n<title>Economy k\u00e9t\u00e1gyas szoba - Septimia Hotels &amp; SPA Resort<\/title>\n<meta name=\"description\" content=\"A standard k\u00e9t\u00e1gyas szob\u00e1k k\u00e9nyelmes \u00e9s kellemes tart\u00f3zkod\u00e1st k\u00edn\u00e1lnak nyaral\u00e1sa alatt. A szoba\u00e1r nem tartalmazza a wellness bel\u00e9p\u0151t.\" \/>\n<meta name=\"robots\" content=\"index, follow, max-snippet:-1, max-image-preview:large, max-video-preview:-1\" \/>\n<link rel=\"canonical\" href=\"https:\/\/www.septimiaresort.ro\/hu\/szobak\/standard-szobak\/\" \/>\n<meta property=\"og:locale\" content=\"hu_HU\" \/>\n<meta property=\"og:type\" content=\"article\" \/>\n<meta property=\"og:title\" content=\"Economy k\u00e9t\u00e1gyas szoba - Septimia Hotels &amp; SPA Resort\" \/>\n<meta property=\"og:description\" content=\"A standard k\u00e9t\u00e1gyas szob\u00e1k k\u00e9nyelmes \u00e9s kellemes tart\u00f3zkod\u00e1st k\u00edn\u00e1lnak nyaral\u00e1sa alatt. A szoba\u00e1r nem tartalmazza a wellness bel\u00e9p\u0151t.\" \/>\n<meta property=\"og:url\" content=\"https:\/\/www.septimiaresort.ro\/hu\/szobak\/standard-szobak\/\" \/>\n<meta property=\"og:site_name\" content=\"Septimia Hotels &amp; SPA Resort\" \/>\n<meta property=\"article:modified_time\" content=\"2022-11-17T14:04:20+00:00\" \/>\n<meta name=\"twitter:card\" content=\"summary_large_image\" \/>\n<script type=\"application\/ld+json\" class=\"yoast-schema-graph\">{\"@context\":\"https:\/\/schema.org\",\"@graph\":[{\"@type\":\"WebPage\",\"@id\":\"https:\/\/www.septimiaresort.ro\/hu\/szobak\/standard-szobak\/\",\"url\":\"https:\/\/www.septimiaresort.ro\/hu\/szobak\/standard-szobak\/\",\"name\":\"Economy k\u00e9t\u00e1gyas szoba - Septimia Hotels & SPA Resort\",\"isPartOf\":{\"@id\":\"https:\/\/www.septimiaresort.ro\/hu\/#website\"},\"datePublished\":\"2020-06-15T13:22:08+00:00\",\"dateModified\":\"2022-11-17T14:04:20+00:00\",\"description\":\"A standard k\u00e9t\u00e1gyas szob\u00e1k k\u00e9nyelmes \u00e9s kellemes tart\u00f3zkod\u00e1st k\u00edn\u00e1lnak nyaral\u00e1sa alatt. A szoba\u00e1r nem tartalmazza a wellness bel\u00e9p\u0151t.\",\"breadcrumb\":{\"@id\":\"https:\/\/www.septimiaresort.ro\/hu\/szobak\/standard-szobak\/#breadcrumb\"},\"inLanguage\":\"hu\",\"potentialAction\":[{\"@type\":\"ReadAction\",\"target\":[\"https:\/\/www.septimiaresort.ro\/hu\/szobak\/standard-szobak\/\"]}]},{\"@type\":\"BreadcrumbList\",\"@id\":\"https:\/\/www.septimiaresort.ro\/hu\/szobak\/standard-szobak\/#breadcrumb\",\"itemListElement\":[{\"@type\":\"ListItem\",\"position\":1,\"name\":\"Home\",\"item\":\"https:\/\/www.septimiaresort.ro\/hu\/\"},{\"@type\":\"ListItem\",\"position\":2,\"name\":\"Szob\u00e1k\",\"item\":\"https:\/\/www.septimiaresort.ro\/hu\/szobak\/\"},{\"@type\":\"ListItem\",\"position\":3,\"name\":\"Economy k\u00e9t\u00e1gyas szoba\"}]},{\"@type\":\"WebSite\",\"@id\":\"https:\/\/www.septimiaresort.ro\/hu\/#website\",\"url\":\"https:\/\/www.septimiaresort.ro\/hu\/\",\"name\":\"Septimia Hotels & SPA Resort\",\"description\":\"Just another ms.decms.eu site\",\"potentialAction\":[{\"@type\":\"SearchAction\",\"target\":{\"@type\":\"EntryPoint\",\"urlTemplate\":\"https:\/\/www.septimiaresort.ro\/hu\/?s={search_term_string}\"},\"query-input\":{\"@type\":\"PropertyValueSpecification\",\"valueRequired\":true,\"valueName\":\"search_term_string\"}}],\"inLanguage\":\"hu\"}]}<\/script>\n<!-- \/ Yoast SEO plugin. -->","yoast_head_json":{"title":"Economy k\u00e9t\u00e1gyas szoba - Septimia Hotels & SPA Resort","description":"A standard k\u00e9t\u00e1gyas szob\u00e1k k\u00e9nyelmes \u00e9s kellemes tart\u00f3zkod\u00e1st k\u00edn\u00e1lnak nyaral\u00e1sa alatt. A szoba\u00e1r nem tartalmazza a wellness bel\u00e9p\u0151t.","robots":{"index":"index","follow":"follow","max-snippet":"max-snippet:-1","max-image-preview":"max-image-preview:large","max-video-preview":"max-video-preview:-1"},"canonical":"https:\/\/www.septimiaresort.ro\/hu\/szobak\/standard-szobak\/","og_locale":"hu_HU","og_type":"article","og_title":"Economy k\u00e9t\u00e1gyas szoba - Septimia Hotels & SPA Resort","og_description":"A standard k\u00e9t\u00e1gyas szob\u00e1k k\u00e9nyelmes \u00e9s kellemes tart\u00f3zkod\u00e1st k\u00edn\u00e1lnak nyaral\u00e1sa alatt. A szoba\u00e1r nem tartalmazza a wellness bel\u00e9p\u0151t.","og_url":"https:\/\/www.septimiaresort.ro\/hu\/szobak\/standard-szobak\/","og_site_name":"Septimia Hotels & SPA Resort","article_modified_time":"2022-11-17T14:04:20+00:00","twitter_card":"summary_large_image","schema":{"@context":"https:\/\/schema.org","@graph":[{"@type":"WebPage","@id":"https:\/\/www.septimiaresort.ro\/hu\/szobak\/standard-szobak\/","url":"https:\/\/www.septimiaresort.ro\/hu\/szobak\/standard-szobak\/","name":"Economy k\u00e9t\u00e1gyas szoba - Septimia Hotels & SPA Resort","isPartOf":{"@id":"https:\/\/www.septimiaresort.ro\/hu\/#website"},"datePublished":"2020-06-15T13:22:08+00:00","dateModified":"2022-11-17T14:04:20+00:00","description":"A standard k\u00e9t\u00e1gyas szob\u00e1k k\u00e9nyelmes \u00e9s kellemes tart\u00f3zkod\u00e1st k\u00edn\u00e1lnak nyaral\u00e1sa alatt. A szoba\u00e1r nem tartalmazza a wellness bel\u00e9p\u0151t.","breadcrumb":{"@id":"https:\/\/www.septimiaresort.ro\/hu\/szobak\/standard-szobak\/#breadcrumb"},"inLanguage":"hu","potentialAction":[{"@type":"ReadAction","target":["https:\/\/www.septimiaresort.ro\/hu\/szobak\/standard-szobak\/"]}]},{"@type":"BreadcrumbList","@id":"https:\/\/www.septimiaresort.ro\/hu\/szobak\/standard-szobak\/#breadcrumb","itemListElement":[{"@type":"ListItem","position":1,"name":"Home","item":"https:\/\/www.septimiaresort.ro\/hu\/"},{"@type":"ListItem","position":2,"name":"Szob\u00e1k","item":"https:\/\/www.septimiaresort.ro\/hu\/szobak\/"},{"@type":"ListItem","position":3,"name":"Economy k\u00e9t\u00e1gyas szoba"}]},{"@type":"WebSite","@id":"https:\/\/www.septimiaresort.ro\/hu\/#website","url":"https:\/\/www.septimiaresort.ro\/hu\/","name":"Septimia Hotels & SPA Resort","description":"Just another ms.decms.eu site","potentialAction":[{"@type":"SearchAction","target":{"@type":"EntryPoint","urlTemplate":"https:\/\/www.septimiaresort.ro\/hu\/?s={search_term_string}"},"query-input":{"@type":"PropertyValueSpecification","valueRequired":true,"valueName":"search_term_string"}}],"inLanguage":"hu"}]}},"acf":[],"_links":{"self":[{"href":"https:\/\/www.septimiaresort.ro\/hu\/wp-json\/wp\/v2\/pages\/249","targetHints":{"allow":["GET"]}}],"collection":[{"href":"https:\/\/www.septimiaresort.ro\/hu\/wp-json\/wp\/v2\/pages"}],"about":[{"href":"https:\/\/www.septimiaresort.ro\/hu\/wp-json\/wp\/v2\/types\/page"}],"author":[{"embeddable":true,"href":"https:\/\/www.septimiaresort.ro\/hu\/wp-json\/wp\/v2\/users\/7"}],"replies":[{"embeddable":true,"href":"https:\/\/www.septimiaresort.ro\/hu\/wp-json\/wp\/v2\/comments?post=249"}],"version-history":[{"count":0,"href":"https:\/\/www.septimiaresort.ro\/hu\/wp-json\/wp\/v2\/pages\/249\/revisions"}],"up":[{"embeddable":true,"href":"https:\/\/www.septimiaresort.ro\/hu\/wp-json\/wp\/v2\/pages\/247"}],"wp:attachment":[{"href":"https:\/\/www.septimiaresort.ro\/hu\/wp-json\/wp\/v2\/media?parent=249"}],"curies":[{"name":"wp","href":"https:\/\/api.w.org\/{rel}","templated":true}]}}