{"id":250,"date":"2020-06-15T13:26:42","date_gmt":"2020-06-15T13:26:42","guid":{"rendered":"http:\/\/septimia-hotels-spa-resort.ms.decms.eu\/?page_id=250"},"modified":"2024-09-02T06:10:40","modified_gmt":"2024-09-02T06:10:40","slug":"superior-szoba","status":"publish","type":"page","link":"https:\/\/www.septimiaresort.ro\/hu\/szobak\/superior-szoba\/","title":{"rendered":"Superior szoba"},"content":{"rendered":"<p>A f\u0151\u00e9p\u00fcletben 13 szoba francia\u00e1gyas, 6 k\u00e9t\u00e1gyas szoba tal\u00e1lhat\u00f3. Kellemes id\u0151t\u00f6lt\u00e9st k\u00edn\u00e1lunk nyaral\u00e1s\u00e1hoz, valamint \u00fczleti utaz\u00e1s\u00e1hoz egyar\u00e1nt, valamint konferenci\u00e1khoz \u00e9s egy\u00e9b rendezv\u00e9nyek t\u00f6k\u00e9letes helysz\u00edne. A legmagasabb szint\u0171 k\u00f6vetelm\u00e9nyek nemcsak a szob\u00e1k k\u00e9nyelm\u00e9re vonatkoznak, hanem a Resort \u00e1ltal k\u00edn\u00e1lt szolg\u00e1ltat\u00e1sokra is.<\/p>\n<p>A vend\u00e9geink sz\u00e1m\u00e1ra ingyenes parkol\u00e1st biztos\u00edtunk.<\/p>\n","protected":false},"excerpt":{"rendered":"<p>A f\u0151\u00e9p\u00fcletben 13 szoba francia\u00e1gyas, 6 k\u00e9t\u00e1gyas szoba tal\u00e1lhat\u00f3. Kellemes id\u0151t\u00f6lt\u00e9st k\u00edn\u00e1lunk nyaral\u00e1s\u00e1hoz, valamint \u00fczleti utaz\u00e1s\u00e1hoz egyar\u00e1nt, valamint konferenci\u00e1khoz \u00e9s egy\u00e9b rendezv\u00e9nyek t\u00f6k\u00e9letes helysz\u00edne. A legmagasabb szint\u0171 k\u00f6vetelm\u00e9nyek nemcsak a szob\u00e1k k\u00e9nyelm\u00e9re vonatkoznak, hanem a Resort \u00e1ltal k\u00edn\u00e1lt szolg\u00e1ltat\u00e1sokra is. A vend\u00e9geink sz\u00e1m\u00e1ra ingyenes parkol\u00e1st biztos\u00edtunk.<\/p>\n","protected":false},"author":7,"featured_media":0,"parent":247,"menu_order":1,"comment_status":"closed","ping_status":"closed","template":"template-single-room.php","meta":{"footnotes":""},"class_list":["post-250","page","type-page","status-publish","hentry"],"yoast_head":"<!-- This site is optimized with the Yoast SEO plugin v26.9 - https:\/\/yoast.com\/product\/yoast-seo-wordpress\/ -->\n<title>Superior szoba - Septimia Hotels &amp; SPA Resort<\/title>\n<meta name=\"description\" content=\"A f\u0151\u00e9p\u00fcletben 13 szoba francia\u00e1gyas, 6 k\u00e9t\u00e1gyas szoba tal\u00e1lhat\u00f3 (Superior szoba). A szoba\u00e1r tartalmaz napi 3 \u00f3ra wellness bel\u00e9p\u0151t.\" \/>\n<meta name=\"robots\" content=\"index, follow, max-snippet:-1, max-image-preview:large, max-video-preview:-1\" \/>\n<link rel=\"canonical\" href=\"https:\/\/www.septimiaresort.ro\/hu\/szobak\/superior-szoba\/\" \/>\n<meta property=\"og:locale\" content=\"hu_HU\" \/>\n<meta property=\"og:type\" content=\"article\" \/>\n<meta property=\"og:title\" content=\"Superior szoba - Septimia Hotels &amp; SPA Resort\" \/>\n<meta property=\"og:description\" content=\"A f\u0151\u00e9p\u00fcletben 13 szoba francia\u00e1gyas, 6 k\u00e9t\u00e1gyas szoba tal\u00e1lhat\u00f3 (Superior szoba). A szoba\u00e1r tartalmaz napi 3 \u00f3ra wellness bel\u00e9p\u0151t.\" \/>\n<meta property=\"og:url\" content=\"https:\/\/www.septimiaresort.ro\/hu\/szobak\/superior-szoba\/\" \/>\n<meta property=\"og:site_name\" content=\"Septimia Hotels &amp; SPA Resort\" \/>\n<meta property=\"article:modified_time\" content=\"2024-09-02T06:10:40+00:00\" \/>\n<meta name=\"twitter:card\" content=\"summary_large_image\" \/>\n<meta name=\"twitter:label1\" content=\"Becs\u00fclt olvas\u00e1si id\u0151\" \/>\n\t<meta name=\"twitter:data1\" content=\"1 perc\" \/>\n<script type=\"application\/ld+json\" class=\"yoast-schema-graph\">{\"@context\":\"https:\/\/schema.org\",\"@graph\":[{\"@type\":\"WebPage\",\"@id\":\"https:\/\/www.septimiaresort.ro\/hu\/szobak\/superior-szoba\/\",\"url\":\"https:\/\/www.septimiaresort.ro\/hu\/szobak\/superior-szoba\/\",\"name\":\"Superior szoba - Septimia Hotels & SPA Resort\",\"isPartOf\":{\"@id\":\"https:\/\/www.septimiaresort.ro\/hu\/#website\"},\"datePublished\":\"2020-06-15T13:26:42+00:00\",\"dateModified\":\"2024-09-02T06:10:40+00:00\",\"description\":\"A f\u0151\u00e9p\u00fcletben 13 szoba francia\u00e1gyas, 6 k\u00e9t\u00e1gyas szoba tal\u00e1lhat\u00f3 (Superior szoba). A szoba\u00e1r tartalmaz napi 3 \u00f3ra wellness bel\u00e9p\u0151t.\",\"breadcrumb\":{\"@id\":\"https:\/\/www.septimiaresort.ro\/hu\/szobak\/superior-szoba\/#breadcrumb\"},\"inLanguage\":\"hu\",\"potentialAction\":[{\"@type\":\"ReadAction\",\"target\":[\"https:\/\/www.septimiaresort.ro\/hu\/szobak\/superior-szoba\/\"]}]},{\"@type\":\"BreadcrumbList\",\"@id\":\"https:\/\/www.septimiaresort.ro\/hu\/szobak\/superior-szoba\/#breadcrumb\",\"itemListElement\":[{\"@type\":\"ListItem\",\"position\":1,\"name\":\"Home\",\"item\":\"https:\/\/www.septimiaresort.ro\/hu\/\"},{\"@type\":\"ListItem\",\"position\":2,\"name\":\"Szob\u00e1k\",\"item\":\"https:\/\/www.septimiaresort.ro\/hu\/szobak\/\"},{\"@type\":\"ListItem\",\"position\":3,\"name\":\"Superior szoba\"}]},{\"@type\":\"WebSite\",\"@id\":\"https:\/\/www.septimiaresort.ro\/hu\/#website\",\"url\":\"https:\/\/www.septimiaresort.ro\/hu\/\",\"name\":\"Septimia Hotels & SPA Resort\",\"description\":\"Just another ms.decms.eu site\",\"potentialAction\":[{\"@type\":\"SearchAction\",\"target\":{\"@type\":\"EntryPoint\",\"urlTemplate\":\"https:\/\/www.septimiaresort.ro\/hu\/?s={search_term_string}\"},\"query-input\":{\"@type\":\"PropertyValueSpecification\",\"valueRequired\":true,\"valueName\":\"search_term_string\"}}],\"inLanguage\":\"hu\"}]}<\/script>\n<!-- \/ Yoast SEO plugin. -->","yoast_head_json":{"title":"Superior szoba - Septimia Hotels & SPA Resort","description":"A f\u0151\u00e9p\u00fcletben 13 szoba francia\u00e1gyas, 6 k\u00e9t\u00e1gyas szoba tal\u00e1lhat\u00f3 (Superior szoba). A szoba\u00e1r tartalmaz napi 3 \u00f3ra wellness bel\u00e9p\u0151t.","robots":{"index":"index","follow":"follow","max-snippet":"max-snippet:-1","max-image-preview":"max-image-preview:large","max-video-preview":"max-video-preview:-1"},"canonical":"https:\/\/www.septimiaresort.ro\/hu\/szobak\/superior-szoba\/","og_locale":"hu_HU","og_type":"article","og_title":"Superior szoba - Septimia Hotels & SPA Resort","og_description":"A f\u0151\u00e9p\u00fcletben 13 szoba francia\u00e1gyas, 6 k\u00e9t\u00e1gyas szoba tal\u00e1lhat\u00f3 (Superior szoba). A szoba\u00e1r tartalmaz napi 3 \u00f3ra wellness bel\u00e9p\u0151t.","og_url":"https:\/\/www.septimiaresort.ro\/hu\/szobak\/superior-szoba\/","og_site_name":"Septimia Hotels & SPA Resort","article_modified_time":"2024-09-02T06:10:40+00:00","twitter_card":"summary_large_image","twitter_misc":{"Becs\u00fclt olvas\u00e1si id\u0151":"1 perc"},"schema":{"@context":"https:\/\/schema.org","@graph":[{"@type":"WebPage","@id":"https:\/\/www.septimiaresort.ro\/hu\/szobak\/superior-szoba\/","url":"https:\/\/www.septimiaresort.ro\/hu\/szobak\/superior-szoba\/","name":"Superior szoba - Septimia Hotels & SPA Resort","isPartOf":{"@id":"https:\/\/www.septimiaresort.ro\/hu\/#website"},"datePublished":"2020-06-15T13:26:42+00:00","dateModified":"2024-09-02T06:10:40+00:00","description":"A f\u0151\u00e9p\u00fcletben 13 szoba francia\u00e1gyas, 6 k\u00e9t\u00e1gyas szoba tal\u00e1lhat\u00f3 (Superior szoba). A szoba\u00e1r tartalmaz napi 3 \u00f3ra wellness bel\u00e9p\u0151t.","breadcrumb":{"@id":"https:\/\/www.septimiaresort.ro\/hu\/szobak\/superior-szoba\/#breadcrumb"},"inLanguage":"hu","potentialAction":[{"@type":"ReadAction","target":["https:\/\/www.septimiaresort.ro\/hu\/szobak\/superior-szoba\/"]}]},{"@type":"BreadcrumbList","@id":"https:\/\/www.septimiaresort.ro\/hu\/szobak\/superior-szoba\/#breadcrumb","itemListElement":[{"@type":"ListItem","position":1,"name":"Home","item":"https:\/\/www.septimiaresort.ro\/hu\/"},{"@type":"ListItem","position":2,"name":"Szob\u00e1k","item":"https:\/\/www.septimiaresort.ro\/hu\/szobak\/"},{"@type":"ListItem","position":3,"name":"Superior szoba"}]},{"@type":"WebSite","@id":"https:\/\/www.septimiaresort.ro\/hu\/#website","url":"https:\/\/www.septimiaresort.ro\/hu\/","name":"Septimia Hotels & SPA Resort","description":"Just another ms.decms.eu site","potentialAction":[{"@type":"SearchAction","target":{"@type":"EntryPoint","urlTemplate":"https:\/\/www.septimiaresort.ro\/hu\/?s={search_term_string}"},"query-input":{"@type":"PropertyValueSpecification","valueRequired":true,"valueName":"search_term_string"}}],"inLanguage":"hu"}]}},"acf":[],"_links":{"self":[{"href":"https:\/\/www.septimiaresort.ro\/hu\/wp-json\/wp\/v2\/pages\/250","targetHints":{"allow":["GET"]}}],"collection":[{"href":"https:\/\/www.septimiaresort.ro\/hu\/wp-json\/wp\/v2\/pages"}],"about":[{"href":"https:\/\/www.septimiaresort.ro\/hu\/wp-json\/wp\/v2\/types\/page"}],"author":[{"embeddable":true,"href":"https:\/\/www.septimiaresort.ro\/hu\/wp-json\/wp\/v2\/users\/7"}],"replies":[{"embeddable":true,"href":"https:\/\/www.septimiaresort.ro\/hu\/wp-json\/wp\/v2\/comments?post=250"}],"version-history":[{"count":0,"href":"https:\/\/www.septimiaresort.ro\/hu\/wp-json\/wp\/v2\/pages\/250\/revisions"}],"up":[{"embeddable":true,"href":"https:\/\/www.septimiaresort.ro\/hu\/wp-json\/wp\/v2\/pages\/247"}],"wp:attachment":[{"href":"https:\/\/www.septimiaresort.ro\/hu\/wp-json\/wp\/v2\/media?parent=250"}],"curies":[{"name":"wp","href":"https:\/\/api.w.org\/{rel}","templated":true}]}}