{"id":251,"date":"2020-06-15T13:28:44","date_gmt":"2020-06-15T13:28:44","guid":{"rendered":"http:\/\/septimia-hotels-spa-resort.ms.decms.eu\/?page_id=251"},"modified":"2023-01-06T08:57:02","modified_gmt":"2023-01-06T08:57:02","slug":"superior-suite-apartman","status":"publish","type":"page","link":"https:\/\/www.septimiaresort.ro\/hu\/szobak\/superior-suite-apartman\/","title":{"rendered":"Superior Suite-Apartman"},"content":{"rendered":"<p>A f\u0151\u00e9p\u00fcletben tal\u00e1lhat\u00f3 5 k\u00e9t h\u00e1l\u00f3szob\u00e1s apartman csal\u00e1dok sz\u00e1m\u00e1ra biztos\u00edt k\u00e9nyelmes pihen\u00e9st!<\/p>\n<p>Ingyenes parkol\u00e1s a vend\u00e9gek sz\u00e1m\u00e1ra.<\/p>\n","protected":false},"excerpt":{"rendered":"<p>A f\u0151\u00e9p\u00fcletben tal\u00e1lhat\u00f3 5 k\u00e9t h\u00e1l\u00f3szob\u00e1s apartman csal\u00e1dok sz\u00e1m\u00e1ra biztos\u00edt k\u00e9nyelmes pihen\u00e9st! Ingyenes parkol\u00e1s a vend\u00e9gek sz\u00e1m\u00e1ra.<\/p>\n","protected":false},"author":7,"featured_media":0,"parent":247,"menu_order":2,"comment_status":"closed","ping_status":"closed","template":"template-single-room.php","meta":{"footnotes":""},"class_list":["post-251","page","type-page","status-publish","hentry"],"yoast_head":"<!-- This site is optimized with the Yoast SEO plugin v26.9 - https:\/\/yoast.com\/product\/yoast-seo-wordpress\/ -->\n<title>Superior Suite-Apartman - Septimia Hotels &amp; SPA Resort<\/title>\n<meta name=\"description\" content=\"A f\u0151\u00e9p\u00fcletben tal\u00e1lhat\u00f3 5 k\u00e9t h\u00e1l\u00f3szob\u00e1s apartman (Superior Suite-Apartman) csal\u00e1dok sz\u00e1m\u00e1ra biztos\u00edt k\u00e9nyelmes pihen\u00e9st!\" \/>\n<meta name=\"robots\" content=\"index, follow, max-snippet:-1, max-image-preview:large, max-video-preview:-1\" \/>\n<link rel=\"canonical\" href=\"https:\/\/www.septimiaresort.ro\/hu\/szobak\/superior-suite-apartman\/\" \/>\n<meta property=\"og:locale\" content=\"hu_HU\" \/>\n<meta property=\"og:type\" content=\"article\" \/>\n<meta property=\"og:title\" content=\"Superior Suite-Apartman - Septimia Hotels &amp; SPA Resort\" \/>\n<meta property=\"og:description\" content=\"A f\u0151\u00e9p\u00fcletben tal\u00e1lhat\u00f3 5 k\u00e9t h\u00e1l\u00f3szob\u00e1s apartman (Superior Suite-Apartman) csal\u00e1dok sz\u00e1m\u00e1ra biztos\u00edt k\u00e9nyelmes pihen\u00e9st!\" \/>\n<meta property=\"og:url\" content=\"https:\/\/www.septimiaresort.ro\/hu\/szobak\/superior-suite-apartman\/\" \/>\n<meta property=\"og:site_name\" content=\"Septimia Hotels &amp; SPA Resort\" \/>\n<meta property=\"article:modified_time\" content=\"2023-01-06T08:57:02+00:00\" \/>\n<meta name=\"twitter:card\" content=\"summary_large_image\" \/>\n<meta name=\"twitter:label1\" content=\"Becs\u00fclt olvas\u00e1si id\u0151\" \/>\n\t<meta name=\"twitter:data1\" content=\"1 perc\" \/>\n<script type=\"application\/ld+json\" class=\"yoast-schema-graph\">{\"@context\":\"https:\/\/schema.org\",\"@graph\":[{\"@type\":\"WebPage\",\"@id\":\"https:\/\/www.septimiaresort.ro\/hu\/szobak\/superior-suite-apartman\/\",\"url\":\"https:\/\/www.septimiaresort.ro\/hu\/szobak\/superior-suite-apartman\/\",\"name\":\"Superior Suite-Apartman - Septimia Hotels & SPA Resort\",\"isPartOf\":{\"@id\":\"https:\/\/www.septimiaresort.ro\/hu\/#website\"},\"datePublished\":\"2020-06-15T13:28:44+00:00\",\"dateModified\":\"2023-01-06T08:57:02+00:00\",\"description\":\"A f\u0151\u00e9p\u00fcletben tal\u00e1lhat\u00f3 5 k\u00e9t h\u00e1l\u00f3szob\u00e1s apartman (Superior Suite-Apartman) csal\u00e1dok sz\u00e1m\u00e1ra biztos\u00edt k\u00e9nyelmes pihen\u00e9st!\",\"breadcrumb\":{\"@id\":\"https:\/\/www.septimiaresort.ro\/hu\/szobak\/superior-suite-apartman\/#breadcrumb\"},\"inLanguage\":\"hu\",\"potentialAction\":[{\"@type\":\"ReadAction\",\"target\":[\"https:\/\/www.septimiaresort.ro\/hu\/szobak\/superior-suite-apartman\/\"]}]},{\"@type\":\"BreadcrumbList\",\"@id\":\"https:\/\/www.septimiaresort.ro\/hu\/szobak\/superior-suite-apartman\/#breadcrumb\",\"itemListElement\":[{\"@type\":\"ListItem\",\"position\":1,\"name\":\"Home\",\"item\":\"https:\/\/www.septimiaresort.ro\/hu\/\"},{\"@type\":\"ListItem\",\"position\":2,\"name\":\"Szob\u00e1k\",\"item\":\"https:\/\/www.septimiaresort.ro\/hu\/szobak\/\"},{\"@type\":\"ListItem\",\"position\":3,\"name\":\"Superior Suite-Apartman\"}]},{\"@type\":\"WebSite\",\"@id\":\"https:\/\/www.septimiaresort.ro\/hu\/#website\",\"url\":\"https:\/\/www.septimiaresort.ro\/hu\/\",\"name\":\"Septimia Hotels & SPA Resort\",\"description\":\"Just another ms.decms.eu site\",\"potentialAction\":[{\"@type\":\"SearchAction\",\"target\":{\"@type\":\"EntryPoint\",\"urlTemplate\":\"https:\/\/www.septimiaresort.ro\/hu\/?s={search_term_string}\"},\"query-input\":{\"@type\":\"PropertyValueSpecification\",\"valueRequired\":true,\"valueName\":\"search_term_string\"}}],\"inLanguage\":\"hu\"}]}<\/script>\n<!-- \/ Yoast SEO plugin. -->","yoast_head_json":{"title":"Superior Suite-Apartman - Septimia Hotels & SPA Resort","description":"A f\u0151\u00e9p\u00fcletben tal\u00e1lhat\u00f3 5 k\u00e9t h\u00e1l\u00f3szob\u00e1s apartman (Superior Suite-Apartman) csal\u00e1dok sz\u00e1m\u00e1ra biztos\u00edt k\u00e9nyelmes pihen\u00e9st!","robots":{"index":"index","follow":"follow","max-snippet":"max-snippet:-1","max-image-preview":"max-image-preview:large","max-video-preview":"max-video-preview:-1"},"canonical":"https:\/\/www.septimiaresort.ro\/hu\/szobak\/superior-suite-apartman\/","og_locale":"hu_HU","og_type":"article","og_title":"Superior Suite-Apartman - Septimia Hotels & SPA Resort","og_description":"A f\u0151\u00e9p\u00fcletben tal\u00e1lhat\u00f3 5 k\u00e9t h\u00e1l\u00f3szob\u00e1s apartman (Superior Suite-Apartman) csal\u00e1dok sz\u00e1m\u00e1ra biztos\u00edt k\u00e9nyelmes pihen\u00e9st!","og_url":"https:\/\/www.septimiaresort.ro\/hu\/szobak\/superior-suite-apartman\/","og_site_name":"Septimia Hotels & SPA Resort","article_modified_time":"2023-01-06T08:57:02+00:00","twitter_card":"summary_large_image","twitter_misc":{"Becs\u00fclt olvas\u00e1si id\u0151":"1 perc"},"schema":{"@context":"https:\/\/schema.org","@graph":[{"@type":"WebPage","@id":"https:\/\/www.septimiaresort.ro\/hu\/szobak\/superior-suite-apartman\/","url":"https:\/\/www.septimiaresort.ro\/hu\/szobak\/superior-suite-apartman\/","name":"Superior Suite-Apartman - Septimia Hotels & SPA Resort","isPartOf":{"@id":"https:\/\/www.septimiaresort.ro\/hu\/#website"},"datePublished":"2020-06-15T13:28:44+00:00","dateModified":"2023-01-06T08:57:02+00:00","description":"A f\u0151\u00e9p\u00fcletben tal\u00e1lhat\u00f3 5 k\u00e9t h\u00e1l\u00f3szob\u00e1s apartman (Superior Suite-Apartman) csal\u00e1dok sz\u00e1m\u00e1ra biztos\u00edt k\u00e9nyelmes pihen\u00e9st!","breadcrumb":{"@id":"https:\/\/www.septimiaresort.ro\/hu\/szobak\/superior-suite-apartman\/#breadcrumb"},"inLanguage":"hu","potentialAction":[{"@type":"ReadAction","target":["https:\/\/www.septimiaresort.ro\/hu\/szobak\/superior-suite-apartman\/"]}]},{"@type":"BreadcrumbList","@id":"https:\/\/www.septimiaresort.ro\/hu\/szobak\/superior-suite-apartman\/#breadcrumb","itemListElement":[{"@type":"ListItem","position":1,"name":"Home","item":"https:\/\/www.septimiaresort.ro\/hu\/"},{"@type":"ListItem","position":2,"name":"Szob\u00e1k","item":"https:\/\/www.septimiaresort.ro\/hu\/szobak\/"},{"@type":"ListItem","position":3,"name":"Superior Suite-Apartman"}]},{"@type":"WebSite","@id":"https:\/\/www.septimiaresort.ro\/hu\/#website","url":"https:\/\/www.septimiaresort.ro\/hu\/","name":"Septimia Hotels & SPA Resort","description":"Just another ms.decms.eu site","potentialAction":[{"@type":"SearchAction","target":{"@type":"EntryPoint","urlTemplate":"https:\/\/www.septimiaresort.ro\/hu\/?s={search_term_string}"},"query-input":{"@type":"PropertyValueSpecification","valueRequired":true,"valueName":"search_term_string"}}],"inLanguage":"hu"}]}},"acf":[],"_links":{"self":[{"href":"https:\/\/www.septimiaresort.ro\/hu\/wp-json\/wp\/v2\/pages\/251","targetHints":{"allow":["GET"]}}],"collection":[{"href":"https:\/\/www.septimiaresort.ro\/hu\/wp-json\/wp\/v2\/pages"}],"about":[{"href":"https:\/\/www.septimiaresort.ro\/hu\/wp-json\/wp\/v2\/types\/page"}],"author":[{"embeddable":true,"href":"https:\/\/www.septimiaresort.ro\/hu\/wp-json\/wp\/v2\/users\/7"}],"replies":[{"embeddable":true,"href":"https:\/\/www.septimiaresort.ro\/hu\/wp-json\/wp\/v2\/comments?post=251"}],"version-history":[{"count":0,"href":"https:\/\/www.septimiaresort.ro\/hu\/wp-json\/wp\/v2\/pages\/251\/revisions"}],"up":[{"embeddable":true,"href":"https:\/\/www.septimiaresort.ro\/hu\/wp-json\/wp\/v2\/pages\/247"}],"wp:attachment":[{"href":"https:\/\/www.septimiaresort.ro\/hu\/wp-json\/wp\/v2\/media?parent=251"}],"curies":[{"name":"wp","href":"https:\/\/api.w.org\/{rel}","templated":true}]}}