{"id":260,"date":"2020-06-15T15:44:51","date_gmt":"2020-06-15T15:44:51","guid":{"rendered":"http:\/\/septimia-hotels-spa-resort.ms.decms.eu\/?page_id=260"},"modified":"2024-03-05T06:33:27","modified_gmt":"2024-03-05T06:33:27","slug":"spa-szolgaltatasok","status":"publish","type":"page","link":"https:\/\/www.septimiaresort.ro\/hu\/wellness-gyogyaszat\/spa-szolgaltatasok\/","title":{"rendered":"SPA szolg\u00e1ltat\u00e1sok"},"content":{"rendered":"<p>Szabaduljon meg a stressz okozta t\u00fcnetekt\u0151l \u00e9s nyerje vissza testi \u00e9s lelki egyens\u00faly\u00e1t.<\/p>\n<p>Szolg\u00e1ltat\u00e1sok \/ Felszerelts\u00e9g:<\/p>\n<ul>\n<li>f\u0171t\u00f6tt, \u00e9desviz\u0171 \u00fasz\u00f3medence (9&#215;25 m),<\/li>\n<li>gyerek \u00fasz\u00f3medence v\u00edzi cs\u00faszd\u00e1val,<\/li>\n<li>ny\u00e1ri szezonban szabadt\u00e9ri \u00fasz\u00f3medenc\u00e9k,<\/li>\n<li>infra- \u00e9s finn szauna,<\/li>\n<li>szauna sze\u00e1nszok &#8211; id\u0151szakosan,<\/li>\n<li>\u00e9desviz\u0171 pezsg\u0151f\u00fcrd\u0151k,<\/li>\n<li>s\u00f3d\u00e9zs\u00e1k,<\/li>\n<li>g\u0151zkabin,<\/li>\n<li>s\u00f3szoba,<\/li>\n<li>massz\u00e1zsok,<\/li>\n<li>gy\u00f3gy\u00e1szati szolg\u00e1ltat\u00e1sok,<\/li>\n<li>\u00fasz\u00e1soktat\u00e1s, baba \u00fasz\u00e1s<\/li>\n<\/ul>\n","protected":false},"excerpt":{"rendered":"<p>Szabaduljon meg a stressz okozta t\u00fcnetekt\u0151l \u00e9s nyerje vissza testi \u00e9s lelki egyens\u00faly\u00e1t. Szolg\u00e1ltat\u00e1sok \/ Felszerelts\u00e9g: f\u0171t\u00f6tt, \u00e9desviz\u0171 \u00fasz\u00f3medence (9&#215;25 m), gyerek \u00fasz\u00f3medence v\u00edzi cs\u00faszd\u00e1val, ny\u00e1ri szezonban szabadt\u00e9ri \u00fasz\u00f3medenc\u00e9k, infra- \u00e9s finn szauna, szauna sze\u00e1nszok &#8211; id\u0151szakosan, \u00e9desviz\u0171 pezsg\u0151f\u00fcrd\u0151k, s\u00f3d\u00e9zs\u00e1k, g\u0151zkabin, s\u00f3szoba, massz\u00e1zsok, gy\u00f3gy\u00e1szati szolg\u00e1ltat\u00e1sok, \u00fasz\u00e1soktat\u00e1s, baba \u00fasz\u00e1s<\/p>\n","protected":false},"author":7,"featured_media":0,"parent":259,"menu_order":0,"comment_status":"closed","ping_status":"closed","template":"","meta":{"footnotes":""},"class_list":["post-260","page","type-page","status-publish","hentry"],"yoast_head":"<!-- This site is optimized with the Yoast SEO plugin v26.9 - https:\/\/yoast.com\/product\/yoast-seo-wordpress\/ -->\n<title>SPA szolg\u00e1ltat\u00e1sok - Septimia Hotels &amp; SPA Resort<\/title>\n<meta name=\"description\" content=\"Spa szolg\u00e1ltat\u00e1sok - Szabaduljon meg a stressz okozta t\u00fcnetekt\u0151l \u00e9s nyerje vissza testi \u00e9s lelki egyens\u00faly\u00e1t. Szolg\u00e1ltat\u00e1sok \/ Felszerelts\u00e9g:\" \/>\n<meta name=\"robots\" content=\"index, follow, max-snippet:-1, max-image-preview:large, max-video-preview:-1\" \/>\n<link rel=\"canonical\" href=\"https:\/\/www.septimiaresort.ro\/hu\/wellness-gyogyaszat\/spa-szolgaltatasok\/\" \/>\n<meta property=\"og:locale\" content=\"hu_HU\" \/>\n<meta property=\"og:type\" content=\"article\" \/>\n<meta property=\"og:title\" content=\"SPA szolg\u00e1ltat\u00e1sok - Septimia Hotels &amp; SPA Resort\" \/>\n<meta property=\"og:description\" content=\"Spa szolg\u00e1ltat\u00e1sok - Szabaduljon meg a stressz okozta t\u00fcnetekt\u0151l \u00e9s nyerje vissza testi \u00e9s lelki egyens\u00faly\u00e1t. Szolg\u00e1ltat\u00e1sok \/ Felszerelts\u00e9g:\" \/>\n<meta property=\"og:url\" content=\"https:\/\/www.septimiaresort.ro\/hu\/wellness-gyogyaszat\/spa-szolgaltatasok\/\" \/>\n<meta property=\"og:site_name\" content=\"Septimia Hotels &amp; SPA Resort\" \/>\n<meta property=\"article:modified_time\" content=\"2024-03-05T06:33:27+00:00\" \/>\n<meta name=\"twitter:card\" content=\"summary_large_image\" \/>\n<script type=\"application\/ld+json\" class=\"yoast-schema-graph\">{\"@context\":\"https:\/\/schema.org\",\"@graph\":[{\"@type\":\"WebPage\",\"@id\":\"https:\/\/www.septimiaresort.ro\/hu\/wellness-gyogyaszat\/spa-szolgaltatasok\/\",\"url\":\"https:\/\/www.septimiaresort.ro\/hu\/wellness-gyogyaszat\/spa-szolgaltatasok\/\",\"name\":\"SPA szolg\u00e1ltat\u00e1sok - Septimia Hotels & SPA Resort\",\"isPartOf\":{\"@id\":\"https:\/\/www.septimiaresort.ro\/hu\/#website\"},\"datePublished\":\"2020-06-15T15:44:51+00:00\",\"dateModified\":\"2024-03-05T06:33:27+00:00\",\"description\":\"Spa szolg\u00e1ltat\u00e1sok - Szabaduljon meg a stressz okozta t\u00fcnetekt\u0151l \u00e9s nyerje vissza testi \u00e9s lelki egyens\u00faly\u00e1t. Szolg\u00e1ltat\u00e1sok \/ Felszerelts\u00e9g:\",\"breadcrumb\":{\"@id\":\"https:\/\/www.septimiaresort.ro\/hu\/wellness-gyogyaszat\/spa-szolgaltatasok\/#breadcrumb\"},\"inLanguage\":\"hu\",\"potentialAction\":[{\"@type\":\"ReadAction\",\"target\":[\"https:\/\/www.septimiaresort.ro\/hu\/wellness-gyogyaszat\/spa-szolgaltatasok\/\"]}]},{\"@type\":\"BreadcrumbList\",\"@id\":\"https:\/\/www.septimiaresort.ro\/hu\/wellness-gyogyaszat\/spa-szolgaltatasok\/#breadcrumb\",\"itemListElement\":[{\"@type\":\"ListItem\",\"position\":1,\"name\":\"Home\",\"item\":\"https:\/\/www.septimiaresort.ro\/hu\/\"},{\"@type\":\"ListItem\",\"position\":2,\"name\":\"Wellness &amp; gy\u00f3gy\u00e1szat\",\"item\":\"https:\/\/www.septimiaresort.ro\/hu\/wellness-gyogyaszat\/\"},{\"@type\":\"ListItem\",\"position\":3,\"name\":\"SPA szolg\u00e1ltat\u00e1sok\"}]},{\"@type\":\"WebSite\",\"@id\":\"https:\/\/www.septimiaresort.ro\/hu\/#website\",\"url\":\"https:\/\/www.septimiaresort.ro\/hu\/\",\"name\":\"Septimia Hotels & SPA Resort\",\"description\":\"Just another ms.decms.eu site\",\"potentialAction\":[{\"@type\":\"SearchAction\",\"target\":{\"@type\":\"EntryPoint\",\"urlTemplate\":\"https:\/\/www.septimiaresort.ro\/hu\/?s={search_term_string}\"},\"query-input\":{\"@type\":\"PropertyValueSpecification\",\"valueRequired\":true,\"valueName\":\"search_term_string\"}}],\"inLanguage\":\"hu\"}]}<\/script>\n<!-- \/ Yoast SEO plugin. -->","yoast_head_json":{"title":"SPA szolg\u00e1ltat\u00e1sok - Septimia Hotels & SPA Resort","description":"Spa szolg\u00e1ltat\u00e1sok - Szabaduljon meg a stressz okozta t\u00fcnetekt\u0151l \u00e9s nyerje vissza testi \u00e9s lelki egyens\u00faly\u00e1t. Szolg\u00e1ltat\u00e1sok \/ Felszerelts\u00e9g:","robots":{"index":"index","follow":"follow","max-snippet":"max-snippet:-1","max-image-preview":"max-image-preview:large","max-video-preview":"max-video-preview:-1"},"canonical":"https:\/\/www.septimiaresort.ro\/hu\/wellness-gyogyaszat\/spa-szolgaltatasok\/","og_locale":"hu_HU","og_type":"article","og_title":"SPA szolg\u00e1ltat\u00e1sok - Septimia Hotels & SPA Resort","og_description":"Spa szolg\u00e1ltat\u00e1sok - Szabaduljon meg a stressz okozta t\u00fcnetekt\u0151l \u00e9s nyerje vissza testi \u00e9s lelki egyens\u00faly\u00e1t. Szolg\u00e1ltat\u00e1sok \/ Felszerelts\u00e9g:","og_url":"https:\/\/www.septimiaresort.ro\/hu\/wellness-gyogyaszat\/spa-szolgaltatasok\/","og_site_name":"Septimia Hotels & SPA Resort","article_modified_time":"2024-03-05T06:33:27+00:00","twitter_card":"summary_large_image","schema":{"@context":"https:\/\/schema.org","@graph":[{"@type":"WebPage","@id":"https:\/\/www.septimiaresort.ro\/hu\/wellness-gyogyaszat\/spa-szolgaltatasok\/","url":"https:\/\/www.septimiaresort.ro\/hu\/wellness-gyogyaszat\/spa-szolgaltatasok\/","name":"SPA szolg\u00e1ltat\u00e1sok - Septimia Hotels & SPA Resort","isPartOf":{"@id":"https:\/\/www.septimiaresort.ro\/hu\/#website"},"datePublished":"2020-06-15T15:44:51+00:00","dateModified":"2024-03-05T06:33:27+00:00","description":"Spa szolg\u00e1ltat\u00e1sok - Szabaduljon meg a stressz okozta t\u00fcnetekt\u0151l \u00e9s nyerje vissza testi \u00e9s lelki egyens\u00faly\u00e1t. Szolg\u00e1ltat\u00e1sok \/ Felszerelts\u00e9g:","breadcrumb":{"@id":"https:\/\/www.septimiaresort.ro\/hu\/wellness-gyogyaszat\/spa-szolgaltatasok\/#breadcrumb"},"inLanguage":"hu","potentialAction":[{"@type":"ReadAction","target":["https:\/\/www.septimiaresort.ro\/hu\/wellness-gyogyaszat\/spa-szolgaltatasok\/"]}]},{"@type":"BreadcrumbList","@id":"https:\/\/www.septimiaresort.ro\/hu\/wellness-gyogyaszat\/spa-szolgaltatasok\/#breadcrumb","itemListElement":[{"@type":"ListItem","position":1,"name":"Home","item":"https:\/\/www.septimiaresort.ro\/hu\/"},{"@type":"ListItem","position":2,"name":"Wellness &amp; gy\u00f3gy\u00e1szat","item":"https:\/\/www.septimiaresort.ro\/hu\/wellness-gyogyaszat\/"},{"@type":"ListItem","position":3,"name":"SPA szolg\u00e1ltat\u00e1sok"}]},{"@type":"WebSite","@id":"https:\/\/www.septimiaresort.ro\/hu\/#website","url":"https:\/\/www.septimiaresort.ro\/hu\/","name":"Septimia Hotels & SPA Resort","description":"Just another ms.decms.eu site","potentialAction":[{"@type":"SearchAction","target":{"@type":"EntryPoint","urlTemplate":"https:\/\/www.septimiaresort.ro\/hu\/?s={search_term_string}"},"query-input":{"@type":"PropertyValueSpecification","valueRequired":true,"valueName":"search_term_string"}}],"inLanguage":"hu"}]}},"acf":[],"_links":{"self":[{"href":"https:\/\/www.septimiaresort.ro\/hu\/wp-json\/wp\/v2\/pages\/260","targetHints":{"allow":["GET"]}}],"collection":[{"href":"https:\/\/www.septimiaresort.ro\/hu\/wp-json\/wp\/v2\/pages"}],"about":[{"href":"https:\/\/www.septimiaresort.ro\/hu\/wp-json\/wp\/v2\/types\/page"}],"author":[{"embeddable":true,"href":"https:\/\/www.septimiaresort.ro\/hu\/wp-json\/wp\/v2\/users\/7"}],"replies":[{"embeddable":true,"href":"https:\/\/www.septimiaresort.ro\/hu\/wp-json\/wp\/v2\/comments?post=260"}],"version-history":[{"count":0,"href":"https:\/\/www.septimiaresort.ro\/hu\/wp-json\/wp\/v2\/pages\/260\/revisions"}],"up":[{"embeddable":true,"href":"https:\/\/www.septimiaresort.ro\/hu\/wp-json\/wp\/v2\/pages\/259"}],"wp:attachment":[{"href":"https:\/\/www.septimiaresort.ro\/hu\/wp-json\/wp\/v2\/media?parent=260"}],"curies":[{"name":"wp","href":"https:\/\/api.w.org\/{rel}","templated":true}]}}