{"id":263,"date":"2020-06-15T16:04:39","date_gmt":"2020-06-15T16:04:39","guid":{"rendered":"http:\/\/septimia-hotels-spa-resort.ms.decms.eu\/?page_id=263"},"modified":"2024-04-02T11:56:05","modified_gmt":"2024-04-02T11:56:05","slug":"spa-es-sport","status":"publish","type":"page","link":"https:\/\/www.septimiaresort.ro\/hu\/wellness-gyogyaszat\/spa-es-sport\/","title":{"rendered":"SPA \u00e9s Sport"},"content":{"rendered":"<p>Mozg\u00e1sform\u00e1k:<\/p>\n<ul>\n<li>fallabda<\/li>\n<li>asztalitenisz<\/li>\n<li>szabadt\u00e9ri minifoci sportp\u00e1lya<\/li>\n<li>\u00fasz\u00e1soktat\u00e1s.<\/li>\n<\/ul>\n<p>&nbsp;<\/p>\n","protected":false},"excerpt":{"rendered":"<p>Mozg\u00e1sform\u00e1k: fallabda asztalitenisz szabadt\u00e9ri minifoci sportp\u00e1lya \u00fasz\u00e1soktat\u00e1s. &nbsp;<\/p>\n","protected":false},"author":7,"featured_media":0,"parent":259,"menu_order":4,"comment_status":"closed","ping_status":"closed","template":"","meta":{"footnotes":""},"class_list":["post-263","page","type-page","status-publish","hentry"],"yoast_head":"<!-- This site is optimized with the Yoast SEO plugin v26.9 - https:\/\/yoast.com\/product\/yoast-seo-wordpress\/ -->\n<title>SPA \u00e9s Sport - Septimia Hotels &amp; SPA Resort<\/title>\n<meta name=\"description\" content=\"Sportp\u00e1lya a Septimi\u00e1ban! Mi form\u00e1ban tartjuk! Mozg\u00e1sform\u00e1k: fallabda, asztalitenisz, szabadt\u00e9ri sportp\u00e1ly\u00e1k, fitness \u00e9s edz\u00e9sek.\" \/>\n<meta name=\"robots\" content=\"index, follow, max-snippet:-1, max-image-preview:large, max-video-preview:-1\" \/>\n<link rel=\"canonical\" href=\"https:\/\/www.septimiaresort.ro\/hu\/wellness-gyogyaszat\/spa-es-sport\/\" \/>\n<meta property=\"og:locale\" content=\"hu_HU\" \/>\n<meta property=\"og:type\" content=\"article\" \/>\n<meta property=\"og:title\" content=\"SPA \u00e9s Sport - Septimia Hotels &amp; SPA Resort\" \/>\n<meta property=\"og:description\" content=\"Sportp\u00e1lya a Septimi\u00e1ban! Mi form\u00e1ban tartjuk! Mozg\u00e1sform\u00e1k: fallabda, asztalitenisz, szabadt\u00e9ri sportp\u00e1ly\u00e1k, fitness \u00e9s edz\u00e9sek.\" \/>\n<meta property=\"og:url\" content=\"https:\/\/www.septimiaresort.ro\/hu\/wellness-gyogyaszat\/spa-es-sport\/\" \/>\n<meta property=\"og:site_name\" content=\"Septimia Hotels &amp; SPA Resort\" \/>\n<meta property=\"article:modified_time\" content=\"2024-04-02T11:56:05+00:00\" \/>\n<meta name=\"twitter:card\" content=\"summary_large_image\" \/>\n<meta name=\"twitter:label1\" content=\"Becs\u00fclt olvas\u00e1si id\u0151\" \/>\n\t<meta name=\"twitter:data1\" content=\"1 perc\" \/>\n<script type=\"application\/ld+json\" class=\"yoast-schema-graph\">{\"@context\":\"https:\/\/schema.org\",\"@graph\":[{\"@type\":\"WebPage\",\"@id\":\"https:\/\/www.septimiaresort.ro\/hu\/wellness-gyogyaszat\/spa-es-sport\/\",\"url\":\"https:\/\/www.septimiaresort.ro\/hu\/wellness-gyogyaszat\/spa-es-sport\/\",\"name\":\"SPA \u00e9s Sport - Septimia Hotels & SPA Resort\",\"isPartOf\":{\"@id\":\"https:\/\/www.septimiaresort.ro\/hu\/#website\"},\"datePublished\":\"2020-06-15T16:04:39+00:00\",\"dateModified\":\"2024-04-02T11:56:05+00:00\",\"description\":\"Sportp\u00e1lya a Septimi\u00e1ban! Mi form\u00e1ban tartjuk! Mozg\u00e1sform\u00e1k: fallabda, asztalitenisz, szabadt\u00e9ri sportp\u00e1ly\u00e1k, fitness \u00e9s edz\u00e9sek.\",\"breadcrumb\":{\"@id\":\"https:\/\/www.septimiaresort.ro\/hu\/wellness-gyogyaszat\/spa-es-sport\/#breadcrumb\"},\"inLanguage\":\"hu\",\"potentialAction\":[{\"@type\":\"ReadAction\",\"target\":[\"https:\/\/www.septimiaresort.ro\/hu\/wellness-gyogyaszat\/spa-es-sport\/\"]}]},{\"@type\":\"BreadcrumbList\",\"@id\":\"https:\/\/www.septimiaresort.ro\/hu\/wellness-gyogyaszat\/spa-es-sport\/#breadcrumb\",\"itemListElement\":[{\"@type\":\"ListItem\",\"position\":1,\"name\":\"Home\",\"item\":\"https:\/\/www.septimiaresort.ro\/hu\/\"},{\"@type\":\"ListItem\",\"position\":2,\"name\":\"Wellness &amp; gy\u00f3gy\u00e1szat\",\"item\":\"https:\/\/www.septimiaresort.ro\/hu\/wellness-gyogyaszat\/\"},{\"@type\":\"ListItem\",\"position\":3,\"name\":\"SPA \u00e9s Sport\"}]},{\"@type\":\"WebSite\",\"@id\":\"https:\/\/www.septimiaresort.ro\/hu\/#website\",\"url\":\"https:\/\/www.septimiaresort.ro\/hu\/\",\"name\":\"Septimia Hotels & SPA Resort\",\"description\":\"Just another ms.decms.eu site\",\"potentialAction\":[{\"@type\":\"SearchAction\",\"target\":{\"@type\":\"EntryPoint\",\"urlTemplate\":\"https:\/\/www.septimiaresort.ro\/hu\/?s={search_term_string}\"},\"query-input\":{\"@type\":\"PropertyValueSpecification\",\"valueRequired\":true,\"valueName\":\"search_term_string\"}}],\"inLanguage\":\"hu\"}]}<\/script>\n<!-- \/ Yoast SEO plugin. -->","yoast_head_json":{"title":"SPA \u00e9s Sport - Septimia Hotels & SPA Resort","description":"Sportp\u00e1lya a Septimi\u00e1ban! Mi form\u00e1ban tartjuk! Mozg\u00e1sform\u00e1k: fallabda, asztalitenisz, szabadt\u00e9ri sportp\u00e1ly\u00e1k, fitness \u00e9s edz\u00e9sek.","robots":{"index":"index","follow":"follow","max-snippet":"max-snippet:-1","max-image-preview":"max-image-preview:large","max-video-preview":"max-video-preview:-1"},"canonical":"https:\/\/www.septimiaresort.ro\/hu\/wellness-gyogyaszat\/spa-es-sport\/","og_locale":"hu_HU","og_type":"article","og_title":"SPA \u00e9s Sport - Septimia Hotels & SPA Resort","og_description":"Sportp\u00e1lya a Septimi\u00e1ban! Mi form\u00e1ban tartjuk! Mozg\u00e1sform\u00e1k: fallabda, asztalitenisz, szabadt\u00e9ri sportp\u00e1ly\u00e1k, fitness \u00e9s edz\u00e9sek.","og_url":"https:\/\/www.septimiaresort.ro\/hu\/wellness-gyogyaszat\/spa-es-sport\/","og_site_name":"Septimia Hotels & SPA Resort","article_modified_time":"2024-04-02T11:56:05+00:00","twitter_card":"summary_large_image","twitter_misc":{"Becs\u00fclt olvas\u00e1si id\u0151":"1 perc"},"schema":{"@context":"https:\/\/schema.org","@graph":[{"@type":"WebPage","@id":"https:\/\/www.septimiaresort.ro\/hu\/wellness-gyogyaszat\/spa-es-sport\/","url":"https:\/\/www.septimiaresort.ro\/hu\/wellness-gyogyaszat\/spa-es-sport\/","name":"SPA \u00e9s Sport - Septimia Hotels & SPA Resort","isPartOf":{"@id":"https:\/\/www.septimiaresort.ro\/hu\/#website"},"datePublished":"2020-06-15T16:04:39+00:00","dateModified":"2024-04-02T11:56:05+00:00","description":"Sportp\u00e1lya a Septimi\u00e1ban! Mi form\u00e1ban tartjuk! Mozg\u00e1sform\u00e1k: fallabda, asztalitenisz, szabadt\u00e9ri sportp\u00e1ly\u00e1k, fitness \u00e9s edz\u00e9sek.","breadcrumb":{"@id":"https:\/\/www.septimiaresort.ro\/hu\/wellness-gyogyaszat\/spa-es-sport\/#breadcrumb"},"inLanguage":"hu","potentialAction":[{"@type":"ReadAction","target":["https:\/\/www.septimiaresort.ro\/hu\/wellness-gyogyaszat\/spa-es-sport\/"]}]},{"@type":"BreadcrumbList","@id":"https:\/\/www.septimiaresort.ro\/hu\/wellness-gyogyaszat\/spa-es-sport\/#breadcrumb","itemListElement":[{"@type":"ListItem","position":1,"name":"Home","item":"https:\/\/www.septimiaresort.ro\/hu\/"},{"@type":"ListItem","position":2,"name":"Wellness &amp; gy\u00f3gy\u00e1szat","item":"https:\/\/www.septimiaresort.ro\/hu\/wellness-gyogyaszat\/"},{"@type":"ListItem","position":3,"name":"SPA \u00e9s Sport"}]},{"@type":"WebSite","@id":"https:\/\/www.septimiaresort.ro\/hu\/#website","url":"https:\/\/www.septimiaresort.ro\/hu\/","name":"Septimia Hotels & SPA Resort","description":"Just another ms.decms.eu site","potentialAction":[{"@type":"SearchAction","target":{"@type":"EntryPoint","urlTemplate":"https:\/\/www.septimiaresort.ro\/hu\/?s={search_term_string}"},"query-input":{"@type":"PropertyValueSpecification","valueRequired":true,"valueName":"search_term_string"}}],"inLanguage":"hu"}]}},"acf":[],"_links":{"self":[{"href":"https:\/\/www.septimiaresort.ro\/hu\/wp-json\/wp\/v2\/pages\/263","targetHints":{"allow":["GET"]}}],"collection":[{"href":"https:\/\/www.septimiaresort.ro\/hu\/wp-json\/wp\/v2\/pages"}],"about":[{"href":"https:\/\/www.septimiaresort.ro\/hu\/wp-json\/wp\/v2\/types\/page"}],"author":[{"embeddable":true,"href":"https:\/\/www.septimiaresort.ro\/hu\/wp-json\/wp\/v2\/users\/7"}],"replies":[{"embeddable":true,"href":"https:\/\/www.septimiaresort.ro\/hu\/wp-json\/wp\/v2\/comments?post=263"}],"version-history":[{"count":0,"href":"https:\/\/www.septimiaresort.ro\/hu\/wp-json\/wp\/v2\/pages\/263\/revisions"}],"up":[{"embeddable":true,"href":"https:\/\/www.septimiaresort.ro\/hu\/wp-json\/wp\/v2\/pages\/259"}],"wp:attachment":[{"href":"https:\/\/www.septimiaresort.ro\/hu\/wp-json\/wp\/v2\/media?parent=263"}],"curies":[{"name":"wp","href":"https:\/\/api.w.org\/{rel}","templated":true}]}}