{"id":265,"date":"2020-06-15T16:13:14","date_gmt":"2020-06-15T16:13:14","guid":{"rendered":"http:\/\/septimia-hotels-spa-resort.ms.decms.eu\/?page_id=265"},"modified":"2026-04-24T06:24:05","modified_gmt":"2026-04-24T06:24:05","slug":"business-club","status":"publish","type":"page","link":"https:\/\/www.septimiaresort.ro\/hu\/business-club\/","title":{"rendered":"C\u00c9GES \u00c9S PRIV\u00c1T RENDEZV\u00c9NYEK"},"content":{"rendered":"<p data-start=\"146\" data-end=\"415\">Legyen sz\u00f3 csapat\u00e9p\u00edt\u00e9sr\u0151l, \u00fczleti tal\u00e1lkoz\u00f3r\u00f3l vagy \u00e9letetek egyik legfontosabb esem\u00e9ny\u00e9r\u0151l, n\u00e1lunk minden alkalom k\u00fcl\u00f6nleges \u00e9lm\u00e9nny\u00e9 v\u00e1lik. Modern k\u00f6rnyezet, rugalmas megold\u00e1sok \u00e9s teljes k\u00f6r\u0171 szervez\u00e9s \u2013 hogy nektek val\u00f3ban csak az \u00e9lm\u00e9nyre kelljen koncentr\u00e1lnotok.<\/p>\n<p data-start=\"417\" data-end=\"713\">T\u00f6k\u00e9letes helysz\u00ednt biztos\u00edtunk kisebb \u00e9s nagyobb l\u00e9tsz\u00e1m\u00fa esem\u00e9nyekhez is, ahol a professzionalizmus \u00e9s a kikapcsol\u00f3d\u00e1s egyens\u00falyban tal\u00e1lkozik. Legyen sz\u00f3 egy inspir\u00e1l\u00f3 konferenci\u00e1r\u00f3l, egy lend\u00fcletes csapat\u00e9p\u00edt\u0151r\u0151l vagy egy meghitt csal\u00e1di \u00fcnnepr\u0151l, minden r\u00e9szletet az ig\u00e9nyeitekhez igaz\u00edtunk.<\/p>\n<p data-start=\"715\" data-end=\"788\">\n","protected":false},"excerpt":{"rendered":"<p>Legyen sz\u00f3 csapat\u00e9p\u00edt\u00e9sr\u0151l, \u00fczleti tal\u00e1lkoz\u00f3r\u00f3l vagy \u00e9letetek egyik legfontosabb esem\u00e9ny\u00e9r\u0151l, n\u00e1lunk minden alkalom k\u00fcl\u00f6nleges \u00e9lm\u00e9nny\u00e9 v\u00e1lik. Modern k\u00f6rnyezet, rugalmas megold\u00e1sok \u00e9s teljes k\u00f6r\u0171 szervez\u00e9s \u2013 hogy nektek val\u00f3ban csak az \u00e9lm\u00e9nyre kelljen koncentr\u00e1lnotok. T\u00f6k\u00e9letes helysz\u00ednt biztos\u00edtunk kisebb \u00e9s nagyobb l\u00e9tsz\u00e1m\u00fa esem\u00e9nyekhez is, ahol a professzionalizmus \u00e9s a kikapcsol\u00f3d\u00e1s egyens\u00falyban tal\u00e1lkozik. Legyen sz\u00f3 egy inspir\u00e1l\u00f3 konferenci\u00e1r\u00f3l, [&hellip;]<\/p>\n","protected":false},"author":7,"featured_media":0,"parent":0,"menu_order":15,"comment_status":"closed","ping_status":"closed","template":"","meta":{"footnotes":""},"class_list":["post-265","page","type-page","status-publish","hentry"],"yoast_head":"<!-- This site is optimized with the Yoast SEO plugin v26.9 - https:\/\/yoast.com\/product\/yoast-seo-wordpress\/ -->\n<title>C\u00c9GES \u00c9S PRIV\u00c1T RENDEZV\u00c9NYEK - Septimia Hotels &amp; SPA Resort<\/title>\n<meta name=\"description\" content=\"Septimia Business Club! Kifinomult \u00e9s eleg\u00e1ns k\u00f6rnyezetben megfelel\u0151 szolg\u00e1ltat\u00e1sokat k\u00edn\u00e1lunk a sikeres \u00fczleti utaz\u00e1s\u00e1hoz!\" \/>\n<meta name=\"robots\" content=\"index, follow, max-snippet:-1, max-image-preview:large, max-video-preview:-1\" \/>\n<link rel=\"canonical\" href=\"https:\/\/www.septimiaresort.ro\/hu\/business-club\/\" \/>\n<meta property=\"og:locale\" content=\"hu_HU\" \/>\n<meta property=\"og:type\" content=\"article\" \/>\n<meta property=\"og:title\" content=\"C\u00c9GES \u00c9S PRIV\u00c1T RENDEZV\u00c9NYEK - Septimia Hotels &amp; SPA Resort\" \/>\n<meta property=\"og:description\" content=\"Septimia Business Club! Kifinomult \u00e9s eleg\u00e1ns k\u00f6rnyezetben megfelel\u0151 szolg\u00e1ltat\u00e1sokat k\u00edn\u00e1lunk a sikeres \u00fczleti utaz\u00e1s\u00e1hoz!\" \/>\n<meta property=\"og:url\" content=\"https:\/\/www.septimiaresort.ro\/hu\/business-club\/\" \/>\n<meta property=\"og:site_name\" content=\"Septimia Hotels &amp; SPA Resort\" \/>\n<meta property=\"article:modified_time\" content=\"2026-04-24T06:24:05+00:00\" \/>\n<meta name=\"twitter:card\" content=\"summary_large_image\" \/>\n<meta name=\"twitter:label1\" content=\"Becs\u00fclt olvas\u00e1si id\u0151\" \/>\n\t<meta name=\"twitter:data1\" content=\"1 perc\" \/>\n<script type=\"application\/ld+json\" class=\"yoast-schema-graph\">{\"@context\":\"https:\/\/schema.org\",\"@graph\":[{\"@type\":\"WebPage\",\"@id\":\"https:\/\/www.septimiaresort.ro\/hu\/business-club\/\",\"url\":\"https:\/\/www.septimiaresort.ro\/hu\/business-club\/\",\"name\":\"C\u00c9GES \u00c9S PRIV\u00c1T RENDEZV\u00c9NYEK - Septimia Hotels & SPA Resort\",\"isPartOf\":{\"@id\":\"https:\/\/www.septimiaresort.ro\/hu\/#website\"},\"datePublished\":\"2020-06-15T16:13:14+00:00\",\"dateModified\":\"2026-04-24T06:24:05+00:00\",\"description\":\"Septimia Business Club! Kifinomult \u00e9s eleg\u00e1ns k\u00f6rnyezetben megfelel\u0151 szolg\u00e1ltat\u00e1sokat k\u00edn\u00e1lunk a sikeres \u00fczleti utaz\u00e1s\u00e1hoz!\",\"breadcrumb\":{\"@id\":\"https:\/\/www.septimiaresort.ro\/hu\/business-club\/#breadcrumb\"},\"inLanguage\":\"hu\",\"potentialAction\":[{\"@type\":\"ReadAction\",\"target\":[\"https:\/\/www.septimiaresort.ro\/hu\/business-club\/\"]}]},{\"@type\":\"BreadcrumbList\",\"@id\":\"https:\/\/www.septimiaresort.ro\/hu\/business-club\/#breadcrumb\",\"itemListElement\":[{\"@type\":\"ListItem\",\"position\":1,\"name\":\"Home\",\"item\":\"https:\/\/www.septimiaresort.ro\/hu\/\"},{\"@type\":\"ListItem\",\"position\":2,\"name\":\"C\u00c9GES \u00c9S PRIV\u00c1T RENDEZV\u00c9NYEK\"}]},{\"@type\":\"WebSite\",\"@id\":\"https:\/\/www.septimiaresort.ro\/hu\/#website\",\"url\":\"https:\/\/www.septimiaresort.ro\/hu\/\",\"name\":\"Septimia Hotels & SPA Resort\",\"description\":\"Just another ms.decms.eu site\",\"potentialAction\":[{\"@type\":\"SearchAction\",\"target\":{\"@type\":\"EntryPoint\",\"urlTemplate\":\"https:\/\/www.septimiaresort.ro\/hu\/?s={search_term_string}\"},\"query-input\":{\"@type\":\"PropertyValueSpecification\",\"valueRequired\":true,\"valueName\":\"search_term_string\"}}],\"inLanguage\":\"hu\"}]}<\/script>\n<!-- \/ Yoast SEO plugin. -->","yoast_head_json":{"title":"C\u00c9GES \u00c9S PRIV\u00c1T RENDEZV\u00c9NYEK - Septimia Hotels & SPA Resort","description":"Septimia Business Club! Kifinomult \u00e9s eleg\u00e1ns k\u00f6rnyezetben megfelel\u0151 szolg\u00e1ltat\u00e1sokat k\u00edn\u00e1lunk a sikeres \u00fczleti utaz\u00e1s\u00e1hoz!","robots":{"index":"index","follow":"follow","max-snippet":"max-snippet:-1","max-image-preview":"max-image-preview:large","max-video-preview":"max-video-preview:-1"},"canonical":"https:\/\/www.septimiaresort.ro\/hu\/business-club\/","og_locale":"hu_HU","og_type":"article","og_title":"C\u00c9GES \u00c9S PRIV\u00c1T RENDEZV\u00c9NYEK - Septimia Hotels & SPA Resort","og_description":"Septimia Business Club! Kifinomult \u00e9s eleg\u00e1ns k\u00f6rnyezetben megfelel\u0151 szolg\u00e1ltat\u00e1sokat k\u00edn\u00e1lunk a sikeres \u00fczleti utaz\u00e1s\u00e1hoz!","og_url":"https:\/\/www.septimiaresort.ro\/hu\/business-club\/","og_site_name":"Septimia Hotels & SPA Resort","article_modified_time":"2026-04-24T06:24:05+00:00","twitter_card":"summary_large_image","twitter_misc":{"Becs\u00fclt olvas\u00e1si id\u0151":"1 perc"},"schema":{"@context":"https:\/\/schema.org","@graph":[{"@type":"WebPage","@id":"https:\/\/www.septimiaresort.ro\/hu\/business-club\/","url":"https:\/\/www.septimiaresort.ro\/hu\/business-club\/","name":"C\u00c9GES \u00c9S PRIV\u00c1T RENDEZV\u00c9NYEK - Septimia Hotels & SPA Resort","isPartOf":{"@id":"https:\/\/www.septimiaresort.ro\/hu\/#website"},"datePublished":"2020-06-15T16:13:14+00:00","dateModified":"2026-04-24T06:24:05+00:00","description":"Septimia Business Club! Kifinomult \u00e9s eleg\u00e1ns k\u00f6rnyezetben megfelel\u0151 szolg\u00e1ltat\u00e1sokat k\u00edn\u00e1lunk a sikeres \u00fczleti utaz\u00e1s\u00e1hoz!","breadcrumb":{"@id":"https:\/\/www.septimiaresort.ro\/hu\/business-club\/#breadcrumb"},"inLanguage":"hu","potentialAction":[{"@type":"ReadAction","target":["https:\/\/www.septimiaresort.ro\/hu\/business-club\/"]}]},{"@type":"BreadcrumbList","@id":"https:\/\/www.septimiaresort.ro\/hu\/business-club\/#breadcrumb","itemListElement":[{"@type":"ListItem","position":1,"name":"Home","item":"https:\/\/www.septimiaresort.ro\/hu\/"},{"@type":"ListItem","position":2,"name":"C\u00c9GES \u00c9S PRIV\u00c1T RENDEZV\u00c9NYEK"}]},{"@type":"WebSite","@id":"https:\/\/www.septimiaresort.ro\/hu\/#website","url":"https:\/\/www.septimiaresort.ro\/hu\/","name":"Septimia Hotels & SPA Resort","description":"Just another ms.decms.eu site","potentialAction":[{"@type":"SearchAction","target":{"@type":"EntryPoint","urlTemplate":"https:\/\/www.septimiaresort.ro\/hu\/?s={search_term_string}"},"query-input":{"@type":"PropertyValueSpecification","valueRequired":true,"valueName":"search_term_string"}}],"inLanguage":"hu"}]}},"acf":[],"_links":{"self":[{"href":"https:\/\/www.septimiaresort.ro\/hu\/wp-json\/wp\/v2\/pages\/265","targetHints":{"allow":["GET"]}}],"collection":[{"href":"https:\/\/www.septimiaresort.ro\/hu\/wp-json\/wp\/v2\/pages"}],"about":[{"href":"https:\/\/www.septimiaresort.ro\/hu\/wp-json\/wp\/v2\/types\/page"}],"author":[{"embeddable":true,"href":"https:\/\/www.septimiaresort.ro\/hu\/wp-json\/wp\/v2\/users\/7"}],"replies":[{"embeddable":true,"href":"https:\/\/www.septimiaresort.ro\/hu\/wp-json\/wp\/v2\/comments?post=265"}],"version-history":[{"count":0,"href":"https:\/\/www.septimiaresort.ro\/hu\/wp-json\/wp\/v2\/pages\/265\/revisions"}],"wp:attachment":[{"href":"https:\/\/www.septimiaresort.ro\/hu\/wp-json\/wp\/v2\/media?parent=265"}],"curies":[{"name":"wp","href":"https:\/\/api.w.org\/{rel}","templated":true}]}}