{"id":266,"date":"2020-06-15T16:19:17","date_gmt":"2020-06-15T16:19:17","guid":{"rendered":"http:\/\/septimia-hotels-spa-resort.ms.decms.eu\/?page_id=266"},"modified":"2026-04-28T07:52:32","modified_gmt":"2026-04-28T07:52:32","slug":"uzleti-talalkozok-konferenciak","status":"publish","type":"page","link":"https:\/\/www.septimiaresort.ro\/hu\/business-club\/uzleti-talalkozok-konferenciak\/","title":{"rendered":"\u00dczleti Tal\u00e1lkoz\u00f3, Konferencia"},"content":{"rendered":"<p>K\u00e9t helysz\u00ednt biztos\u00edtunk \u00fczleti esem\u00e9nye sz\u00e1m\u00e1ra:<\/p>\n<p>1. <strong>Konferencia terem<\/strong><br \/>\nA modern berendez\u00e9s\u0171 terem korszer\u0171 technik\u00e1val van felszerelve, l\u00e9tsz\u00e1m \u00e9s ig\u00e9ny f\u00fcggv\u00e9ny\u00e9ben v\u00e1ltoz\u00f3 teremberendez\u00e9ssel k\u00e9rhet\u0151.<\/p>\n<p><strong>A terem kapacit\u00e1sa<\/strong><\/p>\n<p><strong>Felszerelts\u00e9g<\/strong>:<\/p>\n<ul>\n<li>videoprojektor<\/li>\n<li>vet\u00edt\u0151v\u00e1szon<\/li>\n<li>flipchart<\/li>\n<li>saj\u00e1t hangos\u00edt\u00e1s<\/li>\n<\/ul>\n<p><strong>K\u00e1v\u00e9sz\u00fcnet ig\u00e9nyelhet\u0151 ( Julius Meinl k\u00e1v\u00e9k\u00fcl\u00f6nlegess\u00e9gek, tea, \u00fcd\u00edt\u0151italok \u00e9s teas\u00fctem\u00e9nyek).<\/strong><\/p>\n<p><strong>KONFERENCIA TEREM B\u00c9RLETI D\u00cdJ \u00c9S EGY\u00c9B K\u00d6LTS\u00c9GEK<br \/>\n70 f\u00e9r\u0151helyes kapacit\u00e1ssal<br \/>\n<\/strong><\/p>\n<p>F\u00e9lnapos terem b\u00e9rl\u00e9s: 400 RON<br \/>\nEg\u00e9sz napos terem b\u00e9rl\u00e9s: 550 RON<\/p>\n<p>Flipchart b\u00e9rl\u00e9s: 50 RON<br \/>\nProjektor b\u00e9rl\u00e9s: 50 RON<br \/>\nTV b\u00e9rl\u00e9s &#8211; 200 cm \u00e1tm\u00e9r\u00f3j\u0171: 70 RON<br \/>\nFord\u00edt\u00f3 audi\u00f3 rendszer &#8211; min. 10 f\u0151re val\u00f3 megrendel\u00e9s sz\u00fcks\u00e9ges: 70 RON \/ f\u0151<\/p>\n<p><strong>2. Hotel \u00c9tterem<\/strong><br \/>\nA 250 f\u00e9r\u0151helyes terem optim\u00e1lis prezent\u00e1ci\u00f3khoz, nagyobb l\u00e9tsz\u00e1m\u00fa konferenci\u00e1hoz, v\u00e1llalati partikhoz.<\/p>\n","protected":false},"excerpt":{"rendered":"<p>K\u00e9t helysz\u00ednt biztos\u00edtunk \u00fczleti esem\u00e9nye sz\u00e1m\u00e1ra: 1. Konferencia terem A modern berendez\u00e9s\u0171 terem korszer\u0171 technik\u00e1val van felszerelve, l\u00e9tsz\u00e1m \u00e9s ig\u00e9ny f\u00fcggv\u00e9ny\u00e9ben v\u00e1ltoz\u00f3 teremberendez\u00e9ssel k\u00e9rhet\u0151. A terem kapacit\u00e1sa Felszerelts\u00e9g: videoprojektor vet\u00edt\u0151v\u00e1szon flipchart saj\u00e1t hangos\u00edt\u00e1s K\u00e1v\u00e9sz\u00fcnet ig\u00e9nyelhet\u0151 ( Julius Meinl k\u00e1v\u00e9k\u00fcl\u00f6nlegess\u00e9gek, tea, \u00fcd\u00edt\u0151italok \u00e9s teas\u00fctem\u00e9nyek). KONFERENCIA TEREM B\u00c9RLETI D\u00cdJ \u00c9S EGY\u00c9B K\u00d6LTS\u00c9GEK 70 f\u00e9r\u0151helyes kapacit\u00e1ssal F\u00e9lnapos terem [&hellip;]<\/p>\n","protected":false},"author":7,"featured_media":0,"parent":265,"menu_order":0,"comment_status":"closed","ping_status":"closed","template":"","meta":{"footnotes":""},"class_list":["post-266","page","type-page","status-publish","hentry"],"yoast_head":"<!-- This site is optimized with the Yoast SEO plugin v26.9 - https:\/\/yoast.com\/product\/yoast-seo-wordpress\/ -->\n<title>\u00dczleti Tal\u00e1lkoz\u00f3, Konferencia - Septimia Hotels &amp; SPA Resort<\/title>\n<meta name=\"description\" content=\"K\u00e9t helysz\u00ednt biztos\u00edtunk \u00fczleti esem\u00e9nye sz\u00e1m\u00e1ra: Konferencia terem \u00e9s Hotel \u00c9tterem.\" \/>\n<meta name=\"robots\" content=\"index, follow, max-snippet:-1, max-image-preview:large, max-video-preview:-1\" \/>\n<link rel=\"canonical\" href=\"https:\/\/www.septimiaresort.ro\/hu\/business-club\/uzleti-talalkozok-konferenciak\/\" \/>\n<meta property=\"og:locale\" content=\"hu_HU\" \/>\n<meta property=\"og:type\" content=\"article\" \/>\n<meta property=\"og:title\" content=\"\u00dczleti Tal\u00e1lkoz\u00f3, Konferencia - Septimia Hotels &amp; SPA Resort\" \/>\n<meta property=\"og:description\" content=\"K\u00e9t helysz\u00ednt biztos\u00edtunk \u00fczleti esem\u00e9nye sz\u00e1m\u00e1ra: Konferencia terem \u00e9s Hotel \u00c9tterem.\" \/>\n<meta property=\"og:url\" content=\"https:\/\/www.septimiaresort.ro\/hu\/business-club\/uzleti-talalkozok-konferenciak\/\" \/>\n<meta property=\"og:site_name\" content=\"Septimia Hotels &amp; SPA Resort\" \/>\n<meta property=\"article:modified_time\" content=\"2026-04-28T07:52:32+00:00\" \/>\n<meta name=\"twitter:card\" content=\"summary_large_image\" \/>\n<meta name=\"twitter:label1\" content=\"Becs\u00fclt olvas\u00e1si id\u0151\" \/>\n\t<meta name=\"twitter:data1\" content=\"1 perc\" \/>\n<script type=\"application\/ld+json\" class=\"yoast-schema-graph\">{\"@context\":\"https:\/\/schema.org\",\"@graph\":[{\"@type\":\"WebPage\",\"@id\":\"https:\/\/www.septimiaresort.ro\/hu\/business-club\/uzleti-talalkozok-konferenciak\/\",\"url\":\"https:\/\/www.septimiaresort.ro\/hu\/business-club\/uzleti-talalkozok-konferenciak\/\",\"name\":\"\u00dczleti Tal\u00e1lkoz\u00f3, Konferencia - Septimia Hotels & SPA Resort\",\"isPartOf\":{\"@id\":\"https:\/\/www.septimiaresort.ro\/hu\/#website\"},\"datePublished\":\"2020-06-15T16:19:17+00:00\",\"dateModified\":\"2026-04-28T07:52:32+00:00\",\"description\":\"K\u00e9t helysz\u00ednt biztos\u00edtunk \u00fczleti esem\u00e9nye sz\u00e1m\u00e1ra: Konferencia terem \u00e9s Hotel \u00c9tterem.\",\"breadcrumb\":{\"@id\":\"https:\/\/www.septimiaresort.ro\/hu\/business-club\/uzleti-talalkozok-konferenciak\/#breadcrumb\"},\"inLanguage\":\"hu\",\"potentialAction\":[{\"@type\":\"ReadAction\",\"target\":[\"https:\/\/www.septimiaresort.ro\/hu\/business-club\/uzleti-talalkozok-konferenciak\/\"]}]},{\"@type\":\"BreadcrumbList\",\"@id\":\"https:\/\/www.septimiaresort.ro\/hu\/business-club\/uzleti-talalkozok-konferenciak\/#breadcrumb\",\"itemListElement\":[{\"@type\":\"ListItem\",\"position\":1,\"name\":\"Home\",\"item\":\"https:\/\/www.septimiaresort.ro\/hu\/\"},{\"@type\":\"ListItem\",\"position\":2,\"name\":\"C\u00c9GES \u00c9S PRIV\u00c1T RENDEZV\u00c9NYEK\",\"item\":\"https:\/\/www.septimiaresort.ro\/hu\/business-club\/\"},{\"@type\":\"ListItem\",\"position\":3,\"name\":\"\u00dczleti Tal\u00e1lkoz\u00f3, Konferencia\"}]},{\"@type\":\"WebSite\",\"@id\":\"https:\/\/www.septimiaresort.ro\/hu\/#website\",\"url\":\"https:\/\/www.septimiaresort.ro\/hu\/\",\"name\":\"Septimia Hotels & SPA Resort\",\"description\":\"Just another ms.decms.eu site\",\"potentialAction\":[{\"@type\":\"SearchAction\",\"target\":{\"@type\":\"EntryPoint\",\"urlTemplate\":\"https:\/\/www.septimiaresort.ro\/hu\/?s={search_term_string}\"},\"query-input\":{\"@type\":\"PropertyValueSpecification\",\"valueRequired\":true,\"valueName\":\"search_term_string\"}}],\"inLanguage\":\"hu\"}]}<\/script>\n<!-- \/ Yoast SEO plugin. -->","yoast_head_json":{"title":"\u00dczleti Tal\u00e1lkoz\u00f3, Konferencia - Septimia Hotels & SPA Resort","description":"K\u00e9t helysz\u00ednt biztos\u00edtunk \u00fczleti esem\u00e9nye sz\u00e1m\u00e1ra: Konferencia terem \u00e9s Hotel \u00c9tterem.","robots":{"index":"index","follow":"follow","max-snippet":"max-snippet:-1","max-image-preview":"max-image-preview:large","max-video-preview":"max-video-preview:-1"},"canonical":"https:\/\/www.septimiaresort.ro\/hu\/business-club\/uzleti-talalkozok-konferenciak\/","og_locale":"hu_HU","og_type":"article","og_title":"\u00dczleti Tal\u00e1lkoz\u00f3, Konferencia - Septimia Hotels & SPA Resort","og_description":"K\u00e9t helysz\u00ednt biztos\u00edtunk \u00fczleti esem\u00e9nye sz\u00e1m\u00e1ra: Konferencia terem \u00e9s Hotel \u00c9tterem.","og_url":"https:\/\/www.septimiaresort.ro\/hu\/business-club\/uzleti-talalkozok-konferenciak\/","og_site_name":"Septimia Hotels & SPA Resort","article_modified_time":"2026-04-28T07:52:32+00:00","twitter_card":"summary_large_image","twitter_misc":{"Becs\u00fclt olvas\u00e1si id\u0151":"1 perc"},"schema":{"@context":"https:\/\/schema.org","@graph":[{"@type":"WebPage","@id":"https:\/\/www.septimiaresort.ro\/hu\/business-club\/uzleti-talalkozok-konferenciak\/","url":"https:\/\/www.septimiaresort.ro\/hu\/business-club\/uzleti-talalkozok-konferenciak\/","name":"\u00dczleti Tal\u00e1lkoz\u00f3, Konferencia - Septimia Hotels & SPA Resort","isPartOf":{"@id":"https:\/\/www.septimiaresort.ro\/hu\/#website"},"datePublished":"2020-06-15T16:19:17+00:00","dateModified":"2026-04-28T07:52:32+00:00","description":"K\u00e9t helysz\u00ednt biztos\u00edtunk \u00fczleti esem\u00e9nye sz\u00e1m\u00e1ra: Konferencia terem \u00e9s Hotel \u00c9tterem.","breadcrumb":{"@id":"https:\/\/www.septimiaresort.ro\/hu\/business-club\/uzleti-talalkozok-konferenciak\/#breadcrumb"},"inLanguage":"hu","potentialAction":[{"@type":"ReadAction","target":["https:\/\/www.septimiaresort.ro\/hu\/business-club\/uzleti-talalkozok-konferenciak\/"]}]},{"@type":"BreadcrumbList","@id":"https:\/\/www.septimiaresort.ro\/hu\/business-club\/uzleti-talalkozok-konferenciak\/#breadcrumb","itemListElement":[{"@type":"ListItem","position":1,"name":"Home","item":"https:\/\/www.septimiaresort.ro\/hu\/"},{"@type":"ListItem","position":2,"name":"C\u00c9GES \u00c9S PRIV\u00c1T RENDEZV\u00c9NYEK","item":"https:\/\/www.septimiaresort.ro\/hu\/business-club\/"},{"@type":"ListItem","position":3,"name":"\u00dczleti Tal\u00e1lkoz\u00f3, Konferencia"}]},{"@type":"WebSite","@id":"https:\/\/www.septimiaresort.ro\/hu\/#website","url":"https:\/\/www.septimiaresort.ro\/hu\/","name":"Septimia Hotels & SPA Resort","description":"Just another ms.decms.eu site","potentialAction":[{"@type":"SearchAction","target":{"@type":"EntryPoint","urlTemplate":"https:\/\/www.septimiaresort.ro\/hu\/?s={search_term_string}"},"query-input":{"@type":"PropertyValueSpecification","valueRequired":true,"valueName":"search_term_string"}}],"inLanguage":"hu"}]}},"acf":[],"_links":{"self":[{"href":"https:\/\/www.septimiaresort.ro\/hu\/wp-json\/wp\/v2\/pages\/266","targetHints":{"allow":["GET"]}}],"collection":[{"href":"https:\/\/www.septimiaresort.ro\/hu\/wp-json\/wp\/v2\/pages"}],"about":[{"href":"https:\/\/www.septimiaresort.ro\/hu\/wp-json\/wp\/v2\/types\/page"}],"author":[{"embeddable":true,"href":"https:\/\/www.septimiaresort.ro\/hu\/wp-json\/wp\/v2\/users\/7"}],"replies":[{"embeddable":true,"href":"https:\/\/www.septimiaresort.ro\/hu\/wp-json\/wp\/v2\/comments?post=266"}],"version-history":[{"count":0,"href":"https:\/\/www.septimiaresort.ro\/hu\/wp-json\/wp\/v2\/pages\/266\/revisions"}],"up":[{"embeddable":true,"href":"https:\/\/www.septimiaresort.ro\/hu\/wp-json\/wp\/v2\/pages\/265"}],"wp:attachment":[{"href":"https:\/\/www.septimiaresort.ro\/hu\/wp-json\/wp\/v2\/media?parent=266"}],"curies":[{"name":"wp","href":"https:\/\/api.w.org\/{rel}","templated":true}]}}