{"id":269,"date":"2020-06-15T16:24:31","date_gmt":"2020-06-15T16:24:31","guid":{"rendered":"http:\/\/septimia-hotels-spa-resort.ms.decms.eu\/?page_id=269"},"modified":"2022-02-18T09:59:53","modified_gmt":"2022-02-18T09:59:53","slug":"egyeb-esemenyek","status":"publish","type":"page","link":"https:\/\/www.septimiaresort.ro\/hu\/business-club\/egyeb-esemenyek\/","title":{"rendered":"Egy\u00e9b esem\u00e9nyek"},"content":{"rendered":"<p>Ha k\u00fcl\u00f6nleges \u00f6tletei vannak az \u00fczleti esem\u00e9ny\u00e9vel, mindent megtesz\u00fcnk annak \u00e9rdek\u00e9ben, hogy az \u00f6tleteket a legteljesebb m\u00e9rt\u00e9kben kivitelezz\u00fck.<\/p>\n<p>A Septimia Resort szolg\u00e1ltat\u00e1sai kombin\u00e1lhat\u00f3k, hogy v\u00e1ltozatoss\u00e1got biztos\u00edtsunk csapata \u00e9s partnerei sz\u00e1m\u00e1ra.<\/p>\n<p>K\u00e9rj\u00fck, vegye fel a kapcsolatot koll\u00e9g\u00e1nkkal:<br \/>\nT\u00f3th Annam\u00e1ria<br \/>\nTelefon: (+4) 0741 075 465<br \/>\nE-mail: sales@septimiaresort.ro<\/p>\n","protected":false},"excerpt":{"rendered":"<p>Ha k\u00fcl\u00f6nleges \u00f6tletei vannak az \u00fczleti esem\u00e9ny\u00e9vel, mindent megtesz\u00fcnk annak \u00e9rdek\u00e9ben, hogy az \u00f6tleteket a legteljesebb m\u00e9rt\u00e9kben kivitelezz\u00fck. A Septimia Resort szolg\u00e1ltat\u00e1sai kombin\u00e1lhat\u00f3k, hogy v\u00e1ltozatoss\u00e1got biztos\u00edtsunk csapata \u00e9s partnerei sz\u00e1m\u00e1ra. K\u00e9rj\u00fck, vegye fel a kapcsolatot koll\u00e9g\u00e1nkkal: T\u00f3th Annam\u00e1ria Telefon: (+4) 0741 075 465 E-mail: sales@septimiaresort.ro<\/p>\n","protected":false},"author":7,"featured_media":0,"parent":265,"menu_order":2,"comment_status":"closed","ping_status":"closed","template":"","meta":{"footnotes":""},"class_list":["post-269","page","type-page","status-publish","hentry"],"yoast_head":"<!-- This site is optimized with the Yoast SEO plugin v26.9 - https:\/\/yoast.com\/product\/yoast-seo-wordpress\/ -->\n<title>Egy\u00e9b esem\u00e9nyek - Septimia Hotels &amp; SPA Resort<\/title>\n<meta name=\"description\" content=\"Ha k\u00fcl\u00f6nleges \u00f6tletei vannak az \u00fczleti esem\u00e9ny\u00e9vel, mindent megtesz\u00fcnk annak \u00e9rdek\u00e9ben, hogy az \u00f6tleteket a legteljesebb m\u00e9rt\u00e9kben kivitelezz\u00fck.\" \/>\n<meta name=\"robots\" content=\"index, follow, max-snippet:-1, max-image-preview:large, max-video-preview:-1\" \/>\n<link rel=\"canonical\" href=\"https:\/\/www.septimiaresort.ro\/hu\/business-club\/egyeb-esemenyek\/\" \/>\n<meta property=\"og:locale\" content=\"hu_HU\" \/>\n<meta property=\"og:type\" content=\"article\" \/>\n<meta property=\"og:title\" content=\"Egy\u00e9b esem\u00e9nyek - Septimia Hotels &amp; SPA Resort\" \/>\n<meta property=\"og:description\" content=\"Ha k\u00fcl\u00f6nleges \u00f6tletei vannak az \u00fczleti esem\u00e9ny\u00e9vel, mindent megtesz\u00fcnk annak \u00e9rdek\u00e9ben, hogy az \u00f6tleteket a legteljesebb m\u00e9rt\u00e9kben kivitelezz\u00fck.\" \/>\n<meta property=\"og:url\" content=\"https:\/\/www.septimiaresort.ro\/hu\/business-club\/egyeb-esemenyek\/\" \/>\n<meta property=\"og:site_name\" content=\"Septimia Hotels &amp; SPA Resort\" \/>\n<meta property=\"article:modified_time\" content=\"2022-02-18T09:59:53+00:00\" \/>\n<meta name=\"twitter:card\" content=\"summary_large_image\" \/>\n<script type=\"application\/ld+json\" class=\"yoast-schema-graph\">{\"@context\":\"https:\/\/schema.org\",\"@graph\":[{\"@type\":\"WebPage\",\"@id\":\"https:\/\/www.septimiaresort.ro\/hu\/business-club\/egyeb-esemenyek\/\",\"url\":\"https:\/\/www.septimiaresort.ro\/hu\/business-club\/egyeb-esemenyek\/\",\"name\":\"Egy\u00e9b esem\u00e9nyek - Septimia Hotels & SPA Resort\",\"isPartOf\":{\"@id\":\"https:\/\/www.septimiaresort.ro\/hu\/#website\"},\"datePublished\":\"2020-06-15T16:24:31+00:00\",\"dateModified\":\"2022-02-18T09:59:53+00:00\",\"description\":\"Ha k\u00fcl\u00f6nleges \u00f6tletei vannak az \u00fczleti esem\u00e9ny\u00e9vel, mindent megtesz\u00fcnk annak \u00e9rdek\u00e9ben, hogy az \u00f6tleteket a legteljesebb m\u00e9rt\u00e9kben kivitelezz\u00fck.\",\"breadcrumb\":{\"@id\":\"https:\/\/www.septimiaresort.ro\/hu\/business-club\/egyeb-esemenyek\/#breadcrumb\"},\"inLanguage\":\"hu\",\"potentialAction\":[{\"@type\":\"ReadAction\",\"target\":[\"https:\/\/www.septimiaresort.ro\/hu\/business-club\/egyeb-esemenyek\/\"]}]},{\"@type\":\"BreadcrumbList\",\"@id\":\"https:\/\/www.septimiaresort.ro\/hu\/business-club\/egyeb-esemenyek\/#breadcrumb\",\"itemListElement\":[{\"@type\":\"ListItem\",\"position\":1,\"name\":\"Home\",\"item\":\"https:\/\/www.septimiaresort.ro\/hu\/\"},{\"@type\":\"ListItem\",\"position\":2,\"name\":\"C\u00c9GES \u00c9S PRIV\u00c1T RENDEZV\u00c9NYEK\",\"item\":\"https:\/\/www.septimiaresort.ro\/hu\/business-club\/\"},{\"@type\":\"ListItem\",\"position\":3,\"name\":\"Egy\u00e9b esem\u00e9nyek\"}]},{\"@type\":\"WebSite\",\"@id\":\"https:\/\/www.septimiaresort.ro\/hu\/#website\",\"url\":\"https:\/\/www.septimiaresort.ro\/hu\/\",\"name\":\"Septimia Hotels & SPA Resort\",\"description\":\"Just another ms.decms.eu site\",\"potentialAction\":[{\"@type\":\"SearchAction\",\"target\":{\"@type\":\"EntryPoint\",\"urlTemplate\":\"https:\/\/www.septimiaresort.ro\/hu\/?s={search_term_string}\"},\"query-input\":{\"@type\":\"PropertyValueSpecification\",\"valueRequired\":true,\"valueName\":\"search_term_string\"}}],\"inLanguage\":\"hu\"}]}<\/script>\n<!-- \/ Yoast SEO plugin. -->","yoast_head_json":{"title":"Egy\u00e9b esem\u00e9nyek - Septimia Hotels & SPA Resort","description":"Ha k\u00fcl\u00f6nleges \u00f6tletei vannak az \u00fczleti esem\u00e9ny\u00e9vel, mindent megtesz\u00fcnk annak \u00e9rdek\u00e9ben, hogy az \u00f6tleteket a legteljesebb m\u00e9rt\u00e9kben kivitelezz\u00fck.","robots":{"index":"index","follow":"follow","max-snippet":"max-snippet:-1","max-image-preview":"max-image-preview:large","max-video-preview":"max-video-preview:-1"},"canonical":"https:\/\/www.septimiaresort.ro\/hu\/business-club\/egyeb-esemenyek\/","og_locale":"hu_HU","og_type":"article","og_title":"Egy\u00e9b esem\u00e9nyek - Septimia Hotels & SPA Resort","og_description":"Ha k\u00fcl\u00f6nleges \u00f6tletei vannak az \u00fczleti esem\u00e9ny\u00e9vel, mindent megtesz\u00fcnk annak \u00e9rdek\u00e9ben, hogy az \u00f6tleteket a legteljesebb m\u00e9rt\u00e9kben kivitelezz\u00fck.","og_url":"https:\/\/www.septimiaresort.ro\/hu\/business-club\/egyeb-esemenyek\/","og_site_name":"Septimia Hotels & SPA Resort","article_modified_time":"2022-02-18T09:59:53+00:00","twitter_card":"summary_large_image","schema":{"@context":"https:\/\/schema.org","@graph":[{"@type":"WebPage","@id":"https:\/\/www.septimiaresort.ro\/hu\/business-club\/egyeb-esemenyek\/","url":"https:\/\/www.septimiaresort.ro\/hu\/business-club\/egyeb-esemenyek\/","name":"Egy\u00e9b esem\u00e9nyek - Septimia Hotels & SPA Resort","isPartOf":{"@id":"https:\/\/www.septimiaresort.ro\/hu\/#website"},"datePublished":"2020-06-15T16:24:31+00:00","dateModified":"2022-02-18T09:59:53+00:00","description":"Ha k\u00fcl\u00f6nleges \u00f6tletei vannak az \u00fczleti esem\u00e9ny\u00e9vel, mindent megtesz\u00fcnk annak \u00e9rdek\u00e9ben, hogy az \u00f6tleteket a legteljesebb m\u00e9rt\u00e9kben kivitelezz\u00fck.","breadcrumb":{"@id":"https:\/\/www.septimiaresort.ro\/hu\/business-club\/egyeb-esemenyek\/#breadcrumb"},"inLanguage":"hu","potentialAction":[{"@type":"ReadAction","target":["https:\/\/www.septimiaresort.ro\/hu\/business-club\/egyeb-esemenyek\/"]}]},{"@type":"BreadcrumbList","@id":"https:\/\/www.septimiaresort.ro\/hu\/business-club\/egyeb-esemenyek\/#breadcrumb","itemListElement":[{"@type":"ListItem","position":1,"name":"Home","item":"https:\/\/www.septimiaresort.ro\/hu\/"},{"@type":"ListItem","position":2,"name":"C\u00c9GES \u00c9S PRIV\u00c1T RENDEZV\u00c9NYEK","item":"https:\/\/www.septimiaresort.ro\/hu\/business-club\/"},{"@type":"ListItem","position":3,"name":"Egy\u00e9b esem\u00e9nyek"}]},{"@type":"WebSite","@id":"https:\/\/www.septimiaresort.ro\/hu\/#website","url":"https:\/\/www.septimiaresort.ro\/hu\/","name":"Septimia Hotels & SPA Resort","description":"Just another ms.decms.eu site","potentialAction":[{"@type":"SearchAction","target":{"@type":"EntryPoint","urlTemplate":"https:\/\/www.septimiaresort.ro\/hu\/?s={search_term_string}"},"query-input":{"@type":"PropertyValueSpecification","valueRequired":true,"valueName":"search_term_string"}}],"inLanguage":"hu"}]}},"acf":[],"_links":{"self":[{"href":"https:\/\/www.septimiaresort.ro\/hu\/wp-json\/wp\/v2\/pages\/269","targetHints":{"allow":["GET"]}}],"collection":[{"href":"https:\/\/www.septimiaresort.ro\/hu\/wp-json\/wp\/v2\/pages"}],"about":[{"href":"https:\/\/www.septimiaresort.ro\/hu\/wp-json\/wp\/v2\/types\/page"}],"author":[{"embeddable":true,"href":"https:\/\/www.septimiaresort.ro\/hu\/wp-json\/wp\/v2\/users\/7"}],"replies":[{"embeddable":true,"href":"https:\/\/www.septimiaresort.ro\/hu\/wp-json\/wp\/v2\/comments?post=269"}],"version-history":[{"count":0,"href":"https:\/\/www.septimiaresort.ro\/hu\/wp-json\/wp\/v2\/pages\/269\/revisions"}],"up":[{"embeddable":true,"href":"https:\/\/www.septimiaresort.ro\/hu\/wp-json\/wp\/v2\/pages\/265"}],"wp:attachment":[{"href":"https:\/\/www.septimiaresort.ro\/hu\/wp-json\/wp\/v2\/media?parent=269"}],"curies":[{"name":"wp","href":"https:\/\/api.w.org\/{rel}","templated":true}]}}