{"id":270,"date":"2020-06-16T07:17:40","date_gmt":"2020-06-16T07:17:40","guid":{"rendered":"http:\/\/septimia-hotels-spa-resort.ms.decms.eu\/?page_id=270"},"modified":"2025-12-18T07:00:43","modified_gmt":"2025-12-18T07:00:43","slug":"bowling","status":"publish","type":"page","link":"https:\/\/www.septimiaresort.ro\/hu\/bowling\/","title":{"rendered":"Bowling"},"content":{"rendered":"<p>Lazulj \u00e9s sz\u00f3rakozz \u00e9vszakt\u00f3l f\u00fcggetlen\u00fcl<\/p>\n<p><strong>P\u00e1lyafoglal\u00e1s &#8211; tel<\/strong>: 0742 114 391<\/p>\n<p>A bowling egy igen sz\u00ed\u00adnes, meglehet\u0151sen l\u00e1tv\u00e1nyos sport, amely egyben az egyik legr\u00e9gebbi j\u00e1t\u00e9k a vil\u00e1gon.<\/p>\n<p><strong>Egy\u00e9b szolg\u00e1ltat\u00e1sok<\/strong>:<\/p>\n<ul>\n<li>darts<\/li>\n<li>csocs\u00f3 asztal<\/li>\n<li>bowling versenyek<\/li>\n<li><a href=\"https:\/\/www.septimiaresort.ro\/hu\/ajanlatok-promociok\/felnott-bowling-edzesek\/\" target=\"_blank\" rel=\"noopener noreferrer\"><strong>bowling oktat\u00e1s feln\u0151tteknek \u00e9s gyerekeknek<\/strong><\/a><\/li>\n<\/ul>\n<p><strong>Rendezv\u00e9nyek szervez\u00e9se<\/strong>:<\/p>\n<ul>\n<li>Team-building \u00e9s m\u00e1s c\u00e9ges esem\u00e9nyek<\/li>\n<li>Priv\u00e1t partik<\/li>\n<li>Gyerekzs\u00farok<\/li>\n<\/ul>\n<blockquote><p><a href=\"https:\/\/www.youtube.com\/@septimia-resort\/streams\">K\u00f6vesse<\/a> online a bowling\u00a0<a href=\"https:\/\/www.youtube.com\/@septimia-resort\/streams\">versenyeket<\/a><\/p><\/blockquote>\n<p>&nbsp;<\/p>\n<p>&nbsp;<\/p>\n","protected":false},"excerpt":{"rendered":"<p>Lazulj \u00e9s sz\u00f3rakozz \u00e9vszakt\u00f3l f\u00fcggetlen\u00fcl P\u00e1lyafoglal\u00e1s &#8211; tel: 0742 114 391 A bowling egy igen sz\u00ed\u00adnes, meglehet\u0151sen l\u00e1tv\u00e1nyos sport, amely egyben az egyik legr\u00e9gebbi j\u00e1t\u00e9k a vil\u00e1gon. Egy\u00e9b szolg\u00e1ltat\u00e1sok: darts csocs\u00f3 asztal bowling versenyek bowling oktat\u00e1s feln\u0151tteknek \u00e9s gyerekeknek Rendezv\u00e9nyek szervez\u00e9se: Team-building \u00e9s m\u00e1s c\u00e9ges esem\u00e9nyek Priv\u00e1t partik Gyerekzs\u00farok K\u00f6vesse online a bowling\u00a0versenyeket &nbsp; &nbsp;<\/p>\n","protected":false},"author":7,"featured_media":0,"parent":0,"menu_order":20,"comment_status":"closed","ping_status":"closed","template":"","meta":{"footnotes":""},"class_list":["post-270","page","type-page","status-publish","hentry"],"yoast_head":"<!-- This site is optimized with the Yoast SEO plugin v26.9 - https:\/\/yoast.com\/product\/yoast-seo-wordpress\/ -->\n<title>Bowling - Septimia Hotels &amp; SPA Resort<\/title>\n<meta name=\"description\" content=\"Lazulj \u00e9s sz\u00f3rakozz \u00e9vszakt\u00f3l f\u00fcggetlen\u00fcl! A bowling egy igen sz\u00ed\u00adnes, meglehet\u0151sen l\u00e1tv\u00e1nyos sport, amely egyben az egyik legr\u00e9gebbi j\u00e1t\u00e9k a vil\u00e1gon.\" \/>\n<meta name=\"robots\" content=\"index, follow, max-snippet:-1, max-image-preview:large, max-video-preview:-1\" \/>\n<link rel=\"canonical\" href=\"https:\/\/www.septimiaresort.ro\/hu\/bowling\/\" \/>\n<meta property=\"og:locale\" content=\"hu_HU\" \/>\n<meta property=\"og:type\" content=\"article\" \/>\n<meta property=\"og:title\" content=\"Bowling - Septimia Hotels &amp; SPA Resort\" \/>\n<meta property=\"og:description\" content=\"Lazulj \u00e9s sz\u00f3rakozz \u00e9vszakt\u00f3l f\u00fcggetlen\u00fcl! A bowling egy igen sz\u00ed\u00adnes, meglehet\u0151sen l\u00e1tv\u00e1nyos sport, amely egyben az egyik legr\u00e9gebbi j\u00e1t\u00e9k a vil\u00e1gon.\" \/>\n<meta property=\"og:url\" content=\"https:\/\/www.septimiaresort.ro\/hu\/bowling\/\" \/>\n<meta property=\"og:site_name\" content=\"Septimia Hotels &amp; SPA Resort\" \/>\n<meta property=\"article:modified_time\" content=\"2025-12-18T07:00:43+00:00\" \/>\n<meta name=\"twitter:card\" content=\"summary_large_image\" \/>\n<meta name=\"twitter:label1\" content=\"Becs\u00fclt olvas\u00e1si id\u0151\" \/>\n\t<meta name=\"twitter:data1\" content=\"1 perc\" \/>\n<script type=\"application\/ld+json\" class=\"yoast-schema-graph\">{\"@context\":\"https:\/\/schema.org\",\"@graph\":[{\"@type\":\"WebPage\",\"@id\":\"https:\/\/www.septimiaresort.ro\/hu\/bowling\/\",\"url\":\"https:\/\/www.septimiaresort.ro\/hu\/bowling\/\",\"name\":\"Bowling - Septimia Hotels & SPA Resort\",\"isPartOf\":{\"@id\":\"https:\/\/www.septimiaresort.ro\/hu\/#website\"},\"datePublished\":\"2020-06-16T07:17:40+00:00\",\"dateModified\":\"2025-12-18T07:00:43+00:00\",\"description\":\"Lazulj \u00e9s sz\u00f3rakozz \u00e9vszakt\u00f3l f\u00fcggetlen\u00fcl! A bowling egy igen sz\u00ed\u00adnes, meglehet\u0151sen l\u00e1tv\u00e1nyos sport, amely egyben az egyik legr\u00e9gebbi j\u00e1t\u00e9k a vil\u00e1gon.\",\"breadcrumb\":{\"@id\":\"https:\/\/www.septimiaresort.ro\/hu\/bowling\/#breadcrumb\"},\"inLanguage\":\"hu\",\"potentialAction\":[{\"@type\":\"ReadAction\",\"target\":[\"https:\/\/www.septimiaresort.ro\/hu\/bowling\/\"]}]},{\"@type\":\"BreadcrumbList\",\"@id\":\"https:\/\/www.septimiaresort.ro\/hu\/bowling\/#breadcrumb\",\"itemListElement\":[{\"@type\":\"ListItem\",\"position\":1,\"name\":\"Home\",\"item\":\"https:\/\/www.septimiaresort.ro\/hu\/\"},{\"@type\":\"ListItem\",\"position\":2,\"name\":\"Bowling\"}]},{\"@type\":\"WebSite\",\"@id\":\"https:\/\/www.septimiaresort.ro\/hu\/#website\",\"url\":\"https:\/\/www.septimiaresort.ro\/hu\/\",\"name\":\"Septimia Hotels & SPA Resort\",\"description\":\"Just another ms.decms.eu site\",\"potentialAction\":[{\"@type\":\"SearchAction\",\"target\":{\"@type\":\"EntryPoint\",\"urlTemplate\":\"https:\/\/www.septimiaresort.ro\/hu\/?s={search_term_string}\"},\"query-input\":{\"@type\":\"PropertyValueSpecification\",\"valueRequired\":true,\"valueName\":\"search_term_string\"}}],\"inLanguage\":\"hu\"}]}<\/script>\n<!-- \/ Yoast SEO plugin. -->","yoast_head_json":{"title":"Bowling - Septimia Hotels & SPA Resort","description":"Lazulj \u00e9s sz\u00f3rakozz \u00e9vszakt\u00f3l f\u00fcggetlen\u00fcl! A bowling egy igen sz\u00ed\u00adnes, meglehet\u0151sen l\u00e1tv\u00e1nyos sport, amely egyben az egyik legr\u00e9gebbi j\u00e1t\u00e9k a vil\u00e1gon.","robots":{"index":"index","follow":"follow","max-snippet":"max-snippet:-1","max-image-preview":"max-image-preview:large","max-video-preview":"max-video-preview:-1"},"canonical":"https:\/\/www.septimiaresort.ro\/hu\/bowling\/","og_locale":"hu_HU","og_type":"article","og_title":"Bowling - Septimia Hotels & SPA Resort","og_description":"Lazulj \u00e9s sz\u00f3rakozz \u00e9vszakt\u00f3l f\u00fcggetlen\u00fcl! A bowling egy igen sz\u00ed\u00adnes, meglehet\u0151sen l\u00e1tv\u00e1nyos sport, amely egyben az egyik legr\u00e9gebbi j\u00e1t\u00e9k a vil\u00e1gon.","og_url":"https:\/\/www.septimiaresort.ro\/hu\/bowling\/","og_site_name":"Septimia Hotels & SPA Resort","article_modified_time":"2025-12-18T07:00:43+00:00","twitter_card":"summary_large_image","twitter_misc":{"Becs\u00fclt olvas\u00e1si id\u0151":"1 perc"},"schema":{"@context":"https:\/\/schema.org","@graph":[{"@type":"WebPage","@id":"https:\/\/www.septimiaresort.ro\/hu\/bowling\/","url":"https:\/\/www.septimiaresort.ro\/hu\/bowling\/","name":"Bowling - Septimia Hotels & SPA Resort","isPartOf":{"@id":"https:\/\/www.septimiaresort.ro\/hu\/#website"},"datePublished":"2020-06-16T07:17:40+00:00","dateModified":"2025-12-18T07:00:43+00:00","description":"Lazulj \u00e9s sz\u00f3rakozz \u00e9vszakt\u00f3l f\u00fcggetlen\u00fcl! A bowling egy igen sz\u00ed\u00adnes, meglehet\u0151sen l\u00e1tv\u00e1nyos sport, amely egyben az egyik legr\u00e9gebbi j\u00e1t\u00e9k a vil\u00e1gon.","breadcrumb":{"@id":"https:\/\/www.septimiaresort.ro\/hu\/bowling\/#breadcrumb"},"inLanguage":"hu","potentialAction":[{"@type":"ReadAction","target":["https:\/\/www.septimiaresort.ro\/hu\/bowling\/"]}]},{"@type":"BreadcrumbList","@id":"https:\/\/www.septimiaresort.ro\/hu\/bowling\/#breadcrumb","itemListElement":[{"@type":"ListItem","position":1,"name":"Home","item":"https:\/\/www.septimiaresort.ro\/hu\/"},{"@type":"ListItem","position":2,"name":"Bowling"}]},{"@type":"WebSite","@id":"https:\/\/www.septimiaresort.ro\/hu\/#website","url":"https:\/\/www.septimiaresort.ro\/hu\/","name":"Septimia Hotels & SPA Resort","description":"Just another ms.decms.eu site","potentialAction":[{"@type":"SearchAction","target":{"@type":"EntryPoint","urlTemplate":"https:\/\/www.septimiaresort.ro\/hu\/?s={search_term_string}"},"query-input":{"@type":"PropertyValueSpecification","valueRequired":true,"valueName":"search_term_string"}}],"inLanguage":"hu"}]}},"acf":[],"_links":{"self":[{"href":"https:\/\/www.septimiaresort.ro\/hu\/wp-json\/wp\/v2\/pages\/270","targetHints":{"allow":["GET"]}}],"collection":[{"href":"https:\/\/www.septimiaresort.ro\/hu\/wp-json\/wp\/v2\/pages"}],"about":[{"href":"https:\/\/www.septimiaresort.ro\/hu\/wp-json\/wp\/v2\/types\/page"}],"author":[{"embeddable":true,"href":"https:\/\/www.septimiaresort.ro\/hu\/wp-json\/wp\/v2\/users\/7"}],"replies":[{"embeddable":true,"href":"https:\/\/www.septimiaresort.ro\/hu\/wp-json\/wp\/v2\/comments?post=270"}],"version-history":[{"count":0,"href":"https:\/\/www.septimiaresort.ro\/hu\/wp-json\/wp\/v2\/pages\/270\/revisions"}],"wp:attachment":[{"href":"https:\/\/www.septimiaresort.ro\/hu\/wp-json\/wp\/v2\/media?parent=270"}],"curies":[{"name":"wp","href":"https:\/\/api.w.org\/{rel}","templated":true}]}}