{"id":272,"date":"2020-06-16T07:42:13","date_gmt":"2020-06-16T07:42:13","guid":{"rendered":"http:\/\/septimia-hotels-spa-resort.ms.decms.eu\/?page_id=272"},"modified":"2024-10-10T10:01:20","modified_gmt":"2024-10-10T10:01:20","slug":"szulinapi-zsurok-egyeb-esemenyek","status":"publish","type":"page","link":"https:\/\/www.septimiaresort.ro\/hu\/bowling\/szulinapi-zsurok-egyeb-esemenyek\/","title":{"rendered":"Sz\u00fclinapi zs\u00farok &amp; Egy\u00e9b esem\u00e9nyek"},"content":{"rendered":"<p>Lepd meg gyereked egy pomp\u00e1s gyerekzs\u00farral!<\/p>\n<p><strong>Aj\u00e1nlatunk mesebeli gyerekzs\u00farra a Station Pub &amp; Bowling-ban<\/strong>:<\/p>\n<ul>\n<li>bowling j\u00e1t\u00e9k (1 \u00f3ra)<\/li>\n<li>crispy csirkemell szalmakrumplival \u00e9s ketchuppal<\/li>\n<li>\u00fcd\u00edt\u0151sarok (Pepsi term\u00e9kek \u00e9s \u00e1sv\u00e1nyv\u00edz)<\/li>\n<li>dekor\u00e1ci\u00f3<\/li>\n<li>gyerekfelvigy\u00e1z\u00f3 anim\u00e1tor a maxim\u00e1lis sz\u00f3rakoz\u00e1s\u00e9rt<\/li>\n<\/ul>\n<p><strong>Csomag\u00e1r<\/strong>: 65 RON \/ gyerek<\/p>\n<p>A csomagot kedden, szerd\u00e1n \u00e9s p\u00e9nteken lehet id\u00e9nybe venni, 16:00 -18:00 \u00f3ra k\u00f6z\u00f6tt.<\/p>\n<p>Minim\u00e1lis l\u00e9tsz\u00e1m: 10 gyerek<\/p>\n<p><strong>K\u00e9rje r\u00e9szletes aj\u00e1nlatunkat 0745 133 832-es telefonsz\u00e1mon, vagy a<\/strong> sef.restaurant@septimia.ro <strong>e-mail c\u00edmen<\/strong>.<\/p>\n<p><a href=\"https:\/\/www.septimiaresort.ro\/wp-content\/uploads\/sites\/169\/2023\/05\/Rendszabalyzat-1.pdf\"><strong>RENDSZAB\u00c1LYZAT<\/strong><\/a><\/p>\n<p>V\u00e1lassza ki a t\u00f6k\u00e9letes helyet egy felejthetetlen partyhoz!<br \/>\nRendezv\u00e9nyeket, tematikus \u00e9vfordul\u00f3kat, koncerteket szervez\u00fcnk a Station Pub &amp; Bowling-ban.<\/p>\n","protected":false},"excerpt":{"rendered":"<p>Lepd meg gyereked egy pomp\u00e1s gyerekzs\u00farral! Aj\u00e1nlatunk mesebeli gyerekzs\u00farra a Station Pub &amp; Bowling-ban: bowling j\u00e1t\u00e9k (1 \u00f3ra) crispy csirkemell szalmakrumplival \u00e9s ketchuppal \u00fcd\u00edt\u0151sarok (Pepsi term\u00e9kek \u00e9s \u00e1sv\u00e1nyv\u00edz) dekor\u00e1ci\u00f3 gyerekfelvigy\u00e1z\u00f3 anim\u00e1tor a maxim\u00e1lis sz\u00f3rakoz\u00e1s\u00e9rt Csomag\u00e1r: 65 RON \/ gyerek A csomagot kedden, szerd\u00e1n \u00e9s p\u00e9nteken lehet id\u00e9nybe venni, 16:00 -18:00 \u00f3ra k\u00f6z\u00f6tt. Minim\u00e1lis l\u00e9tsz\u00e1m: 10 [&hellip;]<\/p>\n","protected":false},"author":7,"featured_media":0,"parent":270,"menu_order":0,"comment_status":"closed","ping_status":"closed","template":"","meta":{"footnotes":""},"class_list":["post-272","page","type-page","status-publish","hentry"],"yoast_head":"<!-- This site is optimized with the Yoast SEO plugin v26.9 - https:\/\/yoast.com\/product\/yoast-seo-wordpress\/ -->\n<title>Sz\u00fclinapi zs\u00farok &amp; Egy\u00e9b esem\u00e9nyek - Septimia Hotels &amp; SPA Resort<\/title>\n<meta name=\"description\" content=\"Lepd meg gyereked egy pomp\u00e1s gyerekzs\u00farral! Sz\u00fclinapi zs\u00farok \u00e9s egy\u00e9b esem\u00e9nyek. Aj\u00e1nlatunk mesebeli gyerekzs\u00farra a Station Pub &amp; Bowling-ban\" \/>\n<meta name=\"robots\" content=\"index, follow, max-snippet:-1, max-image-preview:large, max-video-preview:-1\" \/>\n<link rel=\"canonical\" href=\"https:\/\/www.septimiaresort.ro\/hu\/bowling\/szulinapi-zsurok-egyeb-esemenyek\/\" \/>\n<meta property=\"og:locale\" content=\"hu_HU\" \/>\n<meta property=\"og:type\" content=\"article\" \/>\n<meta property=\"og:title\" content=\"Sz\u00fclinapi zs\u00farok &amp; Egy\u00e9b esem\u00e9nyek - Septimia Hotels &amp; SPA Resort\" \/>\n<meta property=\"og:description\" content=\"Lepd meg gyereked egy pomp\u00e1s gyerekzs\u00farral! Sz\u00fclinapi zs\u00farok \u00e9s egy\u00e9b esem\u00e9nyek. Aj\u00e1nlatunk mesebeli gyerekzs\u00farra a Station Pub &amp; Bowling-ban\" \/>\n<meta property=\"og:url\" content=\"https:\/\/www.septimiaresort.ro\/hu\/bowling\/szulinapi-zsurok-egyeb-esemenyek\/\" \/>\n<meta property=\"og:site_name\" content=\"Septimia Hotels &amp; SPA Resort\" \/>\n<meta property=\"article:modified_time\" content=\"2024-10-10T10:01:20+00:00\" \/>\n<meta name=\"twitter:card\" content=\"summary_large_image\" \/>\n<meta name=\"twitter:label1\" content=\"Becs\u00fclt olvas\u00e1si id\u0151\" \/>\n\t<meta name=\"twitter:data1\" content=\"1 perc\" \/>\n<script type=\"application\/ld+json\" class=\"yoast-schema-graph\">{\"@context\":\"https:\/\/schema.org\",\"@graph\":[{\"@type\":\"WebPage\",\"@id\":\"https:\/\/www.septimiaresort.ro\/hu\/bowling\/szulinapi-zsurok-egyeb-esemenyek\/\",\"url\":\"https:\/\/www.septimiaresort.ro\/hu\/bowling\/szulinapi-zsurok-egyeb-esemenyek\/\",\"name\":\"Sz\u00fclinapi zs\u00farok &amp; Egy\u00e9b esem\u00e9nyek - Septimia Hotels & SPA Resort\",\"isPartOf\":{\"@id\":\"https:\/\/www.septimiaresort.ro\/hu\/#website\"},\"datePublished\":\"2020-06-16T07:42:13+00:00\",\"dateModified\":\"2024-10-10T10:01:20+00:00\",\"description\":\"Lepd meg gyereked egy pomp\u00e1s gyerekzs\u00farral! Sz\u00fclinapi zs\u00farok \u00e9s egy\u00e9b esem\u00e9nyek. Aj\u00e1nlatunk mesebeli gyerekzs\u00farra a Station Pub & Bowling-ban\",\"breadcrumb\":{\"@id\":\"https:\/\/www.septimiaresort.ro\/hu\/bowling\/szulinapi-zsurok-egyeb-esemenyek\/#breadcrumb\"},\"inLanguage\":\"hu\",\"potentialAction\":[{\"@type\":\"ReadAction\",\"target\":[\"https:\/\/www.septimiaresort.ro\/hu\/bowling\/szulinapi-zsurok-egyeb-esemenyek\/\"]}]},{\"@type\":\"BreadcrumbList\",\"@id\":\"https:\/\/www.septimiaresort.ro\/hu\/bowling\/szulinapi-zsurok-egyeb-esemenyek\/#breadcrumb\",\"itemListElement\":[{\"@type\":\"ListItem\",\"position\":1,\"name\":\"Home\",\"item\":\"https:\/\/www.septimiaresort.ro\/hu\/\"},{\"@type\":\"ListItem\",\"position\":2,\"name\":\"Bowling\",\"item\":\"https:\/\/www.septimiaresort.ro\/hu\/bowling\/\"},{\"@type\":\"ListItem\",\"position\":3,\"name\":\"Sz\u00fclinapi zs\u00farok &amp; Egy\u00e9b esem\u00e9nyek\"}]},{\"@type\":\"WebSite\",\"@id\":\"https:\/\/www.septimiaresort.ro\/hu\/#website\",\"url\":\"https:\/\/www.septimiaresort.ro\/hu\/\",\"name\":\"Septimia Hotels & SPA Resort\",\"description\":\"Just another ms.decms.eu site\",\"potentialAction\":[{\"@type\":\"SearchAction\",\"target\":{\"@type\":\"EntryPoint\",\"urlTemplate\":\"https:\/\/www.septimiaresort.ro\/hu\/?s={search_term_string}\"},\"query-input\":{\"@type\":\"PropertyValueSpecification\",\"valueRequired\":true,\"valueName\":\"search_term_string\"}}],\"inLanguage\":\"hu\"}]}<\/script>\n<!-- \/ Yoast SEO plugin. -->","yoast_head_json":{"title":"Sz\u00fclinapi zs\u00farok &amp; Egy\u00e9b esem\u00e9nyek - Septimia Hotels & SPA Resort","description":"Lepd meg gyereked egy pomp\u00e1s gyerekzs\u00farral! Sz\u00fclinapi zs\u00farok \u00e9s egy\u00e9b esem\u00e9nyek. Aj\u00e1nlatunk mesebeli gyerekzs\u00farra a Station Pub & Bowling-ban","robots":{"index":"index","follow":"follow","max-snippet":"max-snippet:-1","max-image-preview":"max-image-preview:large","max-video-preview":"max-video-preview:-1"},"canonical":"https:\/\/www.septimiaresort.ro\/hu\/bowling\/szulinapi-zsurok-egyeb-esemenyek\/","og_locale":"hu_HU","og_type":"article","og_title":"Sz\u00fclinapi zs\u00farok &amp; Egy\u00e9b esem\u00e9nyek - Septimia Hotels & SPA Resort","og_description":"Lepd meg gyereked egy pomp\u00e1s gyerekzs\u00farral! Sz\u00fclinapi zs\u00farok \u00e9s egy\u00e9b esem\u00e9nyek. Aj\u00e1nlatunk mesebeli gyerekzs\u00farra a Station Pub & Bowling-ban","og_url":"https:\/\/www.septimiaresort.ro\/hu\/bowling\/szulinapi-zsurok-egyeb-esemenyek\/","og_site_name":"Septimia Hotels & SPA Resort","article_modified_time":"2024-10-10T10:01:20+00:00","twitter_card":"summary_large_image","twitter_misc":{"Becs\u00fclt olvas\u00e1si id\u0151":"1 perc"},"schema":{"@context":"https:\/\/schema.org","@graph":[{"@type":"WebPage","@id":"https:\/\/www.septimiaresort.ro\/hu\/bowling\/szulinapi-zsurok-egyeb-esemenyek\/","url":"https:\/\/www.septimiaresort.ro\/hu\/bowling\/szulinapi-zsurok-egyeb-esemenyek\/","name":"Sz\u00fclinapi zs\u00farok &amp; Egy\u00e9b esem\u00e9nyek - Septimia Hotels & SPA Resort","isPartOf":{"@id":"https:\/\/www.septimiaresort.ro\/hu\/#website"},"datePublished":"2020-06-16T07:42:13+00:00","dateModified":"2024-10-10T10:01:20+00:00","description":"Lepd meg gyereked egy pomp\u00e1s gyerekzs\u00farral! Sz\u00fclinapi zs\u00farok \u00e9s egy\u00e9b esem\u00e9nyek. Aj\u00e1nlatunk mesebeli gyerekzs\u00farra a Station Pub & Bowling-ban","breadcrumb":{"@id":"https:\/\/www.septimiaresort.ro\/hu\/bowling\/szulinapi-zsurok-egyeb-esemenyek\/#breadcrumb"},"inLanguage":"hu","potentialAction":[{"@type":"ReadAction","target":["https:\/\/www.septimiaresort.ro\/hu\/bowling\/szulinapi-zsurok-egyeb-esemenyek\/"]}]},{"@type":"BreadcrumbList","@id":"https:\/\/www.septimiaresort.ro\/hu\/bowling\/szulinapi-zsurok-egyeb-esemenyek\/#breadcrumb","itemListElement":[{"@type":"ListItem","position":1,"name":"Home","item":"https:\/\/www.septimiaresort.ro\/hu\/"},{"@type":"ListItem","position":2,"name":"Bowling","item":"https:\/\/www.septimiaresort.ro\/hu\/bowling\/"},{"@type":"ListItem","position":3,"name":"Sz\u00fclinapi zs\u00farok &amp; Egy\u00e9b esem\u00e9nyek"}]},{"@type":"WebSite","@id":"https:\/\/www.septimiaresort.ro\/hu\/#website","url":"https:\/\/www.septimiaresort.ro\/hu\/","name":"Septimia Hotels & SPA Resort","description":"Just another ms.decms.eu site","potentialAction":[{"@type":"SearchAction","target":{"@type":"EntryPoint","urlTemplate":"https:\/\/www.septimiaresort.ro\/hu\/?s={search_term_string}"},"query-input":{"@type":"PropertyValueSpecification","valueRequired":true,"valueName":"search_term_string"}}],"inLanguage":"hu"}]}},"acf":[],"_links":{"self":[{"href":"https:\/\/www.septimiaresort.ro\/hu\/wp-json\/wp\/v2\/pages\/272","targetHints":{"allow":["GET"]}}],"collection":[{"href":"https:\/\/www.septimiaresort.ro\/hu\/wp-json\/wp\/v2\/pages"}],"about":[{"href":"https:\/\/www.septimiaresort.ro\/hu\/wp-json\/wp\/v2\/types\/page"}],"author":[{"embeddable":true,"href":"https:\/\/www.septimiaresort.ro\/hu\/wp-json\/wp\/v2\/users\/7"}],"replies":[{"embeddable":true,"href":"https:\/\/www.septimiaresort.ro\/hu\/wp-json\/wp\/v2\/comments?post=272"}],"version-history":[{"count":0,"href":"https:\/\/www.septimiaresort.ro\/hu\/wp-json\/wp\/v2\/pages\/272\/revisions"}],"up":[{"embeddable":true,"href":"https:\/\/www.septimiaresort.ro\/hu\/wp-json\/wp\/v2\/pages\/270"}],"wp:attachment":[{"href":"https:\/\/www.septimiaresort.ro\/hu\/wp-json\/wp\/v2\/media?parent=272"}],"curies":[{"name":"wp","href":"https:\/\/api.w.org\/{rel}","templated":true}]}}