{"id":274,"date":"2020-06-16T08:48:41","date_gmt":"2020-06-16T08:48:41","guid":{"rendered":"http:\/\/septimia-hotels-spa-resort.ms.decms.eu\/?page_id=274"},"modified":"2023-09-26T11:40:30","modified_gmt":"2023-09-26T11:40:30","slug":"programajanlo","status":"publish","type":"page","link":"https:\/\/www.septimiaresort.ro\/hu\/programajanlo\/","title":{"rendered":"Programaj\u00e1nl\u00f3"},"content":{"rendered":"<p>T\u00f6lt\u0151dj\u00f6n fel energi\u00e1val \u00e9s fedezze fel a k\u00f6rny\u00e9k l\u00e1tnival\u00f3it.<\/p>\n<p>A r\u00e9gi\u00f3 v\u00e1ltozatos programokat k\u00edn\u00e1l minden \u00e9vszakban, minden koroszt\u00e1lynak: akt\u00edv, csal\u00e1di, trad\u00edcion\u00e1lis, kultur\u00e1lis \u00e9s gasztron\u00f3miai programok.<\/p>\n<p><a href=\"https:\/\/visitharghita.com\" target=\"_blank\" rel=\"noopener noreferrer\"><img decoding=\"async\" src=\"https:\/\/www.septimiaresort.ro\/wp-content\/uploads\/sites\/169\/2020\/07\/visithr.png\" \/><\/a><\/p>\n","protected":false},"excerpt":{"rendered":"<p>T\u00f6lt\u0151dj\u00f6n fel energi\u00e1val \u00e9s fedezze fel a k\u00f6rny\u00e9k l\u00e1tnival\u00f3it. A r\u00e9gi\u00f3 v\u00e1ltozatos programokat k\u00edn\u00e1l minden \u00e9vszakban, minden koroszt\u00e1lynak: akt\u00edv, csal\u00e1di, trad\u00edcion\u00e1lis, kultur\u00e1lis \u00e9s gasztron\u00f3miai programok.<\/p>\n","protected":false},"author":7,"featured_media":0,"parent":0,"menu_order":30,"comment_status":"closed","ping_status":"closed","template":"","meta":{"footnotes":""},"class_list":["post-274","page","type-page","status-publish","hentry"],"yoast_head":"<!-- This site is optimized with the Yoast SEO plugin v26.9 - https:\/\/yoast.com\/product\/yoast-seo-wordpress\/ -->\n<title>Programaj\u00e1nl\u00f3 - Septimia Hotels &amp; SPA Resort<\/title>\n<meta name=\"description\" content=\"A r\u00e9gi\u00f3 v\u00e1ltozatos programokat k\u00edn\u00e1l minden \u00e9vszakban, minden koroszt\u00e1lynak: akt\u00edv, csal\u00e1di, trad\u00edcion\u00e1lis, kultur\u00e1lis \u00e9s gasztron\u00f3miai programok.\" \/>\n<meta name=\"robots\" content=\"index, follow, max-snippet:-1, max-image-preview:large, max-video-preview:-1\" \/>\n<link rel=\"canonical\" href=\"https:\/\/www.septimiaresort.ro\/hu\/programajanlo\/\" \/>\n<meta property=\"og:locale\" content=\"hu_HU\" \/>\n<meta property=\"og:type\" content=\"article\" \/>\n<meta property=\"og:title\" content=\"Programaj\u00e1nl\u00f3 - Septimia Hotels &amp; SPA Resort\" \/>\n<meta property=\"og:description\" content=\"A r\u00e9gi\u00f3 v\u00e1ltozatos programokat k\u00edn\u00e1l minden \u00e9vszakban, minden koroszt\u00e1lynak: akt\u00edv, csal\u00e1di, trad\u00edcion\u00e1lis, kultur\u00e1lis \u00e9s gasztron\u00f3miai programok.\" \/>\n<meta property=\"og:url\" content=\"https:\/\/www.septimiaresort.ro\/hu\/programajanlo\/\" \/>\n<meta property=\"og:site_name\" content=\"Septimia Hotels &amp; SPA Resort\" \/>\n<meta property=\"article:modified_time\" content=\"2023-09-26T11:40:30+00:00\" \/>\n<meta property=\"og:image\" content=\"https:\/\/www.septimiaresort.ro\/wp-content\/uploads\/sites\/169\/2020\/07\/visithr.png\" \/>\n<meta name=\"twitter:card\" content=\"summary_large_image\" \/>\n<script type=\"application\/ld+json\" class=\"yoast-schema-graph\">{\"@context\":\"https:\/\/schema.org\",\"@graph\":[{\"@type\":\"WebPage\",\"@id\":\"https:\/\/www.septimiaresort.ro\/hu\/programajanlo\/\",\"url\":\"https:\/\/www.septimiaresort.ro\/hu\/programajanlo\/\",\"name\":\"Programaj\u00e1nl\u00f3 - Septimia Hotels & SPA Resort\",\"isPartOf\":{\"@id\":\"https:\/\/www.septimiaresort.ro\/hu\/#website\"},\"primaryImageOfPage\":{\"@id\":\"https:\/\/www.septimiaresort.ro\/hu\/programajanlo\/#primaryimage\"},\"image\":{\"@id\":\"https:\/\/www.septimiaresort.ro\/hu\/programajanlo\/#primaryimage\"},\"thumbnailUrl\":\"https:\/\/www.septimiaresort.ro\/wp-content\/uploads\/sites\/169\/2020\/07\/visithr.png\",\"datePublished\":\"2020-06-16T08:48:41+00:00\",\"dateModified\":\"2023-09-26T11:40:30+00:00\",\"description\":\"A r\u00e9gi\u00f3 v\u00e1ltozatos programokat k\u00edn\u00e1l minden \u00e9vszakban, minden koroszt\u00e1lynak: akt\u00edv, csal\u00e1di, trad\u00edcion\u00e1lis, kultur\u00e1lis \u00e9s gasztron\u00f3miai programok.\",\"breadcrumb\":{\"@id\":\"https:\/\/www.septimiaresort.ro\/hu\/programajanlo\/#breadcrumb\"},\"inLanguage\":\"hu\",\"potentialAction\":[{\"@type\":\"ReadAction\",\"target\":[\"https:\/\/www.septimiaresort.ro\/hu\/programajanlo\/\"]}]},{\"@type\":\"ImageObject\",\"inLanguage\":\"hu\",\"@id\":\"https:\/\/www.septimiaresort.ro\/hu\/programajanlo\/#primaryimage\",\"url\":\"https:\/\/www.septimiaresort.ro\/wp-content\/uploads\/sites\/169\/2020\/07\/visithr.png\",\"contentUrl\":\"https:\/\/www.septimiaresort.ro\/wp-content\/uploads\/sites\/169\/2020\/07\/visithr.png\"},{\"@type\":\"BreadcrumbList\",\"@id\":\"https:\/\/www.septimiaresort.ro\/hu\/programajanlo\/#breadcrumb\",\"itemListElement\":[{\"@type\":\"ListItem\",\"position\":1,\"name\":\"Home\",\"item\":\"https:\/\/www.septimiaresort.ro\/hu\/\"},{\"@type\":\"ListItem\",\"position\":2,\"name\":\"Programaj\u00e1nl\u00f3\"}]},{\"@type\":\"WebSite\",\"@id\":\"https:\/\/www.septimiaresort.ro\/hu\/#website\",\"url\":\"https:\/\/www.septimiaresort.ro\/hu\/\",\"name\":\"Septimia Hotels & SPA Resort\",\"description\":\"Just another ms.decms.eu site\",\"potentialAction\":[{\"@type\":\"SearchAction\",\"target\":{\"@type\":\"EntryPoint\",\"urlTemplate\":\"https:\/\/www.septimiaresort.ro\/hu\/?s={search_term_string}\"},\"query-input\":{\"@type\":\"PropertyValueSpecification\",\"valueRequired\":true,\"valueName\":\"search_term_string\"}}],\"inLanguage\":\"hu\"}]}<\/script>\n<!-- \/ Yoast SEO plugin. -->","yoast_head_json":{"title":"Programaj\u00e1nl\u00f3 - Septimia Hotels & SPA Resort","description":"A r\u00e9gi\u00f3 v\u00e1ltozatos programokat k\u00edn\u00e1l minden \u00e9vszakban, minden koroszt\u00e1lynak: akt\u00edv, csal\u00e1di, trad\u00edcion\u00e1lis, kultur\u00e1lis \u00e9s gasztron\u00f3miai programok.","robots":{"index":"index","follow":"follow","max-snippet":"max-snippet:-1","max-image-preview":"max-image-preview:large","max-video-preview":"max-video-preview:-1"},"canonical":"https:\/\/www.septimiaresort.ro\/hu\/programajanlo\/","og_locale":"hu_HU","og_type":"article","og_title":"Programaj\u00e1nl\u00f3 - Septimia Hotels & SPA Resort","og_description":"A r\u00e9gi\u00f3 v\u00e1ltozatos programokat k\u00edn\u00e1l minden \u00e9vszakban, minden koroszt\u00e1lynak: akt\u00edv, csal\u00e1di, trad\u00edcion\u00e1lis, kultur\u00e1lis \u00e9s gasztron\u00f3miai programok.","og_url":"https:\/\/www.septimiaresort.ro\/hu\/programajanlo\/","og_site_name":"Septimia Hotels & SPA Resort","article_modified_time":"2023-09-26T11:40:30+00:00","og_image":[{"url":"https:\/\/www.septimiaresort.ro\/wp-content\/uploads\/sites\/169\/2020\/07\/visithr.png","type":"","width":"","height":""}],"twitter_card":"summary_large_image","schema":{"@context":"https:\/\/schema.org","@graph":[{"@type":"WebPage","@id":"https:\/\/www.septimiaresort.ro\/hu\/programajanlo\/","url":"https:\/\/www.septimiaresort.ro\/hu\/programajanlo\/","name":"Programaj\u00e1nl\u00f3 - Septimia Hotels & SPA Resort","isPartOf":{"@id":"https:\/\/www.septimiaresort.ro\/hu\/#website"},"primaryImageOfPage":{"@id":"https:\/\/www.septimiaresort.ro\/hu\/programajanlo\/#primaryimage"},"image":{"@id":"https:\/\/www.septimiaresort.ro\/hu\/programajanlo\/#primaryimage"},"thumbnailUrl":"https:\/\/www.septimiaresort.ro\/wp-content\/uploads\/sites\/169\/2020\/07\/visithr.png","datePublished":"2020-06-16T08:48:41+00:00","dateModified":"2023-09-26T11:40:30+00:00","description":"A r\u00e9gi\u00f3 v\u00e1ltozatos programokat k\u00edn\u00e1l minden \u00e9vszakban, minden koroszt\u00e1lynak: akt\u00edv, csal\u00e1di, trad\u00edcion\u00e1lis, kultur\u00e1lis \u00e9s gasztron\u00f3miai programok.","breadcrumb":{"@id":"https:\/\/www.septimiaresort.ro\/hu\/programajanlo\/#breadcrumb"},"inLanguage":"hu","potentialAction":[{"@type":"ReadAction","target":["https:\/\/www.septimiaresort.ro\/hu\/programajanlo\/"]}]},{"@type":"ImageObject","inLanguage":"hu","@id":"https:\/\/www.septimiaresort.ro\/hu\/programajanlo\/#primaryimage","url":"https:\/\/www.septimiaresort.ro\/wp-content\/uploads\/sites\/169\/2020\/07\/visithr.png","contentUrl":"https:\/\/www.septimiaresort.ro\/wp-content\/uploads\/sites\/169\/2020\/07\/visithr.png"},{"@type":"BreadcrumbList","@id":"https:\/\/www.septimiaresort.ro\/hu\/programajanlo\/#breadcrumb","itemListElement":[{"@type":"ListItem","position":1,"name":"Home","item":"https:\/\/www.septimiaresort.ro\/hu\/"},{"@type":"ListItem","position":2,"name":"Programaj\u00e1nl\u00f3"}]},{"@type":"WebSite","@id":"https:\/\/www.septimiaresort.ro\/hu\/#website","url":"https:\/\/www.septimiaresort.ro\/hu\/","name":"Septimia Hotels & SPA Resort","description":"Just another ms.decms.eu site","potentialAction":[{"@type":"SearchAction","target":{"@type":"EntryPoint","urlTemplate":"https:\/\/www.septimiaresort.ro\/hu\/?s={search_term_string}"},"query-input":{"@type":"PropertyValueSpecification","valueRequired":true,"valueName":"search_term_string"}}],"inLanguage":"hu"}]}},"acf":[],"_links":{"self":[{"href":"https:\/\/www.septimiaresort.ro\/hu\/wp-json\/wp\/v2\/pages\/274","targetHints":{"allow":["GET"]}}],"collection":[{"href":"https:\/\/www.septimiaresort.ro\/hu\/wp-json\/wp\/v2\/pages"}],"about":[{"href":"https:\/\/www.septimiaresort.ro\/hu\/wp-json\/wp\/v2\/types\/page"}],"author":[{"embeddable":true,"href":"https:\/\/www.septimiaresort.ro\/hu\/wp-json\/wp\/v2\/users\/7"}],"replies":[{"embeddable":true,"href":"https:\/\/www.septimiaresort.ro\/hu\/wp-json\/wp\/v2\/comments?post=274"}],"version-history":[{"count":0,"href":"https:\/\/www.septimiaresort.ro\/hu\/wp-json\/wp\/v2\/pages\/274\/revisions"}],"wp:attachment":[{"href":"https:\/\/www.septimiaresort.ro\/hu\/wp-json\/wp\/v2\/media?parent=274"}],"curies":[{"name":"wp","href":"https:\/\/api.w.org\/{rel}","templated":true}]}}