{"id":278,"date":"2020-06-16T10:32:30","date_gmt":"2020-06-16T10:32:30","guid":{"rendered":"http:\/\/septimia-hotels-spa-resort.ms.decms.eu\/?page_id=278"},"modified":"2025-01-27T10:24:59","modified_gmt":"2025-01-27T10:24:59","slug":"foglalasi-feltetelek","status":"publish","type":"page","link":"https:\/\/www.septimiaresort.ro\/hu\/foglalasi-feltetelek\/","title":{"rendered":"Foglal\u00e1si felt\u00e9telek"},"content":{"rendered":"<p><strong>Szobafoglal\u00e1skor vend\u00e9geink elfogadj\u00e1k a sz\u00e1lloda bels\u0151 szab\u00e1lyzat\u00e1t, valamint a szem\u00e9lyes adatok felhaszn\u00e1l\u00e1s\u00e1ra \u00e9s feldolgoz\u00e1s\u00e1ra vonatkoz\u00f3 ir\u00e1nyelveket \u2013 a GDPR-t.<\/strong><\/p>\n<p><strong>Telefonos foglal\u00e1s eset\u00e9n a felt\u00e9teleket az \u00e9rkez\u00e9s pillanat\u00e1ban fogadj\u00e1k el.<\/strong><\/p>\n<p><strong>Szobafoglal\u00e1s<\/strong><\/p>\n<p>A szobafoglal\u00e1s f\u0151k\u00e9nt online t\u00f6rt\u00e9nik a www.septimiaresort.ro weboldalon kereszt\u00fcl, k\u00f6zvet\u00edt\u0151 internetes port\u00e1lokon kereszt\u00fcl, mint Booking.com, travelminit.ro, experia.com, h2b.ro stb, valamint e-mail-ben vagy telefonon a megadott el\u00e9rhet\u0151s\u00e9geken, illetve szem\u00e9lyesen a hotel recepci\u00f3 szem\u00e9lyzet\u00e9n\u00e9l.<\/p>\n<p><strong>\u00c9rkez\u00e9s \u2013 T\u00e1voz\u00e1s<\/strong><\/p>\n<p><strong>Szob\u00e1k elfoglal\u00e1sa:<\/strong> 14 \u00f3r\u00e1t\u00f3l lehet a szob\u00e1t \u00e1tvenni<br \/>\n<strong>Szob\u00e1k elhagy\u00e1sa<\/strong>: elutaz\u00e1s napj\u00e1n 11 \u00f3r\u00e1ig kell a szob\u00e1t \u00e1tadni. T\u00e1voz\u00e1s ut\u00e1n a szob\u00e1kat leellen\u0151rizz\u00fck, amennyiben hi\u00e1nyt, vagy k\u00e1rokoz\u00e1st \u00e9szlel\u00fcnk, a rong\u00e1l\u00e1s\u00e9rt a vend\u00e9g anyagi felel\u0151ss\u00e9ggel tartozik.<br \/>\n<strong>K\u00e9s\u0151i t\u00e1voz\u00e1s lehet\u0151s\u00e9ge:<\/strong> K\u00e9s\u0151i t\u00e1voz\u00e1s eset\u00e9n, 18 \u00f3r\u00e1ig az aktu\u00e1lis napi szoba\u00e1r 50%-a, 18 \u00f3ra ut\u00e1n az aktu\u00e1lis napi szoba\u00e1r 100%-a ker\u00fcl felsz\u00e1m\u00edt\u00e1sra.<br \/>\n<strong>A SPA szolg\u00e1ltat\u00e1sok<\/strong> \u2013 amennyiben a v\u00e1s\u00e1rolt szolg\u00e1ltat\u00e1s csomag r\u00e9sze volt, akkor a t\u00e1voz\u00e1s napj\u00e1n a SPA szolg\u00e1ltat\u00e1sai ugyancsak 12 \u00f3r\u00e1ig vannak bele\u00e9rtve a csomag \u00e1r\u00e1ba \u00e9s k\u00e9s\u0151i t\u00e1voz\u00e1s ig\u00e9nyl\u00e9se eset\u00e9n a kifizetett \u00e1r erre a szolg\u00e1ltat\u00e1sra is kit\u00e9rhet.<\/p>\n<p><strong>Fizet\u00e9si\/lemond\u00e1si felt\u00e9telek<\/strong><br \/>\nFoglal\u00e1s csak akkor v\u00e9gleges\u00edthet\u0151, ha a megrendelt foglal\u00e1sban szerepl\u0151 felt\u00e9telek (p\u00e9ld\u00e1ul el\u0151leg) teljes\u00edtve lettek a felek \u00e1ltal. Helysz\u00edni fizet\u00e9si lehet\u0151s\u00e9g eset\u00e9n bankk\u00e1rtya garanci\u00e1t k\u00e9r\u00fcnk kedves vend\u00e9geinkt\u0151l. A bankk\u00e1rtya adataira (k\u00e1rtya tulajdonosa, sz\u00e1ma, \u00e9rv\u00e9nyess\u00e9ge) a foglal\u00e1si garanci\u00e1hoz van sz\u00fcks\u00e9g\u00fcnk.<\/p>\n<p>A foglal\u00e1s fennmarad\u00f3 \u00e9rt\u00e9k\u00e9t mely el\u0151zetesen nem ker\u00fclt t\u00e9r\u00edt\u00e9sre, a helysz\u00ednen \u00e9rkez\u00e9skor, vagy legk\u00e9s\u0151bb a t\u00e1voz\u00e1s el\u0151tt lehet kiegyenl\u00edteni.<\/p>\n<p><strong>Lemond\u00e1si felt\u00e9telek:<\/strong><br \/>\nEgy\u00e9ni megrendel\u00e9sek eset\u00e9ben, a megrendelt szolg\u00e1ltat\u00e1s, az \u00e9rkez\u00e9s el\u0151tt 48 \u00f3r\u00e1val d\u00edjmentesen lemondhat\u00f3. Vissza nem t\u00e9r\u00edtend\u0151 (non-refundable) csomag eset\u00e9n a kifizetett \u00f6sszeget nem \u00e1ll m\u00f3dunkban megt\u00e9r\u00edteni.<br \/>\n<strong>Lemond\u00e1si d\u00edj:<\/strong> az \u00e9rkez\u00e9st megel\u0151z\u0151 48 \u00f3r\u00e1n bel\u00fcli lemond\u00e1s eset\u00e9n a befizetett \u00f6sszeget, mely \u00e1ltal\u00e1ban a foglal\u00e1s \u00e9rt\u00e9k\u00e9nek maximum 50%, nem t\u00e9r\u00edtj\u00fck vissza. Helysz\u00edni fizet\u00e9si opci\u00f3 eset\u00e9n a vend\u00e9gt\u0151l az els\u0151 \u00e9jszaka d\u00edj\u00e1t sz\u00e1moljuk fel.<\/p>\n<p><strong>Sz\u00e1llod\u00e1nkban az al\u00e1bbi fizet\u0151eszk\u00f6z\u00f6ket fogadjuk el:<\/strong><br \/>\nK\u00e9szp\u00e9nz: RON vagy EUR<br \/>\nHitelk\u00e1rty\u00e1k: VISA, Mastercard<br \/>\n\u00dcd\u00fcl\u00e9si k\u00e1rtya: Sodexo, Edenred, ChequeDej\u00e9uner<br \/>\nMegjegyz\u00e9s: csak a sz\u00e1ll\u00e1ssal egybek\u00f6t\u00f6tt szolg\u00e1ltat\u00e1sok kiegyenl\u00edt\u00e9s\u00e9re van lehet\u0151s\u00e9g\u00fcnk a k\u00e1rty\u00e1t elfogadni. A vak\u00e1ci\u00f3s k\u00e1rty\u00e1kat csak a tulajdonos haszn\u00e1lhatja fel.<\/p>\n<p>Mindennem\u0171 sz\u00e1mla RON-ban lesz ki\u00e1ll\u00edtva. A vend\u00e9g tudom\u00e1sul veszi, hogy EUR alap\u00fa foglal\u00e1s eset\u00e9n a fizetend\u0151 \u00f6sszeget az aktu\u00e1lis BNR \u00e1rfolyamon sz\u00e1m\u00edtjuk ki \u00e9s a sz\u00e1mla ki\u00e1ll\u00edt\u00e1sa RON-ban t\u00f6rt\u00e9nik.<br \/>\nEl\u0151leg bek\u00e9r\u00e9se eset\u00e9n az el\u0151leg csak abban az esetben sz\u00e1m\u00edt elfogadottnak, ha annak \u00f6sszege a sz\u00e1lloda banksz\u00e1ml\u00e1j\u00e1ra meg\u00e9rkezett.<br \/>\nFelh\u00edvjuk kedves vend\u00e9geink figyelm\u00e9t, hogy a sz\u00e1ml\u00e1z\u00e1s 07.00-21.30 \u00f3ra k\u00f6z\u00f6tt t\u00f6rt\u00e9nik. \u00c9jszakai, vagy kora reggeli elutaz\u00e1s eset\u00e9n k\u00e9rj\u00fck \u00e9rtes\u00edteni a recepci\u00f3t el\u0151z\u0151 este a sz\u00e1mla elk\u00e9sz\u00edt\u00e9se v\u00e9gett!<\/p>\n<p><strong>Kis\u00e1llatok<\/strong><br \/>\nA sz\u00e1llodai szob\u00e1ba fel\u00e1r ellen\u00e9ben kis\u00e1llatot (&lt;5 kg) fogadunk. Az \u00e1llat \u00e1ltal a berendez\u00e9sben okozott minden nem\u0171 k\u00e1rt a vend\u00e9g k\u00f6teles megt\u00e9r\u00edteni.<br \/>\nA sz\u00e1lloda \u00e9tterm\u00e9be, a wellness r\u00e9szlegbe, valamint a strandra kis\u00e1llat nem vihet\u0151 be.<\/p>\n<div class=\"flex max-w-full flex-col flex-grow\">\n<div class=\"min-h-8 text-message flex w-full flex-col items-end gap-2 whitespace-normal break-words text-start [.text-message+&amp;]:mt-5\" dir=\"auto\" data-message-author-role=\"assistant\" data-message-id=\"81af73bb-acaf-4ec9-b9b2-6436e20a7297\" data-message-model-slug=\"gpt-4\">\n<div class=\"flex w-full flex-col gap-1 empty:hidden first:pt-[3px]\">\n<div class=\"markdown prose w-full break-words dark:prose-invert light\">\n<p>Nagy test\u0171 kuty\u00e1k nem sz\u00e1ll\u00e1solhat\u00f3k el a hotelben, de sz\u00edvesen seg\u00edt\u00fcnk a sz\u00e1ll\u00e1s megold\u00e1s\u00e1ban. El\u0151zetes egyeztet\u00e9s alapj\u00e1n kis\u00e1llat\u00e1t speci\u00e1lis \u00e1llatsz\u00e1ll\u00edt\u00f3 kennelben, Farkaslak\u00e1n tal\u00e1lhat\u00f3 kellemes k\u00f6rnyezet\u0171 kutyapanzi\u00f3ban helyezz\u00fck el. Az \u00e9telt a tulajdonosnak kell biztos\u00edtania. A kuty\u00e1k sz\u00e1ll\u00e1sd\u00edja 15 EUR\/\u00e9jszaka.<\/p>\n<\/div>\n<\/div>\n<\/div>\n<\/div>\n<p><strong>Viselked\u00e9s a hotelben<\/strong><br \/>\nK\u00e9rj\u00fck, hogy tarts\u00e1k tiszteletben a t\u00f6bbi vend\u00e9g nyugalm\u00e1t \u00e9s azt hangoskod\u00e1ssal ne zavarj\u00e1k. (K\u00fcl\u00f6n\u00f6sen 22:00 \u00f3ra ut\u00e1n figyeljenek egym\u00e1s nyugalm\u00e1ra.)<br \/>\nAz hotel \u00e9tteremben k\u00e9rj\u00fck megfelel\u0151 ruh\u00e1zatban \u00e9rkezzen, f\u00fcrd\u0151ruh\u00e1ban tart\u00f3zkodni az \u00e9tteremben tilos.<br \/>\nA szob\u00e1k \u00e9s a sz\u00e1lloda felszerel\u00e9si t\u00e1rgyait azok ter\u00fclet\u00e9r\u0151l kivinni tilos.<br \/>\nA sz\u00e1lloda eszk\u00f6zeit rendeltet\u00e9s szer\u0171en kell haszn\u00e1lni.<br \/>\nA t\u0171z \u00e9s balesetv\u00e9delmi szab\u00e1lyok betart\u00e1sa minden vend\u00e9g sz\u00e1m\u00e1ra k\u00f6telez\u0151.<br \/>\nK\u00e1rokoz\u00e1s eset\u00e9n a k\u00e1r okoz\u00f3ja, vagy annak t\u00f6rv\u00e9nyes k\u00e9pvisel\u0151je k\u00f6teles a k\u00e1rt megt\u00e9r\u00edteni.<br \/>\nSzob\u00e1ink nemdoh\u00e1nyz\u00f3 szob\u00e1k, ez\u00e9rt k\u00e9rj\u00fck vend\u00e9geinket, hogy haszn\u00e1lj\u00e1k a doh\u00e1nyz\u00e1sra kijel\u00f6lt helyeket, amelyek rendelkez\u00e9s\u00fckre \u00e1llnak a sz\u00e1lloda bej\u00e1rat\u00e1n\u00e1l, valamint a sz\u00e1lloda terasz\u00e1n. A szob\u00e1ban val\u00f3 doh\u00e1nyz\u00e1s eset\u00e9n sz\u00e1llod\u00e1nk 100 RON \u00f6sszeg\u0171 d\u00edjat sz\u00e1m\u00edt fel!<br \/>\nA wellness \/ strand r\u00e9szleg haszn\u00e1lat\u00e1hoz minden kedves sz\u00e1ll\u00f3vend\u00e9g\u00fcnknek, akinek a csomag\u00e1rban benne van a wellness \/ strand szolg\u00e1ltat\u00e1sok haszn\u00e1lata, bejelentkez\u00e9skor t\u00f6r\u00f6lk\u00f6z\u0151 k\u00e1rty\u00e1t adunk \u00e1t. K\u00e9rj\u00fck ig\u00e9nyelje a t\u00f6r\u00f6lk\u00f6z\u0151t a sz\u00e1lloda recepci\u00f3j\u00e1n\u00e1l ezen k\u00e1rtya \u00e1tad\u00e1s\u00e1val. B\u00e1rmikor ig\u00e9nyli, cser\u00e9lj\u00fck t\u00f6r\u00f6lk\u00f6z\u0151j\u00e9t, ig\u00e9ny\u00e9t szint\u00e9n a sz\u00e1lloda recepci\u00f3n\u00e1l jelezze. Amennyiben a t\u00f6r\u00f6lk\u00f6z\u0151k\u00e1rtya elutaz\u00e1skor nem ker\u00fcl lead\u00e1sra akkor annak \u00e9rt\u00e9k\u00e9t a vend\u00e9g k\u00f6teles megt\u00e9r\u00edteni.<br \/>\nMegk\u00e9rj\u00fck kedves vend\u00e9geinket, hogy a szobai t\u00f6r\u00fclk\u00f6z\u0151ket ne vigy\u00e9k \u00e1t a wellness r\u00e9szlegbe.<br \/>\nAmennyiben a szobai f\u00fcrd\u0151k\u00f6penyt a wellness r\u00e9szlegben is haszn\u00e1lja, k\u00e9rj\u00fck a szob\u00e1ba visszahozni.<\/p>\n<p><strong>Biztons\u00e1g<\/strong><br \/>\nA sz\u00e1lloda ter\u00fclet\u00e9n t\u00f6bb biztons\u00e1gi kamera rendszer m\u0171k\u00f6dik.<br \/>\nA szob\u00e1kban hagyott \u00e9rt\u00e9kt\u00e1rgyak\u00e9rt nem v\u00e1llalunk felel\u0151ss\u00e9get! K\u00e9rj\u00fck vend\u00e9geinket, haszn\u00e1lj\u00e1k a szob\u00e1ban lev\u0151 sz\u00e9fet \u00e9rt\u00e9kt\u00e1rgyaik biztos\u00edt\u00e1sa \u00e9rdek\u00e9ben. Sz\u00e1llod\u00e1nkban val\u00f3 fegyverbirtokl\u00e1s eset\u00e9n a vend\u00e9g ezt k\u00f6teles jelezni a recepci\u00f3n\u00e1l \u00e9s a fegyvert\/mun\u00edci\u00f3t az erre fenntartott fegyversz\u00e9fben elhelyezni.<br \/>\nA szoba elhagy\u00e1sakor az ajt\u00f3t MINDEN ESETBEN z\u00e1rni kell.<br \/>\nA tal\u00e1lt t\u00e1rgyakat a sz\u00e1lloda recepci\u00f3n kell leadni.<br \/>\nJavasoljuk a szobak\u00e1rtya lead\u00e1s\u00e1t a recepci\u00f3n\u00e1l, elveszt\u00e9se eset\u00e9n 100 RON \u00e9rt\u00e9k\u0171 p\u00f3td\u00edjat sz\u00e1m\u00edtunk fel.<br \/>\nA sz\u00e1llodai szob\u00e1ban gy\u00fal\u00e9kony, robban\u00e1svesz\u00e9lyes anyagot t\u00e1rolni tilos. K\u00e1v\u00e9f\u0151z\u0151t, v\u00edzmeleg\u00edt\u0151t, vasal\u00f3t \u00e9s egy\u00e9b elektromos k\u00e9sz\u00fcl\u00e9ket csak saj\u00e1t felel\u0151ss\u00e9gre haszn\u00e1ljanak. Az esetleges \u00e1ltaluk okozott k\u00e1rokat, mely a vend\u00e9g \u00e1ltal val\u00f3 \u00fczemeltet\u00e9sb\u0151l fakad, a vend\u00e9g k\u00f6teles megt\u00e9r\u00edteni. A vasal\u00e1si ig\u00e9ny\u00fcket k\u00e9rj\u00fck jelezz\u00e9k a sz\u00e1lloda recepci\u00f3n\u00e1l.<br \/>\nK\u00e9rj\u00fck vend\u00e9geinket, hogy a szob\u00e1ban tapasztalt mindennem\u0171 meghib\u00e1sod\u00e1st a sz\u00e1lloda recepci\u00f3n\u00e1l halad\u00e9ktalanul jelezz\u00e9k.<br \/>\nA sz\u00e1llodai szob\u00e1ban felejtett t\u00e1rgyakat 1 h\u00f3napig \u0151rizz\u00fck meg.<\/p>\n<p><strong>Parkol\u00e1s<\/strong><br \/>\nSz\u00e1llod\u00e1nk soromp\u00f3val felszerelt parkol\u00f3val rendelkezik, melynek haszn\u00e1lata ingyenes a sz\u00e1ll\u00f3vend\u00e9gek sz\u00e1m\u00e1ra. Az \u00e9rkez\u00e9skor kapott parkol\u00f3k\u00e1rty\u00e1t k\u00e9rj\u00fck elutaz\u00e1s napj\u00e1n a recepci\u00f3n leadni.<br \/>\nA sz\u00e1lloda el\u0151tti k\u00e9tir\u00e1ny\u00fa forgalmas udvarban biztons\u00e1gi okb\u00f3l parkolni tilos.<\/p>\n<p><strong>Reggeli \/ egy\u00e9b \u00e9tkez\u00e9s<\/strong><br \/>\nA szoba\u00e1r tartalmazza a reggelit, amelyet a hotel \u00e9tteremben szolg\u00e1lunk fel h\u00e9tk\u00f6znap 7:00 \u00e9s 10:00 \u00f3ra k\u00f6z\u00f6tt, h\u00e9tv\u00e9g\u00e9n 8:00 \u00e9s 11:00 \u00f3ra k\u00f6z\u00f6tt.<br \/>\nA reggeli b\u00fcf\u00e9asztal eset\u00e9n korl\u00e1tlan \u00e9telfogyaszt\u00e1s biztos\u00edtott, amennyiben nem b\u00fcf\u00e9 rendszer\u0171, a reggeli \u00e9tlapb\u00f3l val\u00f3 rendel\u00e9s eset\u00e9n a vend\u00e9g k\u00e9r\u00e9s\u00e9nek megfelel\u0151en biztos\u00edtjuk az \u00e9telek felszolg\u00e1l\u00e1s\u00e1t.<br \/>\nAz \u00e9tkez\u00e9sekn\u00e9l k\u00e9rj\u00fck a megfelel\u0151 \u00f6lt\u00f6z\u00e9kben jelenjenek meg.<\/p>\n<p><strong>Hideg-csomag:<\/strong> a reggeli h\u00e9tk\u00f6znap 7:00-10:00 \u00f3ra, h\u00e9tv\u00e9g\u00e9n 8:00-11:00 \u00f3ra k\u00f6z\u00f6tt \u00e1ll vend\u00e9geink rendelkez\u00e9s\u00e9re. Amennyiben kedves vend\u00e9geink a korai elutaz\u00e1s miatt nem tudj\u00e1k ig\u00e9nybe venni azt, \u00fagy k\u00fcl\u00f6n k\u00e9r\u00e9sre hideg-csomagot k\u00e9sz\u00edt\u00fcnk.<br \/>\nNem a sz\u00e1llod\u00e1ban v\u00e1s\u00e1rolt \u00e9telt, italt a vend\u00e9g csak \u00e9s kiz\u00e1r\u00f3lag a sz\u00e1llodai szob\u00e1ban fogyaszthatja el.<\/p>\n<p><strong>A konyha 22:00 \u00f3r\u00e1ig tart nyitva, az utols\u00f3 rendel\u00e9st 21:.30-ig tudjuk felvenni.<\/strong><\/p>\n<p><strong>Egy\u00e9b szolg\u00e1ltat\u00e1sok<\/strong><\/p>\n<p>A Septimia Resort wellness r\u00e9szleg\u00e9nek, strandj\u00e1nak, bowling term\u00e9nek \u00e9s \u00e9ttermeinek szolg\u00e1ltat\u00e1sai, nem kiz\u00e1r\u00f3lagos haszn\u00e1lattal vehet\u0151ek ig\u00e9nybe. Ez azt jelenti, hogy az eml\u00edtett tereket a hotel vend\u00e9geink meg kell ossz\u00e1k m\u00e1s fizet\u0151 vend\u00e9gekkel is.<\/p>\n<p>Minden szolg\u00e1ltat\u00e1s ig\u00e9nyl\u00e9s\u00e9t (wellness, massz\u00e1zs, asztalfoglal\u00e1s, bowling p\u00e1lya foglal\u00e1s, stb) csak el\u0151zetes foglal\u00e1s eset\u00e9n \u00e1ll m\u00f3dunkban biztos\u00edtani, melyet jelezhet az \u00e9rkez\u00e9st megel\u0151z\u0151en e-mailben, vagy telefonon, valamint a helysz\u00ednen a sz\u00e1lloda recepci\u00f3j\u00e1n\u00e1l.<\/p>\n<p>A strand ter\u00fclet\u00e9n a napoz\u00f3\u00e1gyakat 12 \u00f3r\u00e1ig tartjuk fenn a sz\u00e1ll\u00f3vend\u00e9geink sz\u00e1m\u00e1ra.<br \/>\nA strand haszn\u00e1lat\u00e1hoz k\u00f6telez\u0151 a feh\u00e9r karszalag visel\u00e9se.<br \/>\nElutaz\u00e1s napj\u00e1n a vend\u00e9geink sz\u00e1m\u00e1ra 3 \u00f3ra wellness r\u00e9szleg \u00e9s\/vagy strand haszn\u00e1lat\u00e1nak lehet\u0151s\u00e9g\u00e9t biztos\u00edtjuk, 12.00 \u00f3r\u00e1ig. Ezut\u00e1n csak bel\u00e9p\u0151jegy megv\u00e1lt\u00e1s\u00e1val haszn\u00e1lhat\u00f3ak ezen szolg\u00e1ltat\u00e1saink.<\/p>\n","protected":false},"excerpt":{"rendered":"<p>Szobafoglal\u00e1skor vend\u00e9geink elfogadj\u00e1k a sz\u00e1lloda bels\u0151 szab\u00e1lyzat\u00e1t, valamint a szem\u00e9lyes adatok felhaszn\u00e1l\u00e1s\u00e1ra \u00e9s feldolgoz\u00e1s\u00e1ra vonatkoz\u00f3 ir\u00e1nyelveket \u2013 a GDPR-t. Telefonos foglal\u00e1s eset\u00e9n a felt\u00e9teleket az \u00e9rkez\u00e9s pillanat\u00e1ban fogadj\u00e1k el. Szobafoglal\u00e1s A szobafoglal\u00e1s f\u0151k\u00e9nt online t\u00f6rt\u00e9nik a www.septimiaresort.ro weboldalon kereszt\u00fcl, k\u00f6zvet\u00edt\u0151 internetes port\u00e1lokon kereszt\u00fcl, mint Booking.com, travelminit.ro, experia.com, h2b.ro stb, valamint e-mail-ben vagy telefonon a megadott [&hellip;]<\/p>\n","protected":false},"author":7,"featured_media":0,"parent":0,"menu_order":800,"comment_status":"closed","ping_status":"closed","template":"","meta":{"footnotes":""},"class_list":["post-278","page","type-page","status-publish","hentry"],"yoast_head":"<!-- This site is optimized with the Yoast SEO plugin v26.9 - https:\/\/yoast.com\/product\/yoast-seo-wordpress\/ -->\n<title>Foglal\u00e1si felt\u00e9telek - Septimia Hotels &amp; SPA Resort<\/title>\n<meta name=\"robots\" content=\"index, follow, max-snippet:-1, max-image-preview:large, max-video-preview:-1\" \/>\n<link rel=\"canonical\" href=\"https:\/\/www.septimiaresort.ro\/hu\/foglalasi-feltetelek\/\" \/>\n<meta property=\"og:locale\" content=\"hu_HU\" \/>\n<meta property=\"og:type\" content=\"article\" \/>\n<meta property=\"og:title\" content=\"Foglal\u00e1si felt\u00e9telek - Septimia Hotels &amp; SPA Resort\" \/>\n<meta property=\"og:description\" content=\"Szobafoglal\u00e1skor vend\u00e9geink elfogadj\u00e1k a sz\u00e1lloda bels\u0151 szab\u00e1lyzat\u00e1t, valamint a szem\u00e9lyes adatok felhaszn\u00e1l\u00e1s\u00e1ra \u00e9s feldolgoz\u00e1s\u00e1ra vonatkoz\u00f3 ir\u00e1nyelveket \u2013 a GDPR-t. Telefonos foglal\u00e1s eset\u00e9n a felt\u00e9teleket az \u00e9rkez\u00e9s pillanat\u00e1ban fogadj\u00e1k el. Szobafoglal\u00e1s A szobafoglal\u00e1s f\u0151k\u00e9nt online t\u00f6rt\u00e9nik a www.septimiaresort.ro weboldalon kereszt\u00fcl, k\u00f6zvet\u00edt\u0151 internetes port\u00e1lokon kereszt\u00fcl, mint Booking.com, travelminit.ro, experia.com, h2b.ro stb, valamint e-mail-ben vagy telefonon a megadott [&hellip;]\" \/>\n<meta property=\"og:url\" content=\"https:\/\/www.septimiaresort.ro\/hu\/foglalasi-feltetelek\/\" \/>\n<meta property=\"og:site_name\" content=\"Septimia Hotels &amp; SPA Resort\" \/>\n<meta property=\"article:modified_time\" content=\"2025-01-27T10:24:59+00:00\" \/>\n<meta name=\"twitter:card\" content=\"summary_large_image\" \/>\n<meta name=\"twitter:label1\" content=\"Becs\u00fclt olvas\u00e1si id\u0151\" \/>\n\t<meta name=\"twitter:data1\" content=\"5 perc\" \/>\n<script type=\"application\/ld+json\" class=\"yoast-schema-graph\">{\"@context\":\"https:\/\/schema.org\",\"@graph\":[{\"@type\":\"WebPage\",\"@id\":\"https:\/\/www.septimiaresort.ro\/hu\/foglalasi-feltetelek\/\",\"url\":\"https:\/\/www.septimiaresort.ro\/hu\/foglalasi-feltetelek\/\",\"name\":\"Foglal\u00e1si felt\u00e9telek - Septimia Hotels & SPA Resort\",\"isPartOf\":{\"@id\":\"https:\/\/www.septimiaresort.ro\/hu\/#website\"},\"datePublished\":\"2020-06-16T10:32:30+00:00\",\"dateModified\":\"2025-01-27T10:24:59+00:00\",\"breadcrumb\":{\"@id\":\"https:\/\/www.septimiaresort.ro\/hu\/foglalasi-feltetelek\/#breadcrumb\"},\"inLanguage\":\"hu\",\"potentialAction\":[{\"@type\":\"ReadAction\",\"target\":[\"https:\/\/www.septimiaresort.ro\/hu\/foglalasi-feltetelek\/\"]}]},{\"@type\":\"BreadcrumbList\",\"@id\":\"https:\/\/www.septimiaresort.ro\/hu\/foglalasi-feltetelek\/#breadcrumb\",\"itemListElement\":[{\"@type\":\"ListItem\",\"position\":1,\"name\":\"Home\",\"item\":\"https:\/\/www.septimiaresort.ro\/hu\/\"},{\"@type\":\"ListItem\",\"position\":2,\"name\":\"Foglal\u00e1si felt\u00e9telek\"}]},{\"@type\":\"WebSite\",\"@id\":\"https:\/\/www.septimiaresort.ro\/hu\/#website\",\"url\":\"https:\/\/www.septimiaresort.ro\/hu\/\",\"name\":\"Septimia Hotels & SPA Resort\",\"description\":\"Just another ms.decms.eu site\",\"potentialAction\":[{\"@type\":\"SearchAction\",\"target\":{\"@type\":\"EntryPoint\",\"urlTemplate\":\"https:\/\/www.septimiaresort.ro\/hu\/?s={search_term_string}\"},\"query-input\":{\"@type\":\"PropertyValueSpecification\",\"valueRequired\":true,\"valueName\":\"search_term_string\"}}],\"inLanguage\":\"hu\"}]}<\/script>\n<!-- \/ Yoast SEO plugin. -->","yoast_head_json":{"title":"Foglal\u00e1si felt\u00e9telek - Septimia Hotels & SPA Resort","robots":{"index":"index","follow":"follow","max-snippet":"max-snippet:-1","max-image-preview":"max-image-preview:large","max-video-preview":"max-video-preview:-1"},"canonical":"https:\/\/www.septimiaresort.ro\/hu\/foglalasi-feltetelek\/","og_locale":"hu_HU","og_type":"article","og_title":"Foglal\u00e1si felt\u00e9telek - Septimia Hotels & SPA Resort","og_description":"Szobafoglal\u00e1skor vend\u00e9geink elfogadj\u00e1k a sz\u00e1lloda bels\u0151 szab\u00e1lyzat\u00e1t, valamint a szem\u00e9lyes adatok felhaszn\u00e1l\u00e1s\u00e1ra \u00e9s feldolgoz\u00e1s\u00e1ra vonatkoz\u00f3 ir\u00e1nyelveket \u2013 a GDPR-t. Telefonos foglal\u00e1s eset\u00e9n a felt\u00e9teleket az \u00e9rkez\u00e9s pillanat\u00e1ban fogadj\u00e1k el. Szobafoglal\u00e1s A szobafoglal\u00e1s f\u0151k\u00e9nt online t\u00f6rt\u00e9nik a www.septimiaresort.ro weboldalon kereszt\u00fcl, k\u00f6zvet\u00edt\u0151 internetes port\u00e1lokon kereszt\u00fcl, mint Booking.com, travelminit.ro, experia.com, h2b.ro stb, valamint e-mail-ben vagy telefonon a megadott [&hellip;]","og_url":"https:\/\/www.septimiaresort.ro\/hu\/foglalasi-feltetelek\/","og_site_name":"Septimia Hotels & SPA Resort","article_modified_time":"2025-01-27T10:24:59+00:00","twitter_card":"summary_large_image","twitter_misc":{"Becs\u00fclt olvas\u00e1si id\u0151":"5 perc"},"schema":{"@context":"https:\/\/schema.org","@graph":[{"@type":"WebPage","@id":"https:\/\/www.septimiaresort.ro\/hu\/foglalasi-feltetelek\/","url":"https:\/\/www.septimiaresort.ro\/hu\/foglalasi-feltetelek\/","name":"Foglal\u00e1si felt\u00e9telek - Septimia Hotels & SPA Resort","isPartOf":{"@id":"https:\/\/www.septimiaresort.ro\/hu\/#website"},"datePublished":"2020-06-16T10:32:30+00:00","dateModified":"2025-01-27T10:24:59+00:00","breadcrumb":{"@id":"https:\/\/www.septimiaresort.ro\/hu\/foglalasi-feltetelek\/#breadcrumb"},"inLanguage":"hu","potentialAction":[{"@type":"ReadAction","target":["https:\/\/www.septimiaresort.ro\/hu\/foglalasi-feltetelek\/"]}]},{"@type":"BreadcrumbList","@id":"https:\/\/www.septimiaresort.ro\/hu\/foglalasi-feltetelek\/#breadcrumb","itemListElement":[{"@type":"ListItem","position":1,"name":"Home","item":"https:\/\/www.septimiaresort.ro\/hu\/"},{"@type":"ListItem","position":2,"name":"Foglal\u00e1si felt\u00e9telek"}]},{"@type":"WebSite","@id":"https:\/\/www.septimiaresort.ro\/hu\/#website","url":"https:\/\/www.septimiaresort.ro\/hu\/","name":"Septimia Hotels & SPA Resort","description":"Just another ms.decms.eu site","potentialAction":[{"@type":"SearchAction","target":{"@type":"EntryPoint","urlTemplate":"https:\/\/www.septimiaresort.ro\/hu\/?s={search_term_string}"},"query-input":{"@type":"PropertyValueSpecification","valueRequired":true,"valueName":"search_term_string"}}],"inLanguage":"hu"}]}},"acf":[],"_links":{"self":[{"href":"https:\/\/www.septimiaresort.ro\/hu\/wp-json\/wp\/v2\/pages\/278","targetHints":{"allow":["GET"]}}],"collection":[{"href":"https:\/\/www.septimiaresort.ro\/hu\/wp-json\/wp\/v2\/pages"}],"about":[{"href":"https:\/\/www.septimiaresort.ro\/hu\/wp-json\/wp\/v2\/types\/page"}],"author":[{"embeddable":true,"href":"https:\/\/www.septimiaresort.ro\/hu\/wp-json\/wp\/v2\/users\/7"}],"replies":[{"embeddable":true,"href":"https:\/\/www.septimiaresort.ro\/hu\/wp-json\/wp\/v2\/comments?post=278"}],"version-history":[{"count":0,"href":"https:\/\/www.septimiaresort.ro\/hu\/wp-json\/wp\/v2\/pages\/278\/revisions"}],"wp:attachment":[{"href":"https:\/\/www.septimiaresort.ro\/hu\/wp-json\/wp\/v2\/media?parent=278"}],"curies":[{"name":"wp","href":"https:\/\/api.w.org\/{rel}","templated":true}]}}