{"id":279,"date":"2020-06-16T10:42:50","date_gmt":"2020-06-16T10:42:50","guid":{"rendered":"http:\/\/septimia-hotels-spa-resort.ms.decms.eu\/?page_id=279"},"modified":"2020-06-16T10:42:50","modified_gmt":"2020-06-16T10:42:50","slug":"privacy","status":"publish","type":"page","link":"https:\/\/www.septimiaresort.ro\/hu\/privacy\/","title":{"rendered":"Privacy"},"content":{"rendered":"<p>\u00ce\u021bi mul\u021bumim pentru confirmarea acordului t\u0103u pentru utilizarea datelor personale, precum \u0219i faptul c\u0103 ne acorzi \u00eencredere \u0219i \u00een continuare!<\/p>\n<p>Cu acordul t\u0103u \u00ee\u021bi vom trimite newslettere cu scop de promovare a serviciilor, ofertelor, precum \u0219i a promo\u021biilor actuale al unit\u0103\u021bii noastre Septimia Hotels &amp; SPA Resort.<\/p>\n<p>Reglement\u0103ri GDPR \u0219i drepturile tale<\/p>\n<p>\u00cencep\u00e2nd cu data de 25 mai 2018, intr\u0103 \u00een vigoare Regulamentul 2016\/679\/UE privind protec\u021bia persoanelor fizice (GDPR &#8211; General Data Protection Regulation) \u00een ceea ce prive\u0219te prelucrarea datelor cu caracter personal \u0219i libera circula\u021bie a acestor date va fi aplicat de toate statele Uniunii Europene.<\/p>\n<p>\u00cen calitate de persoan\u0103 vizat\u0103, ai drepturi legale specifice legate de datele personale pe care le de\u021binem (dreptul de acces, dreptul la rectificare, dreptul la \u015ftergerea datelor, dreptul la restric\u0163ionarea prelucr\u0103rii, dreptul la portabilitatea datelor, dreptul la opozi\u0163ie si procesul decizional individual automatizat).<\/p>\n<p>Te asigur\u0103m c\u0103 datele tale personale vor fi prelucrate cu respectarea m\u0103surilor legale de securitate \u0219i confiden\u021bialitate \u0219i numai pentru realizarea scopurilor pentru care aceste date au fost colectate.<\/p>\n<p>Dreptul de a retrage oric\u00e2nd un consim\u021b\u0103m\u00e2nt dat \u00een vederea opririi unei prelucr\u0103ri a datelor care se bazeaz\u0103 pe consim\u021b\u0103m\u00e2ntul t\u0103u.<\/p>\n<p>Totodata, te asigur\u0103m c\u0103 d\u0103m curs solicit\u0103rilor tale \u00een mod adecvat, \u00ee\u021bi rezerv\u0103m dreptul de a retrage oric\u00e2nd un consim\u021b\u0103m\u00e2nt dat \u00een vederea opririi unei prelucr\u0103ri a datelor care se bazeaz\u0103 pe consim\u021b\u0103m\u00e2ntul t\u0103u.<\/p>\n","protected":false},"excerpt":{"rendered":"<p>\u00ce\u021bi mul\u021bumim pentru confirmarea acordului t\u0103u pentru utilizarea datelor personale, precum \u0219i faptul c\u0103 ne acorzi \u00eencredere \u0219i \u00een continuare! Cu acordul t\u0103u \u00ee\u021bi vom trimite newslettere cu scop de promovare a serviciilor, ofertelor, precum \u0219i a promo\u021biilor actuale al unit\u0103\u021bii noastre Septimia Hotels &amp; SPA Resort. Reglement\u0103ri GDPR \u0219i drepturile tale \u00cencep\u00e2nd cu data [&hellip;]<\/p>\n","protected":false},"author":7,"featured_media":0,"parent":0,"menu_order":900,"comment_status":"closed","ping_status":"closed","template":"","meta":{"footnotes":""},"class_list":["post-279","page","type-page","status-publish","hentry"],"yoast_head":"<!-- This site is optimized with the Yoast SEO plugin v26.9 - https:\/\/yoast.com\/product\/yoast-seo-wordpress\/ -->\n<title>Privacy - Septimia Hotels &amp; SPA Resort<\/title>\n<meta name=\"robots\" content=\"index, follow, max-snippet:-1, max-image-preview:large, max-video-preview:-1\" \/>\n<link rel=\"canonical\" href=\"https:\/\/www.septimiaresort.ro\/hu\/privacy\/\" \/>\n<meta property=\"og:locale\" content=\"hu_HU\" \/>\n<meta property=\"og:type\" content=\"article\" \/>\n<meta property=\"og:title\" content=\"Privacy - Septimia Hotels &amp; SPA Resort\" \/>\n<meta property=\"og:description\" content=\"\u00ce\u021bi mul\u021bumim pentru confirmarea acordului t\u0103u pentru utilizarea datelor personale, precum \u0219i faptul c\u0103 ne acorzi \u00eencredere \u0219i \u00een continuare! Cu acordul t\u0103u \u00ee\u021bi vom trimite newslettere cu scop de promovare a serviciilor, ofertelor, precum \u0219i a promo\u021biilor actuale al unit\u0103\u021bii noastre Septimia Hotels &amp; SPA Resort. Reglement\u0103ri GDPR \u0219i drepturile tale \u00cencep\u00e2nd cu data [&hellip;]\" \/>\n<meta property=\"og:url\" content=\"https:\/\/www.septimiaresort.ro\/hu\/privacy\/\" \/>\n<meta property=\"og:site_name\" content=\"Septimia Hotels &amp; SPA Resort\" \/>\n<meta name=\"twitter:card\" content=\"summary_large_image\" \/>\n<meta name=\"twitter:label1\" content=\"Becs\u00fclt olvas\u00e1si id\u0151\" \/>\n\t<meta name=\"twitter:data1\" content=\"1 perc\" \/>\n<script type=\"application\/ld+json\" class=\"yoast-schema-graph\">{\"@context\":\"https:\/\/schema.org\",\"@graph\":[{\"@type\":\"WebPage\",\"@id\":\"https:\/\/www.septimiaresort.ro\/hu\/privacy\/\",\"url\":\"https:\/\/www.septimiaresort.ro\/hu\/privacy\/\",\"name\":\"Privacy - Septimia Hotels & SPA Resort\",\"isPartOf\":{\"@id\":\"https:\/\/www.septimiaresort.ro\/hu\/#website\"},\"datePublished\":\"2020-06-16T10:42:50+00:00\",\"breadcrumb\":{\"@id\":\"https:\/\/www.septimiaresort.ro\/hu\/privacy\/#breadcrumb\"},\"inLanguage\":\"hu\",\"potentialAction\":[{\"@type\":\"ReadAction\",\"target\":[\"https:\/\/www.septimiaresort.ro\/hu\/privacy\/\"]}]},{\"@type\":\"BreadcrumbList\",\"@id\":\"https:\/\/www.septimiaresort.ro\/hu\/privacy\/#breadcrumb\",\"itemListElement\":[{\"@type\":\"ListItem\",\"position\":1,\"name\":\"Home\",\"item\":\"https:\/\/www.septimiaresort.ro\/hu\/\"},{\"@type\":\"ListItem\",\"position\":2,\"name\":\"Privacy\"}]},{\"@type\":\"WebSite\",\"@id\":\"https:\/\/www.septimiaresort.ro\/hu\/#website\",\"url\":\"https:\/\/www.septimiaresort.ro\/hu\/\",\"name\":\"Septimia Hotels & SPA Resort\",\"description\":\"Just another ms.decms.eu site\",\"potentialAction\":[{\"@type\":\"SearchAction\",\"target\":{\"@type\":\"EntryPoint\",\"urlTemplate\":\"https:\/\/www.septimiaresort.ro\/hu\/?s={search_term_string}\"},\"query-input\":{\"@type\":\"PropertyValueSpecification\",\"valueRequired\":true,\"valueName\":\"search_term_string\"}}],\"inLanguage\":\"hu\"}]}<\/script>\n<!-- \/ Yoast SEO plugin. -->","yoast_head_json":{"title":"Privacy - Septimia Hotels & SPA Resort","robots":{"index":"index","follow":"follow","max-snippet":"max-snippet:-1","max-image-preview":"max-image-preview:large","max-video-preview":"max-video-preview:-1"},"canonical":"https:\/\/www.septimiaresort.ro\/hu\/privacy\/","og_locale":"hu_HU","og_type":"article","og_title":"Privacy - Septimia Hotels & SPA Resort","og_description":"\u00ce\u021bi mul\u021bumim pentru confirmarea acordului t\u0103u pentru utilizarea datelor personale, precum \u0219i faptul c\u0103 ne acorzi \u00eencredere \u0219i \u00een continuare! Cu acordul t\u0103u \u00ee\u021bi vom trimite newslettere cu scop de promovare a serviciilor, ofertelor, precum \u0219i a promo\u021biilor actuale al unit\u0103\u021bii noastre Septimia Hotels &amp; SPA Resort. Reglement\u0103ri GDPR \u0219i drepturile tale \u00cencep\u00e2nd cu data [&hellip;]","og_url":"https:\/\/www.septimiaresort.ro\/hu\/privacy\/","og_site_name":"Septimia Hotels & SPA Resort","twitter_card":"summary_large_image","twitter_misc":{"Becs\u00fclt olvas\u00e1si id\u0151":"1 perc"},"schema":{"@context":"https:\/\/schema.org","@graph":[{"@type":"WebPage","@id":"https:\/\/www.septimiaresort.ro\/hu\/privacy\/","url":"https:\/\/www.septimiaresort.ro\/hu\/privacy\/","name":"Privacy - Septimia Hotels & SPA Resort","isPartOf":{"@id":"https:\/\/www.septimiaresort.ro\/hu\/#website"},"datePublished":"2020-06-16T10:42:50+00:00","breadcrumb":{"@id":"https:\/\/www.septimiaresort.ro\/hu\/privacy\/#breadcrumb"},"inLanguage":"hu","potentialAction":[{"@type":"ReadAction","target":["https:\/\/www.septimiaresort.ro\/hu\/privacy\/"]}]},{"@type":"BreadcrumbList","@id":"https:\/\/www.septimiaresort.ro\/hu\/privacy\/#breadcrumb","itemListElement":[{"@type":"ListItem","position":1,"name":"Home","item":"https:\/\/www.septimiaresort.ro\/hu\/"},{"@type":"ListItem","position":2,"name":"Privacy"}]},{"@type":"WebSite","@id":"https:\/\/www.septimiaresort.ro\/hu\/#website","url":"https:\/\/www.septimiaresort.ro\/hu\/","name":"Septimia Hotels & SPA Resort","description":"Just another ms.decms.eu site","potentialAction":[{"@type":"SearchAction","target":{"@type":"EntryPoint","urlTemplate":"https:\/\/www.septimiaresort.ro\/hu\/?s={search_term_string}"},"query-input":{"@type":"PropertyValueSpecification","valueRequired":true,"valueName":"search_term_string"}}],"inLanguage":"hu"}]}},"acf":[],"_links":{"self":[{"href":"https:\/\/www.septimiaresort.ro\/hu\/wp-json\/wp\/v2\/pages\/279","targetHints":{"allow":["GET"]}}],"collection":[{"href":"https:\/\/www.septimiaresort.ro\/hu\/wp-json\/wp\/v2\/pages"}],"about":[{"href":"https:\/\/www.septimiaresort.ro\/hu\/wp-json\/wp\/v2\/types\/page"}],"author":[{"embeddable":true,"href":"https:\/\/www.septimiaresort.ro\/hu\/wp-json\/wp\/v2\/users\/7"}],"replies":[{"embeddable":true,"href":"https:\/\/www.septimiaresort.ro\/hu\/wp-json\/wp\/v2\/comments?post=279"}],"version-history":[{"count":0,"href":"https:\/\/www.septimiaresort.ro\/hu\/wp-json\/wp\/v2\/pages\/279\/revisions"}],"wp:attachment":[{"href":"https:\/\/www.septimiaresort.ro\/hu\/wp-json\/wp\/v2\/media?parent=279"}],"curies":[{"name":"wp","href":"https:\/\/api.w.org\/{rel}","templated":true}]}}