{"id":3,"date":"2020-05-05T10:37:30","date_gmt":"2020-05-05T10:37:30","guid":{"rendered":"http:\/\/septimia-hotels-spa-resort.ms.decms.eu\/septimia-hotels-spa-resort\/"},"modified":"2025-11-05T12:32:34","modified_gmt":"2025-11-05T12:32:34","slug":"septimia-hotels-spa-resort","status":"publish","type":"page","link":"https:\/\/www.septimiaresort.ro\/hu\/","title":{"rendered":"Septimia Hotels &amp; SPA Resort"},"content":{"rendered":"<p><strong>A pihen\u00e9s vagy \u00fczleti tal\u00e1lkoz\u00f3k t\u00f6k\u00e9letes helysz\u00edne!<\/strong><br \/>\nAz \u00fcd\u00fcl\u0151hely a k\u00f6vetkez\u0151 szolg\u00e1ltat\u00e1sokat ny\u00fajtja:<\/p>\n<p style=\"text-align: left\"><strong>Sz\u00e1ll\u00e1s<\/strong> k\u00e9t sz\u00e1lloda \u00e9p\u00fcletben 4 csillagos \u00e9s 3 csillagos szob\u00e1kban<img loading=\"lazy\" decoding=\"async\" class=\"alignleft wp-image-394 size-medium\" src=\"https:\/\/www.septimiaresort.ro\/wp-content\/uploads\/sites\/169\/2020\/08\/vacakios-jegyek-300x98.png\" alt=\"\" width=\"300\" height=\"98\" srcset=\"https:\/\/www.septimiaresort.ro\/wp-content\/uploads\/sites\/169\/2020\/08\/vacakios-jegyek-300x98.png 300w, https:\/\/www.septimiaresort.ro\/wp-content\/uploads\/sites\/169\/2020\/08\/vacakios-jegyek-1024x334.png 1024w, https:\/\/www.septimiaresort.ro\/wp-content\/uploads\/sites\/169\/2020\/08\/vacakios-jegyek-768x250.png 768w, https:\/\/www.septimiaresort.ro\/wp-content\/uploads\/sites\/169\/2020\/08\/vacakios-jegyek-1536x501.png 1536w, https:\/\/www.septimiaresort.ro\/wp-content\/uploads\/sites\/169\/2020\/08\/vacakios-jegyek-800x261.png 800w, https:\/\/www.septimiaresort.ro\/wp-content\/uploads\/sites\/169\/2020\/08\/vacakios-jegyek.png 2000w\" sizes=\"auto, (max-width: 300px) 100vw, 300px\" \/><\/p>\n<p>&nbsp;<\/p>\n<p>&nbsp;<\/p>\n<p><strong>Wellness &amp; SPA <\/strong>(\u00fasz\u00f3medenc\u00e9k, pezsg\u0151f\u00fcrd\u0151k, szaun\u00e1k, s\u00f3d\u00e9zs\u00e1k, g\u0151zf\u00fcrd\u0151, s\u00f3szoba)<\/p>\n<p>Ny\u00e1ri szezonban szabadt\u00e9ri \u00fasz\u00f3medenc\u00e9k \u00e9s s\u00f3d\u00e9zs\u00e1k<\/p>\n<p><strong>Egyszer\u0171 Gy\u00f3gy\u00e1szati kezel\u00e9sek<\/strong><\/p>\n<p><strong>Szabadt\u00e9ri sportp\u00e1ly\u00e1k<\/strong><br \/>\n<strong>Teremsportok<\/strong><\/p>\n<p><strong>Bowling<\/strong><br \/>\n<strong>\u00c9ttermek<\/strong><\/p>\n","protected":false},"excerpt":{"rendered":"<p>A pihen\u00e9s vagy \u00fczleti tal\u00e1lkoz\u00f3k t\u00f6k\u00e9letes helysz\u00edne! Az \u00fcd\u00fcl\u0151hely a k\u00f6vetkez\u0151 szolg\u00e1ltat\u00e1sokat ny\u00fajtja: Sz\u00e1ll\u00e1s k\u00e9t sz\u00e1lloda \u00e9p\u00fcletben 4 csillagos \u00e9s 3 csillagos szob\u00e1kban &nbsp; &nbsp; Wellness &amp; SPA (\u00fasz\u00f3medenc\u00e9k, pezsg\u0151f\u00fcrd\u0151k, szaun\u00e1k, s\u00f3d\u00e9zs\u00e1k, g\u0151zf\u00fcrd\u0151, s\u00f3szoba) Ny\u00e1ri szezonban szabadt\u00e9ri \u00fasz\u00f3medenc\u00e9k \u00e9s s\u00f3d\u00e9zs\u00e1k Egyszer\u0171 Gy\u00f3gy\u00e1szati kezel\u00e9sek Szabadt\u00e9ri sportp\u00e1ly\u00e1k Teremsportok Bowling \u00c9ttermek<\/p>\n","protected":false},"author":7,"featured_media":0,"parent":0,"menu_order":0,"comment_status":"closed","ping_status":"open","template":"","meta":{"footnotes":""},"class_list":["post-3","page","type-page","status-publish","hentry"],"yoast_head":"<!-- This site is optimized with the Yoast SEO plugin v26.9 - https:\/\/yoast.com\/product\/yoast-seo-wordpress\/ -->\n<title>Septimia Hotels &amp; SPA Resort - Septimia Hotels &amp; SPA Resort<\/title>\n<meta name=\"description\" content=\"Septimia Hotels &amp; SPA Resort \u2013 ahol \u00e9lm\u00e9ny a pihen\u00e9s! \u00dcd\u00fcl\u0151hely\u00fcnk Erd\u00e9lyben, Sz\u00e9kelyudvarhelyen tal\u00e1lhat\u00f3, egy pezsg\u0151 kisv\u00e1rosban.\" \/>\n<meta name=\"robots\" content=\"index, follow, max-snippet:-1, max-image-preview:large, max-video-preview:-1\" \/>\n<link rel=\"canonical\" href=\"https:\/\/www.septimiaresort.ro\/hu\/\" \/>\n<meta property=\"og:locale\" content=\"hu_HU\" \/>\n<meta property=\"og:type\" content=\"article\" \/>\n<meta property=\"og:title\" content=\"Septimia Hotels &amp; SPA Resort - Septimia Hotels &amp; SPA Resort\" \/>\n<meta property=\"og:description\" content=\"Septimia Hotels &amp; SPA Resort \u2013 ahol \u00e9lm\u00e9ny a pihen\u00e9s! \u00dcd\u00fcl\u0151hely\u00fcnk Erd\u00e9lyben, Sz\u00e9kelyudvarhelyen tal\u00e1lhat\u00f3, egy pezsg\u0151 kisv\u00e1rosban.\" \/>\n<meta property=\"og:url\" content=\"https:\/\/www.septimiaresort.ro\/hu\/\" \/>\n<meta property=\"og:site_name\" content=\"Septimia Hotels &amp; SPA Resort\" \/>\n<meta property=\"article:modified_time\" content=\"2025-11-05T12:32:34+00:00\" \/>\n<meta property=\"og:image\" content=\"https:\/\/www.septimiaresort.ro\/wp-content\/uploads\/sites\/169\/2020\/08\/vacakios-jegyek-300x98.png\" \/>\n<meta name=\"twitter:card\" content=\"summary_large_image\" \/>\n<meta name=\"twitter:label1\" content=\"Becs\u00fclt olvas\u00e1si id\u0151\" \/>\n\t<meta name=\"twitter:data1\" content=\"1 perc\" \/>\n<script type=\"application\/ld+json\" class=\"yoast-schema-graph\">{\"@context\":\"https:\/\/schema.org\",\"@graph\":[{\"@type\":\"WebPage\",\"@id\":\"https:\/\/www.septimiaresort.ro\/hu\/\",\"url\":\"https:\/\/www.septimiaresort.ro\/hu\/\",\"name\":\"Septimia Hotels &amp; SPA Resort - Septimia Hotels & SPA Resort\",\"isPartOf\":{\"@id\":\"https:\/\/www.septimiaresort.ro\/hu\/#website\"},\"primaryImageOfPage\":{\"@id\":\"https:\/\/www.septimiaresort.ro\/hu\/#primaryimage\"},\"image\":{\"@id\":\"https:\/\/www.septimiaresort.ro\/hu\/#primaryimage\"},\"thumbnailUrl\":\"https:\/\/www.septimiaresort.ro\/wp-content\/uploads\/sites\/169\/2020\/08\/vacakios-jegyek-300x98.png\",\"datePublished\":\"2020-05-05T10:37:30+00:00\",\"dateModified\":\"2025-11-05T12:32:34+00:00\",\"description\":\"Septimia Hotels & SPA Resort \u2013 ahol \u00e9lm\u00e9ny a pihen\u00e9s! \u00dcd\u00fcl\u0151hely\u00fcnk Erd\u00e9lyben, Sz\u00e9kelyudvarhelyen tal\u00e1lhat\u00f3, egy pezsg\u0151 kisv\u00e1rosban.\",\"breadcrumb\":{\"@id\":\"https:\/\/www.septimiaresort.ro\/hu\/#breadcrumb\"},\"inLanguage\":\"hu\",\"potentialAction\":[{\"@type\":\"ReadAction\",\"target\":[\"https:\/\/www.septimiaresort.ro\/hu\/\"]}]},{\"@type\":\"ImageObject\",\"inLanguage\":\"hu\",\"@id\":\"https:\/\/www.septimiaresort.ro\/hu\/#primaryimage\",\"url\":\"https:\/\/www.septimiaresort.ro\/wp-content\/uploads\/sites\/169\/2020\/08\/vacakios-jegyek-300x98.png\",\"contentUrl\":\"https:\/\/www.septimiaresort.ro\/wp-content\/uploads\/sites\/169\/2020\/08\/vacakios-jegyek-300x98.png\"},{\"@type\":\"BreadcrumbList\",\"@id\":\"https:\/\/www.septimiaresort.ro\/hu\/#breadcrumb\",\"itemListElement\":[{\"@type\":\"ListItem\",\"position\":1,\"name\":\"Home\",\"item\":\"https:\/\/www.septimiaresort.ro\/hu\/\"},{\"@type\":\"ListItem\",\"position\":2,\"name\":\"Septimia Hotels &amp; SPA Resort\"}]},{\"@type\":\"WebSite\",\"@id\":\"https:\/\/www.septimiaresort.ro\/hu\/#website\",\"url\":\"https:\/\/www.septimiaresort.ro\/hu\/\",\"name\":\"Septimia Hotels & SPA Resort\",\"description\":\"Just another ms.decms.eu site\",\"potentialAction\":[{\"@type\":\"SearchAction\",\"target\":{\"@type\":\"EntryPoint\",\"urlTemplate\":\"https:\/\/www.septimiaresort.ro\/hu\/?s={search_term_string}\"},\"query-input\":{\"@type\":\"PropertyValueSpecification\",\"valueRequired\":true,\"valueName\":\"search_term_string\"}}],\"inLanguage\":\"hu\"}]}<\/script>\n<!-- \/ Yoast SEO plugin. -->","yoast_head_json":{"title":"Septimia Hotels &amp; SPA Resort - Septimia Hotels & SPA Resort","description":"Septimia Hotels & SPA Resort \u2013 ahol \u00e9lm\u00e9ny a pihen\u00e9s! \u00dcd\u00fcl\u0151hely\u00fcnk Erd\u00e9lyben, Sz\u00e9kelyudvarhelyen tal\u00e1lhat\u00f3, egy pezsg\u0151 kisv\u00e1rosban.","robots":{"index":"index","follow":"follow","max-snippet":"max-snippet:-1","max-image-preview":"max-image-preview:large","max-video-preview":"max-video-preview:-1"},"canonical":"https:\/\/www.septimiaresort.ro\/hu\/","og_locale":"hu_HU","og_type":"article","og_title":"Septimia Hotels &amp; SPA Resort - Septimia Hotels & SPA Resort","og_description":"Septimia Hotels & SPA Resort \u2013 ahol \u00e9lm\u00e9ny a pihen\u00e9s! \u00dcd\u00fcl\u0151hely\u00fcnk Erd\u00e9lyben, Sz\u00e9kelyudvarhelyen tal\u00e1lhat\u00f3, egy pezsg\u0151 kisv\u00e1rosban.","og_url":"https:\/\/www.septimiaresort.ro\/hu\/","og_site_name":"Septimia Hotels & SPA Resort","article_modified_time":"2025-11-05T12:32:34+00:00","og_image":[{"url":"https:\/\/www.septimiaresort.ro\/wp-content\/uploads\/sites\/169\/2020\/08\/vacakios-jegyek-300x98.png","type":"","width":"","height":""}],"twitter_card":"summary_large_image","twitter_misc":{"Becs\u00fclt olvas\u00e1si id\u0151":"1 perc"},"schema":{"@context":"https:\/\/schema.org","@graph":[{"@type":"WebPage","@id":"https:\/\/www.septimiaresort.ro\/hu\/","url":"https:\/\/www.septimiaresort.ro\/hu\/","name":"Septimia Hotels &amp; SPA Resort - Septimia Hotels & SPA Resort","isPartOf":{"@id":"https:\/\/www.septimiaresort.ro\/hu\/#website"},"primaryImageOfPage":{"@id":"https:\/\/www.septimiaresort.ro\/hu\/#primaryimage"},"image":{"@id":"https:\/\/www.septimiaresort.ro\/hu\/#primaryimage"},"thumbnailUrl":"https:\/\/www.septimiaresort.ro\/wp-content\/uploads\/sites\/169\/2020\/08\/vacakios-jegyek-300x98.png","datePublished":"2020-05-05T10:37:30+00:00","dateModified":"2025-11-05T12:32:34+00:00","description":"Septimia Hotels & SPA Resort \u2013 ahol \u00e9lm\u00e9ny a pihen\u00e9s! \u00dcd\u00fcl\u0151hely\u00fcnk Erd\u00e9lyben, Sz\u00e9kelyudvarhelyen tal\u00e1lhat\u00f3, egy pezsg\u0151 kisv\u00e1rosban.","breadcrumb":{"@id":"https:\/\/www.septimiaresort.ro\/hu\/#breadcrumb"},"inLanguage":"hu","potentialAction":[{"@type":"ReadAction","target":["https:\/\/www.septimiaresort.ro\/hu\/"]}]},{"@type":"ImageObject","inLanguage":"hu","@id":"https:\/\/www.septimiaresort.ro\/hu\/#primaryimage","url":"https:\/\/www.septimiaresort.ro\/wp-content\/uploads\/sites\/169\/2020\/08\/vacakios-jegyek-300x98.png","contentUrl":"https:\/\/www.septimiaresort.ro\/wp-content\/uploads\/sites\/169\/2020\/08\/vacakios-jegyek-300x98.png"},{"@type":"BreadcrumbList","@id":"https:\/\/www.septimiaresort.ro\/hu\/#breadcrumb","itemListElement":[{"@type":"ListItem","position":1,"name":"Home","item":"https:\/\/www.septimiaresort.ro\/hu\/"},{"@type":"ListItem","position":2,"name":"Septimia Hotels &amp; SPA Resort"}]},{"@type":"WebSite","@id":"https:\/\/www.septimiaresort.ro\/hu\/#website","url":"https:\/\/www.septimiaresort.ro\/hu\/","name":"Septimia Hotels & SPA Resort","description":"Just another ms.decms.eu site","potentialAction":[{"@type":"SearchAction","target":{"@type":"EntryPoint","urlTemplate":"https:\/\/www.septimiaresort.ro\/hu\/?s={search_term_string}"},"query-input":{"@type":"PropertyValueSpecification","valueRequired":true,"valueName":"search_term_string"}}],"inLanguage":"hu"}]}},"acf":[],"_links":{"self":[{"href":"https:\/\/www.septimiaresort.ro\/hu\/wp-json\/wp\/v2\/pages\/3","targetHints":{"allow":["GET"]}}],"collection":[{"href":"https:\/\/www.septimiaresort.ro\/hu\/wp-json\/wp\/v2\/pages"}],"about":[{"href":"https:\/\/www.septimiaresort.ro\/hu\/wp-json\/wp\/v2\/types\/page"}],"author":[{"embeddable":true,"href":"https:\/\/www.septimiaresort.ro\/hu\/wp-json\/wp\/v2\/users\/7"}],"replies":[{"embeddable":true,"href":"https:\/\/www.septimiaresort.ro\/hu\/wp-json\/wp\/v2\/comments?post=3"}],"version-history":[{"count":0,"href":"https:\/\/www.septimiaresort.ro\/hu\/wp-json\/wp\/v2\/pages\/3\/revisions"}],"wp:attachment":[{"href":"https:\/\/www.septimiaresort.ro\/hu\/wp-json\/wp\/v2\/media?parent=3"}],"curies":[{"name":"wp","href":"https:\/\/api.w.org\/{rel}","templated":true}]}}