{"id":370,"date":"2020-07-30T09:15:23","date_gmt":"2020-07-30T09:15:23","guid":{"rendered":"https:\/\/www.septimiaresort.ro\/?page_id=370"},"modified":"2025-08-29T08:09:38","modified_gmt":"2025-08-29T08:09:38","slug":"station-pub-bowling","status":"publish","type":"page","link":"https:\/\/www.septimiaresort.ro\/hu\/etterem\/station-pub-bowling\/","title":{"rendered":"Station Pub &amp; Bowling"},"content":{"rendered":"<p>A Station Pubban minden falat egy kis utaz\u00e1s: s\u00e9fjeink a helyi hagyom\u00e1nyokat \u00f6tv\u00f6zik a modern gasztron\u00f3mi\u00e1val, hogy mindig friss \u00e9s izgalmas \u00e9lm\u00e9nyeket k\u00edn\u00e1ljunk.<br \/>\n<br data-start=\"720\" data-end=\"723\" \/>Hisz\u00fcnk abban, hogy az \u00e9tkez\u00e9s nem csup\u00e1n t\u00e1pl\u00e1lkoz\u00e1s, hanem <strong>k\u00f6z\u00f6ss\u00e9gi \u00e9lm\u00e9ny<\/strong> is \u2013 a bar\u00e1tokkal, egy csal\u00e1di vacsor\u00e1n vagy \u00e9ppen egy bowlingmeccs ut\u00e1n.<br \/>\n<br data-start=\"896\" data-end=\"899\" \/>Fog\u00e1sainkat szezon\u00e1lis alapanyagokb\u00f3l \u00e1ll\u00edtjuk \u00f6ssze, \u00edgy \u00e9tlapunk folyamatosan meg\u00fajul, mindig tartogatva valami \u00fajdons\u00e1got.<br data-start=\"1024\" data-end=\"1027\" \/><strong>Kezd\u0151dj\u00f6n h\u00e1t az \u00edzutaz\u00e1s, amelyhez j\u00f3 \u00e9tv\u00e1gyat \u00e9s eml\u00e9kezetes pillanatokat k\u00edv\u00e1nunk!<\/strong><\/p>\n<p><strong><a href=\"https:\/\/menubox.ro\/septimia-station-pub-bowling\" target=\"_blank\" rel=\"noopener noreferrer\">\u00c9TLAP MEGTEKINT\u00c9SE<\/a><\/strong><\/p>\n<p>Nyitva tart\u00e1s:<br \/>\nH\u00e9tf\u0151 &#8211; Vas\u00e1rnap 11.00-23.00<\/p>\n<p>Asztal \/ bowling p\u00e1lya foglal\u00e1s:<br \/>\n<strong>Tel: 0742 114 391<\/strong><br \/>\n<strong>E-mail: bowling@septimia.ro<\/strong><\/p>\n<p>H\u00e1zhoz sz\u00e1ll\u00edt\u00e1s a www.hamm.ro oldalr\u00f3l, naponta 12:00-21:00 \u00f3ra k\u00f6z\u00f6tt.<\/p>\n<p><img loading=\"lazy\" decoding=\"async\" class=\"alignleft wp-image-959 size-medium\" src=\"https:\/\/www.septimiaresort.ro\/wp-content\/uploads\/sites\/169\/2022\/10\/RestaurantGuru_Certificate6-300x111.png\" alt=\"\" width=\"300\" height=\"111\" srcset=\"https:\/\/www.septimiaresort.ro\/wp-content\/uploads\/sites\/169\/2022\/10\/RestaurantGuru_Certificate6-300x111.png 300w, https:\/\/www.septimiaresort.ro\/wp-content\/uploads\/sites\/169\/2022\/10\/RestaurantGuru_Certificate6.png 660w\" sizes=\"auto, (max-width: 300px) 100vw, 300px\" \/><\/p>\n","protected":false},"excerpt":{"rendered":"<p>A Station Pubban minden falat egy kis utaz\u00e1s: s\u00e9fjeink a helyi hagyom\u00e1nyokat \u00f6tv\u00f6zik a modern gasztron\u00f3mi\u00e1val, hogy mindig friss \u00e9s izgalmas \u00e9lm\u00e9nyeket k\u00edn\u00e1ljunk. Hisz\u00fcnk abban, hogy az \u00e9tkez\u00e9s nem csup\u00e1n t\u00e1pl\u00e1lkoz\u00e1s, hanem k\u00f6z\u00f6ss\u00e9gi \u00e9lm\u00e9ny is \u2013 a bar\u00e1tokkal, egy csal\u00e1di vacsor\u00e1n vagy \u00e9ppen egy bowlingmeccs ut\u00e1n. Fog\u00e1sainkat szezon\u00e1lis alapanyagokb\u00f3l \u00e1ll\u00edtjuk \u00f6ssze, \u00edgy \u00e9tlapunk folyamatosan meg\u00fajul, [&hellip;]<\/p>\n","protected":false},"author":173,"featured_media":0,"parent":258,"menu_order":0,"comment_status":"closed","ping_status":"closed","template":"","meta":{"footnotes":""},"class_list":["post-370","page","type-page","status-publish","hentry"],"yoast_head":"<!-- This site is optimized with the Yoast SEO plugin v26.9 - https:\/\/yoast.com\/product\/yoast-seo-wordpress\/ -->\n<title>Station Pub &amp; Bowling - Septimia Hotels &amp; SPA Resort<\/title>\n<meta name=\"description\" content=\"Kellemes hangulatban v\u00e1rjuk egy finom \u00e9tkez\u00e9sre a Station Pub &amp; Bowling-ban! \u00c9tlapunkat megtekintheti itt.\" \/>\n<meta name=\"robots\" content=\"index, follow, max-snippet:-1, max-image-preview:large, max-video-preview:-1\" \/>\n<link rel=\"canonical\" href=\"https:\/\/www.septimiaresort.ro\/hu\/etterem\/station-pub-bowling\/\" \/>\n<meta property=\"og:locale\" content=\"hu_HU\" \/>\n<meta property=\"og:type\" content=\"article\" \/>\n<meta property=\"og:title\" content=\"Station Pub &amp; Bowling - Septimia Hotels &amp; SPA Resort\" \/>\n<meta property=\"og:description\" content=\"Kellemes hangulatban v\u00e1rjuk egy finom \u00e9tkez\u00e9sre a Station Pub &amp; Bowling-ban! \u00c9tlapunkat megtekintheti itt.\" \/>\n<meta property=\"og:url\" content=\"https:\/\/www.septimiaresort.ro\/hu\/etterem\/station-pub-bowling\/\" \/>\n<meta property=\"og:site_name\" content=\"Septimia Hotels &amp; SPA Resort\" \/>\n<meta property=\"article:modified_time\" content=\"2025-08-29T08:09:38+00:00\" \/>\n<meta property=\"og:image\" content=\"https:\/\/www.septimiaresort.ro\/wp-content\/uploads\/sites\/169\/2022\/10\/RestaurantGuru_Certificate6-300x111.png\" \/>\n<meta name=\"twitter:card\" content=\"summary_large_image\" \/>\n<meta name=\"twitter:label1\" content=\"Becs\u00fclt olvas\u00e1si id\u0151\" \/>\n\t<meta name=\"twitter:data1\" content=\"1 perc\" \/>\n<script type=\"application\/ld+json\" class=\"yoast-schema-graph\">{\"@context\":\"https:\/\/schema.org\",\"@graph\":[{\"@type\":\"WebPage\",\"@id\":\"https:\/\/www.septimiaresort.ro\/hu\/etterem\/station-pub-bowling\/\",\"url\":\"https:\/\/www.septimiaresort.ro\/hu\/etterem\/station-pub-bowling\/\",\"name\":\"Station Pub &amp; Bowling - Septimia Hotels & SPA Resort\",\"isPartOf\":{\"@id\":\"https:\/\/www.septimiaresort.ro\/hu\/#website\"},\"primaryImageOfPage\":{\"@id\":\"https:\/\/www.septimiaresort.ro\/hu\/etterem\/station-pub-bowling\/#primaryimage\"},\"image\":{\"@id\":\"https:\/\/www.septimiaresort.ro\/hu\/etterem\/station-pub-bowling\/#primaryimage\"},\"thumbnailUrl\":\"https:\/\/www.septimiaresort.ro\/wp-content\/uploads\/sites\/169\/2022\/10\/RestaurantGuru_Certificate6-300x111.png\",\"datePublished\":\"2020-07-30T09:15:23+00:00\",\"dateModified\":\"2025-08-29T08:09:38+00:00\",\"description\":\"Kellemes hangulatban v\u00e1rjuk egy finom \u00e9tkez\u00e9sre a Station Pub & Bowling-ban! \u00c9tlapunkat megtekintheti itt.\",\"breadcrumb\":{\"@id\":\"https:\/\/www.septimiaresort.ro\/hu\/etterem\/station-pub-bowling\/#breadcrumb\"},\"inLanguage\":\"hu\",\"potentialAction\":[{\"@type\":\"ReadAction\",\"target\":[\"https:\/\/www.septimiaresort.ro\/hu\/etterem\/station-pub-bowling\/\"]}]},{\"@type\":\"ImageObject\",\"inLanguage\":\"hu\",\"@id\":\"https:\/\/www.septimiaresort.ro\/hu\/etterem\/station-pub-bowling\/#primaryimage\",\"url\":\"https:\/\/www.septimiaresort.ro\/wp-content\/uploads\/sites\/169\/2022\/10\/RestaurantGuru_Certificate6-300x111.png\",\"contentUrl\":\"https:\/\/www.septimiaresort.ro\/wp-content\/uploads\/sites\/169\/2022\/10\/RestaurantGuru_Certificate6-300x111.png\"},{\"@type\":\"BreadcrumbList\",\"@id\":\"https:\/\/www.septimiaresort.ro\/hu\/etterem\/station-pub-bowling\/#breadcrumb\",\"itemListElement\":[{\"@type\":\"ListItem\",\"position\":1,\"name\":\"Home\",\"item\":\"https:\/\/www.septimiaresort.ro\/hu\/\"},{\"@type\":\"ListItem\",\"position\":2,\"name\":\"\u00c9tterem\",\"item\":\"https:\/\/www.septimiaresort.ro\/hu\/etterem\/\"},{\"@type\":\"ListItem\",\"position\":3,\"name\":\"Station Pub &amp; Bowling\"}]},{\"@type\":\"WebSite\",\"@id\":\"https:\/\/www.septimiaresort.ro\/hu\/#website\",\"url\":\"https:\/\/www.septimiaresort.ro\/hu\/\",\"name\":\"Septimia Hotels & SPA Resort\",\"description\":\"Just another ms.decms.eu site\",\"potentialAction\":[{\"@type\":\"SearchAction\",\"target\":{\"@type\":\"EntryPoint\",\"urlTemplate\":\"https:\/\/www.septimiaresort.ro\/hu\/?s={search_term_string}\"},\"query-input\":{\"@type\":\"PropertyValueSpecification\",\"valueRequired\":true,\"valueName\":\"search_term_string\"}}],\"inLanguage\":\"hu\"}]}<\/script>\n<!-- \/ Yoast SEO plugin. -->","yoast_head_json":{"title":"Station Pub &amp; Bowling - Septimia Hotels & SPA Resort","description":"Kellemes hangulatban v\u00e1rjuk egy finom \u00e9tkez\u00e9sre a Station Pub & Bowling-ban! \u00c9tlapunkat megtekintheti itt.","robots":{"index":"index","follow":"follow","max-snippet":"max-snippet:-1","max-image-preview":"max-image-preview:large","max-video-preview":"max-video-preview:-1"},"canonical":"https:\/\/www.septimiaresort.ro\/hu\/etterem\/station-pub-bowling\/","og_locale":"hu_HU","og_type":"article","og_title":"Station Pub &amp; Bowling - Septimia Hotels & SPA Resort","og_description":"Kellemes hangulatban v\u00e1rjuk egy finom \u00e9tkez\u00e9sre a Station Pub & Bowling-ban! \u00c9tlapunkat megtekintheti itt.","og_url":"https:\/\/www.septimiaresort.ro\/hu\/etterem\/station-pub-bowling\/","og_site_name":"Septimia Hotels & SPA Resort","article_modified_time":"2025-08-29T08:09:38+00:00","og_image":[{"url":"https:\/\/www.septimiaresort.ro\/wp-content\/uploads\/sites\/169\/2022\/10\/RestaurantGuru_Certificate6-300x111.png","type":"","width":"","height":""}],"twitter_card":"summary_large_image","twitter_misc":{"Becs\u00fclt olvas\u00e1si id\u0151":"1 perc"},"schema":{"@context":"https:\/\/schema.org","@graph":[{"@type":"WebPage","@id":"https:\/\/www.septimiaresort.ro\/hu\/etterem\/station-pub-bowling\/","url":"https:\/\/www.septimiaresort.ro\/hu\/etterem\/station-pub-bowling\/","name":"Station Pub &amp; Bowling - Septimia Hotels & SPA Resort","isPartOf":{"@id":"https:\/\/www.septimiaresort.ro\/hu\/#website"},"primaryImageOfPage":{"@id":"https:\/\/www.septimiaresort.ro\/hu\/etterem\/station-pub-bowling\/#primaryimage"},"image":{"@id":"https:\/\/www.septimiaresort.ro\/hu\/etterem\/station-pub-bowling\/#primaryimage"},"thumbnailUrl":"https:\/\/www.septimiaresort.ro\/wp-content\/uploads\/sites\/169\/2022\/10\/RestaurantGuru_Certificate6-300x111.png","datePublished":"2020-07-30T09:15:23+00:00","dateModified":"2025-08-29T08:09:38+00:00","description":"Kellemes hangulatban v\u00e1rjuk egy finom \u00e9tkez\u00e9sre a Station Pub & Bowling-ban! \u00c9tlapunkat megtekintheti itt.","breadcrumb":{"@id":"https:\/\/www.septimiaresort.ro\/hu\/etterem\/station-pub-bowling\/#breadcrumb"},"inLanguage":"hu","potentialAction":[{"@type":"ReadAction","target":["https:\/\/www.septimiaresort.ro\/hu\/etterem\/station-pub-bowling\/"]}]},{"@type":"ImageObject","inLanguage":"hu","@id":"https:\/\/www.septimiaresort.ro\/hu\/etterem\/station-pub-bowling\/#primaryimage","url":"https:\/\/www.septimiaresort.ro\/wp-content\/uploads\/sites\/169\/2022\/10\/RestaurantGuru_Certificate6-300x111.png","contentUrl":"https:\/\/www.septimiaresort.ro\/wp-content\/uploads\/sites\/169\/2022\/10\/RestaurantGuru_Certificate6-300x111.png"},{"@type":"BreadcrumbList","@id":"https:\/\/www.septimiaresort.ro\/hu\/etterem\/station-pub-bowling\/#breadcrumb","itemListElement":[{"@type":"ListItem","position":1,"name":"Home","item":"https:\/\/www.septimiaresort.ro\/hu\/"},{"@type":"ListItem","position":2,"name":"\u00c9tterem","item":"https:\/\/www.septimiaresort.ro\/hu\/etterem\/"},{"@type":"ListItem","position":3,"name":"Station Pub &amp; Bowling"}]},{"@type":"WebSite","@id":"https:\/\/www.septimiaresort.ro\/hu\/#website","url":"https:\/\/www.septimiaresort.ro\/hu\/","name":"Septimia Hotels & SPA Resort","description":"Just another ms.decms.eu site","potentialAction":[{"@type":"SearchAction","target":{"@type":"EntryPoint","urlTemplate":"https:\/\/www.septimiaresort.ro\/hu\/?s={search_term_string}"},"query-input":{"@type":"PropertyValueSpecification","valueRequired":true,"valueName":"search_term_string"}}],"inLanguage":"hu"}]}},"acf":[],"_links":{"self":[{"href":"https:\/\/www.septimiaresort.ro\/hu\/wp-json\/wp\/v2\/pages\/370","targetHints":{"allow":["GET"]}}],"collection":[{"href":"https:\/\/www.septimiaresort.ro\/hu\/wp-json\/wp\/v2\/pages"}],"about":[{"href":"https:\/\/www.septimiaresort.ro\/hu\/wp-json\/wp\/v2\/types\/page"}],"author":[{"embeddable":true,"href":"https:\/\/www.septimiaresort.ro\/hu\/wp-json\/wp\/v2\/users\/173"}],"replies":[{"embeddable":true,"href":"https:\/\/www.septimiaresort.ro\/hu\/wp-json\/wp\/v2\/comments?post=370"}],"version-history":[{"count":0,"href":"https:\/\/www.septimiaresort.ro\/hu\/wp-json\/wp\/v2\/pages\/370\/revisions"}],"up":[{"embeddable":true,"href":"https:\/\/www.septimiaresort.ro\/hu\/wp-json\/wp\/v2\/pages\/258"}],"wp:attachment":[{"href":"https:\/\/www.septimiaresort.ro\/hu\/wp-json\/wp\/v2\/media?parent=370"}],"curies":[{"name":"wp","href":"https:\/\/api.w.org\/{rel}","templated":true}]}}