{"id":427,"date":"2020-11-19T18:24:44","date_gmt":"2020-11-19T18:24:44","guid":{"rendered":"https:\/\/www.septimiaresort.ro\/?page_id=427"},"modified":"2026-05-08T08:47:56","modified_gmt":"2026-05-08T08:47:56","slug":"septimia-kupa-bowlingverseny-2026","status":"publish","type":"page","link":"https:\/\/www.septimiaresort.ro\/hu\/bowling\/septimia-kupa-bowlingverseny-2026\/","title":{"rendered":"Septimia Kupa Bowling Verseny 2026"},"content":{"rendered":"<p>Kedves Bar\u00e1taink,<br data-start=\"39\" data-end=\"42\" \/>nagy er\u0151bedob\u00e1ssal \u00e9s lelkesed\u00e9ssel k\u00e9sz\u00fcl\u00fcnk az idei versenyre!<\/p>\n<h3>Az esem\u00e9nyre <strong data-start=\"121\" data-end=\"146\">2026. j\u00falius 8-12.<\/strong> k\u00f6z\u00f6tt ker\u00fcl sor.<\/h3>\n<p>Jelentkez\u00e9s \u00e9s tov\u00e1bbi inform\u00e1ci\u00f3k:<\/p>\n<table border=\"0\" width=\"611\" cellspacing=\"0\" cellpadding=\"1\">\n<tbody>\n<tr>\n<td width=\"208\"><strong>Szervez\u0151<\/strong><\/td>\n<td width=\"398\"><strong>Septimia Sportklub<\/strong><\/td>\n<\/tr>\n<tr>\n<td width=\"208\"><strong>Bowling k\u00f6zpont<\/strong><\/td>\n<td width=\"398\"><strong><span style=\"color: #000000\"><span style=\"font-family: Times New Roman, serif\">Septimia Bowling, Sz\u00e9kelyudvarhely, Rom\u00e1nia<\/span><\/span><\/strong><\/td>\n<\/tr>\n<tr>\n<td width=\"208\"><strong>Kapcsolattart\u00f3 szem\u00e9ly<\/strong>:<\/td>\n<td width=\"398\">\n<p lang=\"ro-RO\"><strong>P\u00e1l Csaba \u2013\u00a0<span lang=\"ro-RO\">0749 055 180, Boldizs\u00e1r Zal\u00e1n \u2013 0751 483 073<\/span><\/strong><\/p>\n<\/td>\n<\/tr>\n<tr>\n<td width=\"208\"><b>Mobiltelefon<\/b><\/td>\n<td width=\"398\">0742 114 391<\/td>\n<\/tr>\n<tr>\n<td width=\"208\"><b>E-mail<\/b><\/td>\n<td width=\"398\">bowling@septimia.ro<\/td>\n<\/tr>\n<\/tbody>\n<\/table>\n<p><a href=\"https:\/\/docs.google.com\/spreadsheets\/d\/1MqHWgWQw2eUvnt5C6GRQpPa9c10a2V18FCXWPKvHaYk\/edit?gid=1660550366#gid=1660550366\"><strong>VERSENYPROGRAM \/ EL\u00c9RHET\u0150 HELYEK &amp; EREDM\u00c9NYEK<\/strong><\/a><\/p>\n<p><a href=\"https:\/\/www.youtube.com\/@septimia-live-stream\/live\"><strong>K\u00d6VESD A VERSENYT \u00c9L\u0150BEN<\/strong><\/a><\/p>\n<p><a href=\"https:\/\/patternlibrary.kegel.net\/api\/content\/share?id=59aecdb2-cf52-ec11-8c62-000d3a5afd36\"><strong>OLAJMINTA<\/strong><\/a><\/p>\n<p><strong>D\u00f6nt\u0151k programja \u2013 Vas\u00e1rnap:<\/strong><\/p>\n<ul>\n<li data-start=\"589\" data-end=\"637\">\n<p data-start=\"591\" data-end=\"637\"><strong data-start=\"591\" data-end=\"599\">9:00<\/strong> \u2013 Amat\u0151r kateg\u00f3ria d\u00f6nt\u0151.<\/p>\n<\/li>\n<li data-start=\"638\" data-end=\"685\">\n<p data-start=\"640\" data-end=\"685\"><strong data-start=\"640\" data-end=\"649\">11:00<\/strong> \u2013 Open kateg\u00f3ria d\u00f6nt\u0151.<\/p>\n<\/li>\n<li data-start=\"686\" data-end=\"756\" data-is-last-node=\"\">\n<p data-start=\"688\" data-end=\"756\" data-is-last-node=\"\"><strong data-start=\"688\" data-end=\"697\">13:00<\/strong> \u2013 Nagyd\u00f6nt\u0151 az Open, Amat\u0151r \u00e9s Junior kateg\u00f3ri\u00e1kban<\/p>\n<\/li>\n<\/ul>\n<p><strong>Verseny r\u00e9szletei<\/strong><\/p>\n<table border=\"0\" width=\"602\" cellspacing=\"0\" cellpadding=\"1\">\n<tbody>\n<tr>\n<td width=\"153\"><b>OPEN Kateg\u00f3ria<\/b><\/td>\n<td width=\"444\"><b>OPEN:<\/b> 180-as \u00e1tlag feletti j\u00e1t\u00e9kosok<\/p>\n<p><b>Amat\u0151r\u00f6k: <\/b>180-as \u00e1tlag alatti j\u00e1t\u00e9kosok<\/p>\n<p><b>Junior:<\/b> 18 \u00e9v alatti j\u00e1t\u00e9kosok<\/td>\n<\/tr>\n<\/tbody>\n<\/table>\n<p>&nbsp;<\/p>\n<table border=\"0\" width=\"602\" cellspacing=\"0\" cellpadding=\"1\">\n<tbody>\n<tr>\n<td width=\"153\"><b>Nevez\u00e9si d\u00edj<\/b><\/td>\n<td width=\"444\"><strong>OPEN Kateg\u00f3ria:<\/strong> 120 RON<\/p>\n<p><strong>Amat\u0151r Kateg\u00f3ria:<\/strong> 100 RON<\/p>\n<p><strong>Junior Kateg\u00f3ria: <\/strong>\u00a060 RON<\/td>\n<\/tr>\n<tr>\n<td width=\"153\"><b>\u00dajra-nevez\u00e9si d\u00edj<\/b><\/td>\n<td width=\"444\">Kat. OPEN, Amat\u0151r: 70 RON &#8211; a szabad helyek f\u00fcggv\u00e9ny\u00e9ben<\/p>\n<p>Kat. Junior: 40 RON &#8211; a szabad helyek f\u00fcggv\u00e9ny\u00e9ben<\/td>\n<\/tr>\n<\/tbody>\n<\/table>\n<p>&nbsp;<\/p>\n<table border=\"0\" width=\"602\" cellspacing=\"0\" cellpadding=\"1\">\n<tbody>\n<tr>\n<td width=\"199\"><strong>Gyermek handicap<\/strong><\/p>\n<p><strong>16-17 \u00e9vesek<\/strong><br \/>\n<strong>14-15 \u00e9vesek<\/strong><br \/>\n<strong>12-13 \u00e9vesek<\/strong><br \/>\n<strong>10-11 \u00e9vesek<\/strong><br \/>\n<strong>8-9 \u00e9vesek<\/strong><\/td>\n<td width=\"399\">&nbsp;<\/p>\n<p>4 b\u00e1b\u00fa \/ j\u00e1t\u00e9k<br \/>\n8 b\u00e1b\u00fa \/ j\u00e1t\u00e9k<br \/>\n12 b\u00e1b\u00fa \/ j\u00e1t\u00e9k<br \/>\n16 b\u00e1b\u00fa \/ j\u00e1t\u00e9k<br \/>\n20 b\u00e1b\u00fa \/ j\u00e1t\u00e9k<\/td>\n<\/tr>\n<tr>\n<td width=\"199\">N\u0151i handicap<\/td>\n<td width=\"399\">8 b\u00e1b\u00fa \/ j\u00e1t\u00e9k<\/td>\n<\/tr>\n<tr>\n<td colspan=\"2\" width=\"600\">* Az \u00e9letkori handicap <strong data-start=\"984\" data-end=\"999\">\u00f6sszead\u00f3dik<\/strong> a nem szerinti handicap-pel.<\/td>\n<\/tr>\n<\/tbody>\n<\/table>\n","protected":false},"excerpt":{"rendered":"<p>Kedves Bar\u00e1taink,nagy er\u0151bedob\u00e1ssal \u00e9s lelkesed\u00e9ssel k\u00e9sz\u00fcl\u00fcnk az idei versenyre! Az esem\u00e9nyre 2026. j\u00falius 8-12. k\u00f6z\u00f6tt ker\u00fcl sor. Jelentkez\u00e9s \u00e9s tov\u00e1bbi inform\u00e1ci\u00f3k: Szervez\u0151 Septimia Sportklub Bowling k\u00f6zpont Septimia Bowling, Sz\u00e9kelyudvarhely, Rom\u00e1nia Kapcsolattart\u00f3 szem\u00e9ly: P\u00e1l Csaba \u2013\u00a00749 055 180, Boldizs\u00e1r Zal\u00e1n \u2013 0751 483 073 Mobiltelefon 0742 114 391 E-mail bowling@septimia.ro VERSENYPROGRAM \/ EL\u00c9RHET\u0150 HELYEK &amp; EREDM\u00c9NYEK [&hellip;]<\/p>\n","protected":false},"author":173,"featured_media":1805,"parent":270,"menu_order":4,"comment_status":"closed","ping_status":"closed","template":"","meta":{"footnotes":""},"class_list":["post-427","page","type-page","status-publish","has-post-thumbnail","hentry"],"yoast_head":"<!-- This site is optimized with the Yoast SEO plugin v26.9 - https:\/\/yoast.com\/product\/yoast-seo-wordpress\/ -->\n<title>Septimia Kupa Bowling Verseny 2026 - Septimia Hotels &amp; SPA Resort<\/title>\n<meta name=\"description\" content=\"Septimia Hotels &amp; SPA Resort Iratkozz fel az \u00e9v legnagyobb verseny\u00e9re! J\u00falius 8-12 k\u00f6z\u00f6tt a Septimia Kupa Bowling verseny\u00e9n a helyed!\" \/>\n<meta name=\"robots\" content=\"index, follow, max-snippet:-1, max-image-preview:large, max-video-preview:-1\" \/>\n<link rel=\"canonical\" href=\"https:\/\/www.septimiaresort.ro\/hu\/bowling\/septimia-kupa-bowlingverseny-2026\/\" \/>\n<meta property=\"og:locale\" content=\"hu_HU\" \/>\n<meta property=\"og:type\" content=\"article\" \/>\n<meta property=\"og:title\" content=\"Septimia Kupa Bowling Verseny 2026 - Septimia Hotels &amp; SPA Resort\" \/>\n<meta property=\"og:description\" content=\"Septimia Hotels &amp; SPA Resort Iratkozz fel az \u00e9v legnagyobb verseny\u00e9re! J\u00falius 8-12 k\u00f6z\u00f6tt a Septimia Kupa Bowling verseny\u00e9n a helyed!\" \/>\n<meta property=\"og:url\" content=\"https:\/\/www.septimiaresort.ro\/hu\/bowling\/septimia-kupa-bowlingverseny-2026\/\" \/>\n<meta property=\"og:site_name\" content=\"Septimia Hotels &amp; SPA Resort\" \/>\n<meta property=\"article:modified_time\" content=\"2026-05-08T08:47:56+00:00\" \/>\n<meta property=\"og:image\" content=\"https:\/\/www.septimiaresort.ro\/wp-content\/uploads\/sites\/169\/2024\/12\/DSC_5773-1024x684.png\" \/>\n\t<meta property=\"og:image:width\" content=\"1024\" \/>\n\t<meta property=\"og:image:height\" content=\"684\" \/>\n\t<meta property=\"og:image:type\" content=\"image\/png\" \/>\n<meta name=\"twitter:card\" content=\"summary_large_image\" \/>\n<meta name=\"twitter:label1\" content=\"Becs\u00fclt olvas\u00e1si id\u0151\" \/>\n\t<meta name=\"twitter:data1\" content=\"2 perc\" \/>\n<script type=\"application\/ld+json\" class=\"yoast-schema-graph\">{\"@context\":\"https:\/\/schema.org\",\"@graph\":[{\"@type\":\"WebPage\",\"@id\":\"https:\/\/www.septimiaresort.ro\/hu\/bowling\/septimia-kupa-bowlingverseny-2026\/\",\"url\":\"https:\/\/www.septimiaresort.ro\/hu\/bowling\/septimia-kupa-bowlingverseny-2026\/\",\"name\":\"Septimia Kupa Bowling Verseny 2026 - Septimia Hotels & SPA Resort\",\"isPartOf\":{\"@id\":\"https:\/\/www.septimiaresort.ro\/hu\/#website\"},\"primaryImageOfPage\":{\"@id\":\"https:\/\/www.septimiaresort.ro\/hu\/bowling\/septimia-kupa-bowlingverseny-2026\/#primaryimage\"},\"image\":{\"@id\":\"https:\/\/www.septimiaresort.ro\/hu\/bowling\/septimia-kupa-bowlingverseny-2026\/#primaryimage\"},\"thumbnailUrl\":\"https:\/\/www.septimiaresort.ro\/wp-content\/uploads\/sites\/169\/2024\/12\/DSC_5773.png\",\"datePublished\":\"2020-11-19T18:24:44+00:00\",\"dateModified\":\"2026-05-08T08:47:56+00:00\",\"description\":\"Septimia Hotels & SPA Resort Iratkozz fel az \u00e9v legnagyobb verseny\u00e9re! J\u00falius 8-12 k\u00f6z\u00f6tt a Septimia Kupa Bowling verseny\u00e9n a helyed!\",\"breadcrumb\":{\"@id\":\"https:\/\/www.septimiaresort.ro\/hu\/bowling\/septimia-kupa-bowlingverseny-2026\/#breadcrumb\"},\"inLanguage\":\"hu\",\"potentialAction\":[{\"@type\":\"ReadAction\",\"target\":[\"https:\/\/www.septimiaresort.ro\/hu\/bowling\/septimia-kupa-bowlingverseny-2026\/\"]}]},{\"@type\":\"ImageObject\",\"inLanguage\":\"hu\",\"@id\":\"https:\/\/www.septimiaresort.ro\/hu\/bowling\/septimia-kupa-bowlingverseny-2026\/#primaryimage\",\"url\":\"https:\/\/www.septimiaresort.ro\/wp-content\/uploads\/sites\/169\/2024\/12\/DSC_5773.png\",\"contentUrl\":\"https:\/\/www.septimiaresort.ro\/wp-content\/uploads\/sites\/169\/2024\/12\/DSC_5773.png\",\"width\":2000,\"height\":1335},{\"@type\":\"BreadcrumbList\",\"@id\":\"https:\/\/www.septimiaresort.ro\/hu\/bowling\/septimia-kupa-bowlingverseny-2026\/#breadcrumb\",\"itemListElement\":[{\"@type\":\"ListItem\",\"position\":1,\"name\":\"Home\",\"item\":\"https:\/\/www.septimiaresort.ro\/hu\/\"},{\"@type\":\"ListItem\",\"position\":2,\"name\":\"Bowling\",\"item\":\"https:\/\/www.septimiaresort.ro\/hu\/bowling\/\"},{\"@type\":\"ListItem\",\"position\":3,\"name\":\"Septimia Kupa Bowling Verseny 2026\"}]},{\"@type\":\"WebSite\",\"@id\":\"https:\/\/www.septimiaresort.ro\/hu\/#website\",\"url\":\"https:\/\/www.septimiaresort.ro\/hu\/\",\"name\":\"Septimia Hotels & SPA Resort\",\"description\":\"Just another ms.decms.eu site\",\"potentialAction\":[{\"@type\":\"SearchAction\",\"target\":{\"@type\":\"EntryPoint\",\"urlTemplate\":\"https:\/\/www.septimiaresort.ro\/hu\/?s={search_term_string}\"},\"query-input\":{\"@type\":\"PropertyValueSpecification\",\"valueRequired\":true,\"valueName\":\"search_term_string\"}}],\"inLanguage\":\"hu\"}]}<\/script>\n<!-- \/ Yoast SEO plugin. -->","yoast_head_json":{"title":"Septimia Kupa Bowling Verseny 2026 - Septimia Hotels & SPA Resort","description":"Septimia Hotels & SPA Resort Iratkozz fel az \u00e9v legnagyobb verseny\u00e9re! J\u00falius 8-12 k\u00f6z\u00f6tt a Septimia Kupa Bowling verseny\u00e9n a helyed!","robots":{"index":"index","follow":"follow","max-snippet":"max-snippet:-1","max-image-preview":"max-image-preview:large","max-video-preview":"max-video-preview:-1"},"canonical":"https:\/\/www.septimiaresort.ro\/hu\/bowling\/septimia-kupa-bowlingverseny-2026\/","og_locale":"hu_HU","og_type":"article","og_title":"Septimia Kupa Bowling Verseny 2026 - Septimia Hotels & SPA Resort","og_description":"Septimia Hotels & SPA Resort Iratkozz fel az \u00e9v legnagyobb verseny\u00e9re! J\u00falius 8-12 k\u00f6z\u00f6tt a Septimia Kupa Bowling verseny\u00e9n a helyed!","og_url":"https:\/\/www.septimiaresort.ro\/hu\/bowling\/septimia-kupa-bowlingverseny-2026\/","og_site_name":"Septimia Hotels & SPA Resort","article_modified_time":"2026-05-08T08:47:56+00:00","og_image":[{"width":1024,"height":684,"url":"https:\/\/www.septimiaresort.ro\/wp-content\/uploads\/sites\/169\/2024\/12\/DSC_5773-1024x684.png","type":"image\/png"}],"twitter_card":"summary_large_image","twitter_misc":{"Becs\u00fclt olvas\u00e1si id\u0151":"2 perc"},"schema":{"@context":"https:\/\/schema.org","@graph":[{"@type":"WebPage","@id":"https:\/\/www.septimiaresort.ro\/hu\/bowling\/septimia-kupa-bowlingverseny-2026\/","url":"https:\/\/www.septimiaresort.ro\/hu\/bowling\/septimia-kupa-bowlingverseny-2026\/","name":"Septimia Kupa Bowling Verseny 2026 - Septimia Hotels & SPA Resort","isPartOf":{"@id":"https:\/\/www.septimiaresort.ro\/hu\/#website"},"primaryImageOfPage":{"@id":"https:\/\/www.septimiaresort.ro\/hu\/bowling\/septimia-kupa-bowlingverseny-2026\/#primaryimage"},"image":{"@id":"https:\/\/www.septimiaresort.ro\/hu\/bowling\/septimia-kupa-bowlingverseny-2026\/#primaryimage"},"thumbnailUrl":"https:\/\/www.septimiaresort.ro\/wp-content\/uploads\/sites\/169\/2024\/12\/DSC_5773.png","datePublished":"2020-11-19T18:24:44+00:00","dateModified":"2026-05-08T08:47:56+00:00","description":"Septimia Hotels & SPA Resort Iratkozz fel az \u00e9v legnagyobb verseny\u00e9re! J\u00falius 8-12 k\u00f6z\u00f6tt a Septimia Kupa Bowling verseny\u00e9n a helyed!","breadcrumb":{"@id":"https:\/\/www.septimiaresort.ro\/hu\/bowling\/septimia-kupa-bowlingverseny-2026\/#breadcrumb"},"inLanguage":"hu","potentialAction":[{"@type":"ReadAction","target":["https:\/\/www.septimiaresort.ro\/hu\/bowling\/septimia-kupa-bowlingverseny-2026\/"]}]},{"@type":"ImageObject","inLanguage":"hu","@id":"https:\/\/www.septimiaresort.ro\/hu\/bowling\/septimia-kupa-bowlingverseny-2026\/#primaryimage","url":"https:\/\/www.septimiaresort.ro\/wp-content\/uploads\/sites\/169\/2024\/12\/DSC_5773.png","contentUrl":"https:\/\/www.septimiaresort.ro\/wp-content\/uploads\/sites\/169\/2024\/12\/DSC_5773.png","width":2000,"height":1335},{"@type":"BreadcrumbList","@id":"https:\/\/www.septimiaresort.ro\/hu\/bowling\/septimia-kupa-bowlingverseny-2026\/#breadcrumb","itemListElement":[{"@type":"ListItem","position":1,"name":"Home","item":"https:\/\/www.septimiaresort.ro\/hu\/"},{"@type":"ListItem","position":2,"name":"Bowling","item":"https:\/\/www.septimiaresort.ro\/hu\/bowling\/"},{"@type":"ListItem","position":3,"name":"Septimia Kupa Bowling Verseny 2026"}]},{"@type":"WebSite","@id":"https:\/\/www.septimiaresort.ro\/hu\/#website","url":"https:\/\/www.septimiaresort.ro\/hu\/","name":"Septimia Hotels & SPA Resort","description":"Just another ms.decms.eu site","potentialAction":[{"@type":"SearchAction","target":{"@type":"EntryPoint","urlTemplate":"https:\/\/www.septimiaresort.ro\/hu\/?s={search_term_string}"},"query-input":{"@type":"PropertyValueSpecification","valueRequired":true,"valueName":"search_term_string"}}],"inLanguage":"hu"}]}},"acf":[],"_links":{"self":[{"href":"https:\/\/www.septimiaresort.ro\/hu\/wp-json\/wp\/v2\/pages\/427","targetHints":{"allow":["GET"]}}],"collection":[{"href":"https:\/\/www.septimiaresort.ro\/hu\/wp-json\/wp\/v2\/pages"}],"about":[{"href":"https:\/\/www.septimiaresort.ro\/hu\/wp-json\/wp\/v2\/types\/page"}],"author":[{"embeddable":true,"href":"https:\/\/www.septimiaresort.ro\/hu\/wp-json\/wp\/v2\/users\/173"}],"replies":[{"embeddable":true,"href":"https:\/\/www.septimiaresort.ro\/hu\/wp-json\/wp\/v2\/comments?post=427"}],"version-history":[{"count":0,"href":"https:\/\/www.septimiaresort.ro\/hu\/wp-json\/wp\/v2\/pages\/427\/revisions"}],"up":[{"embeddable":true,"href":"https:\/\/www.septimiaresort.ro\/hu\/wp-json\/wp\/v2\/pages\/270"}],"wp:featuredmedia":[{"embeddable":true,"href":"https:\/\/www.septimiaresort.ro\/hu\/wp-json\/wp\/v2\/media\/1805"}],"wp:attachment":[{"href":"https:\/\/www.septimiaresort.ro\/hu\/wp-json\/wp\/v2\/media?parent=427"}],"curies":[{"name":"wp","href":"https:\/\/api.w.org\/{rel}","templated":true}]}}