{"id":457,"date":"2020-11-22T22:14:57","date_gmt":"2020-11-22T22:14:57","guid":{"rendered":"https:\/\/www.septimiaresort.ro\/?page_id=457"},"modified":"2025-11-03T09:09:11","modified_gmt":"2025-11-03T09:09:11","slug":"donto","status":"publish","type":"page","link":"https:\/\/www.septimiaresort.ro\/hu\/bowling\/septimia-kupa-bowlingverseny-2026\/donto\/","title":{"rendered":"D\u00d6NT\u0150"},"content":{"rendered":"<p>&nbsp;<\/p>\n<p data-start=\"115\" data-end=\"361\">Minden d\u00f6nt\u0151szakaszban <strong data-start=\"138\" data-end=\"160\">holtverseny eset\u00e9n<\/strong> a sorrendet az <strong data-start=\"176\" data-end=\"199\">utols\u00f3 j\u00e1t\u00e9k (game)<\/strong> eredm\u00e9nye d\u00f6nti el.<br data-start=\"219\" data-end=\"222\" \/>Ha ez is azonos, akkor a <strong data-start=\"247\" data-end=\"265\">megel\u0151z\u0151 j\u00e1t\u00e9k<\/strong> eredm\u00e9nye alapj\u00e1n t\u00f6rt\u00e9nik a rangsorol\u00e1s.<br data-start=\"307\" data-end=\"310\" \/>Minden j\u00e1t\u00e9k el\u0151tt <strong data-start=\"329\" data-end=\"349\">friss p\u00e1lyaken\u00e9s<\/strong> t\u00f6rt\u00e9nik.<\/p>\n<hr data-start=\"363\" data-end=\"366\" \/>\n<h3 data-start=\"368\" data-end=\"394\"><strong data-start=\"372\" data-end=\"394\">D\u00d6NT\u0150 \u2013 4. SZAKASZ<\/strong><\/h3>\n<p data-start=\"396\" data-end=\"612\">A d\u00f6nt\u0151 szakaszba val\u00f3 bejut\u00e1s sorrendje a <strong data-start=\"439\" data-end=\"504\">3. szakasz (vagy az 1\u20132. szakasz, a nevez\u0151k sz\u00e1m\u00e1t\u00f3l f\u00fcgg\u0151en)<\/strong> j\u00e1t\u00e9kainak <strong data-start=\"516\" data-end=\"526\">\u00e1tlaga<\/strong> alapj\u00e1n ker\u00fcl meghat\u00e1roz\u00e1sra.<br data-start=\"556\" data-end=\"559\" \/>A j\u00e1t\u00e9k el\u0151tt <strong data-start=\"573\" data-end=\"593\">friss p\u00e1lyaken\u00e9s<\/strong> lesz alkalmazva.<\/p>\n<hr data-start=\"614\" data-end=\"617\" \/>\n<h3 data-start=\"619\" data-end=\"652\"><strong data-start=\"623\" data-end=\"650\">1. m\u00e9rk\u0151z\u00e9s (szakasz 1)<\/strong><\/h3>\n<p data-start=\"653\" data-end=\"796\">A <strong data-start=\"655\" data-end=\"671\">4. helyezett<\/strong> j\u00e1t\u00e9kos \u00e9s a <strong data-start=\"685\" data-end=\"701\">3. helyezett<\/strong> j\u00e1t\u00e9kos <strong data-start=\"710\" data-end=\"727\">egy m\u00e9rk\u0151z\u00e9st<\/strong> j\u00e1tszanak egym\u00e1s ellen.<br data-start=\"751\" data-end=\"754\" \/>A vesztes j\u00e1t\u00e9kos a <strong data-start=\"774\" data-end=\"787\">4. helyen<\/strong> v\u00e9gez.<\/p>\n<hr data-start=\"798\" data-end=\"801\" \/>\n<h3 data-start=\"803\" data-end=\"836\"><strong data-start=\"807\" data-end=\"834\">2. m\u00e9rk\u0151z\u00e9s (szakasz 2)<\/strong><\/h3>\n<p data-start=\"837\" data-end=\"981\">Az <strong data-start=\"840\" data-end=\"864\">1. m\u00e9rk\u0151z\u00e9s gy\u0151ztese<\/strong> \u00e9s a <strong data-start=\"870\" data-end=\"886\">2. helyezett<\/strong> j\u00e1t\u00e9kos <strong data-start=\"895\" data-end=\"912\">egy m\u00e9rk\u0151z\u00e9st<\/strong> j\u00e1tszanak egym\u00e1s ellen.<br data-start=\"936\" data-end=\"939\" \/>A vesztes j\u00e1t\u00e9kos a <strong data-start=\"959\" data-end=\"972\">3. helyen<\/strong> v\u00e9gez.<\/p>\n<hr data-start=\"983\" data-end=\"986\" \/>\n<h3 data-start=\"988\" data-end=\"1021\"><strong data-start=\"992\" data-end=\"1019\">3. m\u00e9rk\u0151z\u00e9s (szakasz 3)<\/strong><\/h3>\n<p data-start=\"1022\" data-end=\"1210\">A <strong data-start=\"1024\" data-end=\"1048\">2. m\u00e9rk\u0151z\u00e9s gy\u0151ztese<\/strong> \u00e9s az <strong data-start=\"1055\" data-end=\"1071\">1. helyezett<\/strong> j\u00e1t\u00e9kos <strong data-start=\"1080\" data-end=\"1097\">egy m\u00e9rk\u0151z\u00e9st<\/strong> j\u00e1tszanak egym\u00e1s ellen.<br data-start=\"1121\" data-end=\"1124\" \/>A vesztes j\u00e1t\u00e9kos a <strong data-start=\"1144\" data-end=\"1157\">2. helyen<\/strong>,<br data-start=\"1158\" data-end=\"1161\" \/>a gy\u0151ztes j\u00e1t\u00e9kos pedig az <strong data-start=\"1188\" data-end=\"1201\">1. helyen<\/strong> v\u00e9gez.<\/p>\n<p><b>\u00a0<\/b><\/p>\n","protected":false},"excerpt":{"rendered":"<p>&nbsp; Minden d\u00f6nt\u0151szakaszban holtverseny eset\u00e9n a sorrendet az utols\u00f3 j\u00e1t\u00e9k (game) eredm\u00e9nye d\u00f6nti el.Ha ez is azonos, akkor a megel\u0151z\u0151 j\u00e1t\u00e9k eredm\u00e9nye alapj\u00e1n t\u00f6rt\u00e9nik a rangsorol\u00e1s.Minden j\u00e1t\u00e9k el\u0151tt friss p\u00e1lyaken\u00e9s t\u00f6rt\u00e9nik. D\u00d6NT\u0150 \u2013 4. SZAKASZ A d\u00f6nt\u0151 szakaszba val\u00f3 bejut\u00e1s sorrendje a 3. szakasz (vagy az 1\u20132. szakasz, a nevez\u0151k sz\u00e1m\u00e1t\u00f3l f\u00fcgg\u0151en) j\u00e1t\u00e9kainak \u00e1tlaga alapj\u00e1n [&hellip;]<\/p>\n","protected":false},"author":173,"featured_media":0,"parent":427,"menu_order":0,"comment_status":"closed","ping_status":"closed","template":"","meta":{"footnotes":""},"class_list":["post-457","page","type-page","status-publish","hentry"],"yoast_head":"<!-- This site is optimized with the Yoast SEO plugin v26.9 - https:\/\/yoast.com\/product\/yoast-seo-wordpress\/ -->\n<title>D\u00d6NT\u0150 - Septimia Hotels &amp; SPA Resort<\/title>\n<meta name=\"robots\" content=\"index, follow, max-snippet:-1, max-image-preview:large, max-video-preview:-1\" \/>\n<link rel=\"canonical\" href=\"https:\/\/www.septimiaresort.ro\/hu\/bowling\/septimia-kupa-bowlingverseny-2026\/donto\/\" \/>\n<meta property=\"og:locale\" content=\"hu_HU\" \/>\n<meta property=\"og:type\" content=\"article\" \/>\n<meta property=\"og:title\" content=\"D\u00d6NT\u0150 - Septimia Hotels &amp; SPA Resort\" \/>\n<meta property=\"og:description\" content=\"&nbsp; Minden d\u00f6nt\u0151szakaszban holtverseny eset\u00e9n a sorrendet az utols\u00f3 j\u00e1t\u00e9k (game) eredm\u00e9nye d\u00f6nti el.Ha ez is azonos, akkor a megel\u0151z\u0151 j\u00e1t\u00e9k eredm\u00e9nye alapj\u00e1n t\u00f6rt\u00e9nik a rangsorol\u00e1s.Minden j\u00e1t\u00e9k el\u0151tt friss p\u00e1lyaken\u00e9s t\u00f6rt\u00e9nik. D\u00d6NT\u0150 \u2013 4. SZAKASZ A d\u00f6nt\u0151 szakaszba val\u00f3 bejut\u00e1s sorrendje a 3. szakasz (vagy az 1\u20132. szakasz, a nevez\u0151k sz\u00e1m\u00e1t\u00f3l f\u00fcgg\u0151en) j\u00e1t\u00e9kainak \u00e1tlaga alapj\u00e1n [&hellip;]\" \/>\n<meta property=\"og:url\" content=\"https:\/\/www.septimiaresort.ro\/hu\/bowling\/septimia-kupa-bowlingverseny-2026\/donto\/\" \/>\n<meta property=\"og:site_name\" content=\"Septimia Hotels &amp; SPA Resort\" \/>\n<meta property=\"article:modified_time\" content=\"2025-11-03T09:09:11+00:00\" \/>\n<meta name=\"twitter:card\" content=\"summary_large_image\" \/>\n<meta name=\"twitter:label1\" content=\"Becs\u00fclt olvas\u00e1si id\u0151\" \/>\n\t<meta name=\"twitter:data1\" content=\"1 perc\" \/>\n<script type=\"application\/ld+json\" class=\"yoast-schema-graph\">{\"@context\":\"https:\/\/schema.org\",\"@graph\":[{\"@type\":\"WebPage\",\"@id\":\"https:\/\/www.septimiaresort.ro\/hu\/bowling\/septimia-kupa-bowlingverseny-2026\/donto\/\",\"url\":\"https:\/\/www.septimiaresort.ro\/hu\/bowling\/septimia-kupa-bowlingverseny-2026\/donto\/\",\"name\":\"D\u00d6NT\u0150 - Septimia Hotels & SPA Resort\",\"isPartOf\":{\"@id\":\"https:\/\/www.septimiaresort.ro\/hu\/#website\"},\"datePublished\":\"2020-11-22T22:14:57+00:00\",\"dateModified\":\"2025-11-03T09:09:11+00:00\",\"breadcrumb\":{\"@id\":\"https:\/\/www.septimiaresort.ro\/hu\/bowling\/septimia-kupa-bowlingverseny-2026\/donto\/#breadcrumb\"},\"inLanguage\":\"hu\",\"potentialAction\":[{\"@type\":\"ReadAction\",\"target\":[\"https:\/\/www.septimiaresort.ro\/hu\/bowling\/septimia-kupa-bowlingverseny-2026\/donto\/\"]}]},{\"@type\":\"BreadcrumbList\",\"@id\":\"https:\/\/www.septimiaresort.ro\/hu\/bowling\/septimia-kupa-bowlingverseny-2026\/donto\/#breadcrumb\",\"itemListElement\":[{\"@type\":\"ListItem\",\"position\":1,\"name\":\"Home\",\"item\":\"https:\/\/www.septimiaresort.ro\/hu\/\"},{\"@type\":\"ListItem\",\"position\":2,\"name\":\"Bowling\",\"item\":\"https:\/\/www.septimiaresort.ro\/hu\/bowling\/\"},{\"@type\":\"ListItem\",\"position\":3,\"name\":\"Septimia Kupa Bowling Verseny 2026\",\"item\":\"https:\/\/www.septimiaresort.ro\/hu\/bowling\/septimia-kupa-bowlingverseny-2026\/\"},{\"@type\":\"ListItem\",\"position\":4,\"name\":\"D\u00d6NT\u0150\"}]},{\"@type\":\"WebSite\",\"@id\":\"https:\/\/www.septimiaresort.ro\/hu\/#website\",\"url\":\"https:\/\/www.septimiaresort.ro\/hu\/\",\"name\":\"Septimia Hotels & SPA Resort\",\"description\":\"Just another ms.decms.eu site\",\"potentialAction\":[{\"@type\":\"SearchAction\",\"target\":{\"@type\":\"EntryPoint\",\"urlTemplate\":\"https:\/\/www.septimiaresort.ro\/hu\/?s={search_term_string}\"},\"query-input\":{\"@type\":\"PropertyValueSpecification\",\"valueRequired\":true,\"valueName\":\"search_term_string\"}}],\"inLanguage\":\"hu\"}]}<\/script>\n<!-- \/ Yoast SEO plugin. -->","yoast_head_json":{"title":"D\u00d6NT\u0150 - Septimia Hotels & SPA Resort","robots":{"index":"index","follow":"follow","max-snippet":"max-snippet:-1","max-image-preview":"max-image-preview:large","max-video-preview":"max-video-preview:-1"},"canonical":"https:\/\/www.septimiaresort.ro\/hu\/bowling\/septimia-kupa-bowlingverseny-2026\/donto\/","og_locale":"hu_HU","og_type":"article","og_title":"D\u00d6NT\u0150 - Septimia Hotels & SPA Resort","og_description":"&nbsp; Minden d\u00f6nt\u0151szakaszban holtverseny eset\u00e9n a sorrendet az utols\u00f3 j\u00e1t\u00e9k (game) eredm\u00e9nye d\u00f6nti el.Ha ez is azonos, akkor a megel\u0151z\u0151 j\u00e1t\u00e9k eredm\u00e9nye alapj\u00e1n t\u00f6rt\u00e9nik a rangsorol\u00e1s.Minden j\u00e1t\u00e9k el\u0151tt friss p\u00e1lyaken\u00e9s t\u00f6rt\u00e9nik. D\u00d6NT\u0150 \u2013 4. SZAKASZ A d\u00f6nt\u0151 szakaszba val\u00f3 bejut\u00e1s sorrendje a 3. szakasz (vagy az 1\u20132. szakasz, a nevez\u0151k sz\u00e1m\u00e1t\u00f3l f\u00fcgg\u0151en) j\u00e1t\u00e9kainak \u00e1tlaga alapj\u00e1n [&hellip;]","og_url":"https:\/\/www.septimiaresort.ro\/hu\/bowling\/septimia-kupa-bowlingverseny-2026\/donto\/","og_site_name":"Septimia Hotels & SPA Resort","article_modified_time":"2025-11-03T09:09:11+00:00","twitter_card":"summary_large_image","twitter_misc":{"Becs\u00fclt olvas\u00e1si id\u0151":"1 perc"},"schema":{"@context":"https:\/\/schema.org","@graph":[{"@type":"WebPage","@id":"https:\/\/www.septimiaresort.ro\/hu\/bowling\/septimia-kupa-bowlingverseny-2026\/donto\/","url":"https:\/\/www.septimiaresort.ro\/hu\/bowling\/septimia-kupa-bowlingverseny-2026\/donto\/","name":"D\u00d6NT\u0150 - Septimia Hotels & SPA Resort","isPartOf":{"@id":"https:\/\/www.septimiaresort.ro\/hu\/#website"},"datePublished":"2020-11-22T22:14:57+00:00","dateModified":"2025-11-03T09:09:11+00:00","breadcrumb":{"@id":"https:\/\/www.septimiaresort.ro\/hu\/bowling\/septimia-kupa-bowlingverseny-2026\/donto\/#breadcrumb"},"inLanguage":"hu","potentialAction":[{"@type":"ReadAction","target":["https:\/\/www.septimiaresort.ro\/hu\/bowling\/septimia-kupa-bowlingverseny-2026\/donto\/"]}]},{"@type":"BreadcrumbList","@id":"https:\/\/www.septimiaresort.ro\/hu\/bowling\/septimia-kupa-bowlingverseny-2026\/donto\/#breadcrumb","itemListElement":[{"@type":"ListItem","position":1,"name":"Home","item":"https:\/\/www.septimiaresort.ro\/hu\/"},{"@type":"ListItem","position":2,"name":"Bowling","item":"https:\/\/www.septimiaresort.ro\/hu\/bowling\/"},{"@type":"ListItem","position":3,"name":"Septimia Kupa Bowling Verseny 2026","item":"https:\/\/www.septimiaresort.ro\/hu\/bowling\/septimia-kupa-bowlingverseny-2026\/"},{"@type":"ListItem","position":4,"name":"D\u00d6NT\u0150"}]},{"@type":"WebSite","@id":"https:\/\/www.septimiaresort.ro\/hu\/#website","url":"https:\/\/www.septimiaresort.ro\/hu\/","name":"Septimia Hotels & SPA Resort","description":"Just another ms.decms.eu site","potentialAction":[{"@type":"SearchAction","target":{"@type":"EntryPoint","urlTemplate":"https:\/\/www.septimiaresort.ro\/hu\/?s={search_term_string}"},"query-input":{"@type":"PropertyValueSpecification","valueRequired":true,"valueName":"search_term_string"}}],"inLanguage":"hu"}]}},"acf":[],"_links":{"self":[{"href":"https:\/\/www.septimiaresort.ro\/hu\/wp-json\/wp\/v2\/pages\/457","targetHints":{"allow":["GET"]}}],"collection":[{"href":"https:\/\/www.septimiaresort.ro\/hu\/wp-json\/wp\/v2\/pages"}],"about":[{"href":"https:\/\/www.septimiaresort.ro\/hu\/wp-json\/wp\/v2\/types\/page"}],"author":[{"embeddable":true,"href":"https:\/\/www.septimiaresort.ro\/hu\/wp-json\/wp\/v2\/users\/173"}],"replies":[{"embeddable":true,"href":"https:\/\/www.septimiaresort.ro\/hu\/wp-json\/wp\/v2\/comments?post=457"}],"version-history":[{"count":0,"href":"https:\/\/www.septimiaresort.ro\/hu\/wp-json\/wp\/v2\/pages\/457\/revisions"}],"up":[{"embeddable":true,"href":"https:\/\/www.septimiaresort.ro\/hu\/wp-json\/wp\/v2\/pages\/427"}],"wp:attachment":[{"href":"https:\/\/www.septimiaresort.ro\/hu\/wp-json\/wp\/v2\/media?parent=457"}],"curies":[{"name":"wp","href":"https:\/\/api.w.org\/{rel}","templated":true}]}}