{"id":539,"date":"2021-01-31T16:09:54","date_gmt":"2021-01-31T16:09:54","guid":{"rendered":"https:\/\/www.septimiaresort.ro\/?page_id=539"},"modified":"2024-02-21T08:57:10","modified_gmt":"2024-02-21T08:57:10","slug":"arlista","status":"publish","type":"page","link":"https:\/\/www.septimiaresort.ro\/hu\/wellness-gyogyaszat\/arlista\/","title":{"rendered":"\u00c1rlista \u00e9s Csomagaj\u00e1nlatok"},"content":{"rendered":"<p><a href=\"https:\/\/www.septimiaresort.ro\/wp-content\/uploads\/sites\/169\/2023\/01\/Wellness-arlista-2023-belepok-scaled.jpg\" target=\"_blank\" rel=\"noopener noreferrer\"><strong>Bel\u00e9p\u0151jegyek<\/strong><\/a><\/p>\n<p><a href=\"https:\/\/www.septimiaresort.ro\/wp-content\/uploads\/sites\/169\/2023\/01\/Wellness-arlista-2023-scaled.jpg\"><strong>VIP Club tagok sz\u00e1m\u00e1ra el\u00e9rhet\u0151 kedvezm\u00e9nyes bel\u00e9p\u0151k<\/strong><\/a><\/p>\n<p><a href=\"https:\/\/www.septimiaresort.ro\/wp-content\/uploads\/sites\/169\/2022\/04\/masszazs-arlista-2022.pdf\" target=\"_blank\" rel=\"noopener noreferrer\"><strong>Massz\u00e1zsok \u00e9s egy\u00e9b szolg\u00e1ltat\u00e1sok<\/strong><\/a><\/p>\n<p><strong><a href=\"https:\/\/www.septimiaresort.ro\/hu\/wellness-gyogyaszat\/gyogyaszati-kezelesek\/\" target=\"_blank\" rel=\"noopener noreferrer\">Gy\u00f3gykezel\u00e9sek<\/a><\/strong><\/p>\n<p><strong>Sportp\u00e1ly\u00e1k \u00e9s edz\u00e9sek<\/strong><\/p>\n<p><strong>Csomagaj\u00e1nlatok:<\/strong><br \/>\n<strong><a href=\"https:\/\/www.septimiaresort.ro\/wp-content\/uploads\/sites\/169\/2022\/09\/Amornyila-scaled.jpg\" target=\"_blank\" rel=\"noopener\">\u00c1MOR NYILA k\u00e9nyeztet\u0151 csomag p\u00e1roknak<\/a><br \/>\n<\/strong><\/p>\n<p><a href=\"https:\/\/www.septimiaresort.ro\/wp-content\/uploads\/sites\/169\/2024\/02\/Girls-SPA-hu.jpg\" target=\"_blank\" rel=\"noopener\"><strong>CSAJOS SPA csomag &#8211; lazulj a csajokkal<\/strong><\/a><\/p>\n<p>B\u0151vebb inform\u00e1ci\u00f3 \u00e9s id\u0151pontfoglal\u00e1s: 0747 217 777<\/p>\n","protected":false},"excerpt":{"rendered":"<p>Bel\u00e9p\u0151jegyek VIP Club tagok sz\u00e1m\u00e1ra el\u00e9rhet\u0151 kedvezm\u00e9nyes bel\u00e9p\u0151k Massz\u00e1zsok \u00e9s egy\u00e9b szolg\u00e1ltat\u00e1sok Gy\u00f3gykezel\u00e9sek Sportp\u00e1ly\u00e1k \u00e9s edz\u00e9sek Csomagaj\u00e1nlatok: \u00c1MOR NYILA k\u00e9nyeztet\u0151 csomag p\u00e1roknak CSAJOS SPA csomag &#8211; lazulj a csajokkal B\u0151vebb inform\u00e1ci\u00f3 \u00e9s id\u0151pontfoglal\u00e1s: 0747 217 777<\/p>\n","protected":false},"author":173,"featured_media":0,"parent":259,"menu_order":1,"comment_status":"closed","ping_status":"closed","template":"","meta":{"footnotes":""},"class_list":["post-539","page","type-page","status-publish","hentry"],"yoast_head":"<!-- This site is optimized with the Yoast SEO plugin v26.9 - https:\/\/yoast.com\/product\/yoast-seo-wordpress\/ -->\n<title>\u00c1rlista \u00e9s Csomagaj\u00e1nlatok - Septimia Hotels &amp; SPA Resort<\/title>\n<meta name=\"description\" content=\"Septimia Hotels &amp; Spa Resort - Bel\u00e9p\u0151jegyek, b\u00e9rletek, egy\u00e9b jegyek \u00e9s konferencia szolg\u00e1ltat\u00e1sok, Massz\u00e1zsok \u00e9s egy\u00e9b szolg\u00e1ltat\u00e1sok, Gy\u00f3gykezel\u00e9sek\" \/>\n<meta name=\"robots\" content=\"index, follow, max-snippet:-1, max-image-preview:large, max-video-preview:-1\" \/>\n<link rel=\"canonical\" href=\"https:\/\/www.septimiaresort.ro\/hu\/wellness-gyogyaszat\/arlista\/\" \/>\n<meta property=\"og:locale\" content=\"hu_HU\" \/>\n<meta property=\"og:type\" content=\"article\" \/>\n<meta property=\"og:title\" content=\"\u00c1rlista \u00e9s Csomagaj\u00e1nlatok - Septimia Hotels &amp; SPA Resort\" \/>\n<meta property=\"og:description\" content=\"Septimia Hotels &amp; Spa Resort - Bel\u00e9p\u0151jegyek, b\u00e9rletek, egy\u00e9b jegyek \u00e9s konferencia szolg\u00e1ltat\u00e1sok, Massz\u00e1zsok \u00e9s egy\u00e9b szolg\u00e1ltat\u00e1sok, Gy\u00f3gykezel\u00e9sek\" \/>\n<meta property=\"og:url\" content=\"https:\/\/www.septimiaresort.ro\/hu\/wellness-gyogyaszat\/arlista\/\" \/>\n<meta property=\"og:site_name\" content=\"Septimia Hotels &amp; SPA Resort\" \/>\n<meta property=\"article:modified_time\" content=\"2024-02-21T08:57:10+00:00\" \/>\n<meta name=\"twitter:card\" content=\"summary_large_image\" \/>\n<meta name=\"twitter:label1\" content=\"Becs\u00fclt olvas\u00e1si id\u0151\" \/>\n\t<meta name=\"twitter:data1\" content=\"1 perc\" \/>\n<script type=\"application\/ld+json\" class=\"yoast-schema-graph\">{\"@context\":\"https:\/\/schema.org\",\"@graph\":[{\"@type\":\"WebPage\",\"@id\":\"https:\/\/www.septimiaresort.ro\/hu\/wellness-gyogyaszat\/arlista\/\",\"url\":\"https:\/\/www.septimiaresort.ro\/hu\/wellness-gyogyaszat\/arlista\/\",\"name\":\"\u00c1rlista \u00e9s Csomagaj\u00e1nlatok - Septimia Hotels & SPA Resort\",\"isPartOf\":{\"@id\":\"https:\/\/www.septimiaresort.ro\/hu\/#website\"},\"datePublished\":\"2021-01-31T16:09:54+00:00\",\"dateModified\":\"2024-02-21T08:57:10+00:00\",\"description\":\"Septimia Hotels & Spa Resort - Bel\u00e9p\u0151jegyek, b\u00e9rletek, egy\u00e9b jegyek \u00e9s konferencia szolg\u00e1ltat\u00e1sok, Massz\u00e1zsok \u00e9s egy\u00e9b szolg\u00e1ltat\u00e1sok, Gy\u00f3gykezel\u00e9sek\",\"breadcrumb\":{\"@id\":\"https:\/\/www.septimiaresort.ro\/hu\/wellness-gyogyaszat\/arlista\/#breadcrumb\"},\"inLanguage\":\"hu\",\"potentialAction\":[{\"@type\":\"ReadAction\",\"target\":[\"https:\/\/www.septimiaresort.ro\/hu\/wellness-gyogyaszat\/arlista\/\"]}]},{\"@type\":\"BreadcrumbList\",\"@id\":\"https:\/\/www.septimiaresort.ro\/hu\/wellness-gyogyaszat\/arlista\/#breadcrumb\",\"itemListElement\":[{\"@type\":\"ListItem\",\"position\":1,\"name\":\"Home\",\"item\":\"https:\/\/www.septimiaresort.ro\/hu\/\"},{\"@type\":\"ListItem\",\"position\":2,\"name\":\"Wellness &amp; gy\u00f3gy\u00e1szat\",\"item\":\"https:\/\/www.septimiaresort.ro\/hu\/wellness-gyogyaszat\/\"},{\"@type\":\"ListItem\",\"position\":3,\"name\":\"\u00c1rlista \u00e9s Csomagaj\u00e1nlatok\"}]},{\"@type\":\"WebSite\",\"@id\":\"https:\/\/www.septimiaresort.ro\/hu\/#website\",\"url\":\"https:\/\/www.septimiaresort.ro\/hu\/\",\"name\":\"Septimia Hotels & SPA Resort\",\"description\":\"Just another ms.decms.eu site\",\"potentialAction\":[{\"@type\":\"SearchAction\",\"target\":{\"@type\":\"EntryPoint\",\"urlTemplate\":\"https:\/\/www.septimiaresort.ro\/hu\/?s={search_term_string}\"},\"query-input\":{\"@type\":\"PropertyValueSpecification\",\"valueRequired\":true,\"valueName\":\"search_term_string\"}}],\"inLanguage\":\"hu\"}]}<\/script>\n<!-- \/ Yoast SEO plugin. -->","yoast_head_json":{"title":"\u00c1rlista \u00e9s Csomagaj\u00e1nlatok - Septimia Hotels & SPA Resort","description":"Septimia Hotels & Spa Resort - Bel\u00e9p\u0151jegyek, b\u00e9rletek, egy\u00e9b jegyek \u00e9s konferencia szolg\u00e1ltat\u00e1sok, Massz\u00e1zsok \u00e9s egy\u00e9b szolg\u00e1ltat\u00e1sok, Gy\u00f3gykezel\u00e9sek","robots":{"index":"index","follow":"follow","max-snippet":"max-snippet:-1","max-image-preview":"max-image-preview:large","max-video-preview":"max-video-preview:-1"},"canonical":"https:\/\/www.septimiaresort.ro\/hu\/wellness-gyogyaszat\/arlista\/","og_locale":"hu_HU","og_type":"article","og_title":"\u00c1rlista \u00e9s Csomagaj\u00e1nlatok - Septimia Hotels & SPA Resort","og_description":"Septimia Hotels & Spa Resort - Bel\u00e9p\u0151jegyek, b\u00e9rletek, egy\u00e9b jegyek \u00e9s konferencia szolg\u00e1ltat\u00e1sok, Massz\u00e1zsok \u00e9s egy\u00e9b szolg\u00e1ltat\u00e1sok, Gy\u00f3gykezel\u00e9sek","og_url":"https:\/\/www.septimiaresort.ro\/hu\/wellness-gyogyaszat\/arlista\/","og_site_name":"Septimia Hotels & SPA Resort","article_modified_time":"2024-02-21T08:57:10+00:00","twitter_card":"summary_large_image","twitter_misc":{"Becs\u00fclt olvas\u00e1si id\u0151":"1 perc"},"schema":{"@context":"https:\/\/schema.org","@graph":[{"@type":"WebPage","@id":"https:\/\/www.septimiaresort.ro\/hu\/wellness-gyogyaszat\/arlista\/","url":"https:\/\/www.septimiaresort.ro\/hu\/wellness-gyogyaszat\/arlista\/","name":"\u00c1rlista \u00e9s Csomagaj\u00e1nlatok - Septimia Hotels & SPA Resort","isPartOf":{"@id":"https:\/\/www.septimiaresort.ro\/hu\/#website"},"datePublished":"2021-01-31T16:09:54+00:00","dateModified":"2024-02-21T08:57:10+00:00","description":"Septimia Hotels & Spa Resort - Bel\u00e9p\u0151jegyek, b\u00e9rletek, egy\u00e9b jegyek \u00e9s konferencia szolg\u00e1ltat\u00e1sok, Massz\u00e1zsok \u00e9s egy\u00e9b szolg\u00e1ltat\u00e1sok, Gy\u00f3gykezel\u00e9sek","breadcrumb":{"@id":"https:\/\/www.septimiaresort.ro\/hu\/wellness-gyogyaszat\/arlista\/#breadcrumb"},"inLanguage":"hu","potentialAction":[{"@type":"ReadAction","target":["https:\/\/www.septimiaresort.ro\/hu\/wellness-gyogyaszat\/arlista\/"]}]},{"@type":"BreadcrumbList","@id":"https:\/\/www.septimiaresort.ro\/hu\/wellness-gyogyaszat\/arlista\/#breadcrumb","itemListElement":[{"@type":"ListItem","position":1,"name":"Home","item":"https:\/\/www.septimiaresort.ro\/hu\/"},{"@type":"ListItem","position":2,"name":"Wellness &amp; gy\u00f3gy\u00e1szat","item":"https:\/\/www.septimiaresort.ro\/hu\/wellness-gyogyaszat\/"},{"@type":"ListItem","position":3,"name":"\u00c1rlista \u00e9s Csomagaj\u00e1nlatok"}]},{"@type":"WebSite","@id":"https:\/\/www.septimiaresort.ro\/hu\/#website","url":"https:\/\/www.septimiaresort.ro\/hu\/","name":"Septimia Hotels & SPA Resort","description":"Just another ms.decms.eu site","potentialAction":[{"@type":"SearchAction","target":{"@type":"EntryPoint","urlTemplate":"https:\/\/www.septimiaresort.ro\/hu\/?s={search_term_string}"},"query-input":{"@type":"PropertyValueSpecification","valueRequired":true,"valueName":"search_term_string"}}],"inLanguage":"hu"}]}},"acf":[],"_links":{"self":[{"href":"https:\/\/www.septimiaresort.ro\/hu\/wp-json\/wp\/v2\/pages\/539","targetHints":{"allow":["GET"]}}],"collection":[{"href":"https:\/\/www.septimiaresort.ro\/hu\/wp-json\/wp\/v2\/pages"}],"about":[{"href":"https:\/\/www.septimiaresort.ro\/hu\/wp-json\/wp\/v2\/types\/page"}],"author":[{"embeddable":true,"href":"https:\/\/www.septimiaresort.ro\/hu\/wp-json\/wp\/v2\/users\/173"}],"replies":[{"embeddable":true,"href":"https:\/\/www.septimiaresort.ro\/hu\/wp-json\/wp\/v2\/comments?post=539"}],"version-history":[{"count":0,"href":"https:\/\/www.septimiaresort.ro\/hu\/wp-json\/wp\/v2\/pages\/539\/revisions"}],"up":[{"embeddable":true,"href":"https:\/\/www.septimiaresort.ro\/hu\/wp-json\/wp\/v2\/pages\/259"}],"wp:attachment":[{"href":"https:\/\/www.septimiaresort.ro\/hu\/wp-json\/wp\/v2\/media?parent=539"}],"curies":[{"name":"wp","href":"https:\/\/api.w.org\/{rel}","templated":true}]}}