{"id":564,"date":"2021-02-20T16:20:47","date_gmt":"2021-02-20T16:20:47","guid":{"rendered":"https:\/\/www.septimiaresort.ro\/?page_id=564"},"modified":"2022-01-26T12:56:09","modified_gmt":"2022-01-26T12:56:09","slug":"felnott-bowling-edzesek","status":"publish","type":"page","link":"https:\/\/www.septimiaresort.ro\/hu\/bowling\/felnott-bowling-edzesek\/","title":{"rendered":"Feln\u0151tt bowling edz\u00e9sek"},"content":{"rendered":"<p><strong>Gur\u00edts, ak\u00e1r a profik!<\/strong><\/p>\n<p>Edz\u0151nk, Karam\u00e1n G\u00e9za <a href=\"https:\/\/www.septimiaresort.ro\/wp-content\/uploads\/sites\/169\/2021\/02\/CERTIFICATE.pdf\" target=\"_blank\" rel=\"noopener noreferrer\">profi ETBF edz\u0151<\/a>, akinek seg\u00edts\u00e9g\u00e9vel elsaj\u00e1t\u00edthatod a legnehezebb bowling gur\u00edt\u00e1si technik\u00e1kat.<\/p>\n<p>Mindig k\u00edv\u00e1ncsi volt\u00e1l, hogyan csavarodik a goly\u00f3? Az edz\u00e9sen megtanulhatod a csavaros technik\u00e1t \u00e9s megtanulhatsz profi m\u00f3don bowlingozni.<\/p>\n<p><strong>Edz\u00e9s \u00e1ra \/ \u00f3ra<\/strong>:<\/p>\n<ul>\n<li>P\u00e1lyad\u00edj\u00a0 + 30 RON \/ \u00f3ra edz\u0151i d\u00edj<\/li>\n<\/ul>\n<p>Tov\u00e1bbi r\u00e9szletek <strong>Karam\u00e1n G\u00e9za edz\u0151n\u00e9l: 0744 369 767<\/strong><\/p>\n","protected":false},"excerpt":{"rendered":"<p>Gur\u00edts, ak\u00e1r a profik! Edz\u0151nk, Karam\u00e1n G\u00e9za profi ETBF edz\u0151, akinek seg\u00edts\u00e9g\u00e9vel elsaj\u00e1t\u00edthatod a legnehezebb bowling gur\u00edt\u00e1si technik\u00e1kat. Mindig k\u00edv\u00e1ncsi volt\u00e1l, hogyan csavarodik a goly\u00f3? Az edz\u00e9sen megtanulhatod a csavaros technik\u00e1t \u00e9s megtanulhatsz profi m\u00f3don bowlingozni. Edz\u00e9s \u00e1ra \/ \u00f3ra: P\u00e1lyad\u00edj\u00a0 + 30 RON \/ \u00f3ra edz\u0151i d\u00edj Tov\u00e1bbi r\u00e9szletek Karam\u00e1n G\u00e9za edz\u0151n\u00e9l: 0744 369 [&hellip;]<\/p>\n","protected":false},"author":173,"featured_media":0,"parent":270,"menu_order":0,"comment_status":"closed","ping_status":"closed","template":"template-events.php","meta":{"footnotes":""},"class_list":["post-564","page","type-page","status-publish","hentry"],"yoast_head":"<!-- This site is optimized with the Yoast SEO plugin v26.9 - https:\/\/yoast.com\/product\/yoast-seo-wordpress\/ -->\n<title>Feln\u0151tt bowling edz\u00e9sek - Septimia Hotels &amp; SPA Resort<\/title>\n<meta name=\"description\" content=\"Feln\u0151tt bowling edz\u00e9sek: Edz\u0151nk, Karam\u00e1n G\u00e9za profi ETBF edz\u0151, akinek seg\u00edts\u00e9g\u00e9vel elsaj\u00e1t\u00edthatod a legnehezebb bowling gur\u00edt\u00e1si technik\u00e1kat.\" \/>\n<meta name=\"robots\" content=\"index, follow, max-snippet:-1, max-image-preview:large, max-video-preview:-1\" \/>\n<link rel=\"canonical\" href=\"https:\/\/www.septimiaresort.ro\/hu\/bowling\/felnott-bowling-edzesek\/\" \/>\n<meta property=\"og:locale\" content=\"hu_HU\" \/>\n<meta property=\"og:type\" content=\"article\" \/>\n<meta property=\"og:title\" content=\"Feln\u0151tt bowling edz\u00e9sek - Septimia Hotels &amp; SPA Resort\" \/>\n<meta property=\"og:description\" content=\"Feln\u0151tt bowling edz\u00e9sek: Edz\u0151nk, Karam\u00e1n G\u00e9za profi ETBF edz\u0151, akinek seg\u00edts\u00e9g\u00e9vel elsaj\u00e1t\u00edthatod a legnehezebb bowling gur\u00edt\u00e1si technik\u00e1kat.\" \/>\n<meta property=\"og:url\" content=\"https:\/\/www.septimiaresort.ro\/hu\/bowling\/felnott-bowling-edzesek\/\" \/>\n<meta property=\"og:site_name\" content=\"Septimia Hotels &amp; SPA Resort\" \/>\n<meta property=\"article:modified_time\" content=\"2022-01-26T12:56:09+00:00\" \/>\n<meta name=\"twitter:card\" content=\"summary_large_image\" \/>\n<script type=\"application\/ld+json\" class=\"yoast-schema-graph\">{\"@context\":\"https:\/\/schema.org\",\"@graph\":[{\"@type\":\"WebPage\",\"@id\":\"https:\/\/www.septimiaresort.ro\/hu\/bowling\/felnott-bowling-edzesek\/\",\"url\":\"https:\/\/www.septimiaresort.ro\/hu\/bowling\/felnott-bowling-edzesek\/\",\"name\":\"Feln\u0151tt bowling edz\u00e9sek - Septimia Hotels & SPA Resort\",\"isPartOf\":{\"@id\":\"https:\/\/www.septimiaresort.ro\/hu\/#website\"},\"datePublished\":\"2021-02-20T16:20:47+00:00\",\"dateModified\":\"2022-01-26T12:56:09+00:00\",\"description\":\"Feln\u0151tt bowling edz\u00e9sek: Edz\u0151nk, Karam\u00e1n G\u00e9za profi ETBF edz\u0151, akinek seg\u00edts\u00e9g\u00e9vel elsaj\u00e1t\u00edthatod a legnehezebb bowling gur\u00edt\u00e1si technik\u00e1kat.\",\"breadcrumb\":{\"@id\":\"https:\/\/www.septimiaresort.ro\/hu\/bowling\/felnott-bowling-edzesek\/#breadcrumb\"},\"inLanguage\":\"hu\",\"potentialAction\":[{\"@type\":\"ReadAction\",\"target\":[\"https:\/\/www.septimiaresort.ro\/hu\/bowling\/felnott-bowling-edzesek\/\"]}]},{\"@type\":\"BreadcrumbList\",\"@id\":\"https:\/\/www.septimiaresort.ro\/hu\/bowling\/felnott-bowling-edzesek\/#breadcrumb\",\"itemListElement\":[{\"@type\":\"ListItem\",\"position\":1,\"name\":\"Home\",\"item\":\"https:\/\/www.septimiaresort.ro\/hu\/\"},{\"@type\":\"ListItem\",\"position\":2,\"name\":\"Bowling\",\"item\":\"https:\/\/www.septimiaresort.ro\/hu\/bowling\/\"},{\"@type\":\"ListItem\",\"position\":3,\"name\":\"Feln\u0151tt bowling edz\u00e9sek\"}]},{\"@type\":\"WebSite\",\"@id\":\"https:\/\/www.septimiaresort.ro\/hu\/#website\",\"url\":\"https:\/\/www.septimiaresort.ro\/hu\/\",\"name\":\"Septimia Hotels & SPA Resort\",\"description\":\"Just another ms.decms.eu site\",\"potentialAction\":[{\"@type\":\"SearchAction\",\"target\":{\"@type\":\"EntryPoint\",\"urlTemplate\":\"https:\/\/www.septimiaresort.ro\/hu\/?s={search_term_string}\"},\"query-input\":{\"@type\":\"PropertyValueSpecification\",\"valueRequired\":true,\"valueName\":\"search_term_string\"}}],\"inLanguage\":\"hu\"}]}<\/script>\n<!-- \/ Yoast SEO plugin. -->","yoast_head_json":{"title":"Feln\u0151tt bowling edz\u00e9sek - Septimia Hotels & SPA Resort","description":"Feln\u0151tt bowling edz\u00e9sek: Edz\u0151nk, Karam\u00e1n G\u00e9za profi ETBF edz\u0151, akinek seg\u00edts\u00e9g\u00e9vel elsaj\u00e1t\u00edthatod a legnehezebb bowling gur\u00edt\u00e1si technik\u00e1kat.","robots":{"index":"index","follow":"follow","max-snippet":"max-snippet:-1","max-image-preview":"max-image-preview:large","max-video-preview":"max-video-preview:-1"},"canonical":"https:\/\/www.septimiaresort.ro\/hu\/bowling\/felnott-bowling-edzesek\/","og_locale":"hu_HU","og_type":"article","og_title":"Feln\u0151tt bowling edz\u00e9sek - Septimia Hotels & SPA Resort","og_description":"Feln\u0151tt bowling edz\u00e9sek: Edz\u0151nk, Karam\u00e1n G\u00e9za profi ETBF edz\u0151, akinek seg\u00edts\u00e9g\u00e9vel elsaj\u00e1t\u00edthatod a legnehezebb bowling gur\u00edt\u00e1si technik\u00e1kat.","og_url":"https:\/\/www.septimiaresort.ro\/hu\/bowling\/felnott-bowling-edzesek\/","og_site_name":"Septimia Hotels & SPA Resort","article_modified_time":"2022-01-26T12:56:09+00:00","twitter_card":"summary_large_image","schema":{"@context":"https:\/\/schema.org","@graph":[{"@type":"WebPage","@id":"https:\/\/www.septimiaresort.ro\/hu\/bowling\/felnott-bowling-edzesek\/","url":"https:\/\/www.septimiaresort.ro\/hu\/bowling\/felnott-bowling-edzesek\/","name":"Feln\u0151tt bowling edz\u00e9sek - Septimia Hotels & SPA Resort","isPartOf":{"@id":"https:\/\/www.septimiaresort.ro\/hu\/#website"},"datePublished":"2021-02-20T16:20:47+00:00","dateModified":"2022-01-26T12:56:09+00:00","description":"Feln\u0151tt bowling edz\u00e9sek: Edz\u0151nk, Karam\u00e1n G\u00e9za profi ETBF edz\u0151, akinek seg\u00edts\u00e9g\u00e9vel elsaj\u00e1t\u00edthatod a legnehezebb bowling gur\u00edt\u00e1si technik\u00e1kat.","breadcrumb":{"@id":"https:\/\/www.septimiaresort.ro\/hu\/bowling\/felnott-bowling-edzesek\/#breadcrumb"},"inLanguage":"hu","potentialAction":[{"@type":"ReadAction","target":["https:\/\/www.septimiaresort.ro\/hu\/bowling\/felnott-bowling-edzesek\/"]}]},{"@type":"BreadcrumbList","@id":"https:\/\/www.septimiaresort.ro\/hu\/bowling\/felnott-bowling-edzesek\/#breadcrumb","itemListElement":[{"@type":"ListItem","position":1,"name":"Home","item":"https:\/\/www.septimiaresort.ro\/hu\/"},{"@type":"ListItem","position":2,"name":"Bowling","item":"https:\/\/www.septimiaresort.ro\/hu\/bowling\/"},{"@type":"ListItem","position":3,"name":"Feln\u0151tt bowling edz\u00e9sek"}]},{"@type":"WebSite","@id":"https:\/\/www.septimiaresort.ro\/hu\/#website","url":"https:\/\/www.septimiaresort.ro\/hu\/","name":"Septimia Hotels & SPA Resort","description":"Just another ms.decms.eu site","potentialAction":[{"@type":"SearchAction","target":{"@type":"EntryPoint","urlTemplate":"https:\/\/www.septimiaresort.ro\/hu\/?s={search_term_string}"},"query-input":{"@type":"PropertyValueSpecification","valueRequired":true,"valueName":"search_term_string"}}],"inLanguage":"hu"}]}},"acf":[],"_links":{"self":[{"href":"https:\/\/www.septimiaresort.ro\/hu\/wp-json\/wp\/v2\/pages\/564","targetHints":{"allow":["GET"]}}],"collection":[{"href":"https:\/\/www.septimiaresort.ro\/hu\/wp-json\/wp\/v2\/pages"}],"about":[{"href":"https:\/\/www.septimiaresort.ro\/hu\/wp-json\/wp\/v2\/types\/page"}],"author":[{"embeddable":true,"href":"https:\/\/www.septimiaresort.ro\/hu\/wp-json\/wp\/v2\/users\/173"}],"replies":[{"embeddable":true,"href":"https:\/\/www.septimiaresort.ro\/hu\/wp-json\/wp\/v2\/comments?post=564"}],"version-history":[{"count":0,"href":"https:\/\/www.septimiaresort.ro\/hu\/wp-json\/wp\/v2\/pages\/564\/revisions"}],"up":[{"embeddable":true,"href":"https:\/\/www.septimiaresort.ro\/hu\/wp-json\/wp\/v2\/pages\/270"}],"wp:attachment":[{"href":"https:\/\/www.septimiaresort.ro\/hu\/wp-json\/wp\/v2\/media?parent=564"}],"curies":[{"name":"wp","href":"https:\/\/api.w.org\/{rel}","templated":true}]}}