{"id":608,"date":"2021-06-16T20:47:37","date_gmt":"2021-06-16T20:47:37","guid":{"rendered":"https:\/\/www.septimiaresort.ro\/?page_id=608"},"modified":"2024-06-21T13:11:25","modified_gmt":"2024-06-21T13:11:25","slug":"programok-es-szorakozas","status":"publish","type":"page","link":"https:\/\/www.septimiaresort.ro\/hu\/ajanlatok-promociok\/596-2\/programok-es-szorakozas\/","title":{"rendered":"Meggy-Feszt Programok"},"content":{"rendered":"<div class=\"x11i5rnm xat24cr x1mh8g0r x1vvkbs xtlvy1s\">Kult\u00fara, gasztron\u00f3mia, sz\u00f3rakoz\u00e1s? Akkor a Meggy-Feszt t\u00e9ged v\u00e1r! \u00dajdons\u00e1gokkal \u00e9s fergeteges programokkal k\u00e9sz\u00fcl\u00fcnk:<\/div>\n<div class=\"x11i5rnm xat24cr x1mh8g0r x1vvkbs xtlvy1s\"><\/div>\n<div class=\"x11i5rnm xat24cr x1mh8g0r x1vvkbs xtlvy1s\"><span class=\"html-span xexx8yu x4uap5 x18d9i69 xkhd6sd x1hl2dhg x16tdsg8 x1vvkbs x3nfvp2 x1j61x8r x1fcty0u xdj266r xat24cr xgzva0m xhhsvwb xxymvpz xlup9mm x1kky2od\"><img loading=\"lazy\" decoding=\"async\" class=\"xz74otr\" src=\"https:\/\/static.xx.fbcdn.net\/images\/emoji.php\/v9\/t9e\/1\/16\/1f3b5.png\" alt=\"\ud83c\udfb5\" width=\"16\" height=\"16\" \/><\/span>\u00a0\u00c9lvezd a 4S Street fergeteges koncertj\u00e9t\u00a0<span class=\"html-span xexx8yu x4uap5 x18d9i69 xkhd6sd x1hl2dhg x16tdsg8 x1vvkbs x3nfvp2 x1j61x8r x1fcty0u xdj266r xat24cr xgzva0m xhhsvwb xxymvpz xlup9mm x1kky2od\"><img loading=\"lazy\" decoding=\"async\" class=\"xz74otr\" src=\"https:\/\/static.xx.fbcdn.net\/images\/emoji.php\/v9\/t51\/1\/16\/1f449.png\" alt=\"\ud83d\udc49\" width=\"16\" height=\"16\" \/><\/span>\u00a0<a class=\"x1i10hfl xjbqb8w x1ejq31n xd10rxx x1sy0etr x17r0tee x972fbf xcfux6l x1qhh985 xm0m39n x9f619 x1ypdohk xt0psk2 xe8uvvx xdj266r x11i5rnm xat24cr x1mh8g0r xexx8yu x4uap5 x18d9i69 xkhd6sd x16tdsg8 x1hl2dhg xggy1nq x1a2a7pz x1sur9pj xkrqix3 x1fey0fg\" role=\"link\" href=\"https:\/\/l.facebook.com\/l.php?u=https%3A%2F%2Ffb.me%2Fe%2F1SblIDQPU&amp;h=AT1m2BEt5DAuQo0emhO4r5oIiHs3mNPAQFWR0FP83KFjD9JyjhMGh1N0oBicdH5SqFv0DdwIyhlohvAlJSt-pSXYgzTLUPUjBDbz2Ma349K8C51C8c-1TQzlljMIBhvMLg&amp;__tn__=q&amp;c[0]=AT2LD6GUKUHerIQLUotmwhwd2JEk6JM6YFIDLHx972TluH4sJW-mjGODYbRN6sFZ-eaaq8PNSukqeafBu4PK5Tujl3WSlbhEfpLBS7rbdVy8RgY6zGSRwLUYf0S7kWFFVTpCn0YS4HRabvMQwoG44J3FU7_OpuLsmCFW_Kw0jt6OgXxJBhw9\" target=\"_blank\" rel=\"nofollow noopener noreferrer\">https:\/\/fb.me\/e\/1SblIDQPU<\/a>.<\/div>\n<div class=\"x11i5rnm xat24cr x1mh8g0r x1vvkbs xtlvy1s\"><span class=\"html-span xexx8yu x4uap5 x18d9i69 xkhd6sd x1hl2dhg x16tdsg8 x1vvkbs x3nfvp2 x1j61x8r x1fcty0u xdj266r xat24cr xgzva0m xhhsvwb xxymvpz xlup9mm x1kky2od\"><img loading=\"lazy\" decoding=\"async\" class=\"xz74otr\" src=\"https:\/\/static.xx.fbcdn.net\/images\/emoji.php\/v9\/tf4\/1\/16\/2728.png\" alt=\"\u2728\" width=\"16\" height=\"16\" \/><\/span>\u00a0Mer\u00fclj el Pokorny Lia porcukor illat\u00fa estj\u00e9ben\u00a0<span class=\"html-span xexx8yu x4uap5 x18d9i69 xkhd6sd x1hl2dhg x16tdsg8 x1vvkbs x3nfvp2 x1j61x8r x1fcty0u xdj266r xat24cr xgzva0m xhhsvwb xxymvpz xlup9mm x1kky2od\"><img loading=\"lazy\" decoding=\"async\" class=\"xz74otr\" src=\"https:\/\/static.xx.fbcdn.net\/images\/emoji.php\/v9\/t51\/1\/16\/1f449.png\" alt=\"\ud83d\udc49\" width=\"16\" height=\"16\" \/><\/span>\u00a0<a class=\"x1i10hfl xjbqb8w x1ejq31n xd10rxx x1sy0etr x17r0tee x972fbf xcfux6l x1qhh985 xm0m39n x9f619 x1ypdohk xt0psk2 xe8uvvx xdj266r x11i5rnm xat24cr x1mh8g0r xexx8yu x4uap5 x18d9i69 xkhd6sd x16tdsg8 x1hl2dhg xggy1nq x1a2a7pz x1sur9pj xkrqix3 x1fey0fg\" role=\"link\" href=\"https:\/\/l.facebook.com\/l.php?u=https%3A%2F%2Ffb.me%2Fe%2F3GrxMFZKy&amp;h=AT0q8ULnxAPE5T3mkrErm477O6tsmL5lL-Zq4lr4V7P5mRPynTn23IKlrxRa92tXEwuFu3ANXQKKP9AHkS2ueOYk5DPxrhj0iKOu1OhrJtxQNg9qQp0riQazdghLuBH2jw&amp;__tn__=q&amp;c[0]=AT2LD6GUKUHerIQLUotmwhwd2JEk6JM6YFIDLHx972TluH4sJW-mjGODYbRN6sFZ-eaaq8PNSukqeafBu4PK5Tujl3WSlbhEfpLBS7rbdVy8RgY6zGSRwLUYf0S7kWFFVTpCn0YS4HRabvMQwoG44J3FU7_OpuLsmCFW_Kw0jt6OgXxJBhw9\" target=\"_blank\" rel=\"nofollow noopener noreferrer\">https:\/\/fb.me\/e\/3GrxMFZKy<\/a>.<\/div>\n<div class=\"x11i5rnm xat24cr x1mh8g0r x1vvkbs xtlvy1s\"><span class=\"html-span xexx8yu x4uap5 x18d9i69 xkhd6sd x1hl2dhg x16tdsg8 x1vvkbs x3nfvp2 x1j61x8r x1fcty0u xdj266r xat24cr xgzva0m xhhsvwb xxymvpz xlup9mm x1kky2od\"><img loading=\"lazy\" decoding=\"async\" class=\"xz74otr\" src=\"https:\/\/static.xx.fbcdn.net\/images\/emoji.php\/v9\/t68\/1\/16\/1f374.png\" alt=\"\ud83c\udf74\" width=\"16\" height=\"16\" \/><\/span>\u00a0Vegy\u00e9l r\u00e9szt izgalmas gasztro workshopokon<\/div>\n<div class=\"x11i5rnm xat24cr x1mh8g0r x1vvkbs xtlvy1s\"><span class=\"html-span xexx8yu x4uap5 x18d9i69 xkhd6sd x1hl2dhg x16tdsg8 x1vvkbs x3nfvp2 x1j61x8r x1fcty0u xdj266r xat24cr xgzva0m xhhsvwb xxymvpz xlup9mm x1kky2od\"><img loading=\"lazy\" decoding=\"async\" class=\"xz74otr\" src=\"https:\/\/static.xx.fbcdn.net\/images\/emoji.php\/v9\/t9b\/1\/16\/1f468_200d_1f469_200d_1f467_200d_1f466.png\" alt=\"\ud83d\udc68\u200d\ud83d\udc69\u200d\ud83d\udc67\u200d\ud83d\udc66\" width=\"16\" height=\"16\" \/><\/span>\u00a0Sz\u00f3rakozz csal\u00e1di programjainkon<\/div>\n<div class=\"x11i5rnm xat24cr x1mh8g0r x1vvkbs xtlvy1s\"><\/div>\n<div class=\"x11i5rnm xat24cr x1mh8g0r x1vvkbs xtlvy1s\">A Meggy-Feszt mindenki sz\u00e1m\u00e1ra tartogat valami k\u00fcl\u00f6nlegeset!<\/div>\n<div class=\"x11i5rnm xat24cr x1mh8g0r x1vvkbs xtlvy1s\"><\/div>\n<div class=\"x11i5rnm xat24cr x1mh8g0r x1vvkbs xtlvy1s\"><span class=\"html-span xexx8yu x4uap5 x18d9i69 xkhd6sd x1hl2dhg x16tdsg8 x1vvkbs x3nfvp2 x1j61x8r x1fcty0u xdj266r xat24cr xgzva0m xhhsvwb xxymvpz xlup9mm x1kky2od\"><img loading=\"lazy\" decoding=\"async\" class=\"xz74otr\" src=\"https:\/\/static.xx.fbcdn.net\/images\/emoji.php\/v9\/t50\/1\/16\/2757.png\" alt=\"\u2757\ufe0f\" width=\"16\" height=\"16\" \/><\/span>Jegyezd be a napt\u00e1radba:\u00a0<span class=\"html-span xexx8yu x4uap5 x18d9i69 xkhd6sd x1hl2dhg x16tdsg8 x1vvkbs x3nfvp2 x1j61x8r x1fcty0u xdj266r xat24cr xgzva0m xhhsvwb xxymvpz xlup9mm x1kky2od\"><img loading=\"lazy\" decoding=\"async\" class=\"xz74otr\" src=\"https:\/\/static.xx.fbcdn.net\/images\/emoji.php\/v9\/tff\/1\/16\/1f4c6.png\" alt=\"\ud83d\udcc6\" width=\"16\" height=\"16\" \/><\/span>2024. j\u00falius 5-7. k\u00f6z\u00f6tt a ny\u00e1r legizgalmasabb esem\u00e9nye v\u00e1runk!<\/div>\n<div class=\"x11i5rnm xat24cr x1mh8g0r x1vvkbs xtlvy1s\"><\/div>\n<div class=\"x11i5rnm xat24cr x1mh8g0r x1vvkbs xtlvy1s\">Ne hagyd ki a lehet\u0151s\u00e9get, hogy r\u00e9szese l\u00e9gy a Meggy-Fesztnek \u00e9s szurkolj a Septimia Kupa versenyz\u0151inek.\u00a0<span class=\"html-span xexx8yu x4uap5 x18d9i69 xkhd6sd x1hl2dhg x16tdsg8 x1vvkbs x3nfvp2 x1j61x8r x1fcty0u xdj266r xat24cr xgzva0m xhhsvwb xxymvpz xlup9mm x1kky2od\"><img loading=\"lazy\" decoding=\"async\" class=\"xz74otr\" src=\"https:\/\/static.xx.fbcdn.net\/images\/emoji.php\/v9\/tbe\/1\/16\/1f3c6.png\" alt=\"\ud83c\udfc6\" width=\"16\" height=\"16\" \/><\/span><span class=\"html-span xexx8yu x4uap5 x18d9i69 xkhd6sd x1hl2dhg x16tdsg8 x1vvkbs x3nfvp2 x1j61x8r x1fcty0u xdj266r xat24cr xgzva0m xhhsvwb xxymvpz xlup9mm x1kky2od\"><img loading=\"lazy\" decoding=\"async\" class=\"xz74otr\" src=\"https:\/\/static.xx.fbcdn.net\/images\/emoji.php\/v9\/ted\/1\/16\/1f4ab.png\" alt=\"\ud83d\udcab\" width=\"16\" height=\"16\" \/><\/span><\/div>\n<div class=\"x11i5rnm xat24cr x1mh8g0r x1vvkbs xtlvy1s\"><\/div>\n","protected":false},"excerpt":{"rendered":"<p>Kult\u00fara, gasztron\u00f3mia, sz\u00f3rakoz\u00e1s? Akkor a Meggy-Feszt t\u00e9ged v\u00e1r! \u00dajdons\u00e1gokkal \u00e9s fergeteges programokkal k\u00e9sz\u00fcl\u00fcnk: \u00a0\u00c9lvezd a 4S Street fergeteges koncertj\u00e9t\u00a0\u00a0https:\/\/fb.me\/e\/1SblIDQPU. \u00a0Mer\u00fclj el Pokorny Lia porcukor illat\u00fa estj\u00e9ben\u00a0\u00a0https:\/\/fb.me\/e\/3GrxMFZKy. \u00a0Vegy\u00e9l r\u00e9szt izgalmas gasztro workshopokon \u00a0Sz\u00f3rakozz csal\u00e1di programjainkon A Meggy-Feszt mindenki sz\u00e1m\u00e1ra tartogat valami k\u00fcl\u00f6nlegeset! Jegyezd be a napt\u00e1radba:\u00a02024. j\u00falius 5-7. k\u00f6z\u00f6tt a ny\u00e1r legizgalmasabb esem\u00e9nye v\u00e1runk! Ne hagyd [&hellip;]<\/p>\n","protected":false},"author":173,"featured_media":0,"parent":596,"menu_order":0,"comment_status":"closed","ping_status":"closed","template":"","meta":{"footnotes":""},"class_list":["post-608","page","type-page","status-publish","hentry"],"yoast_head":"<!-- This site is optimized with the Yoast SEO plugin v26.9 - https:\/\/yoast.com\/product\/yoast-seo-wordpress\/ -->\n<title>Meggy-Feszt Programok - Septimia Hotels &amp; SPA Resort<\/title>\n<meta name=\"robots\" content=\"index, follow, max-snippet:-1, max-image-preview:large, max-video-preview:-1\" \/>\n<link rel=\"canonical\" href=\"https:\/\/www.septimiaresort.ro\/hu\/ajanlatok-promociok\/596-2\/programok-es-szorakozas\/\" \/>\n<meta property=\"og:locale\" content=\"hu_HU\" \/>\n<meta property=\"og:type\" content=\"article\" \/>\n<meta property=\"og:title\" content=\"Meggy-Feszt Programok - Septimia Hotels &amp; SPA Resort\" \/>\n<meta property=\"og:description\" content=\"Kult\u00fara, gasztron\u00f3mia, sz\u00f3rakoz\u00e1s? Akkor a Meggy-Feszt t\u00e9ged v\u00e1r! \u00dajdons\u00e1gokkal \u00e9s fergeteges programokkal k\u00e9sz\u00fcl\u00fcnk: \u00a0\u00c9lvezd a 4S Street fergeteges koncertj\u00e9t\u00a0\u00a0https:\/\/fb.me\/e\/1SblIDQPU. \u00a0Mer\u00fclj el Pokorny Lia porcukor illat\u00fa estj\u00e9ben\u00a0\u00a0https:\/\/fb.me\/e\/3GrxMFZKy. \u00a0Vegy\u00e9l r\u00e9szt izgalmas gasztro workshopokon \u00a0Sz\u00f3rakozz csal\u00e1di programjainkon A Meggy-Feszt mindenki sz\u00e1m\u00e1ra tartogat valami k\u00fcl\u00f6nlegeset! Jegyezd be a napt\u00e1radba:\u00a02024. j\u00falius 5-7. k\u00f6z\u00f6tt a ny\u00e1r legizgalmasabb esem\u00e9nye v\u00e1runk! Ne hagyd [&hellip;]\" \/>\n<meta property=\"og:url\" content=\"https:\/\/www.septimiaresort.ro\/hu\/ajanlatok-promociok\/596-2\/programok-es-szorakozas\/\" \/>\n<meta property=\"og:site_name\" content=\"Septimia Hotels &amp; SPA Resort\" \/>\n<meta property=\"article:modified_time\" content=\"2024-06-21T13:11:25+00:00\" \/>\n<meta property=\"og:image\" content=\"https:\/\/static.xx.fbcdn.net\/images\/emoji.php\/v9\/t9e\/1\/16\/1f3b5.png\" \/>\n<meta name=\"twitter:card\" content=\"summary_large_image\" \/>\n<meta name=\"twitter:label1\" content=\"Becs\u00fclt olvas\u00e1si id\u0151\" \/>\n\t<meta name=\"twitter:data1\" content=\"3 perc\" \/>\n<script type=\"application\/ld+json\" class=\"yoast-schema-graph\">{\"@context\":\"https:\/\/schema.org\",\"@graph\":[{\"@type\":\"WebPage\",\"@id\":\"https:\/\/www.septimiaresort.ro\/hu\/ajanlatok-promociok\/596-2\/programok-es-szorakozas\/\",\"url\":\"https:\/\/www.septimiaresort.ro\/hu\/ajanlatok-promociok\/596-2\/programok-es-szorakozas\/\",\"name\":\"Meggy-Feszt Programok - Septimia Hotels & SPA Resort\",\"isPartOf\":{\"@id\":\"https:\/\/www.septimiaresort.ro\/hu\/#website\"},\"primaryImageOfPage\":{\"@id\":\"https:\/\/www.septimiaresort.ro\/hu\/ajanlatok-promociok\/596-2\/programok-es-szorakozas\/#primaryimage\"},\"image\":{\"@id\":\"https:\/\/www.septimiaresort.ro\/hu\/ajanlatok-promociok\/596-2\/programok-es-szorakozas\/#primaryimage\"},\"thumbnailUrl\":\"https:\/\/static.xx.fbcdn.net\/images\/emoji.php\/v9\/t9e\/1\/16\/1f3b5.png\",\"datePublished\":\"2021-06-16T20:47:37+00:00\",\"dateModified\":\"2024-06-21T13:11:25+00:00\",\"breadcrumb\":{\"@id\":\"https:\/\/www.septimiaresort.ro\/hu\/ajanlatok-promociok\/596-2\/programok-es-szorakozas\/#breadcrumb\"},\"inLanguage\":\"hu\",\"potentialAction\":[{\"@type\":\"ReadAction\",\"target\":[\"https:\/\/www.septimiaresort.ro\/hu\/ajanlatok-promociok\/596-2\/programok-es-szorakozas\/\"]}]},{\"@type\":\"ImageObject\",\"inLanguage\":\"hu\",\"@id\":\"https:\/\/www.septimiaresort.ro\/hu\/ajanlatok-promociok\/596-2\/programok-es-szorakozas\/#primaryimage\",\"url\":\"https:\/\/static.xx.fbcdn.net\/images\/emoji.php\/v9\/t9e\/1\/16\/1f3b5.png\",\"contentUrl\":\"https:\/\/static.xx.fbcdn.net\/images\/emoji.php\/v9\/t9e\/1\/16\/1f3b5.png\"},{\"@type\":\"BreadcrumbList\",\"@id\":\"https:\/\/www.septimiaresort.ro\/hu\/ajanlatok-promociok\/596-2\/programok-es-szorakozas\/#breadcrumb\",\"itemListElement\":[{\"@type\":\"ListItem\",\"position\":1,\"name\":\"Home\",\"item\":\"https:\/\/www.septimiaresort.ro\/hu\/\"},{\"@type\":\"ListItem\",\"position\":2,\"name\":\"Aj\u00e1nlatok, prom\u00f3ci\u00f3k\",\"item\":\"https:\/\/www.septimiaresort.ro\/hu\/ajanlatok-promociok\/\"},{\"@type\":\"ListItem\",\"position\":3,\"name\":\"SEPTIMIA KUPA &amp; MEGGY-FESZT &#8211; 2024. j\u00falius 5-7.\",\"item\":\"https:\/\/www.septimiaresort.ro\/hu\/?page_id=596\"},{\"@type\":\"ListItem\",\"position\":4,\"name\":\"Meggy-Feszt Programok\"}]},{\"@type\":\"WebSite\",\"@id\":\"https:\/\/www.septimiaresort.ro\/hu\/#website\",\"url\":\"https:\/\/www.septimiaresort.ro\/hu\/\",\"name\":\"Septimia Hotels & SPA Resort\",\"description\":\"Just another ms.decms.eu site\",\"potentialAction\":[{\"@type\":\"SearchAction\",\"target\":{\"@type\":\"EntryPoint\",\"urlTemplate\":\"https:\/\/www.septimiaresort.ro\/hu\/?s={search_term_string}\"},\"query-input\":{\"@type\":\"PropertyValueSpecification\",\"valueRequired\":true,\"valueName\":\"search_term_string\"}}],\"inLanguage\":\"hu\"}]}<\/script>\n<!-- \/ Yoast SEO plugin. -->","yoast_head_json":{"title":"Meggy-Feszt Programok - Septimia Hotels & SPA Resort","robots":{"index":"index","follow":"follow","max-snippet":"max-snippet:-1","max-image-preview":"max-image-preview:large","max-video-preview":"max-video-preview:-1"},"canonical":"https:\/\/www.septimiaresort.ro\/hu\/ajanlatok-promociok\/596-2\/programok-es-szorakozas\/","og_locale":"hu_HU","og_type":"article","og_title":"Meggy-Feszt Programok - Septimia Hotels & SPA Resort","og_description":"Kult\u00fara, gasztron\u00f3mia, sz\u00f3rakoz\u00e1s? Akkor a Meggy-Feszt t\u00e9ged v\u00e1r! \u00dajdons\u00e1gokkal \u00e9s fergeteges programokkal k\u00e9sz\u00fcl\u00fcnk: \u00a0\u00c9lvezd a 4S Street fergeteges koncertj\u00e9t\u00a0\u00a0https:\/\/fb.me\/e\/1SblIDQPU. \u00a0Mer\u00fclj el Pokorny Lia porcukor illat\u00fa estj\u00e9ben\u00a0\u00a0https:\/\/fb.me\/e\/3GrxMFZKy. \u00a0Vegy\u00e9l r\u00e9szt izgalmas gasztro workshopokon \u00a0Sz\u00f3rakozz csal\u00e1di programjainkon A Meggy-Feszt mindenki sz\u00e1m\u00e1ra tartogat valami k\u00fcl\u00f6nlegeset! Jegyezd be a napt\u00e1radba:\u00a02024. j\u00falius 5-7. k\u00f6z\u00f6tt a ny\u00e1r legizgalmasabb esem\u00e9nye v\u00e1runk! Ne hagyd [&hellip;]","og_url":"https:\/\/www.septimiaresort.ro\/hu\/ajanlatok-promociok\/596-2\/programok-es-szorakozas\/","og_site_name":"Septimia Hotels & SPA Resort","article_modified_time":"2024-06-21T13:11:25+00:00","og_image":[{"url":"https:\/\/static.xx.fbcdn.net\/images\/emoji.php\/v9\/t9e\/1\/16\/1f3b5.png","type":"","width":"","height":""}],"twitter_card":"summary_large_image","twitter_misc":{"Becs\u00fclt olvas\u00e1si id\u0151":"3 perc"},"schema":{"@context":"https:\/\/schema.org","@graph":[{"@type":"WebPage","@id":"https:\/\/www.septimiaresort.ro\/hu\/ajanlatok-promociok\/596-2\/programok-es-szorakozas\/","url":"https:\/\/www.septimiaresort.ro\/hu\/ajanlatok-promociok\/596-2\/programok-es-szorakozas\/","name":"Meggy-Feszt Programok - Septimia Hotels & SPA Resort","isPartOf":{"@id":"https:\/\/www.septimiaresort.ro\/hu\/#website"},"primaryImageOfPage":{"@id":"https:\/\/www.septimiaresort.ro\/hu\/ajanlatok-promociok\/596-2\/programok-es-szorakozas\/#primaryimage"},"image":{"@id":"https:\/\/www.septimiaresort.ro\/hu\/ajanlatok-promociok\/596-2\/programok-es-szorakozas\/#primaryimage"},"thumbnailUrl":"https:\/\/static.xx.fbcdn.net\/images\/emoji.php\/v9\/t9e\/1\/16\/1f3b5.png","datePublished":"2021-06-16T20:47:37+00:00","dateModified":"2024-06-21T13:11:25+00:00","breadcrumb":{"@id":"https:\/\/www.septimiaresort.ro\/hu\/ajanlatok-promociok\/596-2\/programok-es-szorakozas\/#breadcrumb"},"inLanguage":"hu","potentialAction":[{"@type":"ReadAction","target":["https:\/\/www.septimiaresort.ro\/hu\/ajanlatok-promociok\/596-2\/programok-es-szorakozas\/"]}]},{"@type":"ImageObject","inLanguage":"hu","@id":"https:\/\/www.septimiaresort.ro\/hu\/ajanlatok-promociok\/596-2\/programok-es-szorakozas\/#primaryimage","url":"https:\/\/static.xx.fbcdn.net\/images\/emoji.php\/v9\/t9e\/1\/16\/1f3b5.png","contentUrl":"https:\/\/static.xx.fbcdn.net\/images\/emoji.php\/v9\/t9e\/1\/16\/1f3b5.png"},{"@type":"BreadcrumbList","@id":"https:\/\/www.septimiaresort.ro\/hu\/ajanlatok-promociok\/596-2\/programok-es-szorakozas\/#breadcrumb","itemListElement":[{"@type":"ListItem","position":1,"name":"Home","item":"https:\/\/www.septimiaresort.ro\/hu\/"},{"@type":"ListItem","position":2,"name":"Aj\u00e1nlatok, prom\u00f3ci\u00f3k","item":"https:\/\/www.septimiaresort.ro\/hu\/ajanlatok-promociok\/"},{"@type":"ListItem","position":3,"name":"SEPTIMIA KUPA &amp; MEGGY-FESZT &#8211; 2024. j\u00falius 5-7.","item":"https:\/\/www.septimiaresort.ro\/hu\/?page_id=596"},{"@type":"ListItem","position":4,"name":"Meggy-Feszt Programok"}]},{"@type":"WebSite","@id":"https:\/\/www.septimiaresort.ro\/hu\/#website","url":"https:\/\/www.septimiaresort.ro\/hu\/","name":"Septimia Hotels & SPA Resort","description":"Just another ms.decms.eu site","potentialAction":[{"@type":"SearchAction","target":{"@type":"EntryPoint","urlTemplate":"https:\/\/www.septimiaresort.ro\/hu\/?s={search_term_string}"},"query-input":{"@type":"PropertyValueSpecification","valueRequired":true,"valueName":"search_term_string"}}],"inLanguage":"hu"}]}},"acf":[],"_links":{"self":[{"href":"https:\/\/www.septimiaresort.ro\/hu\/wp-json\/wp\/v2\/pages\/608","targetHints":{"allow":["GET"]}}],"collection":[{"href":"https:\/\/www.septimiaresort.ro\/hu\/wp-json\/wp\/v2\/pages"}],"about":[{"href":"https:\/\/www.septimiaresort.ro\/hu\/wp-json\/wp\/v2\/types\/page"}],"author":[{"embeddable":true,"href":"https:\/\/www.septimiaresort.ro\/hu\/wp-json\/wp\/v2\/users\/173"}],"replies":[{"embeddable":true,"href":"https:\/\/www.septimiaresort.ro\/hu\/wp-json\/wp\/v2\/comments?post=608"}],"version-history":[{"count":0,"href":"https:\/\/www.septimiaresort.ro\/hu\/wp-json\/wp\/v2\/pages\/608\/revisions"}],"up":[{"embeddable":true,"href":"https:\/\/www.septimiaresort.ro\/hu\/wp-json\/wp\/v2\/pages\/596"}],"wp:attachment":[{"href":"https:\/\/www.septimiaresort.ro\/hu\/wp-json\/wp\/v2\/media?parent=608"}],"curies":[{"name":"wp","href":"https:\/\/api.w.org\/{rel}","templated":true}]}}