{"id":669,"date":"2021-10-14T09:04:04","date_gmt":"2021-10-14T09:04:04","guid":{"rendered":"https:\/\/www.septimiaresort.ro\/?page_id=669"},"modified":"2021-12-13T08:05:40","modified_gmt":"2021-12-13T08:05:40","slug":"covid-19-szabalyzat","status":"publish","type":"page","link":"https:\/\/www.septimiaresort.ro\/hu\/covid-19-szabalyzat\/","title":{"rendered":"COVID-19 szab\u00e1lyzat"},"content":{"rendered":"<p><strong>Sz\u00e1munkra a vend\u00e9geink biztons\u00e1ga \u00e9s pihen\u00e9se a legfontosabb,<\/strong> a Septimia munkak\u00f6z\u00f6ss\u00e9ge k\u00f6zel 100%-an v\u00e9dett \u00e9s tov\u00e1bbra is megtesz\u00fcnk minden higi\u00e9niai int\u00e9zked\u00e9st a maxim\u00e1lis biztons\u00e1g \u00e9rdek\u00e9ben.<\/p>\n<p>Mivel v\u00e1rosunk s\u00f6t\u00e9tv\u00f6r\u00f6s j\u00e1rv\u00e1ny\u00fcgyi besorol\u00e1st kapott, ez\u00e9rt a t\u00f6rv\u00e9ny \u00e9rtelm\u00e9ben k\u00e9rj\u00fck vend\u00e9geinket vegy\u00e9k figyelembe, hogy szolg\u00e1ltat\u00e1sainkat csakis a k\u00f6vetkez\u0151 bizony\u00edtv\u00e1nyokkal vehetik ig\u00e9nybe:<br \/>\n&#8211; Covid-igazolv\u00e1nnyal: https:\/\/fb.watch\/8CbDsNXAtv\/<br \/>\n&#8211; 72 \u00f3r\u00e1n\u00e1l nem r\u00e9gebbi, negat\u00edv RT-PCR-teszt eset\u00e9n,<br \/>\n&#8211; 48 \u00f3r\u00e1n\u00e1l nem r\u00e9gebbi, hivatalos negat\u00edv antig\u00e9n teszt eset\u00e9n,<br \/>\n&#8211; igazoltan \u00e1testek a betegs\u00e9gen legal\u00e1bb 15, legt\u00f6bb 180 napja.<\/p>\n<p>K\u00e9rj\u00fck vend\u00e9geinket, hogy tarts\u00e1k be a helysz\u00ednen kihelyezett t\u00e1j\u00e9koztat\u00f3 t\u00e1bl\u00e1k szerinti utas\u00edt\u00e1sokat \u00e9s a t\u00e1vols\u00e1gtart\u00e1sra vonatkoz\u00f3 kit\u00e9teket.<\/p>\n<p>A maszk haszn\u00e1lata k\u00f6telez\u0151 a belt\u00e9ri k\u00f6ztereken.<\/p>\n<p>K\u00f6telez\u0151 a h\u0151m\u00e9rs\u00e9klet m\u00e9r\u00e9s \u00e9s k\u00e9zfert\u0151tlen\u00edt\u00e9s az egys\u00e9ginkben kihelyezett eszk\u00f6z\u00f6kn\u00e9l!<\/p>\n","protected":false},"excerpt":{"rendered":"<p>Sz\u00e1munkra a vend\u00e9geink biztons\u00e1ga \u00e9s pihen\u00e9se a legfontosabb, a Septimia munkak\u00f6z\u00f6ss\u00e9ge k\u00f6zel 100%-an v\u00e9dett \u00e9s tov\u00e1bbra is megtesz\u00fcnk minden higi\u00e9niai int\u00e9zked\u00e9st a maxim\u00e1lis biztons\u00e1g \u00e9rdek\u00e9ben. Mivel v\u00e1rosunk s\u00f6t\u00e9tv\u00f6r\u00f6s j\u00e1rv\u00e1ny\u00fcgyi besorol\u00e1st kapott, ez\u00e9rt a t\u00f6rv\u00e9ny \u00e9rtelm\u00e9ben k\u00e9rj\u00fck vend\u00e9geinket vegy\u00e9k figyelembe, hogy szolg\u00e1ltat\u00e1sainkat csakis a k\u00f6vetkez\u0151 bizony\u00edtv\u00e1nyokkal vehetik ig\u00e9nybe: &#8211; Covid-igazolv\u00e1nnyal: https:\/\/fb.watch\/8CbDsNXAtv\/ &#8211; 72 \u00f3r\u00e1n\u00e1l nem r\u00e9gebbi, [&hellip;]<\/p>\n","protected":false},"author":173,"featured_media":0,"parent":0,"menu_order":0,"comment_status":"closed","ping_status":"closed","template":"","meta":{"footnotes":""},"class_list":["post-669","page","type-page","status-publish","hentry"],"yoast_head":"<!-- This site is optimized with the Yoast SEO plugin v26.9 - https:\/\/yoast.com\/product\/yoast-seo-wordpress\/ -->\n<title>COVID-19 szab\u00e1lyzat - Septimia Hotels &amp; SPA Resort<\/title>\n<meta name=\"robots\" content=\"index, follow, max-snippet:-1, max-image-preview:large, max-video-preview:-1\" \/>\n<link rel=\"canonical\" href=\"https:\/\/www.septimiaresort.ro\/hu\/covid-19-szabalyzat\/\" \/>\n<meta property=\"og:locale\" content=\"hu_HU\" \/>\n<meta property=\"og:type\" content=\"article\" \/>\n<meta property=\"og:title\" content=\"COVID-19 szab\u00e1lyzat - Septimia Hotels &amp; SPA Resort\" \/>\n<meta property=\"og:description\" content=\"Sz\u00e1munkra a vend\u00e9geink biztons\u00e1ga \u00e9s pihen\u00e9se a legfontosabb, a Septimia munkak\u00f6z\u00f6ss\u00e9ge k\u00f6zel 100%-an v\u00e9dett \u00e9s tov\u00e1bbra is megtesz\u00fcnk minden higi\u00e9niai int\u00e9zked\u00e9st a maxim\u00e1lis biztons\u00e1g \u00e9rdek\u00e9ben. Mivel v\u00e1rosunk s\u00f6t\u00e9tv\u00f6r\u00f6s j\u00e1rv\u00e1ny\u00fcgyi besorol\u00e1st kapott, ez\u00e9rt a t\u00f6rv\u00e9ny \u00e9rtelm\u00e9ben k\u00e9rj\u00fck vend\u00e9geinket vegy\u00e9k figyelembe, hogy szolg\u00e1ltat\u00e1sainkat csakis a k\u00f6vetkez\u0151 bizony\u00edtv\u00e1nyokkal vehetik ig\u00e9nybe: &#8211; Covid-igazolv\u00e1nnyal: https:\/\/fb.watch\/8CbDsNXAtv\/ &#8211; 72 \u00f3r\u00e1n\u00e1l nem r\u00e9gebbi, [&hellip;]\" \/>\n<meta property=\"og:url\" content=\"https:\/\/www.septimiaresort.ro\/hu\/covid-19-szabalyzat\/\" \/>\n<meta property=\"og:site_name\" content=\"Septimia Hotels &amp; SPA Resort\" \/>\n<meta property=\"article:modified_time\" content=\"2021-12-13T08:05:40+00:00\" \/>\n<meta name=\"twitter:card\" content=\"summary_large_image\" \/>\n<meta name=\"twitter:label1\" content=\"Becs\u00fclt olvas\u00e1si id\u0151\" \/>\n\t<meta name=\"twitter:data1\" content=\"1 perc\" \/>\n<script type=\"application\/ld+json\" class=\"yoast-schema-graph\">{\"@context\":\"https:\/\/schema.org\",\"@graph\":[{\"@type\":\"WebPage\",\"@id\":\"https:\/\/www.septimiaresort.ro\/hu\/covid-19-szabalyzat\/\",\"url\":\"https:\/\/www.septimiaresort.ro\/hu\/covid-19-szabalyzat\/\",\"name\":\"COVID-19 szab\u00e1lyzat - Septimia Hotels & SPA Resort\",\"isPartOf\":{\"@id\":\"https:\/\/www.septimiaresort.ro\/hu\/#website\"},\"datePublished\":\"2021-10-14T09:04:04+00:00\",\"dateModified\":\"2021-12-13T08:05:40+00:00\",\"breadcrumb\":{\"@id\":\"https:\/\/www.septimiaresort.ro\/hu\/covid-19-szabalyzat\/#breadcrumb\"},\"inLanguage\":\"hu\",\"potentialAction\":[{\"@type\":\"ReadAction\",\"target\":[\"https:\/\/www.septimiaresort.ro\/hu\/covid-19-szabalyzat\/\"]}]},{\"@type\":\"BreadcrumbList\",\"@id\":\"https:\/\/www.septimiaresort.ro\/hu\/covid-19-szabalyzat\/#breadcrumb\",\"itemListElement\":[{\"@type\":\"ListItem\",\"position\":1,\"name\":\"Home\",\"item\":\"https:\/\/www.septimiaresort.ro\/hu\/\"},{\"@type\":\"ListItem\",\"position\":2,\"name\":\"COVID-19 szab\u00e1lyzat\"}]},{\"@type\":\"WebSite\",\"@id\":\"https:\/\/www.septimiaresort.ro\/hu\/#website\",\"url\":\"https:\/\/www.septimiaresort.ro\/hu\/\",\"name\":\"Septimia Hotels & SPA Resort\",\"description\":\"Just another ms.decms.eu site\",\"potentialAction\":[{\"@type\":\"SearchAction\",\"target\":{\"@type\":\"EntryPoint\",\"urlTemplate\":\"https:\/\/www.septimiaresort.ro\/hu\/?s={search_term_string}\"},\"query-input\":{\"@type\":\"PropertyValueSpecification\",\"valueRequired\":true,\"valueName\":\"search_term_string\"}}],\"inLanguage\":\"hu\"}]}<\/script>\n<!-- \/ Yoast SEO plugin. -->","yoast_head_json":{"title":"COVID-19 szab\u00e1lyzat - Septimia Hotels & SPA Resort","robots":{"index":"index","follow":"follow","max-snippet":"max-snippet:-1","max-image-preview":"max-image-preview:large","max-video-preview":"max-video-preview:-1"},"canonical":"https:\/\/www.septimiaresort.ro\/hu\/covid-19-szabalyzat\/","og_locale":"hu_HU","og_type":"article","og_title":"COVID-19 szab\u00e1lyzat - Septimia Hotels & SPA Resort","og_description":"Sz\u00e1munkra a vend\u00e9geink biztons\u00e1ga \u00e9s pihen\u00e9se a legfontosabb, a Septimia munkak\u00f6z\u00f6ss\u00e9ge k\u00f6zel 100%-an v\u00e9dett \u00e9s tov\u00e1bbra is megtesz\u00fcnk minden higi\u00e9niai int\u00e9zked\u00e9st a maxim\u00e1lis biztons\u00e1g \u00e9rdek\u00e9ben. Mivel v\u00e1rosunk s\u00f6t\u00e9tv\u00f6r\u00f6s j\u00e1rv\u00e1ny\u00fcgyi besorol\u00e1st kapott, ez\u00e9rt a t\u00f6rv\u00e9ny \u00e9rtelm\u00e9ben k\u00e9rj\u00fck vend\u00e9geinket vegy\u00e9k figyelembe, hogy szolg\u00e1ltat\u00e1sainkat csakis a k\u00f6vetkez\u0151 bizony\u00edtv\u00e1nyokkal vehetik ig\u00e9nybe: &#8211; Covid-igazolv\u00e1nnyal: https:\/\/fb.watch\/8CbDsNXAtv\/ &#8211; 72 \u00f3r\u00e1n\u00e1l nem r\u00e9gebbi, [&hellip;]","og_url":"https:\/\/www.septimiaresort.ro\/hu\/covid-19-szabalyzat\/","og_site_name":"Septimia Hotels & SPA Resort","article_modified_time":"2021-12-13T08:05:40+00:00","twitter_card":"summary_large_image","twitter_misc":{"Becs\u00fclt olvas\u00e1si id\u0151":"1 perc"},"schema":{"@context":"https:\/\/schema.org","@graph":[{"@type":"WebPage","@id":"https:\/\/www.septimiaresort.ro\/hu\/covid-19-szabalyzat\/","url":"https:\/\/www.septimiaresort.ro\/hu\/covid-19-szabalyzat\/","name":"COVID-19 szab\u00e1lyzat - Septimia Hotels & SPA Resort","isPartOf":{"@id":"https:\/\/www.septimiaresort.ro\/hu\/#website"},"datePublished":"2021-10-14T09:04:04+00:00","dateModified":"2021-12-13T08:05:40+00:00","breadcrumb":{"@id":"https:\/\/www.septimiaresort.ro\/hu\/covid-19-szabalyzat\/#breadcrumb"},"inLanguage":"hu","potentialAction":[{"@type":"ReadAction","target":["https:\/\/www.septimiaresort.ro\/hu\/covid-19-szabalyzat\/"]}]},{"@type":"BreadcrumbList","@id":"https:\/\/www.septimiaresort.ro\/hu\/covid-19-szabalyzat\/#breadcrumb","itemListElement":[{"@type":"ListItem","position":1,"name":"Home","item":"https:\/\/www.septimiaresort.ro\/hu\/"},{"@type":"ListItem","position":2,"name":"COVID-19 szab\u00e1lyzat"}]},{"@type":"WebSite","@id":"https:\/\/www.septimiaresort.ro\/hu\/#website","url":"https:\/\/www.septimiaresort.ro\/hu\/","name":"Septimia Hotels & SPA Resort","description":"Just another ms.decms.eu site","potentialAction":[{"@type":"SearchAction","target":{"@type":"EntryPoint","urlTemplate":"https:\/\/www.septimiaresort.ro\/hu\/?s={search_term_string}"},"query-input":{"@type":"PropertyValueSpecification","valueRequired":true,"valueName":"search_term_string"}}],"inLanguage":"hu"}]}},"acf":[],"_links":{"self":[{"href":"https:\/\/www.septimiaresort.ro\/hu\/wp-json\/wp\/v2\/pages\/669","targetHints":{"allow":["GET"]}}],"collection":[{"href":"https:\/\/www.septimiaresort.ro\/hu\/wp-json\/wp\/v2\/pages"}],"about":[{"href":"https:\/\/www.septimiaresort.ro\/hu\/wp-json\/wp\/v2\/types\/page"}],"author":[{"embeddable":true,"href":"https:\/\/www.septimiaresort.ro\/hu\/wp-json\/wp\/v2\/users\/173"}],"replies":[{"embeddable":true,"href":"https:\/\/www.septimiaresort.ro\/hu\/wp-json\/wp\/v2\/comments?post=669"}],"version-history":[{"count":0,"href":"https:\/\/www.septimiaresort.ro\/hu\/wp-json\/wp\/v2\/pages\/669\/revisions"}],"wp:attachment":[{"href":"https:\/\/www.septimiaresort.ro\/hu\/wp-json\/wp\/v2\/media?parent=669"}],"curies":[{"name":"wp","href":"https:\/\/api.w.org\/{rel}","templated":true}]}}