{"id":691,"date":"2021-11-19T12:13:01","date_gmt":"2021-11-19T12:13:01","guid":{"rendered":"https:\/\/www.septimiaresort.ro\/?page_id=691"},"modified":"2022-09-15T12:31:59","modified_gmt":"2022-09-15T12:31:59","slug":"amor-nyila-kenyezteto-csomag","status":"publish","type":"page","link":"https:\/\/www.septimiaresort.ro\/hu\/ajanlatok-promociok\/amor-nyila-kenyezteto-csomag\/","title":{"rendered":"&#8222;\u00c1mor nyila&#8221; k\u00e9nyeztet\u0151 csomag"},"content":{"rendered":"<p><strong>K\u00e9nyeztet\u0151 pillanatok \u00e9des kettesben!<\/strong><br \/>\nAmit m\u00e1r nem tudsz szavakban megfogalmazni, fejezd ki egy csod\u00e1s \u00e9lm\u00e9nnyel!<\/p>\n<p><strong>A csomag tartalma:<\/strong><\/p>\n<ul>\n<li><strong>30 perces relax\u00e1ci\u00f3s massz\u00e1zs:\u00a0<\/strong>romantikus laz\u00edt\u00e1s, melyet a p\u00e1roddal k\u00f6z\u00f6sen \u00e9lvezhettek.<\/li>\n<li><strong>Gyertyaf\u00e9nyes vacsora<\/strong> a Station Pub &amp; Bowling-ban &#8211; a la carte fogyaszt\u00e1ssal 150 lej \u00e9rt\u00e9kben<\/li>\n<li><strong>Relax\u00e1l\u00e1s a wellnessben:<\/strong> 3 \u00f3r\u00e1s wellness bel\u00e9p\u0151vel &#8211; f\u0171t\u00f6tt \u00fasz\u00f3medence, pezsg\u0151f\u00fcrd\u0151k, s\u00f3s vizes mer\u00fcl\u0151k, finn- \u00e9s infra szauna, g\u0151zkabin, s\u00f3szoba.<br \/>\nF\u00fcrd\u0151k\u00f6peny \u00e9s t\u00f6r\u00f6lk\u00f6z\u0151 haszn\u00e1lat.<\/li>\n<\/ul>\n<p>Csomag\u00e1r: 450 RON \/ 2 f\u0151<\/p>\n<p>A csomag el\u0151zetesen megv\u00e1s\u00e1rolhat\u00f3 utalv\u00e1ny form\u00e1j\u00e1ban is a Septimia Hotel recepci\u00f3n\u00e1l.<\/p>\n<p>B\u0151vebb inform\u00e1ci\u00f3: Tel.: 0742 049 160<\/p>\n","protected":false},"excerpt":{"rendered":"<p>K\u00e9nyeztet\u0151 pillanatok \u00e9des kettesben! Amit m\u00e1r nem tudsz szavakban megfogalmazni, fejezd ki egy csod\u00e1s \u00e9lm\u00e9nnyel! A csomag tartalma: 30 perces relax\u00e1ci\u00f3s massz\u00e1zs:\u00a0romantikus laz\u00edt\u00e1s, melyet a p\u00e1roddal k\u00f6z\u00f6sen \u00e9lvezhettek. Gyertyaf\u00e9nyes vacsora a Station Pub &amp; Bowling-ban &#8211; a la carte fogyaszt\u00e1ssal 150 lej \u00e9rt\u00e9kben Relax\u00e1l\u00e1s a wellnessben: 3 \u00f3r\u00e1s wellness bel\u00e9p\u0151vel &#8211; f\u0171t\u00f6tt \u00fasz\u00f3medence, pezsg\u0151f\u00fcrd\u0151k, s\u00f3s [&hellip;]<\/p>\n","protected":false},"author":173,"featured_media":0,"parent":476,"menu_order":4,"comment_status":"closed","ping_status":"closed","template":"","meta":{"footnotes":""},"class_list":["post-691","page","type-page","status-publish","hentry"],"yoast_head":"<!-- This site is optimized with the Yoast SEO plugin v26.9 - https:\/\/yoast.com\/product\/yoast-seo-wordpress\/ -->\n<title>&quot;\u00c1mor nyila&quot; k\u00e9nyeztet\u0151 csomag - Septimia Hotels &amp; SPA Resort<\/title>\n<meta name=\"description\" content=\"&quot;\u00c1mor nyila&quot; k\u00e9nyeztet\u0151 csomag - Sz\u00e9kelyudvarhely. Amit m\u00e1r nem tudsz szavakban megfogalmazni, fejezd ki egy csod\u00e1s \u00e9lm\u00e9nnyel!\" \/>\n<meta name=\"robots\" content=\"index, follow, max-snippet:-1, max-image-preview:large, max-video-preview:-1\" \/>\n<link rel=\"canonical\" href=\"https:\/\/www.septimiaresort.ro\/hu\/ajanlatok-promociok\/amor-nyila-kenyezteto-csomag\/\" \/>\n<meta property=\"og:locale\" content=\"hu_HU\" \/>\n<meta property=\"og:type\" content=\"article\" \/>\n<meta property=\"og:title\" content=\"&quot;\u00c1mor nyila&quot; k\u00e9nyeztet\u0151 csomag - Septimia Hotels &amp; SPA Resort\" \/>\n<meta property=\"og:description\" content=\"&quot;\u00c1mor nyila&quot; k\u00e9nyeztet\u0151 csomag - Sz\u00e9kelyudvarhely. Amit m\u00e1r nem tudsz szavakban megfogalmazni, fejezd ki egy csod\u00e1s \u00e9lm\u00e9nnyel!\" \/>\n<meta property=\"og:url\" content=\"https:\/\/www.septimiaresort.ro\/hu\/ajanlatok-promociok\/amor-nyila-kenyezteto-csomag\/\" \/>\n<meta property=\"og:site_name\" content=\"Septimia Hotels &amp; SPA Resort\" \/>\n<meta property=\"article:modified_time\" content=\"2022-09-15T12:31:59+00:00\" \/>\n<meta name=\"twitter:card\" content=\"summary_large_image\" \/>\n<meta name=\"twitter:label1\" content=\"Becs\u00fclt olvas\u00e1si id\u0151\" \/>\n\t<meta name=\"twitter:data1\" content=\"1 perc\" \/>\n<script type=\"application\/ld+json\" class=\"yoast-schema-graph\">{\"@context\":\"https:\/\/schema.org\",\"@graph\":[{\"@type\":\"WebPage\",\"@id\":\"https:\/\/www.septimiaresort.ro\/hu\/ajanlatok-promociok\/amor-nyila-kenyezteto-csomag\/\",\"url\":\"https:\/\/www.septimiaresort.ro\/hu\/ajanlatok-promociok\/amor-nyila-kenyezteto-csomag\/\",\"name\":\"\\\"\u00c1mor nyila\\\" k\u00e9nyeztet\u0151 csomag - Septimia Hotels & SPA Resort\",\"isPartOf\":{\"@id\":\"https:\/\/www.septimiaresort.ro\/hu\/#website\"},\"datePublished\":\"2021-11-19T12:13:01+00:00\",\"dateModified\":\"2022-09-15T12:31:59+00:00\",\"description\":\"\\\"\u00c1mor nyila\\\" k\u00e9nyeztet\u0151 csomag - Sz\u00e9kelyudvarhely. Amit m\u00e1r nem tudsz szavakban megfogalmazni, fejezd ki egy csod\u00e1s \u00e9lm\u00e9nnyel!\",\"breadcrumb\":{\"@id\":\"https:\/\/www.septimiaresort.ro\/hu\/ajanlatok-promociok\/amor-nyila-kenyezteto-csomag\/#breadcrumb\"},\"inLanguage\":\"hu\",\"potentialAction\":[{\"@type\":\"ReadAction\",\"target\":[\"https:\/\/www.septimiaresort.ro\/hu\/ajanlatok-promociok\/amor-nyila-kenyezteto-csomag\/\"]}]},{\"@type\":\"BreadcrumbList\",\"@id\":\"https:\/\/www.septimiaresort.ro\/hu\/ajanlatok-promociok\/amor-nyila-kenyezteto-csomag\/#breadcrumb\",\"itemListElement\":[{\"@type\":\"ListItem\",\"position\":1,\"name\":\"Home\",\"item\":\"https:\/\/www.septimiaresort.ro\/hu\/\"},{\"@type\":\"ListItem\",\"position\":2,\"name\":\"Aj\u00e1nlatok, prom\u00f3ci\u00f3k\",\"item\":\"https:\/\/www.septimiaresort.ro\/hu\/ajanlatok-promociok\/\"},{\"@type\":\"ListItem\",\"position\":3,\"name\":\"&#8220;\u00c1mor nyila&#8221; k\u00e9nyeztet\u0151 csomag\"}]},{\"@type\":\"WebSite\",\"@id\":\"https:\/\/www.septimiaresort.ro\/hu\/#website\",\"url\":\"https:\/\/www.septimiaresort.ro\/hu\/\",\"name\":\"Septimia Hotels & SPA Resort\",\"description\":\"Just another ms.decms.eu site\",\"potentialAction\":[{\"@type\":\"SearchAction\",\"target\":{\"@type\":\"EntryPoint\",\"urlTemplate\":\"https:\/\/www.septimiaresort.ro\/hu\/?s={search_term_string}\"},\"query-input\":{\"@type\":\"PropertyValueSpecification\",\"valueRequired\":true,\"valueName\":\"search_term_string\"}}],\"inLanguage\":\"hu\"}]}<\/script>\n<!-- \/ Yoast SEO plugin. -->","yoast_head_json":{"title":"\"\u00c1mor nyila\" k\u00e9nyeztet\u0151 csomag - Septimia Hotels & SPA Resort","description":"\"\u00c1mor nyila\" k\u00e9nyeztet\u0151 csomag - Sz\u00e9kelyudvarhely. Amit m\u00e1r nem tudsz szavakban megfogalmazni, fejezd ki egy csod\u00e1s \u00e9lm\u00e9nnyel!","robots":{"index":"index","follow":"follow","max-snippet":"max-snippet:-1","max-image-preview":"max-image-preview:large","max-video-preview":"max-video-preview:-1"},"canonical":"https:\/\/www.septimiaresort.ro\/hu\/ajanlatok-promociok\/amor-nyila-kenyezteto-csomag\/","og_locale":"hu_HU","og_type":"article","og_title":"\"\u00c1mor nyila\" k\u00e9nyeztet\u0151 csomag - Septimia Hotels & SPA Resort","og_description":"\"\u00c1mor nyila\" k\u00e9nyeztet\u0151 csomag - Sz\u00e9kelyudvarhely. Amit m\u00e1r nem tudsz szavakban megfogalmazni, fejezd ki egy csod\u00e1s \u00e9lm\u00e9nnyel!","og_url":"https:\/\/www.septimiaresort.ro\/hu\/ajanlatok-promociok\/amor-nyila-kenyezteto-csomag\/","og_site_name":"Septimia Hotels & SPA Resort","article_modified_time":"2022-09-15T12:31:59+00:00","twitter_card":"summary_large_image","twitter_misc":{"Becs\u00fclt olvas\u00e1si id\u0151":"1 perc"},"schema":{"@context":"https:\/\/schema.org","@graph":[{"@type":"WebPage","@id":"https:\/\/www.septimiaresort.ro\/hu\/ajanlatok-promociok\/amor-nyila-kenyezteto-csomag\/","url":"https:\/\/www.septimiaresort.ro\/hu\/ajanlatok-promociok\/amor-nyila-kenyezteto-csomag\/","name":"\"\u00c1mor nyila\" k\u00e9nyeztet\u0151 csomag - Septimia Hotels & SPA Resort","isPartOf":{"@id":"https:\/\/www.septimiaresort.ro\/hu\/#website"},"datePublished":"2021-11-19T12:13:01+00:00","dateModified":"2022-09-15T12:31:59+00:00","description":"\"\u00c1mor nyila\" k\u00e9nyeztet\u0151 csomag - Sz\u00e9kelyudvarhely. Amit m\u00e1r nem tudsz szavakban megfogalmazni, fejezd ki egy csod\u00e1s \u00e9lm\u00e9nnyel!","breadcrumb":{"@id":"https:\/\/www.septimiaresort.ro\/hu\/ajanlatok-promociok\/amor-nyila-kenyezteto-csomag\/#breadcrumb"},"inLanguage":"hu","potentialAction":[{"@type":"ReadAction","target":["https:\/\/www.septimiaresort.ro\/hu\/ajanlatok-promociok\/amor-nyila-kenyezteto-csomag\/"]}]},{"@type":"BreadcrumbList","@id":"https:\/\/www.septimiaresort.ro\/hu\/ajanlatok-promociok\/amor-nyila-kenyezteto-csomag\/#breadcrumb","itemListElement":[{"@type":"ListItem","position":1,"name":"Home","item":"https:\/\/www.septimiaresort.ro\/hu\/"},{"@type":"ListItem","position":2,"name":"Aj\u00e1nlatok, prom\u00f3ci\u00f3k","item":"https:\/\/www.septimiaresort.ro\/hu\/ajanlatok-promociok\/"},{"@type":"ListItem","position":3,"name":"&#8220;\u00c1mor nyila&#8221; k\u00e9nyeztet\u0151 csomag"}]},{"@type":"WebSite","@id":"https:\/\/www.septimiaresort.ro\/hu\/#website","url":"https:\/\/www.septimiaresort.ro\/hu\/","name":"Septimia Hotels & SPA Resort","description":"Just another ms.decms.eu site","potentialAction":[{"@type":"SearchAction","target":{"@type":"EntryPoint","urlTemplate":"https:\/\/www.septimiaresort.ro\/hu\/?s={search_term_string}"},"query-input":{"@type":"PropertyValueSpecification","valueRequired":true,"valueName":"search_term_string"}}],"inLanguage":"hu"}]}},"acf":[],"_links":{"self":[{"href":"https:\/\/www.septimiaresort.ro\/hu\/wp-json\/wp\/v2\/pages\/691","targetHints":{"allow":["GET"]}}],"collection":[{"href":"https:\/\/www.septimiaresort.ro\/hu\/wp-json\/wp\/v2\/pages"}],"about":[{"href":"https:\/\/www.septimiaresort.ro\/hu\/wp-json\/wp\/v2\/types\/page"}],"author":[{"embeddable":true,"href":"https:\/\/www.septimiaresort.ro\/hu\/wp-json\/wp\/v2\/users\/173"}],"replies":[{"embeddable":true,"href":"https:\/\/www.septimiaresort.ro\/hu\/wp-json\/wp\/v2\/comments?post=691"}],"version-history":[{"count":0,"href":"https:\/\/www.septimiaresort.ro\/hu\/wp-json\/wp\/v2\/pages\/691\/revisions"}],"up":[{"embeddable":true,"href":"https:\/\/www.septimiaresort.ro\/hu\/wp-json\/wp\/v2\/pages\/476"}],"wp:attachment":[{"href":"https:\/\/www.septimiaresort.ro\/hu\/wp-json\/wp\/v2\/media?parent=691"}],"curies":[{"name":"wp","href":"https:\/\/api.w.org\/{rel}","templated":true}]}}