{"id":916,"date":"2022-08-10T13:17:43","date_gmt":"2022-08-10T13:17:43","guid":{"rendered":"https:\/\/www.septimiaresort.ro\/?page_id=916"},"modified":"2023-12-13T07:27:03","modified_gmt":"2023-12-13T07:27:03","slug":"edzotaborok-szervezese","status":"publish","type":"page","link":"https:\/\/www.septimiaresort.ro\/hu\/ajanlatok-promociok\/edzotaborok-szervezese\/","title":{"rendered":"Edz\u0151t\u00e1borok szervez\u00e9se"},"content":{"rendered":"<p><strong>A csapat er\u0151nl\u00e9ti felk\u00e9sz\u00edt\u00e9se elengedhetetlen egy hat\u00e9kony id\u00e9ny kezd\u00e9s\u00e9hez!<\/strong><\/p>\n<p>A Septimia Resortban minden szolg\u00e1ltat\u00e1st megtal\u00e1l egy profi edz\u0151t\u00e1bor szervez\u00e9s\u00e9hez!<\/p>\n<p><iframe loading=\"lazy\" title=\"Training Camp at Septimia Hotels &amp; Spa Resort\" width=\"500\" height=\"281\" src=\"https:\/\/www.youtube.com\/embed\/ZE42DhAQRsQ?feature=oembed\" frameborder=\"0\" allow=\"accelerometer; autoplay; clipboard-write; encrypted-media; gyroscope; picture-in-picture; web-share\" referrerpolicy=\"strict-origin-when-cross-origin\" allowfullscreen><\/iframe><\/p>\n<p><strong>Sz\u00e1ll\u00e1s<\/strong>:<\/p>\n<ul>\n<li>3 \u00e9s 4 csillagos sz\u00e1llod\u00e1ban<\/li>\n<li>Hostel-ben<\/li>\n<\/ul>\n<p><strong>Sportp\u00e1ly\u00e1k:\u00a0<\/strong><\/p>\n<ul>\n<li>szabadt\u00e9ri sportp\u00e1lya: er\u0151nl\u00e9ti edz\u00e9sekhez, labdaj\u00e1t\u00e9kokhoz<\/li>\n<li>fedett sportp\u00e1lya<\/li>\n<li>Fit-Room: Spinning biciklik, fut\u00f3pad, Kettlebel, ugr\u00f3k\u00f6t\u00e9l<\/li>\n<li>Fallabda, asztalitenisz<\/li>\n<\/ul>\n<p><strong>Centru de SPA:<\/strong><\/p>\n<ul>\n<li>f\u0171t\u00f6tt, \u00e9desviz\u0171 \u00fasz\u00f3medence (9\u00d725 m),\u00a0infra- \u00e9s finn szauna, szauna sze\u00e1nszok \u2013 k\u00e9r\u00e9sre, \u00e9desviz\u0171 pezsg\u0151f\u00fcrd\u0151k, s\u00f3d\u00e9zs\u00e1k, g\u0151zkabin, s\u00f3szoba, massz\u00e1zsok, gy\u00f3gy\u00e1szati szolg\u00e1ltat\u00e1sok<\/li>\n<li>ny\u00e1ri szezonban szabadt\u00e9ri \u00fasz\u00f3medenc\u00e9k,<\/li>\n<\/ul>\n<p><strong>Aj\u00e1nlatunk sportklubok sz\u00e1m\u00e1ra:<\/strong><\/p>\n<p><strong>BASIC<\/strong>:<\/p>\n<ul>\n<li>sz\u00e1ll\u00e1s t\u00f6bb\u00e1gyas szob\u00e1ban a hostelben<\/li>\n<li>3 \u00e9tkez\u00e9s \/ nap<\/li>\n<li>szabadt\u00e9ri sportp\u00e1lya haszn\u00e1lata<\/li>\n<li>1 \u00f3r\u00e1s \u00fasz\u00f3jegy \/ nap<\/li>\n<li><strong>aj\u00e1nd\u00e9k<\/strong> 2 \u00f3r\u00e1s relax\u00e1l\u00e1s a wellness r\u00e9szlegen \/ 1 alkalommal az itt tart\u00f3zkod\u00e1s sor\u00e1n<\/li>\n<\/ul>\n<p>__________________________________________<\/p>\n<p><strong>SPORT<\/strong>:<\/p>\n<ul>\n<li>sz\u00e1ll\u00e1s 3 \u00e9s 4 csillagos sz\u00e1llod\u00e1ban<\/li>\n<li>3 \u00e9tkez\u00e9s \/ nap<\/li>\n<li>szabadt\u00e9ri sportp\u00e1lya haszn\u00e1lata<\/li>\n<li>fedett sportp\u00e1lya haszn\u00e1lata<\/li>\n<li>konferencia terem haszn\u00e1lata taktikai edz\u00e9s c\u00e9lj\u00e1b\u00f3l<\/li>\n<\/ul>\n<p>__________________________________________<\/p>\n<p><strong>PREMIUM<\/strong>:<\/p>\n<ul>\n<li style=\"list-style-type: none\">\n<ul>\n<li>sz\u00e1ll\u00e1s 3 \u00e9s 4 csillagos sz\u00e1llod\u00e1ban<\/li>\n<li>3 \u00e9tkez\u00e9s \/ nap<\/li>\n<li>szabadt\u00e9ri sportp\u00e1lya haszn\u00e1lata<\/li>\n<li>fedett sportp\u00e1lya haszn\u00e1lata<\/li>\n<li>konferencia terem haszn\u00e1lata taktikai edz\u00e9s c\u00e9lj\u00e1b\u00f3l<\/li>\n<li>Fit-Room haszn\u00e1lata er\u0151nl\u00e9ti edz\u00e9sre<\/li>\n<li>1 bowling j\u00e1t\u00e9k \/ nap<\/li>\n<li>1 gy\u00fcm\u00f6lcsturmix \/ nap<\/li>\n<\/ul>\n<\/li>\n<\/ul>\n<p><strong>KEDVEZM\u00c9NYES MASSZ\u00c1ZS:<\/strong> 1 \u00f3r\u00e1s sportmassz\u00e1zs<\/p>\n<p><strong>Extra szolg\u00e1ltat\u00e1sok, melyeket fel\u00e1r ellen\u00e9ben biztos\u00edtunk:<\/strong><\/p>\n<ul>\n<li>Rept\u00e9ri transzfer &#8211; csoport l\u00e9tsz\u00e1m\u00e1t\u00f3l f\u00fcgg\u0151en<\/li>\n<li>Turisztikai l\u00e1tv\u00e1nyoss\u00e1gok l\u00e1togat\u00e1s\u00e1nak bel\u00e9p\u0151i<\/li>\n<\/ul>\n<p>&nbsp;<\/p>\n","protected":false},"excerpt":{"rendered":"<p>A csapat er\u0151nl\u00e9ti felk\u00e9sz\u00edt\u00e9se elengedhetetlen egy hat\u00e9kony id\u00e9ny kezd\u00e9s\u00e9hez! A Septimia Resortban minden szolg\u00e1ltat\u00e1st megtal\u00e1l egy profi edz\u0151t\u00e1bor szervez\u00e9s\u00e9hez! Sz\u00e1ll\u00e1s: 3 \u00e9s 4 csillagos sz\u00e1llod\u00e1ban Hostel-ben Sportp\u00e1ly\u00e1k:\u00a0 szabadt\u00e9ri sportp\u00e1lya: er\u0151nl\u00e9ti edz\u00e9sekhez, labdaj\u00e1t\u00e9kokhoz fedett sportp\u00e1lya Fit-Room: Spinning biciklik, fut\u00f3pad, Kettlebel, ugr\u00f3k\u00f6t\u00e9l Fallabda, asztalitenisz Centru de SPA: f\u0171t\u00f6tt, \u00e9desviz\u0171 \u00fasz\u00f3medence (9\u00d725 m),\u00a0infra- \u00e9s finn szauna, szauna sze\u00e1nszok [&hellip;]<\/p>\n","protected":false},"author":173,"featured_media":0,"parent":476,"menu_order":4,"comment_status":"closed","ping_status":"closed","template":"","meta":{"footnotes":""},"class_list":["post-916","page","type-page","status-publish","hentry"],"yoast_head":"<!-- This site is optimized with the Yoast SEO plugin v26.9 - https:\/\/yoast.com\/product\/yoast-seo-wordpress\/ -->\n<title>Edz\u0151t\u00e1borok szervez\u00e9se - Septimia Hotels &amp; SPA Resort<\/title>\n<meta name=\"robots\" content=\"index, follow, max-snippet:-1, max-image-preview:large, max-video-preview:-1\" \/>\n<link rel=\"canonical\" href=\"https:\/\/www.septimiaresort.ro\/hu\/ajanlatok-promociok\/edzotaborok-szervezese\/\" \/>\n<meta property=\"og:locale\" content=\"hu_HU\" \/>\n<meta property=\"og:type\" content=\"article\" \/>\n<meta property=\"og:title\" content=\"Edz\u0151t\u00e1borok szervez\u00e9se - Septimia Hotels &amp; SPA Resort\" \/>\n<meta property=\"og:description\" content=\"A csapat er\u0151nl\u00e9ti felk\u00e9sz\u00edt\u00e9se elengedhetetlen egy hat\u00e9kony id\u00e9ny kezd\u00e9s\u00e9hez! A Septimia Resortban minden szolg\u00e1ltat\u00e1st megtal\u00e1l egy profi edz\u0151t\u00e1bor szervez\u00e9s\u00e9hez! Sz\u00e1ll\u00e1s: 3 \u00e9s 4 csillagos sz\u00e1llod\u00e1ban Hostel-ben Sportp\u00e1ly\u00e1k:\u00a0 szabadt\u00e9ri sportp\u00e1lya: er\u0151nl\u00e9ti edz\u00e9sekhez, labdaj\u00e1t\u00e9kokhoz fedett sportp\u00e1lya Fit-Room: Spinning biciklik, fut\u00f3pad, Kettlebel, ugr\u00f3k\u00f6t\u00e9l Fallabda, asztalitenisz Centru de SPA: f\u0171t\u00f6tt, \u00e9desviz\u0171 \u00fasz\u00f3medence (9\u00d725 m),\u00a0infra- \u00e9s finn szauna, szauna sze\u00e1nszok [&hellip;]\" \/>\n<meta property=\"og:url\" content=\"https:\/\/www.septimiaresort.ro\/hu\/ajanlatok-promociok\/edzotaborok-szervezese\/\" \/>\n<meta property=\"og:site_name\" content=\"Septimia Hotels &amp; SPA Resort\" \/>\n<meta property=\"article:modified_time\" content=\"2023-12-13T07:27:03+00:00\" \/>\n<meta name=\"twitter:card\" content=\"summary_large_image\" \/>\n<meta name=\"twitter:label1\" content=\"Becs\u00fclt olvas\u00e1si id\u0151\" \/>\n\t<meta name=\"twitter:data1\" content=\"2 perc\" \/>\n<script type=\"application\/ld+json\" class=\"yoast-schema-graph\">{\"@context\":\"https:\/\/schema.org\",\"@graph\":[{\"@type\":\"WebPage\",\"@id\":\"https:\/\/www.septimiaresort.ro\/hu\/ajanlatok-promociok\/edzotaborok-szervezese\/\",\"url\":\"https:\/\/www.septimiaresort.ro\/hu\/ajanlatok-promociok\/edzotaborok-szervezese\/\",\"name\":\"Edz\u0151t\u00e1borok szervez\u00e9se - Septimia Hotels & SPA Resort\",\"isPartOf\":{\"@id\":\"https:\/\/www.septimiaresort.ro\/hu\/#website\"},\"datePublished\":\"2022-08-10T13:17:43+00:00\",\"dateModified\":\"2023-12-13T07:27:03+00:00\",\"breadcrumb\":{\"@id\":\"https:\/\/www.septimiaresort.ro\/hu\/ajanlatok-promociok\/edzotaborok-szervezese\/#breadcrumb\"},\"inLanguage\":\"hu\",\"potentialAction\":[{\"@type\":\"ReadAction\",\"target\":[\"https:\/\/www.septimiaresort.ro\/hu\/ajanlatok-promociok\/edzotaborok-szervezese\/\"]}]},{\"@type\":\"BreadcrumbList\",\"@id\":\"https:\/\/www.septimiaresort.ro\/hu\/ajanlatok-promociok\/edzotaborok-szervezese\/#breadcrumb\",\"itemListElement\":[{\"@type\":\"ListItem\",\"position\":1,\"name\":\"Home\",\"item\":\"https:\/\/www.septimiaresort.ro\/hu\/\"},{\"@type\":\"ListItem\",\"position\":2,\"name\":\"Aj\u00e1nlatok, prom\u00f3ci\u00f3k\",\"item\":\"https:\/\/www.septimiaresort.ro\/hu\/ajanlatok-promociok\/\"},{\"@type\":\"ListItem\",\"position\":3,\"name\":\"Edz\u0151t\u00e1borok szervez\u00e9se\"}]},{\"@type\":\"WebSite\",\"@id\":\"https:\/\/www.septimiaresort.ro\/hu\/#website\",\"url\":\"https:\/\/www.septimiaresort.ro\/hu\/\",\"name\":\"Septimia Hotels & SPA Resort\",\"description\":\"Just another ms.decms.eu site\",\"potentialAction\":[{\"@type\":\"SearchAction\",\"target\":{\"@type\":\"EntryPoint\",\"urlTemplate\":\"https:\/\/www.septimiaresort.ro\/hu\/?s={search_term_string}\"},\"query-input\":{\"@type\":\"PropertyValueSpecification\",\"valueRequired\":true,\"valueName\":\"search_term_string\"}}],\"inLanguage\":\"hu\"}]}<\/script>\n<!-- \/ Yoast SEO plugin. -->","yoast_head_json":{"title":"Edz\u0151t\u00e1borok szervez\u00e9se - Septimia Hotels & SPA Resort","robots":{"index":"index","follow":"follow","max-snippet":"max-snippet:-1","max-image-preview":"max-image-preview:large","max-video-preview":"max-video-preview:-1"},"canonical":"https:\/\/www.septimiaresort.ro\/hu\/ajanlatok-promociok\/edzotaborok-szervezese\/","og_locale":"hu_HU","og_type":"article","og_title":"Edz\u0151t\u00e1borok szervez\u00e9se - Septimia Hotels & SPA Resort","og_description":"A csapat er\u0151nl\u00e9ti felk\u00e9sz\u00edt\u00e9se elengedhetetlen egy hat\u00e9kony id\u00e9ny kezd\u00e9s\u00e9hez! A Septimia Resortban minden szolg\u00e1ltat\u00e1st megtal\u00e1l egy profi edz\u0151t\u00e1bor szervez\u00e9s\u00e9hez! Sz\u00e1ll\u00e1s: 3 \u00e9s 4 csillagos sz\u00e1llod\u00e1ban Hostel-ben Sportp\u00e1ly\u00e1k:\u00a0 szabadt\u00e9ri sportp\u00e1lya: er\u0151nl\u00e9ti edz\u00e9sekhez, labdaj\u00e1t\u00e9kokhoz fedett sportp\u00e1lya Fit-Room: Spinning biciklik, fut\u00f3pad, Kettlebel, ugr\u00f3k\u00f6t\u00e9l Fallabda, asztalitenisz Centru de SPA: f\u0171t\u00f6tt, \u00e9desviz\u0171 \u00fasz\u00f3medence (9\u00d725 m),\u00a0infra- \u00e9s finn szauna, szauna sze\u00e1nszok [&hellip;]","og_url":"https:\/\/www.septimiaresort.ro\/hu\/ajanlatok-promociok\/edzotaborok-szervezese\/","og_site_name":"Septimia Hotels & SPA Resort","article_modified_time":"2023-12-13T07:27:03+00:00","twitter_card":"summary_large_image","twitter_misc":{"Becs\u00fclt olvas\u00e1si id\u0151":"2 perc"},"schema":{"@context":"https:\/\/schema.org","@graph":[{"@type":"WebPage","@id":"https:\/\/www.septimiaresort.ro\/hu\/ajanlatok-promociok\/edzotaborok-szervezese\/","url":"https:\/\/www.septimiaresort.ro\/hu\/ajanlatok-promociok\/edzotaborok-szervezese\/","name":"Edz\u0151t\u00e1borok szervez\u00e9se - Septimia Hotels & SPA Resort","isPartOf":{"@id":"https:\/\/www.septimiaresort.ro\/hu\/#website"},"datePublished":"2022-08-10T13:17:43+00:00","dateModified":"2023-12-13T07:27:03+00:00","breadcrumb":{"@id":"https:\/\/www.septimiaresort.ro\/hu\/ajanlatok-promociok\/edzotaborok-szervezese\/#breadcrumb"},"inLanguage":"hu","potentialAction":[{"@type":"ReadAction","target":["https:\/\/www.septimiaresort.ro\/hu\/ajanlatok-promociok\/edzotaborok-szervezese\/"]}]},{"@type":"BreadcrumbList","@id":"https:\/\/www.septimiaresort.ro\/hu\/ajanlatok-promociok\/edzotaborok-szervezese\/#breadcrumb","itemListElement":[{"@type":"ListItem","position":1,"name":"Home","item":"https:\/\/www.septimiaresort.ro\/hu\/"},{"@type":"ListItem","position":2,"name":"Aj\u00e1nlatok, prom\u00f3ci\u00f3k","item":"https:\/\/www.septimiaresort.ro\/hu\/ajanlatok-promociok\/"},{"@type":"ListItem","position":3,"name":"Edz\u0151t\u00e1borok szervez\u00e9se"}]},{"@type":"WebSite","@id":"https:\/\/www.septimiaresort.ro\/hu\/#website","url":"https:\/\/www.septimiaresort.ro\/hu\/","name":"Septimia Hotels & SPA Resort","description":"Just another ms.decms.eu site","potentialAction":[{"@type":"SearchAction","target":{"@type":"EntryPoint","urlTemplate":"https:\/\/www.septimiaresort.ro\/hu\/?s={search_term_string}"},"query-input":{"@type":"PropertyValueSpecification","valueRequired":true,"valueName":"search_term_string"}}],"inLanguage":"hu"}]}},"acf":[],"_links":{"self":[{"href":"https:\/\/www.septimiaresort.ro\/hu\/wp-json\/wp\/v2\/pages\/916","targetHints":{"allow":["GET"]}}],"collection":[{"href":"https:\/\/www.septimiaresort.ro\/hu\/wp-json\/wp\/v2\/pages"}],"about":[{"href":"https:\/\/www.septimiaresort.ro\/hu\/wp-json\/wp\/v2\/types\/page"}],"author":[{"embeddable":true,"href":"https:\/\/www.septimiaresort.ro\/hu\/wp-json\/wp\/v2\/users\/173"}],"replies":[{"embeddable":true,"href":"https:\/\/www.septimiaresort.ro\/hu\/wp-json\/wp\/v2\/comments?post=916"}],"version-history":[{"count":0,"href":"https:\/\/www.septimiaresort.ro\/hu\/wp-json\/wp\/v2\/pages\/916\/revisions"}],"up":[{"embeddable":true,"href":"https:\/\/www.septimiaresort.ro\/hu\/wp-json\/wp\/v2\/pages\/476"}],"wp:attachment":[{"href":"https:\/\/www.septimiaresort.ro\/hu\/wp-json\/wp\/v2\/media?parent=916"}],"curies":[{"name":"wp","href":"https:\/\/api.w.org\/{rel}","templated":true}]}}