{"id":948,"date":"2022-09-21T12:16:00","date_gmt":"2022-09-21T12:16:00","guid":{"rendered":"https:\/\/www.septimiaresort.ro\/?page_id=948"},"modified":"2022-09-21T12:16:00","modified_gmt":"2022-09-21T12:16:00","slug":"beactive-verseny-folyamata","status":"publish","type":"page","link":"https:\/\/www.septimiaresort.ro\/hu\/bowling\/beactive-bowling-open\/beactive-verseny-folyamata\/","title":{"rendered":"#Beactive verseny folyamata"},"content":{"rendered":"<p>A P\u00c1LY\u00c1K FELOSZT\u00c1SA \u00c9S A J\u00c1T\u00c9KMENET:<\/p>\n<p lang=\"hu-HU\" style=\"margin-bottom: 0cm\"><b>Szerd\u00e1n \u00e9s cs\u00fct\u00f6rt\u00f6k\u00f6n selejtez\u0151 squadok folynak, minden squad keret\u00e9n bel\u00fcl maximum 12 j\u00e1t\u00e9kos j\u00e1tszik, a benevez\u0151k f\u00fcggv\u00e9ny\u00e9ben. T\u00faljelentkez\u00e9s eset\u00e9n a szervez\u0151k d\u00f6nthetnek \u00fagy, hogy maximum 6 j\u00e1t\u00e9kossal megn\u00f6velik az adott squad nevez\u0151i l\u00e9tsz\u00e1m\u00e1t, minden esetben egyenl\u0151 eloszt\u00e1sra t\u00f6rekedve p\u00e1ly\u00e1nk\u00e9nt.<\/b><\/p>\n<p lang=\"hu-HU\" style=\"margin-bottom: 0cm\"><b>Benevez\u00e9s:<\/b>\u00a04 j\u00e1t\u00e9k \/ squad<\/p>\n<p lang=\"hu-HU\" style=\"margin-bottom: 0cm\"><b>\u00dajra nevez\u00e9s: <\/b>4 j\u00e1t\u00e9k \/ squad<\/p>\n<p lang=\"hu-HU\" style=\"margin-bottom: 0cm\">Minden p\u00e1ly\u00e1n 1 vagy 2 j\u00e1t\u00e9kos j\u00e1tszik eur\u00f3pai rendszerben; mind a 4 j\u00e1t\u00e9kot ugyanazon a p\u00e1ly\u00e1n j\u00e1tsz\u00e1k le, ahol elkezdt\u00e9k az els\u0151 j\u00e1t\u00e9kot.<\/p>\n<p lang=\"hu-HU\" style=\"margin-bottom: 0cm\"><b>Sorsol\u00e1ssal d\u0151l el a p\u00e1ly\u00e1k feloszt\u00e1sa<\/b>. A sorsol\u00e1s a j\u00e1t\u00e9kosok jelenl\u00e9t\u00e9ben t\u00f6rt\u00e9nik a szervez\u0151k \u00e1ltal.<\/p>\n<p lang=\"hu-HU\" style=\"margin-bottom: 0cm\"><b>A bemeleg\u00edt\u00e9s 5 perc\/j\u00e1t\u00e9kos\/p\u00e1lya<\/b>. A verseny nem kezd\u0151dhet a szervez\u0151k jelz\u00e9se n\u00e9lk\u00fcl.<\/p>\n<p lang=\"hu-HU\" style=\"margin-bottom: 0cm\">Az <b>eredm\u00e9ny<\/b> j\u00e1t\u00e9konk\u00e9nt vezet\u0151dik. A n\u00e9gy j\u00e1t\u00e9k alkot egy squad-ot.<\/p>\n<p lang=\"hu-HU\" style=\"margin-bottom: 0cm\">A j\u00e1t\u00e9kosok legjobb squadj\u00e1nak eredm\u00e9nyei ker\u00fcl a v\u00e9gs\u0151 rangsorba, ahonnan sor ker\u00fcl a tov\u00e1bbjut\u00f3k list\u00e1j\u00e1nak fel\u00e1ll\u00edt\u00e1s\u00e1ra.<\/p>\n<p lang=\"hu-HU\" style=\"margin-bottom: 0cm\">A j\u00e1t\u00e9kosok korl\u00e1tlan sz\u00e1m\u00fa squad-ba iratkozhatnak, amennyiben a kijel\u00f6lt id\u0151be belef\u00e9rnek.<\/p>\n<p lang=\"hu-HU\" style=\"margin-bottom: 0cm\">Egyetlen benevez\u00e9s lehets\u00e9ges, korl\u00e1tlan sz\u00e1m\u00fa \u00fajra nevez\u00e9ssel.<\/p>\n<p lang=\"hu-HU\"><strong>Tov\u00e1bbjut\u00e1s a d\u00f6nt\u0151be<\/strong><br \/>\nA selejtez\u0151 rangsorban kialakult egyenl\u0151 eredm\u00e9ny eset\u00e9n a k\u00f6vetkez\u0151 krit\u00e9riumokat vessz\u00fck figyelembe: a j\u00e1t\u00e9kosok tov\u00e1bbjut\u00e1si squad utols\u00f3 j\u00e1t\u00e9k\u00e1t vessz\u00fck figyelembe. Az a j\u00e1t\u00e9kos ker\u00fcl el\u0151nybe, akinek az eredm\u00e9nye az utols\u00f3 j\u00e1t\u00e9kban jobb volt. Ha ebben az esetben is egyenl\u0151 eredm\u00e9ny mer\u00fcl fel, akkor az utols\u00f3 el\u0151tti j\u00e1t\u00e9k eredm\u00e9ny\u00e9t vessz\u00fck figyelembe.<\/p>\n<p lang=\"hu-HU\"><strong>20 benevezett j\u00e1t\u00e9kos felett:<\/strong><\/p>\n<p lang=\"hu-HU\"><strong>D\u00f6nt\u0151 1. l\u00e9p\u00e9se:<\/strong> 12 j\u00e1t\u00e9kos jut tov\u00e1bb &#8211; cross rendszerben j\u00e1tszanak: 1-12, 2-11, 3-10 stb j\u00e1t\u00e9kossal, 2 sorozatot gur\u00edtanak, 6 legjobb j\u00e1t\u00e9kos jut tov\u00e1bb a d\u00f6nt\u0151 2. l\u00e9p\u00e9s\u00e9be<\/p>\n<p lang=\"hu-HU\"><strong>D\u00f6nt\u0151 2. l\u00e9p\u00e9se:<\/strong> cross rendszerben j\u00e1tszanak: 1-6, 2-5, 3-4\u00a0 j\u00e1t\u00e9kossal, 2 sorozatot gur\u00edtanak, a legjobb j\u00e1t\u00e9kos egyenesen a nagyd\u00f6nt\u0151be kalifik\u00e1lja mag\u00e1t.<\/p>\n<p lang=\"hu-HU\"><strong>Kisd\u00f6nt\u0151<\/strong>: a d\u00f6nt\u0151 2. l\u00e9p\u00e9s\u00e9nek 2-3.\u00a0 j\u00e1t\u00e9kosa 2 sorozatot gur\u00edt, a gy\u0151ztes a nagyd\u00f6nt\u0151ben j\u00e1sztik, a vesztes a bajnoks\u00e1g III. hely\u00e9t foglalja el.<\/p>\n<p lang=\"hu-HU\">Nagyd\u00f6nt\u0151: a kisd\u00f6nt\u0151 nyertese, valamint a d\u00f6nt\u0151 2. l\u00e9p\u00e9s\u00e9nek nyertese j\u00e1tszik a bajnoki c\u00edm\u00e9rt, 2 sorozatot gur\u00edtanak. A nyertes lesz\u00a0 Bajnok, a vesztes pedig a verseny II. dobog\u00f3sa<\/p>\n<p lang=\"hu-HU\">\n<p lang=\"hu-HU\"><strong>20 benevezett j\u00e1t\u00e9kos alatt:<\/strong><\/p>\n<p lang=\"hu-HU\"><strong>D\u00f6nt\u0151 1. l\u00e9p\u00e9se:<\/strong> 6 j\u00e1t\u00e9kos jut tov\u00e1bb &#8211; cross rendszerben j\u00e1tszanak: 1-6, 2-5, 3-4\u00a0 j\u00e1t\u00e9kossal, 2 sorozatot gur\u00edtanak, a legjobb j\u00e1t\u00e9kos egyenesen a nagyd\u00f6nt\u0151be kalifik\u00e1lja mag\u00e1t.<\/p>\n<p lang=\"hu-HU\"><strong>Kisd\u00f6nt\u0151<\/strong>: a d\u00f6nt\u0151 2. l\u00e9p\u00e9s\u00e9nek 2-3.\u00a0 j\u00e1t\u00e9kosa 2 sorozatot gur\u00edt, a gy\u0151ztes a nagyd\u00f6nt\u0151ben j\u00e1sztik, a vesztes a bajnoks\u00e1g III. hely\u00e9t foglalja el.<\/p>\n<p lang=\"hu-HU\">Nagyd\u00f6nt\u0151: a kisd\u00f6nt\u0151 nyertese, valamint a d\u00f6nt\u0151 2. l\u00e9p\u00e9s\u00e9nek nyertese j\u00e1tszik a bajnoki c\u00edm\u00e9rt, 2 sorozatot gur\u00edtanak. A nyertes lesz\u00a0 Bajnok, a vesztes pedig a verseny II. dobog\u00f3sa<\/p>\n","protected":false},"excerpt":{"rendered":"<p>A P\u00c1LY\u00c1K FELOSZT\u00c1SA \u00c9S A J\u00c1T\u00c9KMENET: Szerd\u00e1n \u00e9s cs\u00fct\u00f6rt\u00f6k\u00f6n selejtez\u0151 squadok folynak, minden squad keret\u00e9n bel\u00fcl maximum 12 j\u00e1t\u00e9kos j\u00e1tszik, a benevez\u0151k f\u00fcggv\u00e9ny\u00e9ben. T\u00faljelentkez\u00e9s eset\u00e9n a szervez\u0151k d\u00f6nthetnek \u00fagy, hogy maximum 6 j\u00e1t\u00e9kossal megn\u00f6velik az adott squad nevez\u0151i l\u00e9tsz\u00e1m\u00e1t, minden esetben egyenl\u0151 eloszt\u00e1sra t\u00f6rekedve p\u00e1ly\u00e1nk\u00e9nt. Benevez\u00e9s:\u00a04 j\u00e1t\u00e9k \/ squad \u00dajra nevez\u00e9s: 4 j\u00e1t\u00e9k \/ squad [&hellip;]<\/p>\n","protected":false},"author":173,"featured_media":0,"parent":947,"menu_order":0,"comment_status":"closed","ping_status":"closed","template":"","meta":{"footnotes":""},"class_list":["post-948","page","type-page","status-publish","hentry"],"yoast_head":"<!-- This site is optimized with the Yoast SEO plugin v26.9 - https:\/\/yoast.com\/product\/yoast-seo-wordpress\/ -->\n<title>#Beactive verseny folyamata - Septimia Hotels &amp; SPA Resort<\/title>\n<meta name=\"robots\" content=\"index, follow, max-snippet:-1, max-image-preview:large, max-video-preview:-1\" \/>\n<link rel=\"canonical\" href=\"https:\/\/www.septimiaresort.ro\/hu\/bowling\/beactive-bowling-open\/beactive-verseny-folyamata\/\" \/>\n<meta property=\"og:locale\" content=\"hu_HU\" \/>\n<meta property=\"og:type\" content=\"article\" \/>\n<meta property=\"og:title\" content=\"#Beactive verseny folyamata - Septimia Hotels &amp; SPA Resort\" \/>\n<meta property=\"og:description\" content=\"A P\u00c1LY\u00c1K FELOSZT\u00c1SA \u00c9S A J\u00c1T\u00c9KMENET: Szerd\u00e1n \u00e9s cs\u00fct\u00f6rt\u00f6k\u00f6n selejtez\u0151 squadok folynak, minden squad keret\u00e9n bel\u00fcl maximum 12 j\u00e1t\u00e9kos j\u00e1tszik, a benevez\u0151k f\u00fcggv\u00e9ny\u00e9ben. T\u00faljelentkez\u00e9s eset\u00e9n a szervez\u0151k d\u00f6nthetnek \u00fagy, hogy maximum 6 j\u00e1t\u00e9kossal megn\u00f6velik az adott squad nevez\u0151i l\u00e9tsz\u00e1m\u00e1t, minden esetben egyenl\u0151 eloszt\u00e1sra t\u00f6rekedve p\u00e1ly\u00e1nk\u00e9nt. Benevez\u00e9s:\u00a04 j\u00e1t\u00e9k \/ squad \u00dajra nevez\u00e9s: 4 j\u00e1t\u00e9k \/ squad [&hellip;]\" \/>\n<meta property=\"og:url\" content=\"https:\/\/www.septimiaresort.ro\/hu\/bowling\/beactive-bowling-open\/beactive-verseny-folyamata\/\" \/>\n<meta property=\"og:site_name\" content=\"Septimia Hotels &amp; SPA Resort\" \/>\n<meta name=\"twitter:card\" content=\"summary_large_image\" \/>\n<meta name=\"twitter:label1\" content=\"Becs\u00fclt olvas\u00e1si id\u0151\" \/>\n\t<meta name=\"twitter:data1\" content=\"3 perc\" \/>\n<script type=\"application\/ld+json\" class=\"yoast-schema-graph\">{\"@context\":\"https:\/\/schema.org\",\"@graph\":[{\"@type\":\"WebPage\",\"@id\":\"https:\/\/www.septimiaresort.ro\/hu\/bowling\/beactive-bowling-open\/beactive-verseny-folyamata\/\",\"url\":\"https:\/\/www.septimiaresort.ro\/hu\/bowling\/beactive-bowling-open\/beactive-verseny-folyamata\/\",\"name\":\"#Beactive verseny folyamata - Septimia Hotels & SPA Resort\",\"isPartOf\":{\"@id\":\"https:\/\/www.septimiaresort.ro\/hu\/#website\"},\"datePublished\":\"2022-09-21T12:16:00+00:00\",\"breadcrumb\":{\"@id\":\"https:\/\/www.septimiaresort.ro\/hu\/bowling\/beactive-bowling-open\/beactive-verseny-folyamata\/#breadcrumb\"},\"inLanguage\":\"hu\",\"potentialAction\":[{\"@type\":\"ReadAction\",\"target\":[\"https:\/\/www.septimiaresort.ro\/hu\/bowling\/beactive-bowling-open\/beactive-verseny-folyamata\/\"]}]},{\"@type\":\"BreadcrumbList\",\"@id\":\"https:\/\/www.septimiaresort.ro\/hu\/bowling\/beactive-bowling-open\/beactive-verseny-folyamata\/#breadcrumb\",\"itemListElement\":[{\"@type\":\"ListItem\",\"position\":1,\"name\":\"Home\",\"item\":\"https:\/\/www.septimiaresort.ro\/hu\/\"},{\"@type\":\"ListItem\",\"position\":2,\"name\":\"Bowling\",\"item\":\"https:\/\/www.septimiaresort.ro\/hu\/bowling\/\"},{\"@type\":\"ListItem\",\"position\":3,\"name\":\"#Beactive Bowling OPEN\",\"item\":\"https:\/\/www.septimiaresort.ro\/hu\/?page_id=947\"},{\"@type\":\"ListItem\",\"position\":4,\"name\":\"#Beactive verseny folyamata\"}]},{\"@type\":\"WebSite\",\"@id\":\"https:\/\/www.septimiaresort.ro\/hu\/#website\",\"url\":\"https:\/\/www.septimiaresort.ro\/hu\/\",\"name\":\"Septimia Hotels & SPA Resort\",\"description\":\"Just another ms.decms.eu site\",\"potentialAction\":[{\"@type\":\"SearchAction\",\"target\":{\"@type\":\"EntryPoint\",\"urlTemplate\":\"https:\/\/www.septimiaresort.ro\/hu\/?s={search_term_string}\"},\"query-input\":{\"@type\":\"PropertyValueSpecification\",\"valueRequired\":true,\"valueName\":\"search_term_string\"}}],\"inLanguage\":\"hu\"}]}<\/script>\n<!-- \/ Yoast SEO plugin. -->","yoast_head_json":{"title":"#Beactive verseny folyamata - Septimia Hotels & SPA Resort","robots":{"index":"index","follow":"follow","max-snippet":"max-snippet:-1","max-image-preview":"max-image-preview:large","max-video-preview":"max-video-preview:-1"},"canonical":"https:\/\/www.septimiaresort.ro\/hu\/bowling\/beactive-bowling-open\/beactive-verseny-folyamata\/","og_locale":"hu_HU","og_type":"article","og_title":"#Beactive verseny folyamata - Septimia Hotels & SPA Resort","og_description":"A P\u00c1LY\u00c1K FELOSZT\u00c1SA \u00c9S A J\u00c1T\u00c9KMENET: Szerd\u00e1n \u00e9s cs\u00fct\u00f6rt\u00f6k\u00f6n selejtez\u0151 squadok folynak, minden squad keret\u00e9n bel\u00fcl maximum 12 j\u00e1t\u00e9kos j\u00e1tszik, a benevez\u0151k f\u00fcggv\u00e9ny\u00e9ben. T\u00faljelentkez\u00e9s eset\u00e9n a szervez\u0151k d\u00f6nthetnek \u00fagy, hogy maximum 6 j\u00e1t\u00e9kossal megn\u00f6velik az adott squad nevez\u0151i l\u00e9tsz\u00e1m\u00e1t, minden esetben egyenl\u0151 eloszt\u00e1sra t\u00f6rekedve p\u00e1ly\u00e1nk\u00e9nt. Benevez\u00e9s:\u00a04 j\u00e1t\u00e9k \/ squad \u00dajra nevez\u00e9s: 4 j\u00e1t\u00e9k \/ squad [&hellip;]","og_url":"https:\/\/www.septimiaresort.ro\/hu\/bowling\/beactive-bowling-open\/beactive-verseny-folyamata\/","og_site_name":"Septimia Hotels & SPA Resort","twitter_card":"summary_large_image","twitter_misc":{"Becs\u00fclt olvas\u00e1si id\u0151":"3 perc"},"schema":{"@context":"https:\/\/schema.org","@graph":[{"@type":"WebPage","@id":"https:\/\/www.septimiaresort.ro\/hu\/bowling\/beactive-bowling-open\/beactive-verseny-folyamata\/","url":"https:\/\/www.septimiaresort.ro\/hu\/bowling\/beactive-bowling-open\/beactive-verseny-folyamata\/","name":"#Beactive verseny folyamata - Septimia Hotels & SPA Resort","isPartOf":{"@id":"https:\/\/www.septimiaresort.ro\/hu\/#website"},"datePublished":"2022-09-21T12:16:00+00:00","breadcrumb":{"@id":"https:\/\/www.septimiaresort.ro\/hu\/bowling\/beactive-bowling-open\/beactive-verseny-folyamata\/#breadcrumb"},"inLanguage":"hu","potentialAction":[{"@type":"ReadAction","target":["https:\/\/www.septimiaresort.ro\/hu\/bowling\/beactive-bowling-open\/beactive-verseny-folyamata\/"]}]},{"@type":"BreadcrumbList","@id":"https:\/\/www.septimiaresort.ro\/hu\/bowling\/beactive-bowling-open\/beactive-verseny-folyamata\/#breadcrumb","itemListElement":[{"@type":"ListItem","position":1,"name":"Home","item":"https:\/\/www.septimiaresort.ro\/hu\/"},{"@type":"ListItem","position":2,"name":"Bowling","item":"https:\/\/www.septimiaresort.ro\/hu\/bowling\/"},{"@type":"ListItem","position":3,"name":"#Beactive Bowling OPEN","item":"https:\/\/www.septimiaresort.ro\/hu\/?page_id=947"},{"@type":"ListItem","position":4,"name":"#Beactive verseny folyamata"}]},{"@type":"WebSite","@id":"https:\/\/www.septimiaresort.ro\/hu\/#website","url":"https:\/\/www.septimiaresort.ro\/hu\/","name":"Septimia Hotels & SPA Resort","description":"Just another ms.decms.eu site","potentialAction":[{"@type":"SearchAction","target":{"@type":"EntryPoint","urlTemplate":"https:\/\/www.septimiaresort.ro\/hu\/?s={search_term_string}"},"query-input":{"@type":"PropertyValueSpecification","valueRequired":true,"valueName":"search_term_string"}}],"inLanguage":"hu"}]}},"acf":[],"_links":{"self":[{"href":"https:\/\/www.septimiaresort.ro\/hu\/wp-json\/wp\/v2\/pages\/948","targetHints":{"allow":["GET"]}}],"collection":[{"href":"https:\/\/www.septimiaresort.ro\/hu\/wp-json\/wp\/v2\/pages"}],"about":[{"href":"https:\/\/www.septimiaresort.ro\/hu\/wp-json\/wp\/v2\/types\/page"}],"author":[{"embeddable":true,"href":"https:\/\/www.septimiaresort.ro\/hu\/wp-json\/wp\/v2\/users\/173"}],"replies":[{"embeddable":true,"href":"https:\/\/www.septimiaresort.ro\/hu\/wp-json\/wp\/v2\/comments?post=948"}],"version-history":[{"count":0,"href":"https:\/\/www.septimiaresort.ro\/hu\/wp-json\/wp\/v2\/pages\/948\/revisions"}],"up":[{"embeddable":true,"href":"https:\/\/www.septimiaresort.ro\/hu\/wp-json\/wp\/v2\/pages\/947"}],"wp:attachment":[{"href":"https:\/\/www.septimiaresort.ro\/hu\/wp-json\/wp\/v2\/media?parent=948"}],"curies":[{"name":"wp","href":"https:\/\/api.w.org\/{rel}","templated":true}]}}